{"id":87,"date":"2015-10-22T03:17:26","date_gmt":"2015-10-22T03:17:26","guid":{"rendered":"http:\/\/demo.thimpress.com\/eduma\/?page_id=87"},"modified":"2023-01-11T03:42:15","modified_gmt":"2023-01-11T03:42:15","slug":"contact","status":"publish","type":"page","link":"https:\/\/demo.canhcam.com\/thiet-ke-website-truong-hoc\/contact\/","title":{"rendered":"Contact"},"content":{"rendered":"\t\t<div data-elementor-type=\"wp-post\" data-elementor-id=\"87\" class=\"elementor elementor-87\">\n\t\t\t\t\t\t\t\t\t<section class=\"elementor-section elementor-top-section elementor-element elementor-element-3e13ad1 elementor-section-stretched elementor-section-boxed elementor-section-height-default elementor-section-height-default\" data-id=\"3e13ad1\" data-element_type=\"section\" data-settings=\"{&quot;stretch_section&quot;:&quot;section-stretched&quot;}\">\n\t\t\t\t\t\t<div class=\"elementor-container elementor-column-gap-custom\">\n\t\t\t\t\t<div class=\"elementor-column elementor-col-33 elementor-top-column elementor-element elementor-element-f25b691\" data-id=\"f25b691\" data-element_type=\"column\" data-settings=\"{&quot;background_background&quot;:&quot;classic&quot;}\">\n\t\t\t<div class=\"elementor-widget-wrap elementor-element-populated\">\n\t\t\t\t\t\t\t\t<div class=\"elementor-element elementor-element-c6f58bd iconbox-text-center elementor-widget elementor-widget-thim-icon-box\" data-id=\"c6f58bd\" data-element_type=\"widget\" data-widget_type=\"thim-icon-box.default\">\n\t\t\t\t<div class=\"elementor-widget-container\">\n\t\t\t<div class=\"thim-widget-icon-box\"><div class=\"wrapper-box-icon text-center \"><div class=\"smicon-box iconbox-top\"><div class=\"boxes-icon\"><span class=\"inner-icon\"><span class=\"icon\"><i aria-hidden=\"true\" class=\"tk tk-pin1\"><\/i><\/span><\/span><\/div><div class=\"content-inner\"><div class=\"sc-heading\"><p class=\"heading__primary\">C\u00e1ch \u0111\u1ecba ch\u1ec9<\/p><\/div><div class=\"desc-icon-box\"><div class=\"desc-content\">156 Nguy\u1ec5n V\u0103n Th\u1ee7, ph\u01b0\u1eddng \u0110a Kao, qu\u1eadn 1 <\/div><\/div><\/div><\/div><\/div><\/div>\t\t<\/div>\n\t\t\t\t<\/div>\n\t\t\t\t\t<\/div>\n\t\t<\/div>\n\t\t\t\t<div class=\"elementor-column elementor-col-33 elementor-top-column elementor-element elementor-element-7581677\" data-id=\"7581677\" data-element_type=\"column\" data-settings=\"{&quot;background_background&quot;:&quot;classic&quot;}\">\n\t\t\t<div class=\"elementor-widget-wrap elementor-element-populated\">\n\t\t\t\t\t\t\t\t<div class=\"elementor-element elementor-element-a66d183 iconbox-text-center elementor-widget elementor-widget-thim-icon-box\" data-id=\"a66d183\" data-element_type=\"widget\" data-widget_type=\"thim-icon-box.default\">\n\t\t\t\t<div class=\"elementor-widget-container\">\n\t\t\t<div class=\"thim-widget-icon-box\"><div class=\"wrapper-box-icon text-center \"><div class=\"smicon-box iconbox-top\"><div class=\"boxes-icon\"><span class=\"inner-icon\"><span class=\"icon\"><i aria-hidden=\"true\" class=\"tk tk-teacher\"><\/i><\/span><\/span><\/div><div class=\"content-inner\"><div class=\"sc-heading\"><p class=\"heading__primary\">Th\u00f4ng tin li\u00ean h\u1ec7<\/p><\/div><div class=\"desc-icon-box\"><div class=\"desc-content\">S\u1ed1 \u0111i\u1ec7n tho\u1ea1i: +84 28 6273 0815 <\/br>\nB\u1ea5m ph\u00edm:1800 - 1102 <\/br>\nE-Mail: info@canhcam.com<\/div><\/div><\/div><\/div><\/div><\/div>\t\t<\/div>\n\t\t\t\t<\/div>\n\t\t\t\t\t<\/div>\n\t\t<\/div>\n\t\t\t\t<div class=\"elementor-column elementor-col-33 elementor-top-column elementor-element elementor-element-77905de\" data-id=\"77905de\" data-element_type=\"column\" data-settings=\"{&quot;background_background&quot;:&quot;classic&quot;}\">\n\t\t\t<div class=\"elementor-widget-wrap elementor-element-populated\">\n\t\t\t\t\t\t\t\t<div class=\"elementor-element elementor-element-578317a iconbox-text-center elementor-widget elementor-widget-thim-icon-box\" data-id=\"578317a\" data-element_type=\"widget\" data-widget_type=\"thim-icon-box.default\">\n\t\t\t\t<div class=\"elementor-widget-container\">\n\t\t\t<div class=\"thim-widget-icon-box\"><div class=\"wrapper-box-icon text-center \"><div class=\"smicon-box iconbox-top\"><div class=\"boxes-icon\"><span class=\"inner-icon\"><span class=\"icon\"><i aria-hidden=\"true\" class=\"tk tk-clock1\"><\/i><\/span><\/span><\/div><div class=\"content-inner\"><div class=\"sc-heading\"><p class=\"heading__primary\">Gi\u1edd h\u00e0nh ch\u00ednh<\/p><\/div><div class=\"desc-icon-box\"><div class=\"desc-content\">Th\u1ee9 2- Th\u1ee9 6: 08:00 - 18:00 <br\/>\nTh\u1ee9 7: 9:30-12h<\/div><\/div><\/div><\/div><\/div><\/div>\t\t<\/div>\n\t\t\t\t<\/div>\n\t\t\t\t\t<\/div>\n\t\t<\/div>\n\t\t\t\t\t\t\t<\/div>\n\t\t<\/section>\n\t\t\t\t<section class=\"elementor-section elementor-top-section elementor-element elementor-element-71463fb elementor-section-boxed elementor-section-height-default elementor-section-height-default\" data-id=\"71463fb\" data-element_type=\"section\">\n\t\t\t\t\t\t<div class=\"elementor-container elementor-column-gap-no\">\n\t\t\t\t\t<div class=\"elementor-column elementor-col-100 elementor-top-column elementor-element elementor-element-88b5840\" data-id=\"88b5840\" data-element_type=\"column\">\n\t\t\t<div class=\"elementor-widget-wrap elementor-element-populated\">\n\t\t\t\t\t\t\t\t<div class=\"elementor-element elementor-element-74968e3 thim-ekits-heading-text-center elementor-widget thim-ekits-heading elementor-widget-thim-heading\" data-id=\"74968e3\" data-element_type=\"widget\" data-widget_type=\"thim-heading.default\">\n\t\t\t\t<div class=\"elementor-widget-container\">\n\t\t\t<div class=\"sc_heading text-center\"><h3 class=\"title\">\u0110i\u1ec1n v\u00e0o bi\u1ec3u m\u1eabu b\u00ean d\u01b0\u1edbi \u0111\u1ec3 ch\u00fang t\u00f4i c\u00f3 th\u1ec3 hi\u1ec3u r\u00f5 h\u01a1n v\u1ec1 b\u1ea1n v\u00e0 nhu c\u1ea7u c\u1ee7a b\u1ea1n.<\/h3><\/div>\t\t<\/div>\n\t\t\t\t<\/div>\n\t\t\t\t<div class=\"elementor-element elementor-element-db9c2bc elementor-widget elementor-widget-thim-ekits-contact-form-7\" data-id=\"db9c2bc\" data-element_type=\"widget\" data-widget_type=\"thim-ekits-contact-form-7.default\">\n\t\t\t\t<div class=\"elementor-widget-container\">\n\t\t\t\t\t\t<div class=\"thim-ekit-wpcf7\">\n\t\t\t\t[contact-form-7 404 \"Not Found\"]\t\t\t<\/div>\n\t\t\t\t\t<\/div>\n\t\t\t\t<\/div>\n\t\t\t\t\t<\/div>\n\t\t<\/div>\n\t\t\t\t\t\t\t<\/div>\n\t\t<\/section>\n\t\t\t\t<section class=\"elementor-section elementor-top-section elementor-element elementor-element-9e3e8fb elementor-section-stretched elementor-section-boxed elementor-section-height-default elementor-section-height-default\" data-id=\"9e3e8fb\" data-element_type=\"section\" data-settings=\"{&quot;stretch_section&quot;:&quot;section-stretched&quot;}\">\n\t\t\t\t\t\t<div class=\"elementor-container elementor-column-gap-no\">\n\t\t\t\t\t<div class=\"elementor-column elementor-col-100 elementor-top-column elementor-element elementor-element-9e34713\" data-id=\"9e34713\" data-element_type=\"column\">\n\t\t\t<div class=\"elementor-widget-wrap elementor-element-populated\">\n\t\t\t\t\t\t\t\t<div class=\"elementor-element elementor-element-052e901 elementor-widget elementor-widget-google_maps\" data-id=\"052e901\" data-element_type=\"widget\" data-widget_type=\"google_maps.default\">\n\t\t\t\t<div class=\"elementor-widget-container\">\n\t\t\t<style>\/*! elementor - v3.9.2 - 21-12-2022 *\/\n.elementor-widget-google_maps .elementor-widget-container{overflow:hidden}.elementor-widget-google_maps iframe{height:300px}<\/style>\t\t<div class=\"elementor-custom-embed\">\n\t\t\t<iframe frameborder=\"0\" scrolling=\"no\" marginheight=\"0\" marginwidth=\"0\"\n\t\t\t\t\tsrc=\"https:\/\/maps.google.com\/maps?q=156%20Nguy%E1%BB%85n%20V%C4%83n%20Th%E1%BB%A7%2C%20ph%C6%B0%E1%BB%9Dng%20%C4%90a%20Kao%2C%20qu%E1%BA%ADn%201%20&#038;t=m&#038;z=12&#038;output=embed&#038;iwloc=near\"\n\t\t\t\t\ttitle=\"156 Nguy\u1ec5n V\u0103n Th\u1ee7, ph\u01b0\u1eddng \u0110a Kao, qu\u1eadn 1 \"\n\t\t\t\t\taria-label=\"156 Nguy\u1ec5n V\u0103n Th\u1ee7, ph\u01b0\u1eddng \u0110a Kao, qu\u1eadn 1 \"\n\t\t\t><\/iframe>\n\t\t<\/div>\n\t\t\t\t<\/div>\n\t\t\t\t<\/div>\n\t\t\t\t\t<\/div>\n\t\t<\/div>\n\t\t\t\t\t\t\t<\/div>\n\t\t<\/section>\n\t\t\t\t<section class=\"elementor-section elementor-top-section elementor-element elementor-element-64871ef elementor-section-boxed elementor-section-height-default elementor-section-height-default\" data-id=\"64871ef\" data-element_type=\"section\">\n\t\t\t\t\t\t<div class=\"elementor-container elementor-column-gap-default\">\n\t\t\t\t\t<div class=\"elementor-column elementor-col-100 elementor-top-column elementor-element elementor-element-5320d81\" data-id=\"5320d81\" data-element_type=\"column\">\n\t\t\t<div class=\"elementor-widget-wrap elementor-element-populated\">\n\t\t\t\t\t\t\t\t<div class=\"dot-border-none dot-active-border-none elementor-element elementor-element-424454e elementor-widget thim-widget-gallery-images\" data-id=\"424454e\" data-element_type=\"widget\" data-widget_type=\"thim-gallery-images.default\">\n\t\t\t\t<div class=\"elementor-widget-container\">\n\t\t\t<div class=\"thim-carousel-wrapper gallery-img not_have_color\" data-visible=\"5\" data-itemtablet=\"3\" data-autoplay=\"0\" data-navigation=\"1\" data-pagination=\"0\" data-loop=\"true\"><div class=\"item\"><a target=_self href=\"#\"><img loading=\"lazy\" decoding=\"async\" width=\"145\" height=\"45\" src=\"https:\/\/demo.canhcam.com\/thiet-ke-website-truong-hoc\/wp-content\/uploads\/2022\/04\/banner1.png\" class=\"attachment-full size-full\" alt=\"\" \/><\/a><\/div><div class=\"item\"><a target=_self href=\"#\"><img loading=\"lazy\" decoding=\"async\" width=\"145\" height=\"45\" src=\"https:\/\/demo.canhcam.com\/thiet-ke-website-truong-hoc\/wp-content\/uploads\/2022\/04\/banner2.png\" class=\"attachment-full size-full\" alt=\"\" \/><\/a><\/div><div class=\"item\"><a target=_self href=\"#\"><img loading=\"lazy\" decoding=\"async\" width=\"145\" height=\"45\" src=\"https:\/\/demo.canhcam.com\/thiet-ke-website-truong-hoc\/wp-content\/uploads\/2022\/04\/banner3.png\" class=\"attachment-full size-full\" alt=\"\" \/><\/a><\/div><div class=\"item\"><a target=_self href=\"#\"><img loading=\"lazy\" decoding=\"async\" width=\"145\" height=\"45\" src=\"https:\/\/demo.canhcam.com\/thiet-ke-website-truong-hoc\/wp-content\/uploads\/2022\/04\/banner4.png\" class=\"attachment-full size-full\" alt=\"\" \/><\/a><\/div><div class=\"item\"><a target=_self href=\"#\"><img loading=\"lazy\" decoding=\"async\" width=\"145\" height=\"45\" src=\"https:\/\/demo.canhcam.com\/thiet-ke-website-truong-hoc\/wp-content\/uploads\/2022\/04\/banner5.png\" class=\"attachment-full size-full\" alt=\"\" \/><\/a><\/div><div class=\"item\"><a target=_self href=\"#\"><img loading=\"lazy\" decoding=\"async\" width=\"145\" height=\"45\" src=\"https:\/\/demo.canhcam.com\/thiet-ke-website-truong-hoc\/wp-content\/uploads\/2022\/04\/banner6.png\" class=\"attachment-full size-full\" alt=\"\" \/><\/a><\/div><div class=\"item\"><a target=_self href=\"#\"><img loading=\"lazy\" decoding=\"async\" width=\"145\" height=\"45\" src=\"https:\/\/demo.canhcam.com\/thiet-ke-website-truong-hoc\/wp-content\/uploads\/2022\/04\/banner7.png\" class=\"attachment-full size-full\" alt=\"\" \/><\/a><\/div><div class=\"item\"><a target=_self href=\"#\"><img loading=\"lazy\" decoding=\"async\" width=\"145\" height=\"45\" src=\"https:\/\/demo.canhcam.com\/thiet-ke-website-truong-hoc\/wp-content\/uploads\/2022\/04\/banner8.png\" class=\"attachment-full size-full\" alt=\"\" \/><\/a><\/div><\/div>\t\t<\/div>\n\t\t\t\t<\/div>\n\t\t\t\t\t<\/div>\n\t\t<\/div>\n\t\t\t\t\t\t\t<\/div>\n\t\t<\/section>\n\t\t\t\t\t\t\t<\/div>\n\t\t","protected":false},"excerpt":{"rendered":"<p>C\u00e1ch \u0111\u1ecba ch\u1ec9 156 Nguy\u1ec5n V\u0103n Th\u1ee7, ph\u01b0\u1eddng \u0110a Kao, qu\u1eadn 1 Th\u00f4ng tin li\u00ean h\u1ec7 S\u1ed1 \u0111i\u1ec7n tho\u1ea1i: +84 28 6273 0815 B\u1ea5m ph\u00edm:1800 &#8211; 1102 E-Mail: info@canhcam.com Gi\u1edd h\u00e0nh ch\u00ednh Th\u1ee9 2- Th\u1ee9 6: 08:00 &#8211; 18:00 Th\u1ee9 &hellip; <\/p>\n","protected":false},"author":1,"featured_media":0,"parent":0,"menu_order":0,"comment_status":"closed","ping_status":"closed","template":"","meta":{"footnotes":""},"_links":{"self":[{"href":"https:\/\/demo.canhcam.com\/thiet-ke-website-truong-hoc\/wp-json\/wp\/v2\/pages\/87"}],"collection":[{"href":"https:\/\/demo.canhcam.com\/thiet-ke-website-truong-hoc\/wp-json\/wp\/v2\/pages"}],"about":[{"href":"https:\/\/demo.canhcam.com\/thiet-ke-website-truong-hoc\/wp-json\/wp\/v2\/types\/page"}],"author":[{"embeddable":true,"href":"https:\/\/demo.canhcam.com\/thiet-ke-website-truong-hoc\/wp-json\/wp\/v2\/users\/1"}],"replies":[{"embeddable":true,"href":"https:\/\/demo.canhcam.com\/thiet-ke-website-truong-hoc\/wp-json\/wp\/v2\/comments?post=87"}],"version-history":[{"count":21,"href":"https:\/\/demo.canhcam.com\/thiet-ke-website-truong-hoc\/wp-json\/wp\/v2\/pages\/87\/revisions"}],"predecessor-version":[{"id":11442,"href":"https:\/\/demo.canhcam.com\/thiet-ke-website-truong-hoc\/wp-json\/wp\/v2\/pages\/87\/revisions\/11442"}],"wp:attachment":[{"href":"https:\/\/demo.canhcam.com\/thiet-ke-website-truong-hoc\/wp-json\/wp\/v2\/media?parent=87"}],"curies":[{"name":"wp","href":"https:\/\/api.w.org\/{rel}","templated":true}]}}