{"id":4424,"date":"2016-03-01T04:01:14","date_gmt":"2016-03-01T04:01:14","guid":{"rendered":"http:\/\/educationwp.thimpress.com\/thim-3\/?page_id=4424"},"modified":"2016-03-01T04:01:14","modified_gmt":"2016-03-01T04:01:14","slug":"portfolio-masonry","status":"publish","type":"page","link":"https:\/\/demo.canhcam.com\/thiet-ke-website-truong-hoc\/portfolio-masonry\/","title":{"rendered":"Portfolio Masonry"},"content":{"rendered":"\t\t<div data-elementor-type=\"wp-post\" data-elementor-id=\"4424\" class=\"elementor elementor-4424 elementor-bc-flex-widget\">\n\t\t\t\t\t\t\t\t\t<section class=\"elementor-section elementor-top-section elementor-element elementor-element-e687fcf elementor-section-boxed elementor-section-height-default elementor-section-height-default\" data-id=\"e687fcf\" data-element_type=\"section\">\n\t\t\t\t\t\t<div class=\"elementor-container elementor-column-gap-no\">\n\t\t\t\t\t<div class=\"elementor-column elementor-col-100 elementor-top-column elementor-element elementor-element-9a7575d thim-widget-portfolio\" data-id=\"9a7575d\" data-element_type=\"column\">\n\t\t\t<div class=\"elementor-widget-wrap elementor-element-populated\">\n\t\t\t\t\t\t\t\t<div class=\"elementor-element elementor-element-6d92802 elementor-widget thim-widget-portfolio\" data-id=\"6d92802\" data-element_type=\"widget\" data-widget_type=\"thim-portfolio.default\">\n\t\t\t\t<div class=\"elementor-widget-container\">\n\t\t\t<div\n\tclass=\"wapper_portfolio style05 gutter masonry all\">\n\t\t\t<div class=\"portfolio-tabs-wapper filters\" style=\"text-align:center;\" >\n\t\t\t<ul class=\"portfolio-tabs\">\n\t\t\t\t\t\t\t\t\t<li><a href class=\"filter active\" data-filter=\"*\">All<\/a>\n\t\t\t\t\t<\/li>\n\t\t\t\t\t\t\t\t\t\t\t\t\t\t\t\t\t\t<li>\n\t\t\t\t\t\t\t\t<a class=\"filter\" href\n\t\t\t\t\t\t\t\t   data-filter=\".presentations\">Thuy\u1ebft tr\u00ecnh<\/a>\n\t\t\t\t\t\t\t<\/li>\n\t\t\t\t\t\t\t\t\t\t\t\t\t<li>\n\t\t\t\t\t\t\t\t<a class=\"filter\" href\n\t\t\t\t\t\t\t\t   data-filter=\".courses\">Kho\u00e1 h\u1ecdc<\/a>\n\t\t\t\t\t\t\t<\/li>\n\t\t\t\t\t\t\t\t\t\t\t\t\t<li>\n\t\t\t\t\t\t\t\t<a class=\"filter\" href\n\t\t\t\t\t\t\t\t   data-filter=\".books\">S\u00e1ch<\/a>\n\t\t\t\t\t\t\t<\/li>\n\t\t\t\t\t\t\t\t\t\t\t\t\t\t<\/ul>\n\t\t<\/div>\n\t\n\t<div class=\"portfolio_column\">\n\t\t<ul class=\"content_portfolio style05\">\n\t\t\t<li data-color=\"#7427f9\" class=\"element-item presentations  item_portfolio  three-col\" style=\"background-color:#7427f9;\"><div class=\"portfolio-image\"><div class=\"img-portfolio\"><img decoding=\"async\" src=\"https:\/\/demo.canhcam.com\/thiet-ke-website-truong-hoc\/wp-content\/uploads\/2022\/04\/courses-16-600x346.jpg\" alt= K\u0129 n\u0103ng m\u1ec1m title = K\u0129 n\u0103ng m\u1ec1m \/><\/div><div class=\"portfolio-hover\" style=\"background-color:#7427f9;\"><div class=\"thumb-bg\"><div class=\"mask-content\"><h3><a href=\"https:\/\/demo.canhcam.com\/thiet-ke-website-truong-hoc\/portfolio\/about-soft-skills\/\" title=\"K\u0129 n\u0103ng m\u1ec1m\" >K\u0129 n\u0103ng m\u1ec1m<\/a><\/h3><div class=\"cat_portfolio\"><a href=\"https:\/\/demo.canhcam.com\/thiet-ke-website-truong-hoc\/portfolio_category\/presentations\/\">Thuy\u1ebft tr\u00ecnh<\/a><\/div><a href=\"https:\/\/demo.canhcam.com\/thiet-ke-website-truong-hoc\/portfolio\/about-soft-skills\/\" title=\"K\u0129 n\u0103ng m\u1ec1m\" class=\"btn_zoom \" >View More<\/a><\/div><\/div><\/div><\/div><\/li>\n\t\t\t<li data-color=\"#ffb606\" class=\"element-item presentations  item_portfolio  three-col\" style=\"background-color:#ffb606;\"><div class=\"portfolio-image\"><div class=\"img-portfolio\"><img decoding=\"async\" src=\"https:\/\/demo.canhcam.com\/thiet-ke-website-truong-hoc\/wp-content\/uploads\/2022\/04\/courses-14-600x346.jpg\" alt= T\u0103ng c\u01b0\u1eddng k\u0129 n\u1eb5ng title = T\u0103ng c\u01b0\u1eddng k\u0129 n\u1eb5ng \/><\/div><div class=\"portfolio-hover\" style=\"background-color:#ffb606;\"><div class=\"thumb-bg\"><div class=\"mask-content\"><h3><a href=\"https:\/\/demo.canhcam.com\/thiet-ke-website-truong-hoc\/portfolio\/up-your-skill\/\" title=\"T\u0103ng c\u01b0\u1eddng k\u0129 n\u1eb5ng\" >T\u0103ng c\u01b0\u1eddng k\u0129 n\u1eb5ng<\/a><\/h3><div class=\"cat_portfolio\"><a href=\"https:\/\/demo.canhcam.com\/thiet-ke-website-truong-hoc\/portfolio_category\/presentations\/\">Thuy\u1ebft tr\u00ecnh<\/a><\/div><a href=\"https:\/\/demo.canhcam.com\/thiet-ke-website-truong-hoc\/portfolio\/up-your-skill\/\" title=\"T\u0103ng c\u01b0\u1eddng k\u0129 n\u1eb5ng\" class=\"btn_zoom \" >View More<\/a><\/div><\/div><\/div><\/div><\/li>\n\t\t\t<li data-color=\"#ef5c37\" class=\"element-item presentations  item_portfolio  three-col\" style=\"background-color:#ef5c37;\"><div class=\"portfolio-image\"><div class=\"img-portfolio\"><img decoding=\"async\" src=\"https:\/\/demo.canhcam.com\/thiet-ke-website-truong-hoc\/wp-content\/uploads\/2016\/03\/portfolio-course-5-600x600.jpg\" alt= Startup Team title = Startup Team \/><\/div><div class=\"portfolio-hover\" style=\"background-color:#ef5c37;\"><div class=\"thumb-bg\"><div class=\"mask-content\"><h3><a href=\"https:\/\/demo.canhcam.com\/thiet-ke-website-truong-hoc\/portfolio\/startup-team\/\" title=\"Startup Team\" >Startup Team<\/a><\/h3><div class=\"cat_portfolio\"><a href=\"https:\/\/demo.canhcam.com\/thiet-ke-website-truong-hoc\/portfolio_category\/presentations\/\">Thuy\u1ebft tr\u00ecnh<\/a><\/div><a href=\"https:\/\/demo.canhcam.com\/thiet-ke-website-truong-hoc\/portfolio\/startup-team\/\" title=\"Startup Team\" class=\"btn_zoom \" >View More<\/a><\/div><\/div><\/div><\/div><\/li>\n\t\t\t<li data-color=\"#46557f\" class=\"element-item courses  item_portfolio  three-col\" style=\"background-color:#46557f;\"><div class=\"portfolio-image\"><div class=\"img-portfolio\"><img decoding=\"async\" src=\"https:\/\/demo.canhcam.com\/thiet-ke-website-truong-hoc\/wp-content\/uploads\/2022\/04\/courses-19-600x346.jpg\" alt= B\u00e0i v\u1ec1 nh\u00e0 title = B\u00e0i v\u1ec1 nh\u00e0 \/><\/div><div class=\"portfolio-hover\" style=\"background-color:#46557f;\"><div class=\"thumb-bg\"><div class=\"mask-content\"><h3><a href=\"https:\/\/demo.canhcam.com\/thiet-ke-website-truong-hoc\/portfolio\/home-work\/\" title=\"B\u00e0i v\u1ec1 nh\u00e0\" >B\u00e0i v\u1ec1 nh\u00e0<\/a><\/h3><div class=\"cat_portfolio\"><a href=\"https:\/\/demo.canhcam.com\/thiet-ke-website-truong-hoc\/portfolio_category\/courses\/\">Kho\u00e1 h\u1ecdc<\/a><\/div><a href=\"https:\/\/demo.canhcam.com\/thiet-ke-website-truong-hoc\/portfolio\/home-work\/\" title=\"B\u00e0i v\u1ec1 nh\u00e0\" class=\"btn_zoom \" >View More<\/a><\/div><\/div><\/div><\/div><\/li>\n\t\t\t<li data-color=\"#5a08e7\" class=\"element-item courses  item_portfolio  three-col\" style=\"background-color:#5a08e7;\"><div class=\"portfolio-image\"><div class=\"img-portfolio\"><img decoding=\"async\" src=\"https:\/\/demo.canhcam.com\/thiet-ke-website-truong-hoc\/wp-content\/uploads\/2022\/04\/courses-20-600x346.jpg\" alt= Gi\u1eef n\u1ee5 c\u01b0\u1eddi title = Gi\u1eef n\u1ee5 c\u01b0\u1eddi \/><\/div><div class=\"portfolio-hover\" style=\"background-color:#5a08e7;\"><div class=\"thumb-bg\"><div class=\"mask-content\"><h3><a href=\"https:\/\/demo.canhcam.com\/thiet-ke-website-truong-hoc\/portfolio\/keeping-smile\/\" title=\"Gi\u1eef n\u1ee5 c\u01b0\u1eddi\" >Gi\u1eef n\u1ee5 c\u01b0\u1eddi<\/a><\/h3><div class=\"cat_portfolio\"><a href=\"https:\/\/demo.canhcam.com\/thiet-ke-website-truong-hoc\/portfolio_category\/courses\/\">Kho\u00e1 h\u1ecdc<\/a><\/div><a href=\"https:\/\/demo.canhcam.com\/thiet-ke-website-truong-hoc\/portfolio\/keeping-smile\/\" title=\"Gi\u1eef n\u1ee5 c\u01b0\u1eddi\" class=\"btn_zoom \" >View More<\/a><\/div><\/div><\/div><\/div><\/li>\n\t\t\t<li data-color=\"#80a205\" class=\"element-item books  item_portfolio  three-col\" style=\"background-color:#80a205;\"><div class=\"portfolio-image\"><div class=\"img-portfolio\"><img decoding=\"async\" src=\"https:\/\/demo.canhcam.com\/thiet-ke-website-truong-hoc\/wp-content\/uploads\/2022\/04\/courses-7-600x346.jpg\" alt= S\u00e1ch m\u1edf title = S\u00e1ch m\u1edf \/><\/div><div class=\"portfolio-hover\" style=\"background-color:#80a205;\"><div class=\"thumb-bg\"><div class=\"mask-content\"><h3><a href=\"https:\/\/demo.canhcam.com\/thiet-ke-website-truong-hoc\/portfolio\/opened-book\/\" title=\"S\u00e1ch m\u1edf\" >S\u00e1ch m\u1edf<\/a><\/h3><div class=\"cat_portfolio\"><a href=\"https:\/\/demo.canhcam.com\/thiet-ke-website-truong-hoc\/portfolio_category\/books\/\">S\u00e1ch<\/a><\/div><a href=\"https:\/\/demo.canhcam.com\/thiet-ke-website-truong-hoc\/portfolio\/opened-book\/\" title=\"S\u00e1ch m\u1edf\" class=\"btn_zoom \" >View More<\/a><\/div><\/div><\/div><\/div><\/li>\n\t\t\t<li data-color=\"#ef5c37\" class=\"element-item books  item_portfolio  three-col\" style=\"background-color:#ef5c37;\"><div class=\"portfolio-image\"><div class=\"img-portfolio\"><img decoding=\"async\" src=\"https:\/\/demo.canhcam.com\/thiet-ke-website-truong-hoc\/wp-content\/uploads\/2016\/03\/book-3-600x600.jpg\" alt= Th\u01b0 vi\u1ec7n title = Th\u01b0 vi\u1ec7n \/><\/div><div class=\"portfolio-hover\" style=\"background-color:#ef5c37;\"><div class=\"thumb-bg\"><div class=\"mask-content\"><h3><a href=\"https:\/\/demo.canhcam.com\/thiet-ke-website-truong-hoc\/portfolio\/library\/\" title=\"Th\u01b0 vi\u1ec7n\" >Th\u01b0 vi\u1ec7n<\/a><\/h3><div class=\"cat_portfolio\"><a href=\"https:\/\/demo.canhcam.com\/thiet-ke-website-truong-hoc\/portfolio_category\/books\/\">S\u00e1ch<\/a><\/div><a href=\"https:\/\/demo.canhcam.com\/thiet-ke-website-truong-hoc\/portfolio\/library\/\" title=\"Th\u01b0 vi\u1ec7n\" class=\"btn_zoom \" >View More<\/a><\/div><\/div><\/div><\/div><\/li>\n\t\t\t<li data-color=\"#ffb606\" class=\"element-item books  item_portfolio  three-col\" style=\"background-color:#ffb606;\"><div class=\"portfolio-image\"><div class=\"img-portfolio\"><img decoding=\"async\" src=\"https:\/\/demo.canhcam.com\/thiet-ke-website-truong-hoc\/wp-content\/uploads\/2022\/04\/courses-6-600x346.jpg\" alt= K\u00ednh \u0111\u1ecdc title = K\u00ednh \u0111\u1ecdc \/><\/div><div class=\"portfolio-hover\" style=\"background-color:#ffb606;\"><div class=\"thumb-bg\"><div class=\"mask-content\"><h3><a href=\"https:\/\/demo.canhcam.com\/thiet-ke-website-truong-hoc\/portfolio\/reading-glasses\/\" title=\"K\u00ednh \u0111\u1ecdc\" >K\u00ednh \u0111\u1ecdc<\/a><\/h3><div class=\"cat_portfolio\"><a href=\"https:\/\/demo.canhcam.com\/thiet-ke-website-truong-hoc\/portfolio_category\/books\/\">S\u00e1ch<\/a><\/div><a href=\"https:\/\/demo.canhcam.com\/thiet-ke-website-truong-hoc\/portfolio\/reading-glasses\/\" title=\"K\u00ednh \u0111\u1ecdc\" class=\"btn_zoom \" >View More<\/a><\/div><\/div><\/div><\/div><\/li>\n\t\t\t<li data-color=\"#46557f\" class=\"element-item books  item_portfolio  three-col\" style=\"background-color:#46557f;\"><div class=\"portfolio-image\"><div class=\"img-portfolio\"><img decoding=\"async\" src=\"https:\/\/demo.canhcam.com\/thiet-ke-website-truong-hoc\/wp-content\/uploads\/2022\/04\/courses-5-600x346.jpg\" alt= B\u00eca s\u00e1ch title = B\u00eca s\u00e1ch \/><\/div><div class=\"portfolio-hover\" style=\"background-color:#46557f;\"><div class=\"thumb-bg\"><div class=\"mask-content\"><h3><a href=\"https:\/\/demo.canhcam.com\/thiet-ke-website-truong-hoc\/portfolio\/design-cover\/\" title=\"B\u00eca s\u00e1ch\" >B\u00eca s\u00e1ch<\/a><\/h3><div class=\"cat_portfolio\"><a href=\"https:\/\/demo.canhcam.com\/thiet-ke-website-truong-hoc\/portfolio_category\/books\/\">S\u00e1ch<\/a><\/div><a href=\"https:\/\/demo.canhcam.com\/thiet-ke-website-truong-hoc\/portfolio\/design-cover\/\" title=\"B\u00eca s\u00e1ch\" class=\"btn_zoom \" >View More<\/a><\/div><\/div><\/div><\/div><\/li>\n\t\t\t<li data-color=\"#97ac0b\" class=\"element-item courses  item_portfolio  three-col\" style=\"background-color:#97ac0b;\"><div class=\"portfolio-image\"><div class=\"img-portfolio\"><img decoding=\"async\" src=\"https:\/\/demo.canhcam.com\/thiet-ke-website-truong-hoc\/wp-content\/uploads\/2016\/03\/presentation-2-600x600.jpg\" alt= C\u1ed1 g\u1eafng title = C\u1ed1 g\u1eafng \/><\/div><div class=\"portfolio-hover\" style=\"background-color:#97ac0b;\"><div class=\"thumb-bg\"><div class=\"mask-content\"><h3><a href=\"https:\/\/demo.canhcam.com\/thiet-ke-website-truong-hoc\/portfolio\/fighting\/\" title=\"C\u1ed1 g\u1eafng\" >C\u1ed1 g\u1eafng<\/a><\/h3><div class=\"cat_portfolio\"><a href=\"https:\/\/demo.canhcam.com\/thiet-ke-website-truong-hoc\/portfolio_category\/courses\/\">Kho\u00e1 h\u1ecdc<\/a><\/div><a href=\"https:\/\/demo.canhcam.com\/thiet-ke-website-truong-hoc\/portfolio\/fighting\/\" title=\"C\u1ed1 g\u1eafng\" class=\"btn_zoom \" >View More<\/a><\/div><\/div><\/div><\/div><\/li>\n\t\t\t<li data-color=\"#7427f9\" class=\"element-item books  item_portfolio  three-col\" style=\"background-color:#7427f9;\"><div class=\"portfolio-image\"><div class=\"img-portfolio\"><img decoding=\"async\" src=\"https:\/\/demo.canhcam.com\/thiet-ke-website-truong-hoc\/wp-content\/uploads\/2022\/04\/courses-18-600x346.jpg\" alt= \u0110\u1ecdc s\u00e1ch title = \u0110\u1ecdc s\u00e1ch \/><\/div><div class=\"portfolio-hover\" style=\"background-color:#7427f9;\"><div class=\"thumb-bg\"><div class=\"mask-content\"><h3><a href=\"https:\/\/demo.canhcam.com\/thiet-ke-website-truong-hoc\/portfolio\/reading-book\/\" title=\"\u0110\u1ecdc s\u00e1ch\" >\u0110\u1ecdc s\u00e1ch<\/a><\/h3><div class=\"cat_portfolio\"><a href=\"https:\/\/demo.canhcam.com\/thiet-ke-website-truong-hoc\/portfolio_category\/books\/\">S\u00e1ch<\/a><\/div><a href=\"https:\/\/demo.canhcam.com\/thiet-ke-website-truong-hoc\/portfolio\/reading-book\/\" title=\"\u0110\u1ecdc s\u00e1ch\" class=\"btn_zoom \" >View More<\/a><\/div><\/div><\/div><\/div><\/li>\n\t\t\t<li data-color=\"#06a7a1\" class=\"element-item books  item_portfolio  three-col\" style=\"background-color:#06a7a1;\"><div class=\"portfolio-image\"><div class=\"img-portfolio\"><img decoding=\"async\" src=\"https:\/\/demo.canhcam.com\/thiet-ke-website-truong-hoc\/wp-content\/uploads\/2022\/04\/courses-2-600x346.jpg\" alt= S\u00e1ch \u0111i\u1ec7n t\u1eed title = S\u00e1ch \u0111i\u1ec7n t\u1eed \/><\/div><div class=\"portfolio-hover\" style=\"background-color:#06a7a1;\"><div class=\"thumb-bg\"><div class=\"mask-content\"><h3><a href=\"https:\/\/demo.canhcam.com\/thiet-ke-website-truong-hoc\/portfolio\/electronic-book\/\" title=\"S\u00e1ch \u0111i\u1ec7n t\u1eed\" >S\u00e1ch \u0111i\u1ec7n t\u1eed<\/a><\/h3><div class=\"cat_portfolio\"><a href=\"https:\/\/demo.canhcam.com\/thiet-ke-website-truong-hoc\/portfolio_category\/books\/\">S\u00e1ch<\/a><\/div><a href=\"https:\/\/demo.canhcam.com\/thiet-ke-website-truong-hoc\/portfolio\/electronic-book\/\" title=\"S\u00e1ch \u0111i\u1ec7n t\u1eed\" class=\"btn_zoom \" >View More<\/a><\/div><\/div><\/div><\/div><\/li>\n\t\t\t\t\t<\/ul>\n\t\t\t<\/div>\n<\/div>\n<!-- .wapper portfolio -->\n\t\t<\/div>\n\t\t\t\t<\/div>\n\t\t\t\t\t<\/div>\n\t\t<\/div>\n\t\t\t\t\t\t\t<\/div>\n\t\t<\/section>\n\t\t\t\t\t\t\t<\/div>\n\t\t","protected":false},"excerpt":{"rendered":"<p>All Presentations Courses Books Soft skills PresentationsView More Up your skill PresentationsView More Startup Team PresentationsView More Home Work CoursesView More Keeping smile CoursesView More Opened book BooksView More Library BooksView More Reading glasses BooksView More Design cover BooksView More &hellip; <\/p>\n","protected":false},"author":1,"featured_media":0,"parent":0,"menu_order":0,"comment_status":"closed","ping_status":"closed","template":"","meta":{"footnotes":""},"_links":{"self":[{"href":"https:\/\/demo.canhcam.com\/thiet-ke-website-truong-hoc\/wp-json\/wp\/v2\/pages\/4424"}],"collection":[{"href":"https:\/\/demo.canhcam.com\/thiet-ke-website-truong-hoc\/wp-json\/wp\/v2\/pages"}],"about":[{"href":"https:\/\/demo.canhcam.com\/thiet-ke-website-truong-hoc\/wp-json\/wp\/v2\/types\/page"}],"author":[{"embeddable":true,"href":"https:\/\/demo.canhcam.com\/thiet-ke-website-truong-hoc\/wp-json\/wp\/v2\/users\/1"}],"replies":[{"embeddable":true,"href":"https:\/\/demo.canhcam.com\/thiet-ke-website-truong-hoc\/wp-json\/wp\/v2\/comments?post=4424"}],"version-history":[{"count":0,"href":"https:\/\/demo.canhcam.com\/thiet-ke-website-truong-hoc\/wp-json\/wp\/v2\/pages\/4424\/revisions"}],"wp:attachment":[{"href":"https:\/\/demo.canhcam.com\/thiet-ke-website-truong-hoc\/wp-json\/wp\/v2\/media?parent=4424"}],"curies":[{"name":"wp","href":"https:\/\/api.w.org\/{rel}","templated":true}]}}