{"id":10911,"date":"2022-12-07T01:29:04","date_gmt":"2022-12-07T01:29:04","guid":{"rendered":"https:\/\/eduma.thimpress.com\/demo-grad-school\/?page_id=10911"},"modified":"2023-01-10T09:34:25","modified_gmt":"2023-01-10T09:34:25","slug":"academics","status":"publish","type":"page","link":"https:\/\/demo.canhcam.com\/thiet-ke-website-truong-hoc\/academics\/","title":{"rendered":"Academics"},"content":{"rendered":"\t\t<div data-elementor-type=\"wp-page\" data-elementor-id=\"10911\" class=\"elementor elementor-10911\">\n\t\t\t\t\t\t\t\t\t<section class=\"elementor-section elementor-top-section elementor-element elementor-element-55cdbe75 elementor-section-height-min-height elementor-section-stretched elementor-section-boxed elementor-section-height-default elementor-section-items-middle\" data-id=\"55cdbe75\" data-element_type=\"section\" data-settings=\"{&quot;stretch_section&quot;:&quot;section-stretched&quot;,&quot;background_background&quot;:&quot;classic&quot;}\">\n\t\t\t\t\t\t<div class=\"elementor-container elementor-column-gap-custom\">\n\t\t\t\t\t<div class=\"elementor-column elementor-col-100 elementor-top-column elementor-element elementor-element-2fcf0542\" data-id=\"2fcf0542\" data-element_type=\"column\">\n\t\t\t<div class=\"elementor-widget-wrap elementor-element-populated\">\n\t\t\t\t\t\t\t\t<div class=\"elementor-element elementor-element-3b4ce8ed elementor-widget elementor-widget-thim-ekits-breadcrumb\" data-id=\"3b4ce8ed\" data-element_type=\"widget\" data-widget_type=\"thim-ekits-breadcrumb.default\">\n\t\t\t\t<div class=\"elementor-widget-container\">\n\t\t\t\n\t\t\t<div class=\"thim-ekit-breadcrumb\">\n\n\t\t\t\tHome\n\t\t\t<\/div>\n\n\t\t\t\t\t<\/div>\n\t\t\t\t<\/div>\n\t\t\t\t\t<\/div>\n\t\t<\/div>\n\t\t\t\t\t\t\t<\/div>\n\t\t<\/section>\n\t\t\t\t<section class=\"elementor-section elementor-top-section elementor-element elementor-element-616498dd elementor-section-stretched elementor-section-boxed elementor-section-height-default elementor-section-height-default\" data-id=\"616498dd\" data-element_type=\"section\" data-settings=\"{&quot;stretch_section&quot;:&quot;section-stretched&quot;}\">\n\t\t\t\t\t\t<div class=\"elementor-container elementor-column-gap-custom\">\n\t\t\t\t\t<div class=\"elementor-column elementor-col-50 elementor-top-column elementor-element elementor-element-103399e1\" data-id=\"103399e1\" data-element_type=\"column\">\n\t\t\t<div class=\"elementor-widget-wrap elementor-element-populated\">\n\t\t\t\t\t\t\t\t<div class=\"elementor-element elementor-element-45fd5ff5 elementor-widget__width-initial elementor-widget thim-ekits-heading elementor-widget-thim-heading\" data-id=\"45fd5ff5\" data-element_type=\"widget\" data-widget_type=\"thim-heading.default\">\n\t\t\t\t<div class=\"elementor-widget-container\">\n\t\t\t<div class=\"sc_heading \"><h3 class=\"title\">H\u1ecdc \u0111\u1ea1i h\u1ecdc<\/h3><\/div>\t\t<\/div>\n\t\t\t\t<\/div>\n\t\t\t\t<div class=\"elementor-element elementor-element-78cbb3a elementor-widget thim-ekits-heading elementor-widget-thim-heading\" data-id=\"78cbb3a\" data-element_type=\"widget\" data-widget_type=\"thim-heading.default\">\n\t\t\t\t<div class=\"elementor-widget-container\">\n\t\t\t<div class=\"sc_heading \"><h3 class=\"title\"><\/h3><div class=\"sub-heading\"><p>T\u1ea1i Eduma, ch\u00fang t\u00f4i coi \u0111\u1ea1i h\u1ecdc l\u00e0 th\u1eddi gian \u0111\u1ec3 h\u1ecdc sinh kh\u00e1m ph\u00e1, r\u00e8n luy\u1ec7n tr\u00ed t\u00f2 m\u00f2 c\u0169ng nh\u01b0 kh\u00e1m ph\u00e1 nh\u1eefng s\u1edf th\u00edch v\u00e0 kh\u1ea3 n\u0103ng m\u1edbi.<\/p>\n<p>Ch\u00fang t\u00f4i cung c\u1ea5p cho sinh vi\u00ean m\u1ed9t m\u00f4i tr\u01b0\u1eddng h\u00f2a nh\u1eadp, h\u1ee3p t\u00e1c v\u00e0 \u0111\u1ea7y c\u1ea3m h\u1ee9ng, n\u01a1i h\u1ecd c\u00f3 th\u1ec3 ph\u00e1t tri\u1ec3n m\u1ed9t tr\u00ed tu\u1ec7 \u0111\u01b0\u1ee3c hi\u1ec3u bi\u1ebft r\u1ed9ng r\u00e3i, c\u00f3 t\u00ednh k\u1ef7 lu\u1eadt cao s\u1ebd gi\u00fap h\u1ecd th\u00e0nh c\u00f4ng trong b\u1ea5t k\u1ef3 c\u00f4ng vi\u1ec7c n\u00e0o h\u1ecd ch\u1ecdn.<\/p>\n<p>H\u1ecdc sinh c\u1ee7a ch\u00fang t\u00f4i t\u1ed1t nghi\u1ec7p v\u1edbi nh\u1eefng gi\u00e1 tr\u1ecb v\u00e0 ki\u1ebfn \u200b\u200bth\u1ee9c c\u1ea7n thi\u1ebft \u0111\u1ec3 theo \u0111u\u1ed5i c\u00f4ng vi\u1ec7c c\u00f3 \u00fd ngh\u0129a, t\u00ecm th\u1ea5y ni\u1ec1m \u0111am m\u00ea trong h\u1ecdc t\u1eadp su\u1ed1t \u0111\u1eddi v\u00e0 s\u1ed1ng m\u1ed9t cu\u1ed9c s\u1ed1ng th\u00e0nh c\u00f4ng v\u00e0 c\u00f3 m\u1ee5c \u0111\u00edch.<\/p>\n<\/div><\/div>\t\t<\/div>\n\t\t\t\t<\/div>\n\t\t\t\t<div class=\"elementor-element elementor-element-14e07064 elementor-widget-divider--view-line elementor-widget elementor-widget-divider\" data-id=\"14e07064\" data-element_type=\"widget\" data-widget_type=\"divider.default\">\n\t\t\t\t<div class=\"elementor-widget-container\">\n\t\t\t<style>\/*! elementor - v3.9.2 - 21-12-2022 *\/\n.elementor-widget-divider{--divider-border-style:none;--divider-border-width:1px;--divider-color:#2c2c2c;--divider-icon-size:20px;--divider-element-spacing:10px;--divider-pattern-height:24px;--divider-pattern-size:20px;--divider-pattern-url:none;--divider-pattern-repeat:repeat-x}.elementor-widget-divider .elementor-divider{display:flex}.elementor-widget-divider .elementor-divider__text{font-size:15px;line-height:1;max-width:95%}.elementor-widget-divider .elementor-divider__element{margin:0 var(--divider-element-spacing);flex-shrink:0}.elementor-widget-divider .elementor-icon{font-size:var(--divider-icon-size)}.elementor-widget-divider .elementor-divider-separator{display:flex;margin:0;direction:ltr}.elementor-widget-divider--view-line_icon .elementor-divider-separator,.elementor-widget-divider--view-line_text .elementor-divider-separator{align-items:center}.elementor-widget-divider--view-line_icon .elementor-divider-separator:after,.elementor-widget-divider--view-line_icon .elementor-divider-separator:before,.elementor-widget-divider--view-line_text .elementor-divider-separator:after,.elementor-widget-divider--view-line_text .elementor-divider-separator:before{display:block;content:\"\";border-bottom:0;flex-grow:1;border-top:var(--divider-border-width) var(--divider-border-style) var(--divider-color)}.elementor-widget-divider--element-align-left .elementor-divider .elementor-divider-separator>.elementor-divider__svg:first-of-type{flex-grow:0;flex-shrink:100}.elementor-widget-divider--element-align-left .elementor-divider-separator:before{content:none}.elementor-widget-divider--element-align-left .elementor-divider__element{margin-left:0}.elementor-widget-divider--element-align-right .elementor-divider .elementor-divider-separator>.elementor-divider__svg:last-of-type{flex-grow:0;flex-shrink:100}.elementor-widget-divider--element-align-right .elementor-divider-separator:after{content:none}.elementor-widget-divider--element-align-right .elementor-divider__element{margin-right:0}.elementor-widget-divider:not(.elementor-widget-divider--view-line_text):not(.elementor-widget-divider--view-line_icon) .elementor-divider-separator{border-top:var(--divider-border-width) var(--divider-border-style) var(--divider-color)}.elementor-widget-divider--separator-type-pattern{--divider-border-style:none}.elementor-widget-divider--separator-type-pattern.elementor-widget-divider--view-line .elementor-divider-separator,.elementor-widget-divider--separator-type-pattern:not(.elementor-widget-divider--view-line) .elementor-divider-separator:after,.elementor-widget-divider--separator-type-pattern:not(.elementor-widget-divider--view-line) .elementor-divider-separator:before,.elementor-widget-divider--separator-type-pattern:not([class*=elementor-widget-divider--view]) .elementor-divider-separator{width:100%;min-height:var(--divider-pattern-height);-webkit-mask-size:var(--divider-pattern-size) 100%;mask-size:var(--divider-pattern-size) 100%;-webkit-mask-repeat:var(--divider-pattern-repeat);mask-repeat:var(--divider-pattern-repeat);background-color:var(--divider-color);-webkit-mask-image:var(--divider-pattern-url);mask-image:var(--divider-pattern-url)}.elementor-widget-divider--no-spacing{--divider-pattern-size:auto}.elementor-widget-divider--bg-round{--divider-pattern-repeat:round}.rtl .elementor-widget-divider .elementor-divider__text{direction:rtl}.e-con-inner>.elementor-widget-divider,.e-con>.elementor-widget-divider{width:var(--container-widget-width);--flex-grow:var(--container-widget-flex-grow)}<\/style>\t\t<div class=\"elementor-divider\">\n\t\t\t<span class=\"elementor-divider-separator\">\n\t\t\t\t\t\t<\/span>\n\t\t<\/div>\n\t\t\t\t<\/div>\n\t\t\t\t<\/div>\n\t\t\t\t<div class=\"elementor-element elementor-element-4607fde5 elementor-widget thim-ekits-heading elementor-widget-thim-heading\" data-id=\"4607fde5\" data-element_type=\"widget\" data-widget_type=\"thim-heading.default\">\n\t\t\t\t<div class=\"elementor-widget-container\">\n\t\t\t<div class=\"sc_heading \"><h6 class=\"title\"> V\u1ec1 tr\u01b0\u1eddng \u0111ai 5hoc5 <\/h6><div class=\"sub-heading\"><p>T\u1ea5t c\u1ea3 sinh vi\u00ean \u0111\u1ea1i h\u1ecdc \u0111\u1ec1u theo h\u1ecdc t\u1ea1i Eduma College, m\u1ed9t m\u00f4i tr\u01b0\u1eddng h\u1ecdc t\u1eadp th\u00e2n m\u1eadt cung c\u1ea5p h\u01b0\u1edbng d\u1eabn v\u1ec1 khoa h\u1ecdc v\u00e0 ngh\u1ec7 thu\u1eadt t\u1ef1 do.<\/p>\n<\/div><\/div>\t\t<\/div>\n\t\t\t\t<\/div>\n\t\t\t\t<div class=\"elementor-element elementor-element-6560e83b elementor-widget elementor-widget-image\" data-id=\"6560e83b\" data-element_type=\"widget\" data-widget_type=\"image.default\">\n\t\t\t\t<div class=\"elementor-widget-container\">\n\t\t\t<style>\/*! elementor - v3.9.2 - 21-12-2022 *\/\n.elementor-widget-image{text-align:center}.elementor-widget-image a{display:inline-block}.elementor-widget-image a img[src$=\".svg\"]{width:48px}.elementor-widget-image img{vertical-align:middle;display:inline-block}<\/style>\t\t\t\t\t\t\t\t\t\t\t\t<img loading=\"lazy\" decoding=\"async\" width=\"1920\" height=\"652\" src=\"https:\/\/demo.canhcam.com\/thiet-ke-website-truong-hoc\/wp-content\/uploads\/2022\/12\/banner-home-v3-new.jpg\" class=\"attachment-full size-full wp-image-10913\" alt=\"\" srcset=\"https:\/\/demo.canhcam.com\/thiet-ke-website-truong-hoc\/wp-content\/uploads\/2022\/12\/banner-home-v3-new.jpg 1920w, https:\/\/demo.canhcam.com\/thiet-ke-website-truong-hoc\/wp-content\/uploads\/2022\/12\/banner-home-v3-new-600x204.jpg 600w, https:\/\/demo.canhcam.com\/thiet-ke-website-truong-hoc\/wp-content\/uploads\/2022\/12\/banner-home-v3-new-300x102.jpg 300w, https:\/\/demo.canhcam.com\/thiet-ke-website-truong-hoc\/wp-content\/uploads\/2022\/12\/banner-home-v3-new-1024x348.jpg 1024w, https:\/\/demo.canhcam.com\/thiet-ke-website-truong-hoc\/wp-content\/uploads\/2022\/12\/banner-home-v3-new-768x261.jpg 768w, https:\/\/demo.canhcam.com\/thiet-ke-website-truong-hoc\/wp-content\/uploads\/2022\/12\/banner-home-v3-new-1536x522.jpg 1536w\" sizes=\"(max-width: 1920px) 100vw, 1920px\" \/>\t\t\t\t\t\t\t\t\t\t\t\t\t\t\t<\/div>\n\t\t\t\t<\/div>\n\t\t\t\t<div class=\"elementor-element elementor-element-448fbe43 elementor-widget thim-widget-button\" data-id=\"448fbe43\" data-element_type=\"widget\" data-widget_type=\"thim-button.default\">\n\t\t\t\t<div class=\"elementor-widget-container\">\n\t\t\t<a class=\"widget-button normal position-after\" href=\"#\" target=\"_blank\" rel=\"nofollow\">TRANG WEB C\u1ee6A TR\u01af\u1edcNG CAO \u0110\u1eb2NG Eduma<i aria-hidden=\"true\" class=\"tk tk-angle-right\"><\/i><\/a>\t\t<\/div>\n\t\t\t\t<\/div>\n\t\t\t\t<div class=\"elementor-element elementor-element-7694df45 elementor-widget-divider--view-line elementor-widget elementor-widget-divider\" data-id=\"7694df45\" data-element_type=\"widget\" data-widget_type=\"divider.default\">\n\t\t\t\t<div class=\"elementor-widget-container\">\n\t\t\t\t\t<div class=\"elementor-divider\">\n\t\t\t<span class=\"elementor-divider-separator\">\n\t\t\t\t\t\t<\/span>\n\t\t<\/div>\n\t\t\t\t<\/div>\n\t\t\t\t<\/div>\n\t\t\t\t<div class=\"elementor-element elementor-element-22ab97df elementor-widget thim-ekits-heading elementor-widget-thim-heading\" data-id=\"22ab97df\" data-element_type=\"widget\" data-widget_type=\"thim-heading.default\">\n\t\t\t\t<div class=\"elementor-widget-container\">\n\t\t\t<div class=\"sc_heading \"><h6 class=\"title\">Ch\u01b0\u1eddng tr\u00ecnh h\u1ecdc<\/h6><div class=\"sub-heading\"><p>Duy\u1ec7t qua c\u00e1c chuy\u00ean ng\u00e0nh c\u00f3 s\u1eb5n, y\u00eau c\u1ea7u h\u1ecdc t\u1eadp v\u00e0 th\u00f4ng tin quan tr\u1ecdng kh\u00e1c v\u1ec1 ch\u01b0\u01a1ng tr\u00ecnh gi\u1ea3ng d\u1ea1y \u0111\u1ea1i h\u1ecdc c\u1ee7a ch\u00fang t\u00f4i.<\/p>\n<\/div><\/div>\t\t<\/div>\n\t\t\t\t<\/div>\n\t\t\t\t<div class=\"elementor-element elementor-element-21e229f1 elementor-widget thim-widget-button\" data-id=\"21e229f1\" data-element_type=\"widget\" data-widget_type=\"thim-button.default\">\n\t\t\t\t<div class=\"elementor-widget-container\">\n\t\t\t<a class=\"widget-button normal position-after\" href=\"#\" target=\"_blank\" rel=\"nofollow\">TRANG WEB C\u1ee6A TR\u01af\u1edcNG CAO \u0110\u1eb2NG Eduma<i aria-hidden=\"true\" class=\"tk tk-angle-right\"><\/i><\/a>\t\t<\/div>\n\t\t\t\t<\/div>\n\t\t\t\t<div class=\"elementor-element elementor-element-42ae75b1 elementor-widget-divider--view-line elementor-widget elementor-widget-divider\" data-id=\"42ae75b1\" data-element_type=\"widget\" data-widget_type=\"divider.default\">\n\t\t\t\t<div class=\"elementor-widget-container\">\n\t\t\t\t\t<div class=\"elementor-divider\">\n\t\t\t<span class=\"elementor-divider-separator\">\n\t\t\t\t\t\t<\/span>\n\t\t<\/div>\n\t\t\t\t<\/div>\n\t\t\t\t<\/div>\n\t\t\t\t<div class=\"elementor-element elementor-element-a371ecf elementor-widget thim-ekits-heading elementor-widget-thim-heading\" data-id=\"a371ecf\" data-element_type=\"widget\" data-widget_type=\"thim-heading.default\">\n\t\t\t\t<div class=\"elementor-widget-container\">\n\t\t\t<div class=\"sc_heading \"><h6 class=\"title\">Nghi\u00ean c\u1ee9u b\u1eadc \u0111\u1ea1i h\u1ecdc<\/h6><div class=\"sub-heading\"><p>Duy\u1ec7t qua c\u00e1c chuy\u00ean ng\u00e0nh c\u00f3 s\u1eb5n, y\u00eau c\u1ea7u h\u1ecdc t\u1eadp v\u00e0 th\u00f4ng tin quan tr\u1ecdng kh\u00e1c v\u1ec1 ch\u01b0\u01a1ng tr\u00ecnh gi\u1ea3ng d\u1ea1y \u0111\u1ea1i h\u1ecdc c\u1ee7a ch\u00fang t\u00f4i.<\/p>\n<\/div><\/div>\t\t<\/div>\n\t\t\t\t<\/div>\n\t\t\t\t<div class=\"elementor-element elementor-element-30040d21 elementor-widget thim-widget-button\" data-id=\"30040d21\" data-element_type=\"widget\" data-widget_type=\"thim-button.default\">\n\t\t\t\t<div class=\"elementor-widget-container\">\n\t\t\t<a class=\"widget-button normal position-after\" href=\"#\" target=\"_blank\" rel=\"nofollow\">NGHI\u00caN C\u1ee8U B\u1eacC \u0110\u1ea0I H\u1eccC<i aria-hidden=\"true\" class=\"tk tk-angle-right\"><\/i><\/a>\t\t<\/div>\n\t\t\t\t<\/div>\n\t\t\t\t<div class=\"elementor-element elementor-element-ec61fb3 elementor-widget-divider--view-line elementor-widget elementor-widget-divider\" data-id=\"ec61fb3\" data-element_type=\"widget\" data-widget_type=\"divider.default\">\n\t\t\t\t<div class=\"elementor-widget-container\">\n\t\t\t\t\t<div class=\"elementor-divider\">\n\t\t\t<span class=\"elementor-divider-separator\">\n\t\t\t\t\t\t<\/span>\n\t\t<\/div>\n\t\t\t\t<\/div>\n\t\t\t\t<\/div>\n\t\t\t\t<div class=\"elementor-element elementor-element-3d658428 elementor-widget thim-ekits-heading elementor-widget-thim-heading\" data-id=\"3d658428\" data-element_type=\"widget\" data-widget_type=\"thim-heading.default\">\n\t\t\t\t<div class=\"elementor-widget-container\">\n\t\t\t<div class=\"sc_heading \"><h6 class=\"title\">kinh nghi\u1ec7m qu\u1ed1c t\u1ebf<\/h6><div class=\"sub-heading\"><p>Duy\u1ec7t qua c\u00e1c chuy\u00ean ng\u00e0nh c\u00f3 s\u1eb5n, y\u00eau c\u1ea7u h\u1ecdc t\u1eadp v\u00e0 th\u00f4ng tin quan tr\u1ecdng kh\u00e1c v\u1ec1 ch\u01b0\u01a1ng tr\u00ecnh gi\u1ea3ng d\u1ea1y \u0111\u1ea1i h\u1ecdc c\u1ee7a ch\u00fang t\u00f4i.<\/p>\n<\/div><\/div>\t\t<\/div>\n\t\t\t\t<\/div>\n\t\t\t\t<div class=\"elementor-element elementor-element-129a0fef elementor-widget thim-widget-button\" data-id=\"129a0fef\" data-element_type=\"widget\" data-widget_type=\"thim-button.default\">\n\t\t\t\t<div class=\"elementor-widget-container\">\n\t\t\t<a class=\"widget-button normal position-after\" href=\"#\" target=\"_blank\" rel=\"nofollow\">KINH NGHI\u1ec6M QU\u1ed0C T\u1ebe<i aria-hidden=\"true\" class=\"tk tk-angle-right\"><\/i><\/a>\t\t<\/div>\n\t\t\t\t<\/div>\n\t\t\t\t\t<\/div>\n\t\t<\/div>\n\t\t\t\t<div class=\"elementor-column elementor-col-50 elementor-top-column elementor-element elementor-element-48ca52da\" data-id=\"48ca52da\" data-element_type=\"column\">\n\t\t\t<div class=\"elementor-widget-wrap elementor-element-populated\">\n\t\t\t\t\t\t\t\t<div class=\"elementor-element elementor-element-164f2025 elementor-widget elementor-widget-thim-ekits-header-info\" data-id=\"164f2025\" data-element_type=\"widget\" data-widget_type=\"thim-ekits-header-info.default\">\n\t\t\t\t<div class=\"elementor-widget-container\">\n\t\t\t\t\t<div class=\"header-info-swapper\">\n\t\t\t<ul class=\"thim-header-info\">\n\t\t\t\t\t\t\t\t\t\t<li>\n\t\t\t\t\t\t\t\t\t\t\t\t\t\t\t<a href=\"http:\/\/demo.canhcam.com\/thiet-ke-website-truong-hoc\/academics-detail\/\" target=\"_blank\" rel=\"nofollow\">\n\t\t\t\t\t\t\t\t\t\t\t\t\t\t\t\t\t\t\t\t\t\t\t\t\tH\u1ecdc \u0111\u1ea1i h\u1ecdc\t\t\t\t\t\t\t\t\t\t\t\t\t\t\t<\/a>\n\t\t\t\t\t\t\t\t\t\t\t\t\t<\/li>\n\t\t\t\t\t\t\t\t\t<\/ul>\n\t\t<\/div>\n\t\t\t\t<\/div>\n\t\t\t\t<\/div>\n\t\t\t\t<div class=\"elementor-element elementor-element-6514b367 elementor-widget elementor-widget-thim-ekits-header-info\" data-id=\"6514b367\" data-element_type=\"widget\" data-widget_type=\"thim-ekits-header-info.default\">\n\t\t\t\t<div class=\"elementor-widget-container\">\n\t\t\t\t\t<div class=\"header-info-swapper\">\n\t\t\t<ul class=\"thim-header-info\">\n\t\t\t\t\t\t\t\t\t\t<li>\n\t\t\t\t\t\t\t\t\t\t\t\t\t\t\t<a href=\"http:\/\/demo.canhcam.com\/thiet-ke-website-truong-hoc\/academics-detail\/\" target=\"_blank\" rel=\"nofollow\">\n\t\t\t\t\t\t\t\t\t\t\t\t\t\t\t\t\t\t\t\t\t\t\t\t\tNghi\u00ean c\u1ee9u sau \u0111\u1ea1i h\u1ecdc &amp; chuy\u00ean nghi\u1ec7p\t\t\t\t\t\t\t\t\t\t\t\t\t\t\t<\/a>\n\t\t\t\t\t\t\t\t\t\t\t\t\t<\/li>\n\t\t\t\t\t\t\t\t\t<\/ul>\n\t\t<\/div>\n\t\t\t\t<\/div>\n\t\t\t\t<\/div>\n\t\t\t\t<div class=\"elementor-element elementor-element-4a297307 elementor-widget elementor-widget-thim-ekits-header-info\" data-id=\"4a297307\" data-element_type=\"widget\" data-widget_type=\"thim-ekits-header-info.default\">\n\t\t\t\t<div class=\"elementor-widget-container\">\n\t\t\t\t\t<div class=\"header-info-swapper\">\n\t\t\t<ul class=\"thim-header-info\">\n\t\t\t\t\t\t\t\t\t\t<li>\n\t\t\t\t\t\t\t\t\t\t\t\t\t\t\t<a href=\"http:\/\/demo.canhcam.com\/thiet-ke-website-truong-hoc\/academics-detail\/\" target=\"_blank\" rel=\"nofollow\">\n\t\t\t\t\t\t\t\t\t\t\t\t\t\t\t\t\t\t\t\t\t\t\t\t\tKhoa &amp; Ch\u01b0\u01a1ng tr\u00ecnh\t\t\t\t\t\t\t\t\t\t\t\t\t\t\t<\/a>\n\t\t\t\t\t\t\t\t\t\t\t\t\t<\/li>\n\t\t\t\t\t\t\t\t\t<\/ul>\n\t\t<\/div>\n\t\t\t\t<\/div>\n\t\t\t\t<\/div>\n\t\t\t\t<div class=\"elementor-element elementor-element-60b8f0ed elementor-widget elementor-widget-thim-ekits-header-info\" data-id=\"60b8f0ed\" data-element_type=\"widget\" data-widget_type=\"thim-ekits-header-info.default\">\n\t\t\t\t<div class=\"elementor-widget-container\">\n\t\t\t\t\t<div class=\"header-info-swapper\">\n\t\t\t<ul class=\"thim-header-info\">\n\t\t\t\t\t\t\t\t\t\t<li>\n\t\t\t\t\t\t\t\t\t\t\t\t\t\t\t<a href=\"http:\/\/demo.canhcam.com\/thiet-ke-website-truong-hoc\/academics-detail\/\" target=\"_blank\" rel=\"nofollow\">\n\t\t\t\t\t\t\t\t\t\t\t\t\t\t\t\t\t\t\t\t\t\t\t\t\tGi\u00e1o d\u1ee5c to\u00e0n c\u1ea7u\t\t\t\t\t\t\t\t\t\t\t\t\t\t\t<\/a>\n\t\t\t\t\t\t\t\t\t\t\t\t\t<\/li>\n\t\t\t\t\t\t\t\t\t<\/ul>\n\t\t<\/div>\n\t\t\t\t<\/div>\n\t\t\t\t<\/div>\n\t\t\t\t<div class=\"elementor-element elementor-element-5c31e8d8 elementor-widget elementor-widget-thim-ekits-header-info\" data-id=\"5c31e8d8\" data-element_type=\"widget\" data-widget_type=\"thim-ekits-header-info.default\">\n\t\t\t\t<div class=\"elementor-widget-container\">\n\t\t\t\t\t<div class=\"header-info-swapper\">\n\t\t\t<ul class=\"thim-header-info\">\n\t\t\t\t\t\t\t\t\t\t<li>\n\t\t\t\t\t\t\t\t\t\t\t\t\t\t\t<a href=\"http:\/\/demo.canhcam.com\/thiet-ke-website-truong-hoc\/academics-detail\/\" target=\"_blank\" rel=\"nofollow\">\n\t\t\t\t\t\t\t\t\t\t\t\t\t\t\t\t\t\t\t\t\t\t\t\t\tPhi\u00ean b\u1ea3n m\u00f9a h\u00e8\t\t\t\t\t\t\t\t\t\t\t\t\t\t\t<\/a>\n\t\t\t\t\t\t\t\t\t\t\t\t\t<\/li>\n\t\t\t\t\t\t\t\t\t<\/ul>\n\t\t<\/div>\n\t\t\t\t<\/div>\n\t\t\t\t<\/div>\n\t\t\t\t<div class=\"elementor-element elementor-element-78e14654 elementor-widget elementor-widget-thim-ekits-header-info\" data-id=\"78e14654\" data-element_type=\"widget\" data-widget_type=\"thim-ekits-header-info.default\">\n\t\t\t\t<div class=\"elementor-widget-container\">\n\t\t\t\t\t<div class=\"header-info-swapper\">\n\t\t\t<ul class=\"thim-header-info\">\n\t\t\t\t\t\t\t\t\t\t<li>\n\t\t\t\t\t\t\t\t\t\t\t\t\t\t\t<a href=\"http:\/\/demo.canhcam.com\/thiet-ke-website-truong-hoc\/academics-detail\/\" target=\"_blank\" rel=\"nofollow\">\n\t\t\t\t\t\t\t\t\t\t\t\t\t\t\t\t\t\t\t\t\t\t\t\t\tCung c\u1ea5p kh\u00f4ng b\u1eb1ng c\u1ea5p\t\t\t\t\t\t\t\t\t\t\t\t\t\t\t<\/a>\n\t\t\t\t\t\t\t\t\t\t\t\t\t<\/li>\n\t\t\t\t\t\t\t\t\t<\/ul>\n\t\t<\/div>\n\t\t\t\t<\/div>\n\t\t\t\t<\/div>\n\t\t\t\t<div class=\"elementor-element elementor-element-648ec70a elementor-widget elementor-widget-thim-ekits-header-info\" data-id=\"648ec70a\" data-element_type=\"widget\" data-widget_type=\"thim-ekits-header-info.default\">\n\t\t\t\t<div class=\"elementor-widget-container\">\n\t\t\t\t\t<div class=\"header-info-swapper\">\n\t\t\t<ul class=\"thim-header-info\">\n\t\t\t\t\t\t\t\t\t\t<li>\n\t\t\t\t\t\t\t\t\t\t\t\t\t\t\t<a href=\"http:\/\/demo.canhcam.com\/thiet-ke-website-truong-hoc\/academics-detail\/\" target=\"_blank\" rel=\"nofollow\">\n\t\t\t\t\t\t\t\t\t\t\t\t\t\t\t\t\t\t\t\t\t\t\t\t\tKho\u00e1 h\u1ecdc tr\u1ef1c tuy\u1ebfn \t\t\t\t\t\t\t\t\t\t\t\t\t\t\t<\/a>\n\t\t\t\t\t\t\t\t\t\t\t\t\t<\/li>\n\t\t\t\t\t\t\t\t\t<\/ul>\n\t\t<\/div>\n\t\t\t\t<\/div>\n\t\t\t\t<\/div>\n\t\t\t\t\t<\/div>\n\t\t<\/div>\n\t\t\t\t\t\t\t<\/div>\n\t\t<\/section>\n\t\t\t\t\t\t\t<\/div>\n\t\t","protected":false},"excerpt":{"rendered":"<p>Home H\u1ecdc \u0111\u1ea1i h\u1ecdc T\u1ea1i Eduma, ch\u00fang t\u00f4i coi \u0111\u1ea1i h\u1ecdc l\u00e0 th\u1eddi gian \u0111\u1ec3 h\u1ecdc sinh kh\u00e1m ph\u00e1, r\u00e8n luy\u1ec7n tr\u00ed t\u00f2 m\u00f2 c\u0169ng nh\u01b0 kh\u00e1m ph\u00e1 nh\u1eefng s\u1edf th\u00edch v\u00e0 kh\u1ea3 n\u0103ng m\u1edbi. Ch\u00fang t\u00f4i cung c\u1ea5p cho &hellip; <\/p>\n","protected":false},"author":1,"featured_media":0,"parent":0,"menu_order":0,"comment_status":"closed","ping_status":"closed","template":"elementor_header_footer","meta":{"footnotes":""},"_links":{"self":[{"href":"https:\/\/demo.canhcam.com\/thiet-ke-website-truong-hoc\/wp-json\/wp\/v2\/pages\/10911"}],"collection":[{"href":"https:\/\/demo.canhcam.com\/thiet-ke-website-truong-hoc\/wp-json\/wp\/v2\/pages"}],"about":[{"href":"https:\/\/demo.canhcam.com\/thiet-ke-website-truong-hoc\/wp-json\/wp\/v2\/types\/page"}],"author":[{"embeddable":true,"href":"https:\/\/demo.canhcam.com\/thiet-ke-website-truong-hoc\/wp-json\/wp\/v2\/users\/1"}],"replies":[{"embeddable":true,"href":"https:\/\/demo.canhcam.com\/thiet-ke-website-truong-hoc\/wp-json\/wp\/v2\/comments?post=10911"}],"version-history":[{"count":60,"href":"https:\/\/demo.canhcam.com\/thiet-ke-website-truong-hoc\/wp-json\/wp\/v2\/pages\/10911\/revisions"}],"predecessor-version":[{"id":11323,"href":"https:\/\/demo.canhcam.com\/thiet-ke-website-truong-hoc\/wp-json\/wp\/v2\/pages\/10911\/revisions\/11323"}],"wp:attachment":[{"href":"https:\/\/demo.canhcam.com\/thiet-ke-website-truong-hoc\/wp-json\/wp\/v2\/media?parent=10911"}],"curies":[{"name":"wp","href":"https:\/\/api.w.org\/{rel}","templated":true}]}}