{"id":5212,"date":"2021-08-25T07:26:28","date_gmt":"2021-08-25T07:26:28","guid":{"rendered":"http:\/\/dummy.xtemos.com\/woodmart2\/?page_id=5212"},"modified":"2023-02-09T06:20:03","modified_gmt":"2023-02-09T06:20:03","slug":"about-us-3","status":"publish","type":"page","link":"https:\/\/demo.canhcam.com\/thiet-ke-website-thuong-mai-dien-tu-5\/about-us-3\/","title":{"rendered":"About us"},"content":{"rendered":"<section class=\"wpb-content-wrapper\"><p>[vc_row css=&#8221;.vc_custom_1629877038080{margin-bottom: 40px !important;}&#8221; mobile_bg_img_hidden=&#8221;no&#8221; tablet_bg_img_hidden=&#8221;no&#8221; woodmart_parallax=&#8221;0&#8243; woodmart_gradient_switch=&#8221;no&#8221; row_reverse_mobile=&#8221;1&#8243; row_reverse_tablet=&#8221;1&#8243; woodmart_disable_overflow=&#8221;0&#8243; wd_z_index=&#8221;no&#8221; woodmart_css_id=&#8221;6125f32826e3d&#8221; responsive_spacing=&#8221;eyJwYXJhbV90eXBlIjoid29vZG1hcnRfcmVzcG9uc2l2ZV9zcGFjaW5nIiwic2VsZWN0b3JfaWQiOiI2MTI1ZjMyODI2ZTNkIiwic2hvcnRjb2RlIjoidmNfcm93IiwiZGF0YSI6eyJ0YWJsZXQiOnt9LCJtb2JpbGUiOnsibWFyZ2luLWJvdHRvbSI6IjIwIn19fQ==&#8221;][vc_column css=&#8221;.vc_custom_1629877010833{margin-bottom: 40px !important;padding-top: 0px !important;}&#8221; mobile_bg_img_hidden=&#8221;no&#8221; tablet_bg_img_hidden=&#8221;no&#8221; woodmart_parallax=&#8221;0&#8243; woodmart_sticky_column=&#8221;false&#8221; parallax_scroll=&#8221;no&#8221; mobile_reset_margin=&#8221;no&#8221; tablet_reset_margin=&#8221;no&#8221; offset=&#8221;vc_col-lg-6 vc_col-md-6&#8243; wd_z_index=&#8221;no&#8221; woodmart_css_id=&#8221;6125f30edad72&#8243; responsive_spacing=&#8221;eyJwYXJhbV90eXBlIjoid29vZG1hcnRfcmVzcG9uc2l2ZV9zcGFjaW5nIiwic2VsZWN0b3JfaWQiOiI2MTI1ZjMwZWRhZDcyIiwic2hvcnRjb2RlIjoidmNfY29sdW1uIiwiZGF0YSI6eyJ0YWJsZXQiOnt9LCJtb2JpbGUiOnt9fX0=&#8221;]\t\t<div id=\"wd-63e48f83e319a\" class=\"wd-image wd-wpb wd-rs-63e48f83e319a text-left vc_custom_1675923420444\">\n\t\t\t\n\t\t\t<img loading=\"lazy\" decoding=\"async\" width=\"717\" height=\"665\" src=\"https:\/\/demo.canhcam.com\/thiet-ke-website-thuong-mai-dien-tu-5\/wp-content\/uploads\/2023\/02\/shutterstock_394940713-e1675923408870.jpg\" class=\"attachment-full\" alt=\"\" title=\"shutterstock_394940713\" srcset=\"https:\/\/demo.canhcam.com\/thiet-ke-website-thuong-mai-dien-tu-5\/wp-content\/uploads\/2023\/02\/shutterstock_394940713-e1675923408870.jpg 717w, https:\/\/demo.canhcam.com\/thiet-ke-website-thuong-mai-dien-tu-5\/wp-content\/uploads\/2023\/02\/shutterstock_394940713-e1675923408870-323x300.jpg 323w, https:\/\/demo.canhcam.com\/thiet-ke-website-thuong-mai-dien-tu-5\/wp-content\/uploads\/2023\/02\/shutterstock_394940713-e1675923408870-430x399.jpg 430w, https:\/\/demo.canhcam.com\/thiet-ke-website-thuong-mai-dien-tu-5\/wp-content\/uploads\/2023\/02\/shutterstock_394940713-e1675923408870-700x649.jpg 700w, https:\/\/demo.canhcam.com\/thiet-ke-website-thuong-mai-dien-tu-5\/wp-content\/uploads\/2023\/02\/shutterstock_394940713-e1675923408870-150x139.jpg 150w\" sizes=\"(max-width: 717px) 100vw, 717px\" \/>\n\t\t\t\t\t<\/div>\n\t\t[\/vc_column][vc_column css=&#8221;.vc_custom_1629877027060{margin-bottom: 40px !important;padding-top: 40px !important;}&#8221; mobile_bg_img_hidden=&#8221;no&#8221; tablet_bg_img_hidden=&#8221;no&#8221; woodmart_parallax=&#8221;0&#8243; woodmart_sticky_column=&#8221;false&#8221; parallax_scroll=&#8221;no&#8221; mobile_reset_margin=&#8221;no&#8221; tablet_reset_margin=&#8221;no&#8221; offset=&#8221;vc_col-lg-offset-1 vc_col-lg-5 vc_col-md-6 vc_col-xs-12&#8243; wd_z_index=&#8221;no&#8221; woodmart_css_id=&#8221;6125f320eb687&#8243; responsive_spacing=&#8221;eyJwYXJhbV90eXBlIjoid29vZG1hcnRfcmVzcG9uc2l2ZV9zcGFjaW5nIiwic2VsZWN0b3JfaWQiOiI2MTI1ZjMyMGViNjg3Iiwic2hvcnRjb2RlIjoidmNfY29sdW1uIiwiZGF0YSI6eyJ0YWJsZXQiOnt9LCJtb2JpbGUiOnsicGFkZGluZy10b3AiOiIwIn19fQ==&#8221;]\n\t\t<div id=\"wd-63e47c7401ead\" class=\"title-wrapper wd-wpb set-mb-s reset-last-child  wd-rs-63e47c7401ead wd-title-color-primary wd-title-style-default text-left vc_custom_1675919158640 wd-underline-colored\">\n\t\t\t\t\t\t\t<div class=\"title-subtitle  subtitle-color-primary font-default subtitle-style-default wd-font-weight-600 wd-fontsize-xs\">SEEMINGLY ELEGANT DESIGN<\/div>\n\t\t\t\n\t\t\t<div class=\"liner-continer\">\n\t\t\t\t<h4 class=\"woodmart-title-container title  wd-font-weight- wd-fontsize-xxl\" >V\u1ec1 c\u1eeda h\u00e0ng online<\/h4>\n\t\t\t\t\t\t\t<\/div>\n\t\t\t\n\t\t\t\n\t\t\t\n\t\t<\/div>\n\t\t\n\t\t\t\t<div id=\"wd-63e48ebca5405\" class=\"wd-text-block wd-wpb reset-last-child wd-rs-63e48ebca5405 text-left wd-width-enabled wd-fontsize-s vc_custom_1675923161211\" style=\"--wd-max-width: 90%;\">\n\t\t\t<p><em>Lo\u1ea1i r\u01b0\u1ee3u n\u00e0y \u0111\u01b0\u1ee3c ng\u00e2m v\u1edbi nh\u1ee5c \u0111\u1eadu kh\u1ea5u (nutmeg), ng\u1ea3i \u0111\u1eafng (sage) v\u00e0 h\u01b0\u01a1ng th\u1ea3o (rosemary).<\/em><\/p>\n\t\t<\/div>\n\t\t\t\t<div id=\"wd-63e47f3feccbf\" class=\"wd-text-block wd-wpb reset-last-child wd-rs-63e47f3feccbf text-left wd-fontsize-custom vc_custom_1675923126013\">\n\t\t\t<p><strong>Boodles Gin<\/strong> xu\u1ea5t hi\u1ec7n t\u1eeb n\u0103m 1845, l\u00e0 lo\u1ea1i r\u01b0\u1ee3u y\u00eau th\u00edch c\u1ee7a Winston Churchill, th\u00e0nh vi\u00ean n\u1ed5i ti\u1ebfng nh\u1ea5t c\u1ee7a c\u00e2u l\u1ea1c b\u1ed9 Boodles Club m\u00e0 lo\u1ea1i gin n\u00e0y \u0111\u01b0\u1ee3c \u0111\u1eb7t t\u00ean theo. Lo\u1ea1i r\u01b0\u1ee3u n\u00e0y \u0111\u01b0\u1ee3c ng\u00e2m v\u1edbi nh\u1ee5c \u0111\u1eadu kh\u1ea5u (nutmeg), ng\u1ea3i \u0111\u1eafng (sage) v\u00e0 h\u01b0\u01a1ng th\u1ea3o (rosemary).<\/p>\n\t\t<\/div>\n\t\t[vc_separator color=&#8221;custom&#8221; accent_color=&#8221;rgba(10,10,10,0.12)&#8221; css=&#8221;.vc_custom_1615616514122{margin-bottom: 20px !important;padding-top: 10px !important;}&#8221;][vc_row_inner content_placement=&#8221;middle&#8221; row_reverse_mobile=&#8221;0&#8243; row_reverse_tablet=&#8221;0&#8243;][vc_column_inner width=&#8221;1\/2&#8243; css=&#8221;.vc_custom_1617632364304{padding-top: 0px !important;}&#8221;][\/vc_column_inner][vc_column_inner width=&#8221;1\/2&#8243; css=&#8221;.vc_custom_1629877310132{padding-top: 0px !important;}&#8221; offset=&#8221;vc_hidden-sm vc_hidden-xs&#8221; wd_z_index=&#8221;no&#8221; woodmart_css_id=&#8221;6125f438bf39a&#8221; responsive_spacing=&#8221;eyJwYXJhbV90eXBlIjoid29vZG1hcnRfcmVzcG9uc2l2ZV9zcGFjaW5nIiwic2VsZWN0b3JfaWQiOiI2MTI1ZjQzOGJmMzlhIiwic2hvcnRjb2RlIjoidmNfY29sdW1uX2lubmVyIiwiZGF0YSI6eyJ0YWJsZXQiOnt9LCJtb2JpbGUiOnt9fX0=&#8221;]\n\t\t\t<div class=\"wd-social-icons  icons-design-colored-alt icons-size-small color-scheme-dark social-share social-form-circle text-right\">\n\n\t\t\t\t\n\t\t\t\t\t\t\t\t\t<a rel=\"noopener noreferrer nofollow\" href=\"https:\/\/www.facebook.com\/sharer\/sharer.php?u=https:\/\/demo.canhcam.com\/thiet-ke-website-thuong-mai-dien-tu-5\/about-us-3\/\" target=\"_blank\" class=\" wd-social-icon social-facebook\" aria-label=\"Facebook social link\">\n\t\t\t\t\t\t<span class=\"wd-icon\"><\/span>\n\t\t\t\t\t\t\t\t\t\t\t<\/a>\n\t\t\t\t\n\t\t\t\t\t\t\t\t\t<a rel=\"noopener noreferrer nofollow\" href=\"https:\/\/twitter.com\/share?url=https:\/\/demo.canhcam.com\/thiet-ke-website-thuong-mai-dien-tu-5\/about-us-3\/\" target=\"_blank\" class=\" wd-social-icon social-twitter\" aria-label=\"Twitter social link\">\n\t\t\t\t\t\t<span class=\"wd-icon\"><\/span>\n\t\t\t\t\t\t\t\t\t\t\t<\/a>\n\t\t\t\t\n\t\t\t\t\n\t\t\t\t\n\t\t\t\t\n\t\t\t\t\t\t\t\t\t<a rel=\"noopener noreferrer nofollow\" href=\"https:\/\/pinterest.com\/pin\/create\/button\/?url=https:\/\/demo.canhcam.com\/thiet-ke-website-thuong-mai-dien-tu-5\/about-us-3\/&media=https:\/\/demo.canhcam.com\/thiet-ke-website-thuong-mai-dien-tu-5\/wp-includes\/images\/media\/default.png&description=About+us\" target=\"_blank\" class=\" wd-social-icon social-pinterest\" aria-label=\"Pinterest social link\">\n\t\t\t\t\t\t<span class=\"wd-icon\"><\/span>\n\t\t\t\t\t\t\t\t\t\t\t<\/a>\n\t\t\t\t\n\t\t\t\t\n\t\t\t\t\t\t\t\t\t<a rel=\"noopener noreferrer nofollow\" href=\"https:\/\/www.linkedin.com\/shareArticle?mini=true&url=https:\/\/demo.canhcam.com\/thiet-ke-website-thuong-mai-dien-tu-5\/about-us-3\/\" target=\"_blank\" class=\" wd-social-icon social-linkedin\" aria-label=\"Linkedin social link\">\n\t\t\t\t\t\t<span class=\"wd-icon\"><\/span>\n\t\t\t\t\t\t\t\t\t\t\t<\/a>\n\t\t\t\t\n\t\t\t\t\n\t\t\t\t\n\t\t\t\t\n\t\t\t\t\n\t\t\t\t\n\t\t\t\t\n\t\t\t\t\n\t\t\t\t\n\t\t\t\t\n\t\t\t\t\t\t\t\t\n\t\t\t\t\t\t\t\t\n\t\t\t\t\n\t\t\t\t\t\t\t\t\t<a rel=\"noopener noreferrer nofollow\" href=\"https:\/\/telegram.me\/share\/url?url=https:\/\/demo.canhcam.com\/thiet-ke-website-thuong-mai-dien-tu-5\/about-us-3\/\" target=\"_blank\" class=\" wd-social-icon social-tg\" aria-label=\"Telegram social link\">\n\t\t\t\t\t\t<span class=\"wd-icon\"><\/span>\n\t\t\t\t\t\t\t\t\t\t\t<\/a>\n\t\t\t\t\t\t\t\t\n\t\t\t\t\n\t\t\t<\/div>\n\n\t\t[\/vc_column_inner][\/vc_row_inner][\/vc_column][\/vc_row][vc_row css=&#8221;.vc_custom_1629877050232{margin-bottom: 60px !important;}&#8221; mobile_bg_img_hidden=&#8221;no&#8221; tablet_bg_img_hidden=&#8221;no&#8221; woodmart_parallax=&#8221;0&#8243; woodmart_gradient_switch=&#8221;no&#8221; row_reverse_mobile=&#8221;0&#8243; row_reverse_tablet=&#8221;0&#8243; woodmart_disable_overflow=&#8221;0&#8243; wd_z_index=&#8221;no&#8221; woodmart_css_id=&#8221;6125f332edbdf&#8221; responsive_spacing=&#8221;eyJwYXJhbV90eXBlIjoid29vZG1hcnRfcmVzcG9uc2l2ZV9zcGFjaW5nIiwic2VsZWN0b3JfaWQiOiI2MTI1ZjMzMmVkYmRmIiwic2hvcnRjb2RlIjoidmNfcm93IiwiZGF0YSI6eyJ0YWJsZXQiOnt9LCJtb2JpbGUiOnsibWFyZ2luLWJvdHRvbSI6IjQwIn19fQ==&#8221;][vc_column width=&#8221;1\/4&#8243; css=&#8221;.vc_custom_1615616838746{padding-top: 0px !important;}&#8221; mobile_bg_img_hidden=&#8221;no&#8221; tablet_bg_img_hidden=&#8221;no&#8221; woodmart_parallax=&#8221;0&#8243; woodmart_sticky_column=&#8221;false&#8221; parallax_scroll=&#8221;no&#8221; mobile_reset_margin=&#8221;no&#8221; tablet_reset_margin=&#8221;no&#8221;]\n\t\t<div id=\"wd-63e48f11720a4\" class=\"title-wrapper wd-wpb set-mb-s reset-last-child  wd-rs-63e48f11720a4 wd-title-color-primary wd-title-style-default text-center  wd-underline-colored\">\n\t\t\t\t\t\t\t<div class=\"title-subtitle  subtitle-color-primary font-default subtitle-style-default wd-font-weight-600 wd-fontsize-xs\">\u0110\u00f4i n\u00e9t v\u1ec1 ch\u00fang t\u00f4i <\/div>\n\t\t\t\n\t\t\t<div class=\"liner-continer\">\n\t\t\t\t<h4 class=\"woodmart-title-container title  wd-font-weight- wd-fontsize-xxl\" >Nh\u00f3m ch\u00fang t\u00f4i<\/h4>\n\t\t\t\t\t\t\t<\/div>\n\t\t\t\n\t\t\t\t\t\t\t<div class=\"title-after_title  set-cont-mb-s reset-last-child  wd-fontsize-s\">T\u1ea5t c\u1ea3 c\u00e1c qu\u00e1 tr\u00ecnh \u0111\u01b0\u1ee3c nh\u00e0 ch\u1ebf t\u00e1c r\u01b0\u1ee3u ki\u1ec3m so\u00e1t v\u00f4 c\u00f9ng ch\u1eb7t ch\u1ebd \u0111\u1ec3 t\u1ea1o ra \u0111\u01b0\u1ee3c lo\u1ea1i r\u01b0\u1ee3u c\u00f3 h\u01b0\u01a1ng v\u1ecb theo ti\u00eau chu\u1ea9n h\u1ecd \u0111\u1ec1 ra.<\/div>\n\t\t\t\n\t\t\t\n\t\t<\/div>\n\t\t\n\t\t[\/vc_column][vc_column width=&#8221;1\/4&#8243; css=&#8221;.vc_custom_1615815117241{padding-top: 0px !important;}&#8221; mobile_bg_img_hidden=&#8221;no&#8221; tablet_bg_img_hidden=&#8221;no&#8221; woodmart_parallax=&#8221;0&#8243; woodmart_sticky_column=&#8221;false&#8221; parallax_scroll=&#8221;no&#8221; mobile_reset_margin=&#8221;no&#8221; tablet_reset_margin=&#8221;no&#8221; offset=&#8221;vc_col-lg-3 vc_col-md-3 vc_col-xs-12&#8243;]<div class=\"team-member wd-wpb text-center  member-layout-default\"><div class=\"member-image-wrapper\"><div class=\"member-image\"><img loading=\"lazy\" decoding=\"async\" width=\"880\" height=\"594\" src=\"https:\/\/demo.canhcam.com\/thiet-ke-website-thuong-mai-dien-tu-5\/wp-content\/uploads\/2023\/02\/download-1-1.jpg\" class=\"team-member-avatar-image attachment-full\" alt=\"\" title=\"download (1)\" srcset=\"https:\/\/demo.canhcam.com\/thiet-ke-website-thuong-mai-dien-tu-5\/wp-content\/uploads\/2023\/02\/download-1-1.jpg 880w, https:\/\/demo.canhcam.com\/thiet-ke-website-thuong-mai-dien-tu-5\/wp-content\/uploads\/2023\/02\/download-1-1-400x270.jpg 400w, https:\/\/demo.canhcam.com\/thiet-ke-website-thuong-mai-dien-tu-5\/wp-content\/uploads\/2023\/02\/download-1-1-768x518.jpg 768w, https:\/\/demo.canhcam.com\/thiet-ke-website-thuong-mai-dien-tu-5\/wp-content\/uploads\/2023\/02\/download-1-1-860x581.jpg 860w, https:\/\/demo.canhcam.com\/thiet-ke-website-thuong-mai-dien-tu-5\/wp-content\/uploads\/2023\/02\/download-1-1-430x290.jpg 430w, https:\/\/demo.canhcam.com\/thiet-ke-website-thuong-mai-dien-tu-5\/wp-content\/uploads\/2023\/02\/download-1-1-700x473.jpg 700w, https:\/\/demo.canhcam.com\/thiet-ke-website-thuong-mai-dien-tu-5\/wp-content\/uploads\/2023\/02\/download-1-1-150x101.jpg 150w\" sizes=\"(max-width: 880px) 100vw, 880px\" \/><\/div><\/div><div class=\"member-details\"><h4 class=\"member-name\">Mark Jance<\/h4><span class=\"member-position\">CEO \/ FOUNDER<\/span><div class=\"member-social\"><div class=\"wd-social-icons icons-design-colored icons-size-small social-form-circle\"><a rel=\"noopener noreferrer nofollow\" class=\"wd-social-icon social-facebook\" href=\"#\" aria-label=\"Social icon facebook\"><span class=\"wd-icon\"><\/span><\/a><a rel=\"noopener noreferrer nofollow\" class=\"wd-social-icon social-twitter\" href=\"#\" aria-label=\"Social icon twitter\"><span class=\"wd-icon\"><\/span><\/a><a rel=\"noopener noreferrer nofollow\" class=\"wd-social-icon social-linkedin\" href=\"#\" aria-label=\"Social icon linkedin\"><span class=\"wd-icon\"><\/span><\/a><a rel=\"noopener noreferrer nofollow\" class=\"wd-social-icon social-instagram\" href=\"#\" aria-label=\"Social icon instagram\"><span class=\"wd-icon\"><\/span><\/a><\/div><\/div><\/div><\/div>[\/vc_column][vc_column width=&#8221;1\/4&#8243; css=&#8221;.vc_custom_1615815129451{padding-top: 0px !important;}&#8221; mobile_bg_img_hidden=&#8221;no&#8221; tablet_bg_img_hidden=&#8221;no&#8221; woodmart_parallax=&#8221;0&#8243; woodmart_sticky_column=&#8221;false&#8221; parallax_scroll=&#8221;no&#8221; mobile_reset_margin=&#8221;no&#8221; tablet_reset_margin=&#8221;no&#8221; offset=&#8221;vc_col-lg-3 vc_col-md-3 vc_col-xs-12&#8243;]<div class=\"team-member wd-wpb text-center  member-layout-default\"><div class=\"member-image-wrapper\"><div class=\"member-image\"><img loading=\"lazy\" decoding=\"async\" width=\"275\" height=\"183\" src=\"https:\/\/demo.canhcam.com\/thiet-ke-website-thuong-mai-dien-tu-5\/wp-content\/uploads\/2023\/02\/images-5.jpg\" class=\"team-member-avatar-image attachment-full\" alt=\"\" title=\"images (5)\" srcset=\"https:\/\/demo.canhcam.com\/thiet-ke-website-thuong-mai-dien-tu-5\/wp-content\/uploads\/2023\/02\/images-5.jpg 275w, https:\/\/demo.canhcam.com\/thiet-ke-website-thuong-mai-dien-tu-5\/wp-content\/uploads\/2023\/02\/images-5-150x100.jpg 150w\" sizes=\"(max-width: 275px) 100vw, 275px\" \/><\/div><\/div><div class=\"member-details\"><h4 class=\"member-name\">Braydon Wilkerson<\/h4><span class=\"member-position\">CEO \/ FOUNDER<\/span><div class=\"member-social\"><div class=\"wd-social-icons icons-design-colored icons-size-small social-form-circle\"><a rel=\"noopener noreferrer nofollow\" class=\"wd-social-icon social-facebook\" href=\"#\" aria-label=\"Social icon facebook\"><span class=\"wd-icon\"><\/span><\/a><a rel=\"noopener noreferrer nofollow\" class=\"wd-social-icon social-twitter\" href=\"#\" aria-label=\"Social icon twitter\"><span class=\"wd-icon\"><\/span><\/a><a rel=\"noopener noreferrer nofollow\" class=\"wd-social-icon social-linkedin\" href=\"#\" aria-label=\"Social icon linkedin\"><span class=\"wd-icon\"><\/span><\/a><a rel=\"noopener noreferrer nofollow\" class=\"wd-social-icon social-instagram\" href=\"#\" aria-label=\"Social icon instagram\"><span class=\"wd-icon\"><\/span><\/a><\/div><\/div><\/div><\/div>[\/vc_column][vc_column width=&#8221;1\/4&#8243; css=&#8221;.vc_custom_1615815133389{padding-top: 0px !important;}&#8221; mobile_bg_img_hidden=&#8221;no&#8221; tablet_bg_img_hidden=&#8221;no&#8221; woodmart_parallax=&#8221;0&#8243; woodmart_sticky_column=&#8221;false&#8221; parallax_scroll=&#8221;no&#8221; mobile_reset_margin=&#8221;no&#8221; tablet_reset_margin=&#8221;no&#8221; offset=&#8221;vc_col-lg-3 vc_col-md-3 vc_col-xs-12&#8243;]<div class=\"team-member wd-wpb text-center  member-layout-default\"><div class=\"member-image-wrapper\"><div class=\"member-image\"><img loading=\"lazy\" decoding=\"async\" width=\"800\" height=\"533\" src=\"https:\/\/demo.canhcam.com\/thiet-ke-website-thuong-mai-dien-tu-5\/wp-content\/uploads\/2023\/02\/portrait-old-farmer-white-beard-portrait-old-farmer-white-beard-overall-straw-hat-corn-field-157201592-1.jpg\" class=\"team-member-avatar-image attachment-full\" alt=\"\" title=\"portrait-old-farmer-white-beard-portrait-old-farmer-white-beard-overall-straw-hat-corn-field-157201592\" srcset=\"https:\/\/demo.canhcam.com\/thiet-ke-website-thuong-mai-dien-tu-5\/wp-content\/uploads\/2023\/02\/portrait-old-farmer-white-beard-portrait-old-farmer-white-beard-overall-straw-hat-corn-field-157201592-1.jpg 800w, https:\/\/demo.canhcam.com\/thiet-ke-website-thuong-mai-dien-tu-5\/wp-content\/uploads\/2023\/02\/portrait-old-farmer-white-beard-portrait-old-farmer-white-beard-overall-straw-hat-corn-field-157201592-1-400x267.jpg 400w, https:\/\/demo.canhcam.com\/thiet-ke-website-thuong-mai-dien-tu-5\/wp-content\/uploads\/2023\/02\/portrait-old-farmer-white-beard-portrait-old-farmer-white-beard-overall-straw-hat-corn-field-157201592-1-768x512.jpg 768w, https:\/\/demo.canhcam.com\/thiet-ke-website-thuong-mai-dien-tu-5\/wp-content\/uploads\/2023\/02\/portrait-old-farmer-white-beard-portrait-old-farmer-white-beard-overall-straw-hat-corn-field-157201592-1-430x286.jpg 430w, https:\/\/demo.canhcam.com\/thiet-ke-website-thuong-mai-dien-tu-5\/wp-content\/uploads\/2023\/02\/portrait-old-farmer-white-beard-portrait-old-farmer-white-beard-overall-straw-hat-corn-field-157201592-1-700x466.jpg 700w, https:\/\/demo.canhcam.com\/thiet-ke-website-thuong-mai-dien-tu-5\/wp-content\/uploads\/2023\/02\/portrait-old-farmer-white-beard-portrait-old-farmer-white-beard-overall-straw-hat-corn-field-157201592-1-150x100.jpg 150w\" sizes=\"(max-width: 800px) 100vw, 800px\" \/><\/div><\/div><div class=\"member-details\"><h4 class=\"member-name\">Kristin Watson<\/h4><span class=\"member-position\">CEO \/ FOUNDER<\/span><div class=\"member-social\"><div class=\"wd-social-icons icons-design-colored icons-size-small social-form-circle\"><a rel=\"noopener noreferrer nofollow\" class=\"wd-social-icon social-facebook\" href=\"#\" aria-label=\"Social icon facebook\"><span class=\"wd-icon\"><\/span><\/a><a rel=\"noopener noreferrer nofollow\" class=\"wd-social-icon social-twitter\" href=\"#\" aria-label=\"Social icon twitter\"><span class=\"wd-icon\"><\/span><\/a><a rel=\"noopener noreferrer nofollow\" class=\"wd-social-icon social-linkedin\" href=\"#\" aria-label=\"Social icon linkedin\"><span class=\"wd-icon\"><\/span><\/a><a rel=\"noopener noreferrer nofollow\" class=\"wd-social-icon social-instagram\" href=\"#\" aria-label=\"Social icon instagram\"><span class=\"wd-icon\"><\/span><\/a><\/div><\/div><\/div><\/div>[\/vc_column][\/vc_row][vc_row][vc_column width=&#8221;1\/2&#8243; css=&#8221;.vc_custom_1615617895716{padding-top: 0px !important;}&#8221; mobile_bg_img_hidden=&#8221;no&#8221; tablet_bg_img_hidden=&#8221;no&#8221; woodmart_parallax=&#8221;0&#8243; woodmart_sticky_column=&#8221;false&#8221; parallax_scroll=&#8221;no&#8221; mobile_reset_margin=&#8221;no&#8221; tablet_reset_margin=&#8221;no&#8221;][vc_video poster_image=&#8221;7093&#8243; image_poster_switch=&#8221;yes&#8221; img_size=&#8221;full&#8221;]\n\t\t<div id=\"wd-63e49027468f7\" class=\"title-wrapper wd-wpb set-mb-s reset-last-child  wd-rs-63e49027468f7 wd-title-color-default wd-title-style-default text-left vc_custom_1675923509724 wd-underline-colored\">\n\t\t\t\n\t\t\t<div class=\"liner-continer\">\n\t\t\t\t<h4 class=\"woodmart-title-container title  wd-font-weight- wd-fontsize-l\" >L\u1ecbch s\u1eed doanh nghi\u1ec7p <\/h4>\n\t\t\t\t\t\t\t<\/div>\n\t\t\t\n\t\t\t\n\t\t\t\n\t\t<\/div>\n\t\t\n\t\t\t\t<div id=\"wd-63e4906d5afad\" class=\"wd-text-block wd-wpb reset-last-child wd-rs-63e4906d5afad text-left wd-width-custom wd-fontsize-s \">\n\t\t\t<p>H\u1eb3n nhi\u00ean, khi n\u00f3i \u0111\u1ebfn Penfolds, kh\u00f4ng th\u1ec3 kh\u00f4ng nh\u1eafc \u0111\u1ebfn d\u00f2ng vang danh ti\u1ebfng Grange t\u1eebng g\u1eafn v\u1edbi t\u00ean tu\u1ed5i Max Schubert \u2013 chuy\u00ean gia l\u00e0m r\u01b0\u1ee3u (Chief Winemaker) huy\u1ec1n tho\u1ea1i c\u1ee7a th\u01b0\u01a1ng hi\u1ec7u, ng\u01b0\u1eddi c\u00f3 c\u00f4ng \u0111\u01b0a t\u00ean tu\u1ed5i Penfolds v\u01b0\u1ee3t ra kh\u1ecfi bi\u00ean gi\u1edbi n\u01b0\u1edbc \u00dac.<\/p>\n\t\t<\/div>\n\t\t[\/vc_column][vc_column width=&#8221;1\/2&#8243; css=&#8221;.vc_custom_1629877093976{padding-top: 0px !important;}&#8221; mobile_bg_img_hidden=&#8221;no&#8221; tablet_bg_img_hidden=&#8221;no&#8221; woodmart_parallax=&#8221;0&#8243; woodmart_sticky_column=&#8221;false&#8221; parallax_scroll=&#8221;no&#8221; mobile_reset_margin=&#8221;no&#8221; tablet_reset_margin=&#8221;no&#8221; wd_z_index=&#8221;no&#8221; woodmart_css_id=&#8221;6125f363cf509&#8243; responsive_spacing=&#8221;eyJwYXJhbV90eXBlIjoid29vZG1hcnRfcmVzcG9uc2l2ZV9zcGFjaW5nIiwic2VsZWN0b3JfaWQiOiI2MTI1ZjM2M2NmNTA5Iiwic2hvcnRjb2RlIjoidmNfY29sdW1uIiwiZGF0YSI6eyJ0YWJsZXQiOnt9LCJtb2JpbGUiOnt9fX0=&#8221;][vc_video poster_image=&#8221;7094&#8243; image_poster_switch=&#8221;yes&#8221; img_size=&#8221;full&#8221;]\n\t\t<div id=\"wd-63e4903742fab\" class=\"title-wrapper wd-wpb set-mb-s reset-last-child  wd-rs-63e4903742fab wd-title-color-default wd-title-style-default text-left vc_custom_1675923525116 wd-underline-colored\">\n\t\t\t\n\t\t\t<div class=\"liner-continer\">\n\t\t\t\t<h4 class=\"woodmart-title-container title  wd-font-weight- wd-fontsize-l\" >Thi\u1ebft k\u1ebf v\u00e0 ph\u00e1t tri\u1ec3n<\/h4>\n\t\t\t\t\t\t\t<\/div>\n\t\t\t\n\t\t\t\n\t\t\t\n\t\t<\/div>\n\t\t\n\t\t\t\t<div id=\"wd-63e49075ccca0\" class=\"wd-text-block wd-wpb reset-last-child wd-rs-63e49075ccca0 text-left wd-width-custom wd-fontsize-s \">\n\t\t\t<p>S\u1edf h\u1eefu b\u1ec1 d\u00e0y di s\u1ea3n g\u1ea7n 200 n\u0103m tu\u1ed5i, Penfolds lu\u00f4n g\u00f3p m\u1eb7t trong danh s\u00e1ch nh\u1eefng th\u01b0\u01a1ng hi\u1ec7u h\u00e0ng \u0111\u1ea7u th\u1ebf gi\u1edbi x\u00e9t v\u1ec1 danh ti\u1ebfng v\u00e0 ch\u1ea5t l\u01b0\u1ee3ng vang.<\/p>\n\t\t<\/div>\n\t\t[\/vc_column][\/vc_row]<\/p>\n<\/section>","protected":false},"excerpt":{"rendered":"<p>[vc_row css=&#8221;.vc_custom_1629877038080{margin-bottom: 40px !important;}&#8221; mobile_bg_img_hidden=&#8221;no&#8221; tablet_bg_img_hidden=&#8221;no&#8221; woodmart_parallax=&#8221;0&#8243; woodmart_gradient_switch=&#8221;no&#8221; row_reverse_mobile=&#8221;1&#8243; row_reverse_tablet=&#8221;1&#8243; woodmart_disable_overflow=&#8221;0&#8243; wd_z_index=&#8221;no&#8221; woodmart_css_id=&#8221;6125f32826e3d&#8221; responsive_spacing=&#8221;eyJwYXJhbV90eXBlIjoid29vZG1hcnRfcmVzcG9uc2l2ZV9zcGFjaW5nIiwic2VsZWN0b3JfaWQiOiI2MTI1ZjMyODI2ZTNkIiwic2hvcnRjb2RlIjoidmNfcm93IiwiZGF0YSI6eyJ0YWJsZXQiOnt9LCJtb2JpbGUiOnsibWFyZ2luLWJvdHRvbSI6IjIwIn19fQ==&#8221;][vc_column css=&#8221;.vc_custom_1629877010833{margin-bottom: 40px !important;padding-top: 0px !important;}&#8221; mobile_bg_img_hidden=&#8221;no&#8221;<\/p>\n","protected":false},"author":1,"featured_media":0,"parent":0,"menu_order":0,"comment_status":"closed","ping_status":"closed","template":"","meta":{"footnotes":""},"_links":{"self":[{"href":"https:\/\/demo.canhcam.com\/thiet-ke-website-thuong-mai-dien-tu-5\/wp-json\/wp\/v2\/pages\/5212"}],"collection":[{"href":"https:\/\/demo.canhcam.com\/thiet-ke-website-thuong-mai-dien-tu-5\/wp-json\/wp\/v2\/pages"}],"about":[{"href":"https:\/\/demo.canhcam.com\/thiet-ke-website-thuong-mai-dien-tu-5\/wp-json\/wp\/v2\/types\/page"}],"author":[{"embeddable":true,"href":"https:\/\/demo.canhcam.com\/thiet-ke-website-thuong-mai-dien-tu-5\/wp-json\/wp\/v2\/users\/1"}],"replies":[{"embeddable":true,"href":"https:\/\/demo.canhcam.com\/thiet-ke-website-thuong-mai-dien-tu-5\/wp-json\/wp\/v2\/comments?post=5212"}],"version-history":[{"count":4,"href":"https:\/\/demo.canhcam.com\/thiet-ke-website-thuong-mai-dien-tu-5\/wp-json\/wp\/v2\/pages\/5212\/revisions"}],"predecessor-version":[{"id":7095,"href":"https:\/\/demo.canhcam.com\/thiet-ke-website-thuong-mai-dien-tu-5\/wp-json\/wp\/v2\/pages\/5212\/revisions\/7095"}],"wp:attachment":[{"href":"https:\/\/demo.canhcam.com\/thiet-ke-website-thuong-mai-dien-tu-5\/wp-json\/wp\/v2\/media?parent=5212"}],"curies":[{"name":"wp","href":"https:\/\/api.w.org\/{rel}","templated":true}]}}