{"id":5288,"date":"2021-08-25T09:00:10","date_gmt":"2021-08-25T09:00:10","guid":{"rendered":"http:\/\/dummy.xtemos.com\/woodmart2\/?page_id=5288"},"modified":"2023-01-17T04:22:34","modified_gmt":"2023-01-17T04:22:34","slug":"contact-us","status":"publish","type":"page","link":"https:\/\/demo.canhcam.com\/thiet-ke-website-thiet-bi-nha-thong-minh\/contact-us\/","title":{"rendered":"Li\u00ean h\u1ec7"},"content":{"rendered":"<section class=\"wpb-content-wrapper\"><p>[vc_row full_width=&#8221;stretch_row_content_no_spaces&#8221; css_animation=&#8221;none&#8221; css=&#8221;.vc_custom_1635871490467{margin-top: -40px !important;margin-bottom: 80px !important;}&#8221; woodmart_css_id=&#8221;61816afa77f62&#8243; responsive_spacing=&#8221;eyJwYXJhbV90eXBlIjoid29vZG1hcnRfcmVzcG9uc2l2ZV9zcGFjaW5nIiwic2VsZWN0b3JfaWQiOiI2MTgxNmFmYTc3ZjYyIiwic2hvcnRjb2RlIjoidmNfcm93IiwiZGF0YSI6eyJ0YWJsZXQiOnsibWFyZ2luLWJvdHRvbSI6IjYwIn0sIm1vYmlsZSI6e319fQ==&#8221; mobile_bg_img_hidden=&#8221;no&#8221; tablet_bg_img_hidden=&#8221;no&#8221; woodmart_parallax=&#8221;0&#8243; woodmart_gradient_switch=&#8221;no&#8221; woodmart_box_shadow=&#8221;no&#8221; wd_z_index=&#8221;no&#8221; woodmart_disable_overflow=&#8221;0&#8243; row_reverse_mobile=&#8221;0&#8243; row_reverse_tablet=&#8221;0&#8243;][vc_column]\t\t\t<div class=\"google-map-container  map-container-with-content\" style=\"height:500px;\" data-map-args='{\"latitude\":\"39.950557\",\"longitude\":\"-75.140658\",\"zoom\":15,\"mouse_zoom\":\"no\",\"init_type\":\"page_load\",\"init_offset\":\"100\",\"elementor\":false,\"json_style\":\"[{\\\"featureType\\\":\\\"landscape.man_made\\\",\\\"elementType\\\":\\\"all\\\",\\\"stylers\\\":[{\\\"color\\\":\\\"#faf5ed\\\"},{\\\"lightness\\\":\\\"0\\\"},{\\\"gamma\\\":\\\"1\\\"}]},{\\\"featureType\\\":\\\"poi.park\\\",\\\"elementType\\\":\\\"geometry.fill\\\",\\\"stylers\\\":[{\\\"color\\\":\\\"#bae5a6\\\"}]},{\\\"featureType\\\":\\\"road\\\",\\\"elementType\\\":\\\"all\\\",\\\"stylers\\\":[{\\\"weight\\\":\\\"1.00\\\"},{\\\"gamma\\\":\\\"1.8\\\"},{\\\"saturation\\\":\\\"0\\\"}]},{\\\"featureType\\\":\\\"road\\\",\\\"elementType\\\":\\\"geometry.fill\\\",\\\"stylers\\\":[{\\\"hue\\\":\\\"#ffb200\\\"}]},{\\\"featureType\\\":\\\"road.arterial\\\",\\\"elementType\\\":\\\"geometry.fill\\\",\\\"stylers\\\":[{\\\"lightness\\\":\\\"0\\\"},{\\\"gamma\\\":\\\"1\\\"}]},{\\\"featureType\\\":\\\"transit.station.airport\\\",\\\"elementType\\\":\\\"all\\\",\\\"stylers\\\":[{\\\"hue\\\":\\\"#b000ff\\\"},{\\\"saturation\\\":\\\"23\\\"},{\\\"lightness\\\":\\\"-4\\\"},{\\\"gamma\\\":\\\"0.80\\\"}]},{\\\"featureType\\\":\\\"water\\\",\\\"elementType\\\":\\\"all\\\",\\\"stylers\\\":[{\\\"color\\\":\\\"#a0daf2\\\"}]}]\",\"marker_icon\":\"https:\\\/\\\/demo.canhcam.com\\\/thiet-ke-website-thiet-bi-nha-thong-minh\\\/wp-content\\\/themes\\\/woodmart\\\/inc\\\/admin\\\/assets\\\/images\\\/google-icon.png\",\"marker_text_needed\":\"no\",\"marker_text\":\"<h3 style=\\\"min-width:300px; text-align:center; margin:15px;\\\"><\\\/h3>\",\"selector\":\"wd-map-id-69e3871351ca1\"}'>\n\n\t\t\t\t\t\t\t\t\n\t\t\t\t\t\t\t\t\n\t\t\t\t<div class=\"wd-google-map-wrapper wd-fill\">\n\t\t\t\t\t<div id=\"wd-map-id-69e3871351ca1\" class=\"wd-google-map without-content wd-fill\"><\/div>\n\t\t\t\t<\/div>\n\n\t\t\t\t\t\t\t\t\t<div class=\"wd-google-map-content-wrap container wd-items-middle wd-justify-left\">\n\t\t\t\t\t\t<div class=\"wd-google-map-content reset-last-child\" style=\"max-width: 340px;\">\n\t\t\t\t\t\t\t\t\t\t<div class=\"info-box-wrapper\">\n\t\t\t\t<div id=\"wd-63c4f9dc30f37\" class=\" wd-rs-63c4f9dc30f37 wd-info-box wd-wpb text-left box-icon-align-left box-style- color-scheme- wd-bg-none with-btn box-btn-static vc_custom_1673853412997\"  >\n\t\t\t\t\t\t\t\t\t\t<div class=\"info-box-content\">\n\t\t\t\t\t\t<div class=\"info-box-subtitle subtitle-color-default wd-fontsize-xs subtitle-style-default wd-font-weight-\">OUR STORES<\/div><h4 class=\"info-box-title title wd-font-weight- box-title-style-default wd-fontsize-m\">GH\u00c9 TH\u0102M C\u1eecA H\u00c0NG CH\u00daNG T\u00d4I<\/h4>\t\t\t\t\t\t<div class=\"info-box-inner set-cont-mb-s reset-last-child\">\n\t\t\t\t\t\t\t<p>156 Nguy\u1ec5n V\u0103n Th\u1ee7, ph\u01b0\u1eddng \u0110a Kao, qu\u1eadn 1<\/p>\n\t\t\t\t\t\t<\/div>\n\n\t\t\t\t\t\t<div class=\"info-btn-wrapper\"><div id=\"wd-69e3871351df4\" class=\"  wd-button-wrapper text-left\"><a  class=\"btn btn-color-default btn-style-link btn-style-rectangle btn-size-default\">Xem th\u00eam<\/a><\/div><\/div>\t\t\t\t\t<\/div>\n\n\t\t\t\t\t\t\t\t\t<\/div>\n\t\t\t<\/div>\n\t\t\t\t\t\t\t\t<\/div>\n\t\t\t\t\t<\/div>\n\t\t\t\t\t\t\t<\/div>\n\t\t[\/vc_column][\/vc_row][vc_row equal_height=&#8221;yes&#8221; css_animation=&#8221;none&#8221; css=&#8221;.vc_custom_1496926452255{margin-right: -50px !important;margin-left: -50px !important;}&#8221;][vc_column css=&#8221;.vc_custom_1496927710186{border-right-width: 1px !important;padding-top: 20px !important;padding-right: 50px !important;padding-bottom: 10px !important;padding-left: 50px !important;border-right-color: #e8e8e8 !important;border-right-style: solid !important;}&#8221; offset=&#8221;vc_col-lg-6 vc_col-md-6&#8243;]\n\t\t<div id=\"wd-63c4fa33ea2a3\" class=\"title-wrapper wd-wpb set-mb-s reset-last-child  wd-rs-63c4fa33ea2a3 wd-title-color-default wd-title-style-default text-left  wd-underline-colored\">\n\t\t\t\t\t\t\t<div class=\"title-subtitle  subtitle-color-default font-default subtitle-style-default wd-font-weight- wd-fontsize-xs\">TH\u00d4NG TIN C\u00c2U H\u1eceI<\/div>\n\t\t\t\n\t\t\t<div class=\"liner-continer\">\n\t\t\t\t<h4 class=\"woodmart-title-container title  wd-font-weight- wd-fontsize-l\" >C\u00c1C C\u00c2U H\u1eceI TH\u01af\u1edcNG G\u1eb6P<\/h4>\n\t\t\t\t\t\t\t<\/div>\n\t\t\t\n\t\t\t\n\t\t\t\n\t\t<\/div>\n\t\t\n\t\t\n\t\t<div id=\"wd-61825698b13f0\" class=\"wd-accordion wd-wpb wd-rs-61825698b13f0  wd-style-default\" data-state=\"first\">\n\t\t\t\t\t\t\t\n\t\t\t\t\n\t\t\t\t<div class=\"wd-accordion-item\">\n\t\t\t\t\t<div class=\"wd-accordion-title wd-active font-text wd-fontsize-s text-left wd-opener-pos-right wd-font-weight-600\" data-accordion-index=\"0\">\n\t\t\t\t\t\t<div class=\"wd-accordion-title-text\">\n\t\t\t\t\t\t\t\t\t\t\t\t\t\t<span>\n\t\t\t\t\t\t\t\tT\u00f4i c\u00f3 nh\u1eadn \u0111\u01b0\u1ee3c s\u1ea3n ph\u1ea9m gi\u1ed1ng nh\u01b0 trong h\u00ecnh kh\u00f4ng?\t\t\t\t\t\t\t<\/span>\n\t\t\t\t\t\t<\/div>\n\t\t\t\t\t\t<span class=\"wd-accordion-opener wd-opener-style-arrow\"><\/span>\n\t\t\t\t\t<\/div>\n\n\t\t\t\t\t<div class=\"wd-accordion-content reset-last-child wd-active\" data-accordion-index=\"0\">\n\t\t\t\t\t\t\t\t\t\t\t\t\t<p><strong>Nh\u00f3m<\/strong>\u00a0l\u00e0 m\u1ed9t t\u1eadp h\u1ee3p g\u1ed3m nhi\u1ec1u ng\u01b0\u1eddi t\u1eeb 2 \u0111\u1ebfn 3 ng\u01b0\u1eddi tr\u1edf l\u00ean v\u1edbi tr\u00ecnh \u0111\u1ed9, chuy\u00ean m\u00f4n, n\u0103ng l\u1ef1c,\u2026 kh\u00e1c nhau h\u1ee3p t\u00e1c h\u1ed7 tr\u1ee3 nhau v\u00ec m\u1ee5c ti\u00eau chung n\u00e0o \u0111\u00f3. B\u1ed5 tr\u1ee3 nhau, ph\u1ee5 thu\u1ed9c th\u00f4ng tin, c\u00f4ng vi\u1ec7c c\u1ee7a nhau \u0111\u1ec3 th\u1ef1c hi\u1ec7n ph\u1ea7n vi\u1ec7c c\u1ee7a m\u00ecnh.<\/p>\n<p>M\u1ee5c ti\u00eau c\u00e1 nh\u00e2n kh\u00f3 ho\u1eb7c kh\u00f4ng c\u00f3 kh\u1ea3 n\u0103ng l\u00e0m \u0111\u01b0\u1ee3c l\u00fac n\u00e0y\u00a0<strong>nh\u00f3m<\/strong>\u00a0s\u1ebd h\u00ecnh th\u00e0nh. Nh\u00f3m s\u1ebd gi\u1ea3i quy\u1ebft c\u00e1c v\u1ea5n \u0111\u1ec1 \u0111\u00f2i h\u1ecfi nhi\u1ec1u k\u1ef9 n\u0103ng. M\u1ed9t ng\u01b0\u1eddi kh\u00f4ng th\u1ec3 gi\u1ecfi c\u00f9ng m\u1ed9t l\u00fac nhi\u1ec1u vi\u1ec7c. Ch\u1ec9 c\u00f3 t\u1eadp th\u1ec3 m\u1edbi \u0111\u1ea3m nh\u1eadn \u0111\u01b0\u1ee3c \u0111i\u1ec1u \u0111\u00f3. Nh\u00f3m l\u00e0 l\u1ef1a ch\u1ecdn t\u1ed1t nh\u1ea5t \u0111\u1ed1i v\u1edbi m\u1ee5c ti\u00eau ph\u1ee9c t\u1ea1p.<\/p>\n\t\t\t\t\t\t\t\t\t\t\t<\/div>\n\t\t\t\t<\/div>\n\t\t\t\t\t\t\t\n\t\t\t\t\n\t\t\t\t<div class=\"wd-accordion-item\">\n\t\t\t\t\t<div class=\"wd-accordion-title font-text wd-fontsize-s text-left wd-opener-pos-right wd-font-weight-600\" data-accordion-index=\"1\">\n\t\t\t\t\t\t<div class=\"wd-accordion-title-text\">\n\t\t\t\t\t\t\t\t\t\t\t\t\t\t<span>\n\t\t\t\t\t\t\t\tT\u00f4i c\u00f3 th\u1ec3 xem h\u00f3a \u0111\u01a1n b\u00e1n h\u00e0ng c\u1ee7a m\u00ecnh \u1edf \u0111\u00e2u?\t\t\t\t\t\t\t<\/span>\n\t\t\t\t\t\t<\/div>\n\t\t\t\t\t\t<span class=\"wd-accordion-opener wd-opener-style-arrow\"><\/span>\n\t\t\t\t\t<\/div>\n\n\t\t\t\t\t<div class=\"wd-accordion-content reset-last-child\" data-accordion-index=\"1\">\n\t\t\t\t\t\t\t\t\t\t\t\t\t\n<div class=\"col-md-6\">\n<div class=\"colmnItem-feature\">\n<p>Ho\u00e0n ti\u1ec1n ho\u1eb7c \u0111\u1ed5i tr\u1ea3 m\u1ed9t v\u00e0i s\u1ea3n ph\u1ea9m c\u1ee7a \u0111\u01a1n h\u00e0ng s\u1ebd tr\u1edf n\u00ean d\u1ec5 d\u00e0ng v\u00e0 thu\u1eadn ti\u1ec7n h\u01a1n v\u1edbi Haravan Ship. T\u1ed3n kho c\u1ee7a \u0111\u01a1n h\u00e0ng s\u1ebd \u0111\u01b0\u1ee3c c\u1eadp nh\u1eadt t\u1ef1 \u0111\u1ed9ng, kh\u00f4ng m\u1ea5t qu\u00e1 nhi\u1ec1u b\u01b0\u1edbc thao t\u00e1c.<\/p>\n<\/div>\n<\/div>\n<div class=\"col-md-6\">\n<div class=\"colmnItem-feature\">\n<p>B\u1ea1n kh\u00f4ng ph\u1ea3i lo l\u1eafng nhi\u1ec1u v\u1ec1 vi\u1ec7c qu\u1ea3n l\u00fd \u0111\u01a1n h\u00e0ng qu\u00e1 ph\u1ee9c t\u1ea1p?<\/p>\n<p>V\u1edbi Haravan Ship, n\u1ea1n c\u00f3 th\u1ec3 c\u1eadp nh\u1eadt tr\u1ea1ng th\u00e1i m\u1ed9t ho\u1eb7c nhi\u1ec1u \u0111\u01a1n h\u00e0ng ch\u1ec9 trong m\u1ed9t thao t\u00e1c, gi\u00fap b\u1ea1n tho\u1ea3i m\u00e1i b\u00e1n h\u00e0ng nhi\u1ec1u h\u01a1n v\u00e0 ch\u0103m s\u00f3c kh\u00e1ch h\u00e0ng t\u1ed1t h\u01a1n<\/p>\n<\/div>\n<\/div>\n\t\t\t\t\t\t\t\t\t\t\t<\/div>\n\t\t\t\t<\/div>\n\t\t\t\t\t\t\t\t\t\t\t\t\t\t<\/div>\n\n\t\t[\/vc_column][vc_column css=&#8221;.vc_custom_1496927688909{padding-top: 20px !important;padding-right: 50px !important;padding-bottom: 10px !important;padding-left: 50px !important;}&#8221; offset=&#8221;vc_col-lg-6 vc_col-md-6&#8243;]\n\t\t<div id=\"wd-63c4fb800f4cc\" class=\"title-wrapper wd-wpb set-mb-s reset-last-child  wd-rs-63c4fb800f4cc wd-title-color-default wd-title-style-default text-left  wd-underline-colored\">\n\t\t\t\t\t\t\t<div class=\"title-subtitle  subtitle-color-default font-default subtitle-style-default wd-font-weight- wd-fontsize-xs\">TH\u00d4NG TIN V\u1ec0 CH\u00daNG T\u00d4I<\/div>\n\t\t\t\n\t\t\t<div class=\"liner-continer\">\n\t\t\t\t<h4 class=\"woodmart-title-container title  wd-font-weight- wd-fontsize-l\" >LI\u00caN H\u1ec6 CH\u00daNG T\u00d4I<\/h4>\n\t\t\t\t\t\t\t<\/div>\n\t\t\t\n\t\t\t\n\t\t\t\n\t\t<\/div>\n\t\t\n\t\t<div class=\"wpcf7 no-js\" id=\"wpcf7-f1938-o1\" lang=\"en-US\" dir=\"ltr\">\n<div class=\"screen-reader-response\"><p role=\"status\" aria-live=\"polite\" aria-atomic=\"true\"><\/p> <ul><\/ul><\/div>\n<form action=\"\/thiet-ke-website-thiet-bi-nha-thong-minh\/wp-json\/wp\/v2\/pages\/5288#wpcf7-f1938-o1\" method=\"post\" class=\"wpcf7-form init\" aria-label=\"Contact form\" novalidate=\"novalidate\" data-status=\"init\">\n<div style=\"display: none;\">\n<input type=\"hidden\" name=\"_wpcf7\" value=\"1938\" \/>\n<input type=\"hidden\" name=\"_wpcf7_version\" value=\"5.7.2\" \/>\n<input type=\"hidden\" name=\"_wpcf7_locale\" value=\"en_US\" \/>\n<input type=\"hidden\" name=\"_wpcf7_unit_tag\" value=\"wpcf7-f1938-o1\" \/>\n<input type=\"hidden\" name=\"_wpcf7_container_post\" value=\"0\" \/>\n<input type=\"hidden\" name=\"_wpcf7_posted_data_hash\" value=\"\" \/>\n<\/div>\n<div class=\"row\">\n\t<p class=\"col-md-6\"><label>Your Name<\/label><span class=\"wpcf7-form-control-wrap\" data-name=\"your-name\"><input size=\"40\" class=\"wpcf7-form-control wpcf7-text wpcf7-validates-as-required\" aria-required=\"true\" aria-invalid=\"false\" value=\"\" type=\"text\" name=\"your-name\" \/><\/span>\n\t<\/p>\n\t<p class=\"col-md-6\"><label>Your Email<\/label><span class=\"wpcf7-form-control-wrap\" data-name=\"your-email\"><input size=\"40\" class=\"wpcf7-form-control wpcf7-text wpcf7-email wpcf7-validates-as-required wpcf7-validates-as-email\" aria-required=\"true\" aria-invalid=\"false\" value=\"\" type=\"email\" name=\"your-email\" \/><\/span>\n\t<\/p>\n<\/div>\n<div class=\"row\">\n\t<p class=\"col-md-6\"><label>Phone Number<\/label><span class=\"wpcf7-form-control-wrap\" data-name=\"tel-767\"><input size=\"40\" class=\"wpcf7-form-control wpcf7-text wpcf7-tel wpcf7-validates-as-tel\" aria-invalid=\"false\" value=\"\" type=\"tel\" name=\"tel-767\" \/><\/span>\n\t<\/p>\n\t<p class=\"col-md-6\"><label>Company<\/label><span class=\"wpcf7-form-control-wrap\" data-name=\"text-1\"><input size=\"40\" class=\"wpcf7-form-control wpcf7-text\" aria-invalid=\"false\" value=\"\" type=\"text\" name=\"text-1\" \/><\/span>\n\t<\/p>\n<\/div>\n<p><label>Your Message<\/label><span class=\"wpcf7-form-control-wrap\" data-name=\"your-message\"><textarea cols=\"40\" rows=\"10\" class=\"wpcf7-form-control wpcf7-textarea\" aria-invalid=\"false\" name=\"your-message\"><\/textarea><\/span>\n<\/p>\n<p><input class=\"wpcf7-form-control has-spinner wpcf7-submit btn-color-black\" type=\"submit\" value=\"ASK A QUESTION\" \/>\n<\/p><div class=\"wpcf7-response-output\" aria-hidden=\"true\"><\/div><\/form><\/div>[\/vc_column][\/vc_row]<\/p>\n<\/section>","protected":false},"excerpt":{"rendered":"<p>[vc_row full_width=&#8221;stretch_row_content_no_spaces&#8221; css_animation=&#8221;none&#8221; css=&#8221;.vc_custom_1635871490467{margin-top: -40px !important;margin-bottom: 80px !important;}&#8221; woodmart_css_id=&#8221;61816afa77f62&#8243; responsive_spacing=&#8221;eyJwYXJhbV90eXBlIjoid29vZG1hcnRfcmVzcG9uc2l2ZV9zcGFjaW5nIiwic2VsZWN0b3JfaWQiOiI2MTgxNmFmYTc3ZjYyIiwic2hvcnRjb2RlIjoidmNfcm93IiwiZGF0YSI6eyJ0YWJsZXQiOnsibWFyZ2luLWJvdHRvbSI6IjYwIn0sIm1vYmlsZSI6e319fQ==&#8221; mobile_bg_img_hidden=&#8221;no&#8221; tablet_bg_img_hidden=&#8221;no&#8221; woodmart_parallax=&#8221;0&#8243; woodmart_gradient_switch=&#8221;no&#8221; woodmart_box_shadow=&#8221;no&#8221; wd_z_index=&#8221;no&#8221; woodmart_disable_overflow=&#8221;0&#8243; row_reverse_mobile=&#8221;0&#8243; row_reverse_tablet=&#8221;0&#8243;][vc_column][\/vc_column][\/vc_row][vc_row equal_height=&#8221;yes&#8221;<\/p>\n","protected":false},"author":1,"featured_media":0,"parent":0,"menu_order":0,"comment_status":"closed","ping_status":"closed","template":"","meta":{"footnotes":""},"class_list":["post-5288","page","type-page","status-publish","hentry"],"_links":{"self":[{"href":"https:\/\/demo.canhcam.com\/thiet-ke-website-thiet-bi-nha-thong-minh\/wp-json\/wp\/v2\/pages\/5288","targetHints":{"allow":["GET"]}}],"collection":[{"href":"https:\/\/demo.canhcam.com\/thiet-ke-website-thiet-bi-nha-thong-minh\/wp-json\/wp\/v2\/pages"}],"about":[{"href":"https:\/\/demo.canhcam.com\/thiet-ke-website-thiet-bi-nha-thong-minh\/wp-json\/wp\/v2\/types\/page"}],"author":[{"embeddable":true,"href":"https:\/\/demo.canhcam.com\/thiet-ke-website-thiet-bi-nha-thong-minh\/wp-json\/wp\/v2\/users\/1"}],"replies":[{"embeddable":true,"href":"https:\/\/demo.canhcam.com\/thiet-ke-website-thiet-bi-nha-thong-minh\/wp-json\/wp\/v2\/comments?post=5288"}],"version-history":[{"count":5,"href":"https:\/\/demo.canhcam.com\/thiet-ke-website-thiet-bi-nha-thong-minh\/wp-json\/wp\/v2\/pages\/5288\/revisions"}],"predecessor-version":[{"id":7505,"href":"https:\/\/demo.canhcam.com\/thiet-ke-website-thiet-bi-nha-thong-minh\/wp-json\/wp\/v2\/pages\/5288\/revisions\/7505"}],"wp:attachment":[{"href":"https:\/\/demo.canhcam.com\/thiet-ke-website-thiet-bi-nha-thong-minh\/wp-json\/wp\/v2\/media?parent=5288"}],"curies":[{"name":"wp","href":"https:\/\/api.w.org\/{rel}","templated":true}]}}