{"id":5288,"date":"2021-08-25T09:00:10","date_gmt":"2021-08-25T09:00:10","guid":{"rendered":"http:\/\/dummy.xtemos.com\/woodmart2\/?page_id=5288"},"modified":"2023-01-10T04:05:05","modified_gmt":"2023-01-10T04:05:05","slug":"contact-us","status":"publish","type":"page","link":"https:\/\/demo.canhcam.com\/thiet-ke-website-noi-that\/contact-us\/","title":{"rendered":"Li\u00ean h\u1ec7"},"content":{"rendered":"<section class=\"wpb-content-wrapper\"><p>[vc_row full_width=&#8221;stretch_row_content_no_spaces&#8221; css_animation=&#8221;none&#8221; css=&#8221;.vc_custom_1635871490467{margin-top: -40px !important;margin-bottom: 80px !important;}&#8221; woodmart_css_id=&#8221;61816afa77f62&#8243; responsive_spacing=&#8221;eyJwYXJhbV90eXBlIjoid29vZG1hcnRfcmVzcG9uc2l2ZV9zcGFjaW5nIiwic2VsZWN0b3JfaWQiOiI2MTgxNmFmYTc3ZjYyIiwic2hvcnRjb2RlIjoidmNfcm93IiwiZGF0YSI6eyJ0YWJsZXQiOnsibWFyZ2luLWJvdHRvbSI6IjYwIn0sIm1vYmlsZSI6e319fQ==&#8221; mobile_bg_img_hidden=&#8221;no&#8221; tablet_bg_img_hidden=&#8221;no&#8221; woodmart_parallax=&#8221;0&#8243; woodmart_gradient_switch=&#8221;no&#8221; woodmart_box_shadow=&#8221;no&#8221; wd_z_index=&#8221;no&#8221; woodmart_disable_overflow=&#8221;0&#8243; row_reverse_mobile=&#8221;0&#8243; row_reverse_tablet=&#8221;0&#8243;][vc_column]\t\t\t<div class=\"google-map-container  map-container-with-content\" style=\"height:500px;\" data-map-args='{\"latitude\":\"39.950557\",\"longitude\":\"-75.140658\",\"zoom\":15,\"mouse_zoom\":\"no\",\"init_type\":\"page_load\",\"init_offset\":\"100\",\"elementor\":false,\"json_style\":\"[{\\\"featureType\\\":\\\"landscape.man_made\\\",\\\"elementType\\\":\\\"all\\\",\\\"stylers\\\":[{\\\"color\\\":\\\"#faf5ed\\\"},{\\\"lightness\\\":\\\"0\\\"},{\\\"gamma\\\":\\\"1\\\"}]},{\\\"featureType\\\":\\\"poi.park\\\",\\\"elementType\\\":\\\"geometry.fill\\\",\\\"stylers\\\":[{\\\"color\\\":\\\"#bae5a6\\\"}]},{\\\"featureType\\\":\\\"road\\\",\\\"elementType\\\":\\\"all\\\",\\\"stylers\\\":[{\\\"weight\\\":\\\"1.00\\\"},{\\\"gamma\\\":\\\"1.8\\\"},{\\\"saturation\\\":\\\"0\\\"}]},{\\\"featureType\\\":\\\"road\\\",\\\"elementType\\\":\\\"geometry.fill\\\",\\\"stylers\\\":[{\\\"hue\\\":\\\"#ffb200\\\"}]},{\\\"featureType\\\":\\\"road.arterial\\\",\\\"elementType\\\":\\\"geometry.fill\\\",\\\"stylers\\\":[{\\\"lightness\\\":\\\"0\\\"},{\\\"gamma\\\":\\\"1\\\"}]},{\\\"featureType\\\":\\\"transit.station.airport\\\",\\\"elementType\\\":\\\"all\\\",\\\"stylers\\\":[{\\\"hue\\\":\\\"#b000ff\\\"},{\\\"saturation\\\":\\\"23\\\"},{\\\"lightness\\\":\\\"-4\\\"},{\\\"gamma\\\":\\\"0.80\\\"}]},{\\\"featureType\\\":\\\"water\\\",\\\"elementType\\\":\\\"all\\\",\\\"stylers\\\":[{\\\"color\\\":\\\"#a0daf2\\\"}]}]\",\"marker_icon\":\"https:\\\/\\\/demo.canhcam.com\\\/thiet-ke-website-noi-that\\\/wp-content\\\/themes\\\/woodmart\\\/inc\\\/admin\\\/assets\\\/images\\\/google-icon.png\",\"marker_text_needed\":\"no\",\"marker_text\":\"<h3 style=\\\"min-width:300px; text-align:center; margin:15px;\\\"><\\\/h3>\",\"selector\":\"wd-map-id-69e60fb3b14b9\"}'>\n\n\t\t\t\t\t\t\t\t\n\t\t\t\t\t\t\t\t\n\t\t\t\t<div class=\"wd-google-map-wrapper wd-fill\">\n\t\t\t\t\t<div id=\"wd-map-id-69e60fb3b14b9\" class=\"wd-google-map without-content wd-fill\"><\/div>\n\t\t\t\t<\/div>\n\n\t\t\t\t\t\t\t\t\t<div class=\"wd-google-map-content-wrap container wd-items-middle wd-justify-left\">\n\t\t\t\t\t\t<div class=\"wd-google-map-content reset-last-child\" style=\"max-width: 340px;\">\n\t\t\t\t\t\t\t\t\t\t<div class=\"info-box-wrapper\">\n\t\t\t\t<div id=\"wd-63bcdf4187725\" class=\" wd-rs-63bcdf4187725 wd-info-box wd-wpb text-left box-icon-align-left box-style- color-scheme- wd-bg-none with-btn box-btn-static vc_custom_1673322359729\"  >\n\t\t\t\t\t\t\t\t\t\t<div class=\"info-box-content\">\n\t\t\t\t\t\t<div class=\"info-box-subtitle subtitle-color-default wd-fontsize-xs subtitle-style-default wd-font-weight-\">OUR STORES<\/div><h4 class=\"info-box-title title wd-font-weight- box-title-style-default wd-fontsize-m\">GH\u00c9 TH\u0102M C\u1eecA H\u00c0NG M\u1edaI C\u1ee6A CH\u00daNG T\u00d4I T\u1ea0I QU\u1eacN 1 <\/h4>\t\t\t\t\t\t<div class=\"info-box-inner set-cont-mb-s reset-last-child\">\n\t\t\t\t\t\t\t<p>156 Nguy\u1ec5n V\u0103n Th\u1ee7, ph\u01b0\u1eddng \u0110a Kao, qu\u1eadn 1<\/p>\n\t\t\t\t\t\t<\/div>\n\n\t\t\t\t\t\t<div class=\"info-btn-wrapper\"><div id=\"wd-69e60fb3b169c\" class=\"  wd-button-wrapper text-left\"><a  class=\"btn btn-color-default btn-style-link btn-style-rectangle btn-size-default\">\u0110\u1ecdc th\u00eam <\/a><\/div><\/div>\t\t\t\t\t<\/div>\n\n\t\t\t\t\t\t\t\t\t<\/div>\n\t\t\t<\/div>\n\t\t\t\t\t\t\t\t<\/div>\n\t\t\t\t\t<\/div>\n\t\t\t\t\t\t\t<\/div>\n\t\t[\/vc_column][\/vc_row][vc_row equal_height=&#8221;yes&#8221; css_animation=&#8221;none&#8221; css=&#8221;.vc_custom_1496926452255{margin-right: -50px !important;margin-left: -50px !important;}&#8221;][vc_column css=&#8221;.vc_custom_1496927710186{border-right-width: 1px !important;padding-top: 20px !important;padding-right: 50px !important;padding-bottom: 10px !important;padding-left: 50px !important;border-right-color: #e8e8e8 !important;border-right-style: solid !important;}&#8221; offset=&#8221;vc_col-lg-6 vc_col-md-6&#8243;]\n\t\t<div id=\"wd-63bcdf8e4c820\" class=\"title-wrapper wd-wpb set-mb-s reset-last-child  wd-rs-63bcdf8e4c820 wd-title-color-default wd-title-style-default text-left  wd-underline-colored\">\n\t\t\t\t\t\t\t<div class=\"title-subtitle  subtitle-color-default font-default subtitle-style-default wd-font-weight- wd-fontsize-xs\">C\u00c2U H\u1eceI TH\u00d4NG TIN<\/div>\n\t\t\t\n\t\t\t<div class=\"liner-continer\">\n\t\t\t\t<h4 class=\"woodmart-title-container title  wd-font-weight- wd-fontsize-l\" >C\u00c1C C\u00c2U H\u1eceI TH\u01af\u1edcNG G\u1eb6P<\/h4>\n\t\t\t\t\t\t\t<\/div>\n\t\t\t\n\t\t\t\n\t\t\t\n\t\t<\/div>\n\t\t\n\t\t\n\t\t<div id=\"wd-61825698b13f0\" class=\"wd-accordion wd-wpb wd-rs-61825698b13f0  wd-style-default\" data-state=\"first\">\n\t\t\t\t\t\t\t\n\t\t\t\t\n\t\t\t\t<div class=\"wd-accordion-item\">\n\t\t\t\t\t<div class=\"wd-accordion-title wd-active font-text wd-fontsize-s text-left wd-opener-pos-right wd-font-weight-600\" data-accordion-index=\"0\">\n\t\t\t\t\t\t<div class=\"wd-accordion-title-text\">\n\t\t\t\t\t\t\t\t\t\t\t\t\t\t<span>\n\t\t\t\t\t\t\t\tT\u00f4i c\u00f3 nh\u1eadn \u0111\u01b0\u1ee3c s\u1ea3n ph\u1ea9m gi\u1ed1ng nh\u01b0 trong h\u00ecnh kh\u00f4ng?\t\t\t\t\t\t\t<\/span>\n\t\t\t\t\t\t<\/div>\n\t\t\t\t\t\t<span class=\"wd-accordion-opener wd-opener-style-arrow\"><\/span>\n\t\t\t\t\t<\/div>\n\n\t\t\t\t\t<div class=\"wd-accordion-content reset-last-child wd-active\" data-accordion-index=\"0\">\n\t\t\t\t\t\t\t\t\t\t\t\t\t<p>Thi\u1ebft b\u1ecb n\u1ed9i th\u1ea5t \u0111\u01b0\u1ee3c xem l\u00e0 ng\u01b0\u1eddi b\u1ea1n \u0111\u1ed3ng h\u00e0nh kh\u00f4ng th\u1ec3 thi\u1ebfu trong m\u1ed7i c\u00f4ng tr\u00ecnh ki\u1ebfn tr\u00fac, \u0111\u1eb7c bi\u1ec7t l\u00e0 nh\u00e0 \u1edf. B\u1edfi m\u1ed9t c\u00f4ng tr\u00ecnh ki\u1ebfn tr\u00fac d\u00f9 c\u00f3 \u0111\u1eb9p, ho\u00e0nh tr\u00e1ng \u0111\u1ebfn \u0111\u00e2u \u0111i ch\u0103ng n\u1eefa m\u00e0 ph\u1ea7n b\u1ed1 tr\u00ed n\u1ed9i th\u1ea5t c\u1ee7a kh\u00f4ng gian b\u00ean trong kh\u00f4ng h\u00e0i h\u00f2a, h\u1ee3p l\u00fd, ti\u1ec7n d\u1ee5ng v\u00e0 kh\u00f4ng to\u00e1t l\u00ean t\u00ednh th\u1ea9m m\u1ef9 th\u00ec c\u0169ng ch\u1eb3ng c\u00f3 \u00fd ngh\u0129a g\u00ec.<\/p>\n<p>S\u1ef1 xu\u1ea5t hi\u1ec7n c\u1ee7a c\u00e1c thi\u1ebft b\u1ecb n\u1ed9i th\u1ea5t \u0111\u01b0\u1ee3c xem l\u00e0 l\u1ef1a ch\u1ecdn ho\u00e0n h\u1ea3o cho m\u1ecdi ng\u00f4i nh\u00e0, s\u1ef1 xu\u1ea5t hi\u1ec7n c\u1ee7a c\u00e1c v\u1eadt d\u1ee5ng tr\u01b0\u1edbc ti\u00ean \u0111\u1ea3m b\u1ea3o c\u00f4ng n\u0103ng s\u1eed d\u1ee5ng cho c\u00e1c th\u00e0nh vi\u00ean trong gia \u0111\u00ecnh, \u0111\u1ea3m b\u1ea3o cho kh\u00f4ng gian sinh ho\u1ea1t \u0111\u01b0\u1ee3c di\u1ec5n ra m\u1ed9t c\u00e1ch thu\u1eadn l\u1ee3i nh\u1ea5t, \u0111\u00fang nh\u01b0 ch\u1ee9c n\u0103ng c\u1ee7a t\u1eebng m\u00f3n \u0111\u1ed3.<\/p>\n\t\t\t\t\t\t\t\t\t\t\t<\/div>\n\t\t\t\t<\/div>\n\t\t\t\t\t\t\t\t\t\t\t\t\t\t<\/div>\n\n\t\t[\/vc_column][vc_column css=&#8221;.vc_custom_1496927688909{padding-top: 20px !important;padding-right: 50px !important;padding-bottom: 10px !important;padding-left: 50px !important;}&#8221; offset=&#8221;vc_col-lg-6 vc_col-md-6&#8243;]\n\t\t<div id=\"wd-63bcdff33ae80\" class=\"title-wrapper wd-wpb set-mb-s reset-last-child  wd-rs-63bcdff33ae80 wd-title-color-default wd-title-style-default text-left  wd-underline-colored\">\n\t\t\t\t\t\t\t<div class=\"title-subtitle  subtitle-color-default font-default subtitle-style-default wd-font-weight- wd-fontsize-xs\">TH\u00d4NG TIN V\u1ec0 CH\u00daNG T\u00d4I <\/div>\n\t\t\t\n\t\t\t<div class=\"liner-continer\">\n\t\t\t\t<h4 class=\"woodmart-title-container title  wd-font-weight- wd-fontsize-l\" >LI\u00caN H\u1ec6 CHO CH\u00daNG T\u00d4I KHI C\u00d3 B\u1ea4T K\u00cc TH\u1eaeC M\u1eaeC N\u00c0O<\/h4>\n\t\t\t\t\t\t\t<\/div>\n\t\t\t\n\t\t\t\n\t\t\t\n\t\t<\/div>\n\t\t\n\t\t[\/vc_column][\/vc_row]<\/p>\n<\/section>","protected":false},"excerpt":{"rendered":"<p>[vc_row full_width=&#8221;stretch_row_content_no_spaces&#8221; css_animation=&#8221;none&#8221; css=&#8221;.vc_custom_1635871490467{margin-top: -40px !important;margin-bottom: 80px !important;}&#8221; woodmart_css_id=&#8221;61816afa77f62&#8243; responsive_spacing=&#8221;eyJwYXJhbV90eXBlIjoid29vZG1hcnRfcmVzcG9uc2l2ZV9zcGFjaW5nIiwic2VsZWN0b3JfaWQiOiI2MTgxNmFmYTc3ZjYyIiwic2hvcnRjb2RlIjoidmNfcm93IiwiZGF0YSI6eyJ0YWJsZXQiOnsibWFyZ2luLWJvdHRvbSI6IjYwIn0sIm1vYmlsZSI6e319fQ==&#8221; mobile_bg_img_hidden=&#8221;no&#8221; tablet_bg_img_hidden=&#8221;no&#8221; woodmart_parallax=&#8221;0&#8243; woodmart_gradient_switch=&#8221;no&#8221; woodmart_box_shadow=&#8221;no&#8221; wd_z_index=&#8221;no&#8221; woodmart_disable_overflow=&#8221;0&#8243; row_reverse_mobile=&#8221;0&#8243; row_reverse_tablet=&#8221;0&#8243;][vc_column][\/vc_column][\/vc_row][vc_row equal_height=&#8221;yes&#8221;<\/p>\n","protected":false},"author":1,"featured_media":0,"parent":0,"menu_order":0,"comment_status":"closed","ping_status":"closed","template":"","meta":{"footnotes":""},"_links":{"self":[{"href":"https:\/\/demo.canhcam.com\/thiet-ke-website-noi-that\/wp-json\/wp\/v2\/pages\/5288"}],"collection":[{"href":"https:\/\/demo.canhcam.com\/thiet-ke-website-noi-that\/wp-json\/wp\/v2\/pages"}],"about":[{"href":"https:\/\/demo.canhcam.com\/thiet-ke-website-noi-that\/wp-json\/wp\/v2\/types\/page"}],"author":[{"embeddable":true,"href":"https:\/\/demo.canhcam.com\/thiet-ke-website-noi-that\/wp-json\/wp\/v2\/users\/1"}],"replies":[{"embeddable":true,"href":"https:\/\/demo.canhcam.com\/thiet-ke-website-noi-that\/wp-json\/wp\/v2\/comments?post=5288"}],"version-history":[{"count":4,"href":"https:\/\/demo.canhcam.com\/thiet-ke-website-noi-that\/wp-json\/wp\/v2\/pages\/5288\/revisions"}],"predecessor-version":[{"id":7066,"href":"https:\/\/demo.canhcam.com\/thiet-ke-website-noi-that\/wp-json\/wp\/v2\/pages\/5288\/revisions\/7066"}],"wp:attachment":[{"href":"https:\/\/demo.canhcam.com\/thiet-ke-website-noi-that\/wp-json\/wp\/v2\/media?parent=5288"}],"curies":[{"name":"wp","href":"https:\/\/api.w.org\/{rel}","templated":true}]}}