{"id":42,"date":"2015-12-24T10:12:44","date_gmt":"2015-12-24T10:12:44","guid":{"rendered":"http:\/\/medical.bold-themes.com\/dentist\/?page_id=42"},"modified":"2022-11-17T08:19:52","modified_gmt":"2022-11-17T08:19:52","slug":"testimonials","status":"publish","type":"page","link":"https:\/\/demo.canhcam.com\/thiet-ke-website-benh-vien-3\/pages\/testimonials\/","title":{"rendered":"Testimonials"},"content":{"rendered":"<section id=\"bt_section69e38687ac1b1\"  class=\"boldSection topSemiSpaced btDarkSkin gutter inherit wBackground cover btAccentColorBackground\" style=\"background-image:url('https:\/\/demo.canhcam.com\/thiet-ke-website-benh-vien-3\/wp-content\/uploads\/2015\/12\/bllurred-background.jpg');\"><div class=\"port\"><div class=\"boldCell\"><div class=\"boldCellInner\"><div class=\"boldRow  \" ><div class=\"boldRowInner\"><div class=\"rowItem col-md-9 col-ms-12  btTextLeft animate animate-fadein animate-moveleft inherit\"  ><div class=\"rowItemContent\" ><div class=\"btClear btSeparator topExtraSpaced bottomSmallSpaced noBorder\" ><hr><\/div><header class=\"header btClear extralarge btDash topDash  btNormalDash\" ><div class=\"btSuperTitle\">Kh\u00e1ch h\u00e0ng \u0111\u00e1nh gi\u00e1<\/div><div class=\"dash\"><h1><span class=\"headline\">Ch\u1ea5t l\u01b0\u1ee3ng d\u1ecbch v\u1ee5<\/span><\/h1><\/div><div class=\"btSubTitle\">Vie\u0323\u0302n nha khoa CanhcamCare vo\u031b\u0301i ho\u031bn 13 na\u0306m kinh nghie\u0323\u0302m \u0111u\u031bo\u031b\u0323c kha\u0301ch ha\u0300ng ye\u0302u me\u0302\u0301n va\u0300 tin ca\u0323\u0302y. Chu\u0301ng to\u0302i tu\u031b\u0323 ha\u0300o la\u0300 co\u031b so\u031b\u0309 kha\u0301m chu\u031b\u0303a nha khoa uy ti\u0301n va\u0300 hie\u0323\u0302n \u0111a\u0323i nha\u0302\u0301t ta\u0323i Tha\u0300nh Pho\u0302\u0301 Ho\u0302\u0300 Chi\u0301 Minh.<\/div><\/header><div class=\"btClear btSeparator topExtraSmallSpaced noBorder\" ><hr><\/div><a href=\"#\" class=\"btBtn btBtn btnFilledStyle btnAccentColor btnMedium btnNormalWidth btnRightPosition btnNoIcon\" ><span class=\"btnInnerText\">\u0110\u1ed8I NG\u0168 B\u00c1C S\u0128<\/span><\/a><a href=\"#\" class=\"btBtn btBtn btnFilledStyle btnAlternateColor btnMedium btnNormalWidth btnRightPosition btnNoIcon\" ><span class=\"btnInnerText\">TH\u1edcI GIAN L\u00c0M VI\u1ec6C<\/span><\/a><div class=\"btClear btSeparator topSpaced noBorder\" ><hr><\/div><\/div><\/div><div class=\"rowItem col-md-3 col-sm-6 col-ms-12 btTextLeft\"  ><div class=\"rowItemContent\" ><\/div><\/div><\/div><\/div><\/div><\/div><\/div><\/section><section id=\"bt_section69e38687ac63c\"  class=\"boldSection gutter inherit\" style=\"margin-top: -6px;\"><div class=\"port\"><div class=\"boldCell\"><div class=\"boldCellInner\"><div class=\"boldRow  \" ><div class=\"boldRowInner\"><div class=\"rowItem col-md-3 col-sm-6 col-ms-12 btTextLeft inherit\" style=\"background-color: rgba(0, 179, 204, 1);\" ><div class=\"rowItemContent\" ><div class=\"btClear btSeparator topExtraSmallSpaced noBorder\" ><hr><\/div><\/div><\/div><div class=\"rowItem col-md-3 col-sm-6 col-ms-12 btTextLeft inherit\" style=\"background-color: rgba(0, 161, 190, 1);\" ><div class=\"rowItemContent\" ><div class=\"btClear btSeparator topExtraSmallSpaced noBorder\" ><hr><\/div><\/div><\/div><div class=\"rowItem col-md-3 col-sm-6 col-ms-12 btTextLeft inherit\" style=\"background-color: rgba(0, 135, 170, 1);\" ><div class=\"rowItemContent\" ><div class=\"btClear btSeparator topExtraSmallSpaced noBorder\" ><hr><\/div><\/div><\/div><div class=\"rowItem col-md-3 col-sm-6 col-ms-12 btTextLeft inherit\" style=\"background-color: rgba(0, 109, 149, 1);\" ><div class=\"rowItemContent\" ><div class=\"btClear btSeparator topExtraSmallSpaced noBorder\" ><hr><\/div><\/div><\/div><\/div><\/div><\/div><\/div><\/div><\/section><section id=\"bt_section69e38687ac90d\"  class=\"boldSection topSpaced bottomSpaced gutter inherit\" ><div class=\"port\"><div class=\"boldCell\"><div class=\"boldCellInner\"><div class=\"boldRow  \" ><div class=\"boldRowInner\"><div class=\"rowItem col-md-12 col-ms-12  btTextLeft animate animate-fadein animate-moveleft inherit\"  ><div class=\"rowItemContent\" ><header class=\"header btClear large btDash topDash  btAccentDash\" ><div class=\"btSuperTitle\">Kh\u00e1ch h\u00e0ng c\u1ee7a ch\u00fang t\u00f4i n\u00f3i g\u00ec?<\/div><div class=\"dash\"><h2><span class=\"headline\">T\u1eacN TU\u1ef4, CHUY\u00caN NGHI\u1ec6P<\/span><\/h2><\/div><\/header><div class=\"btClear btSeparator bottomSemiSpaced noBorder\" ><hr><\/div><\/div><\/div><\/div><\/div><div class=\"boldRow  \" ><div class=\"boldRowInner\"><div class=\"rowItem col-md-4 col-ms-12 btTextLeft animate animate-fadein animate-moveup inherit\"  ><div class=\"rowItemContent\" ><div class=\"btText\" ><p>T\u1ea5t c\u1ea3 \u0111\u1ec1u r\u1ea5t tuy\u1ec7t v\u1eddi!!! C\u1ea3m \u01a1n \u0111\u1ed9i ng\u0169 B\u00e1c s\u0129 c\u00f9ng nh\u00e2n vi\u00ean nha khoa \u0111\u00e3 cho t\u00f4i m\u1ed9t h\u00e0m r\u0103ng \u0111\u1ec1u \u0111\u1eb9p nh\u01b0 \u00fd. Kh\u00f4ng c\u00f2n g\u00ec h\u00e0i l\u00f2ng h\u01a1n n\u1eefa!!! C\u1ea3m \u01a1n CanhcamCare!<\/p>\n<\/div><div class=\"btClear btSeparator bottomSmallSpaced noBorder\" ><hr><\/div><div class=\"btIconImageRow\" ><div class=\"bpgPhoto btTextCenter\" ><div class=\"btImage\"><img src=\"https:\/\/demo.canhcam.com\/thiet-ke-website-benh-vien-3\/wp-content\/uploads\/2015\/11\/sign-1.png\" alt=\"\" title=\"\"><\/div><\/div><\/div><header class=\"header btClear small  btNormalDash\" ><div class=\"dash\"><h4><span class=\"headline\">Ch\u1ecb Nguy\u1ec5n Ho\u00e0i Giang<\/span><\/h4><\/div><\/header><\/div><\/div><div class=\"rowItem col-md-4 col-ms-12 btTextLeft animate animate-fadein animate-moveup inherit\"  ><div class=\"rowItemContent\" ><div class=\"btText\" ><div class=\"btText\">\n<p>Nh\u1edd b\u00e1c s\u0129 V\u00e2n c\u1ea5y cho ch\u00fa to\u00e0n h\u00e0m, r\u0103ng r\u1ea5t l\u00e0 ch\u1eafc, kh\u00f4ng c\u00f3 lung lay. Ch\u00fa r\u1ea5t h\u00e0i l\u00f2ng. C\u00e1m \u01a1n b\u00e1c s\u0129 V\u00e2n \u0111\u00e3 cho ch\u00fa h\u00e0m r\u0103ng tr\u1ebb, \u0111\u1eb9p, m\u1ea5y c\u00f4 r\u1ea5t l\u00e0 th\u00edch!<\/p>\n<\/div>\n<\/div><div class=\"btClear btSeparator bottomSmallSpaced noBorder\" ><hr><\/div><div class=\"btIconImageRow\" ><div class=\"bpgPhoto btTextCenter\" ><div class=\"btImage\"><img src=\"https:\/\/demo.canhcam.com\/thiet-ke-website-benh-vien-3\/wp-content\/uploads\/2015\/11\/sign-2.png\" alt=\"\" title=\"\"><\/div><\/div><\/div><header class=\"header btClear small  btNormalDash\" ><div class=\"dash\"><h4><span class=\"headline\">Ch\u00fa John Tr\u1ea7n<\/span><\/h4><\/div><\/header><\/div><\/div><div class=\"rowItem col-md-4 col-ms-12 btTextLeft animate animate-fadein animate-moveup inherit\"  ><div class=\"rowItemContent\" ><div class=\"btText\" ><p>Sau khi c\u1ea5y 3 tr\u1ee5 Implant, t\u00f4i \u0103n nhai tho\u1ea3i m\u00e1i h\u01a1n nhi\u1ec1u. Giao ti\u1ebfp c\u0169ng t\u1ef1 tin h\u01a1n, khu\u00f4n m\u1eb7t c\u0169ng kh\u00f4ng gi\u00e0 nh\u01b0 tr\u01b0\u1edbc n\u1eefa. C\u00e1m \u01a1n B\u00e1c s\u0129 H\u1ea1nh r\u1ea5t nhi\u1ec1u.<\/p>\n<\/div><div class=\"btClear btSeparator bottomSmallSpaced noBorder\" ><hr><\/div><div class=\"btIconImageRow\" ><div class=\"bpgPhoto btTextCenter\" ><div class=\"btImage\"><img src=\"https:\/\/demo.canhcam.com\/thiet-ke-website-benh-vien-3\/wp-content\/uploads\/2015\/11\/sign-3.png\" alt=\"\" title=\"\"><\/div><\/div><\/div><header class=\"header btClear small  btNormalDash\" ><div class=\"dash\"><h4><span class=\"headline\">C\u00f4 H\u1ed3 Th\u1ecb Ti\u00ean<\/span><\/h4><\/div><\/header><\/div><\/div><\/div><\/div><\/div><\/div><\/div><\/section><section id=\"bt_section69e38687af863\"  class=\"boldSection btDivider topSemiSpaced bottomSmallSpaced btDarkSkin gutter inherit btAccentColorBackground\" ><div class=\"port\"><div class=\"boldCell\"><div class=\"boldCellInner\"><div class=\"boldRow  \" ><div class=\"boldRowInner\"><div class=\"rowItem col-md-12 col-ms-12  btTextLeft animate animate-fadein animate-moveup inherit\"  ><div class=\"rowItemContent\" ><header class=\"header btClear medium  btAccentDash\" ><div class=\"btSuperTitle\">Lu\u00f4n l\u00e0 n\u01a1i g\u1eedi g\u1eafm ni\u1ec1m tin<\/div><div class=\"dash\"><h3><span class=\"headline\">CH\u1ee8NG NH\u1eacN CH\u1ea4T L\u01af\u1ee2NG<\/span><\/h3><\/div><\/header><div class=\"btClear btSeparator topSemiSpaced noBorder\" ><hr><\/div><\/div><\/div><\/div><\/div><div class=\"boldRow  \" ><div class=\"boldRowInner\"><div class=\"rowItem col-md-4 col-ms-12 btTextLeft animate animate-fadein animate-moveup inherit\"  ><div class=\"rowItemContent\" ><div class=\"boldRow boldInnerRow  \" ><div class=\"rowItem rowInnerItem col-md-4  btTextCenter inherit\"  ><div class=\"rowItemContent\"><div class=\"bpgPhoto btTextCenter btCircleImage\"  style=\"max-width: 320px;\"><div class=\"btImage\"><img src=\"https:\/\/demo.canhcam.com\/thiet-ke-website-benh-vien-3\/wp-content\/uploads\/2015\/12\/people-2.jpg\" alt=\"\" title=\"\"><\/div><\/div><div class=\"btClear btSeparator topSmallSpaced noBorder\" ><hr><\/div><\/div><\/div><div class=\"rowItem rowInnerItem col-md-8  btTextLeft inherit\"  ><div class=\"rowItemContent\"><div class=\"btText\" ><p>Tr\u00e1ch nhi\u1ec7m \u0111i \u0111\u00f4i v\u1edbi ch\u1ea5t l\u01b0\u1ee3ng, chi ph\u00ed x\u1ee9ng v\u1edbi tr\u1ea3i nghi\u1ec7m tuy\u1ec7t v\u1eddi c\u1ee7a t\u00f4i.<\/p>\n<\/div><div class=\"btClear btSeparator topSmallSpaced noBorder\" ><hr><\/div><header class=\"header btClear small  btNormalDash\" ><div class=\"dash\"><h4><span class=\"headline\">Ch\u1ecb B\u00f9i Anh Th\u1ea3o<\/span><\/h4><\/div><\/header><div class=\"btClear btSeparator topSmallSpaced noBorder\" ><hr><\/div><\/div><\/div><\/div><\/div><\/div><div class=\"rowItem col-md-4 col-ms-12 btTextLeft animate animate-fadein animate-moveup inherit\"  ><div class=\"rowItemContent\" ><div class=\"boldRow boldInnerRow  \" ><div class=\"rowItem rowInnerItem col-md-4  btTextCenter inherit\"  ><div class=\"rowItemContent\"><div class=\"bpgPhoto btTextCenter btCircleImage\"  style=\"max-width: 320px;\"><div class=\"btImage\"><img src=\"https:\/\/demo.canhcam.com\/thiet-ke-website-benh-vien-3\/wp-content\/uploads\/2015\/12\/people-4.jpg\" alt=\"\" title=\"\"><\/div><\/div><div class=\"btClear btSeparator topSmallSpaced noBorder\" ><hr><\/div><\/div><\/div><div class=\"rowItem rowInnerItem col-md-8  btTextLeft\"  ><div class=\"rowItemContent\"><div class=\"btText\" ><p>Gia \u0111\u00ecnh t\u00f4i lu\u00f4n tin t\u01b0\u1edfng s\u1eed d\u1ee5ng d\u1ecbch v\u1ee5 kh\u00e1m ch\u1eefa b\u1ec7nh t\u1ea1i CanhcamCare.<\/p>\n<\/div><div class=\"btClear btSeparator topSmallSpaced noBorder\" ><hr><\/div><header class=\"header btClear small  btNormalDash\" ><div class=\"dash\"><h4><span class=\"headline\">Anh V\u1ef9 Ho\u00e0<\/span><\/h4><\/div><\/header><div class=\"btClear btSeparator topSmallSpaced noBorder\" ><hr><\/div><\/div><\/div><\/div><\/div><\/div><div class=\"rowItem col-md-4 col-ms-12 btTextLeft animate animate-fadein animate-moveup inherit\"  ><div class=\"rowItemContent\" ><div class=\"boldRow boldInnerRow  \" ><div class=\"rowItem rowInnerItem col-md-4  btTextCenter inherit\"  ><div class=\"rowItemContent\"><div class=\"bpgPhoto btTextCenter btCircleImage\"  style=\"max-width: 320px;\"><div class=\"btImage\"><img src=\"https:\/\/demo.canhcam.com\/thiet-ke-website-benh-vien-3\/wp-content\/uploads\/2015\/12\/people-1.jpg\" alt=\"\" title=\"\"><\/div><\/div><div class=\"btClear btSeparator topSmallSpaced noBorder\" ><hr><\/div><\/div><\/div><div class=\"rowItem rowInnerItem col-md-8  btTextLeft\"  ><div class=\"rowItemContent\"><div class=\"btText\" ><p>T\u00f4i r\u1ea5t h\u00e0i l\u00f2ng v\u1edbi c\u00e1ch l\u00e0m vi\u1ec7c chuy\u00ean nghi\u1ec7p t\u1ea1i \u0111\u00e2y. Gia \u0111\u00ecnh t\u00f4i \u0111\u00e3 s\u1eed d\u1ee5ng d\u1ecbch v\u1ee5 ch\u0103m s\u00f3c s\u1ee9c kho\u1ebb t\u1ea1i CanhcamCare \u0111\u01b0\u1ee3c h\u01a1n 2 n\u0103m qua, v\u00e0 lu\u00f4n h\u00e0i l\u00f2ng v\u1ec1 ch\u1ea5t l\u01b0\u1ee3ng.<\/p>\n<\/div><div class=\"btClear btSeparator topSmallSpaced noBorder\" ><hr><\/div><header class=\"header btClear small  btNormalDash\" ><div class=\"dash\"><h4><span class=\"headline\">Anh Tr\u1ea7n Nh\u1eadt H\u01b0ng<\/span><\/h4><\/div><\/header><div class=\"btClear btSeparator topSmallSpaced noBorder\" ><hr><\/div><\/div><\/div><\/div><\/div><\/div><\/div><\/div><\/div><\/div><\/div><\/section><section id=\"bt_section69e38687b0625\"  class=\"boldSection topSpaced bottomSmallSpaced btDarkSkin gutter inherit btAleternateColorBackground\" ><div class=\"port\"><div class=\"boldCell\"><div class=\"boldCellInner\"><div class=\"boldRow  \" ><div class=\"boldRowInner\"><div class=\"rowItem col-md-12 col-ms-12  btTextLeft animate animate-fadein animate-moveleft inherit\"  ><div class=\"rowItemContent\" ><header class=\"header btClear large  btAccentDash\" ><div class=\"btSuperTitle\">L\u1eddi ch\u00e2n th\u00e0nh<\/div><div class=\"dash\"><h2><span class=\"headline\">NG\u01af\u1edcI TH\u1eacT VI\u1ec6C TH\u1eacT<\/span><\/h2><\/div><\/header><div class=\"btClear btSeparator bottomSemiSpaced noBorder\" ><hr><\/div><\/div><\/div><\/div><\/div><div class=\"boldRow  \" ><div class=\"boldRowInner\"><div class=\"rowItem col-md-12 col-ms-12  btTextLeft animate animate-fadein inherit\"  ><div class=\"rowItemContent\" ><div class=\"slided autoSliderHeight btSliderHideArrows\"  data-slick='{ \"lazyLoad\": \"progressive\", \"cssEase\": \"ease-out\", \"speed\": \"600\", \"dots\": true}' data-simple_arrows=\"no\"><div class=\"slidedItem firstItem\"  data-thumb=\"\"><div class=\"btSliderPort wBackground cover\" style=\"background-image: url('')\"><div class=\"btSliderCell\" data-slick=\"yes\"><div class=\"btSlideGutter\"><div class=\"btSlidePane\"><div class=\"boldRow boldInnerRow  \" ><div class=\"rowItem rowInnerItem col-md-6  btTextLeft\"  ><div class=\"rowItemContent\"><div class=\"btText\" ><blockquote><p>Cu\u1ed9c ph\u1eabu thu\u1eadt c\u1ee7a t\u00f4i nh\u01b0 m\u1ed9t gi\u1ea5c m\u01a1, t\u00f4i \u0111\u00e3 ngh\u0129 m\u00ecnh kh\u00f4ng th\u1ec3 qua kh\u1ecfi. Nh\u1edd tay ngh\u1ec1 c\u1ee7a c\u00e1c b\u00e1c s\u0129 t\u00f4i nh\u01b0 \u0111\u01b0\u1ee3c s\u1ed1ng l\u1ea1i l\u1ea7n th\u1ee9 2.<\/p><\/blockquote>\n<\/div><div class=\"btClear btSeparator bottomSmallSpaced noBorder\" ><hr><\/div><div class=\"btIconImageRow\" ><div class=\"bpgPhoto btTextCenter\" ><div class=\"btImage\"><img src=\"https:\/\/demo.canhcam.com\/thiet-ke-website-benh-vien-3\/wp-content\/uploads\/2015\/11\/sign-6-white.png\" alt=\"\" title=\"\"><\/div><\/div><\/div><header class=\"header btClear small  btNormalDash\" ><div class=\"dash\"><h4><span class=\"headline\">Anh Nguy\u1ec5n Ch\u00ed Th\u00e0nh<\/span><\/h4><\/div><\/header><div class=\"btClear btSeparator topExtraSmallSpaced bottomSemiSpaced noBorder\" ><hr><\/div><\/div><\/div><div class=\"rowItem rowInnerItem col-md-6  btTextLeft\"  ><div class=\"rowItemContent\"><div class=\"btText\" ><blockquote><p>Cu\u1ed9c ph\u1eabu thu\u1eadt c\u1ee7a t\u00f4i nh\u01b0 m\u1ed9t gi\u1ea5c m\u01a1, t\u00f4i \u0111\u00e3 ngh\u0129 m\u00ecnh kh\u00f4ng th\u1ec3 qua kh\u1ecfi. Nh\u1edd tay ngh\u1ec1 c\u1ee7a c\u00e1c b\u00e1c s\u0129 t\u00f4i nh\u01b0 \u0111\u01b0\u1ee3c s\u1ed1ng l\u1ea1i l\u1ea7n th\u1ee9 2.<\/p><\/blockquote>\n<\/div><div class=\"btClear btSeparator bottomSmallSpaced noBorder\" ><hr><\/div><div class=\"btIconImageRow\" ><div class=\"bpgPhoto btTextCenter\" ><div class=\"btImage\"><img src=\"https:\/\/demo.canhcam.com\/thiet-ke-website-benh-vien-3\/wp-content\/uploads\/2015\/11\/sign-4-white.png\" alt=\"\" title=\"\"><\/div><\/div><\/div><header class=\"header btClear small  btNormalDash\" ><div class=\"dash\"><h4><span class=\"headline\">Ch\u1ecb Tr\u1ea7n Th\u1ecb Hoa<\/span><\/h4><\/div><\/header><div class=\"btClear btSeparator topExtraSmallSpaced bottomSemiSpaced noBorder\" ><hr><\/div><\/div><\/div><\/div><\/div><\/div><\/div><\/div><\/div><div class=\"slidedItem firstItem\"  data-thumb=\"\"><div class=\"btSliderPort wBackground cover\" style=\"background-image: url('')\"><div class=\"btSliderCell\" data-slick=\"yes\"><div class=\"btSlideGutter\"><div class=\"btSlidePane\"><div class=\"boldRow boldInnerRow  \" ><div class=\"rowItem rowInnerItem col-md-6  btTextLeft\"  ><div class=\"rowItemContent\"><div class=\"btText\" ><blockquote><p>Cu\u1ed9c ph\u1eabu thu\u1eadt c\u1ee7a t\u00f4i nh\u01b0 m\u1ed9t gi\u1ea5c m\u01a1, t\u00f4i \u0111\u00e3 ngh\u0129 m\u00ecnh kh\u00f4ng th\u1ec3 qua kh\u1ecfi. Nh\u1edd tay ngh\u1ec1 c\u1ee7a c\u00e1c b\u00e1c s\u0129 t\u00f4i nh\u01b0 \u0111\u01b0\u1ee3c s\u1ed1ng l\u1ea1i l\u1ea7n th\u1ee9 2.<\/p><\/blockquote>\n<\/div><div class=\"btClear btSeparator bottomSmallSpaced noBorder\" ><hr><\/div><div class=\"btIconImageRow\" ><div class=\"bpgPhoto btTextCenter\" ><div class=\"btImage\"><img src=\"https:\/\/demo.canhcam.com\/thiet-ke-website-benh-vien-3\/wp-content\/uploads\/2015\/11\/sign-7-white.png\" alt=\"\" title=\"\"><\/div><\/div><\/div><header class=\"header btClear small  btNormalDash\" ><div class=\"dash\"><h4><span class=\"headline\">C\u00f4 L\u00ea Th\u1ecb M\u1ef9 H\u1eb1ng<\/span><\/h4><\/div><\/header><div class=\"btClear btSeparator topExtraSmallSpaced bottomSemiSpaced noBorder\" ><hr><\/div><\/div><\/div><div class=\"rowItem rowInnerItem col-md-6  btTextLeft\"  ><div class=\"rowItemContent\"><div class=\"btText\" ><blockquote><p>Cu\u1ed9c ph\u1eabu thu\u1eadt c\u1ee7a t\u00f4i nh\u01b0 m\u1ed9t gi\u1ea5c m\u01a1, t\u00f4i \u0111\u00e3 ngh\u0129 m\u00ecnh kh\u00f4ng th\u1ec3 qua kh\u1ecfi. Nh\u1edd tay ngh\u1ec1 c\u1ee7a c\u00e1c b\u00e1c s\u0129 t\u00f4i nh\u01b0 \u0111\u01b0\u1ee3c s\u1ed1ng l\u1ea1i l\u1ea7n th\u1ee9 2.<\/p><\/blockquote>\n<\/div><div class=\"btClear btSeparator bottomSmallSpaced noBorder\" ><hr><\/div><div class=\"btIconImageRow\" ><div class=\"bpgPhoto btTextCenter\" ><div class=\"btImage\"><img src=\"https:\/\/demo.canhcam.com\/thiet-ke-website-benh-vien-3\/wp-content\/uploads\/2015\/11\/sign-5-white.png\" alt=\"\" title=\"\"><\/div><\/div><\/div><header class=\"header btClear small  btNormalDash\" ><div class=\"dash\"><h4><span class=\"headline\">Ch\u00fa Ng\u00f4 La Kh\u00e1nh<\/span><\/h4><\/div><\/header><div class=\"btClear btSeparator topExtraSmallSpaced bottomSemiSpaced noBorder\" ><hr><\/div><\/div><\/div><\/div><\/div><\/div><\/div><\/div><\/div><\/div><\/div><\/div><\/div><\/div><\/div><\/div><\/div><\/section><section id=\"bt_section69e38687b3c74\" data-parallax=\"0.5\" data-parallax-offset=\"0\" class=\"boldSection topSpaced gutter inherit btParallax wBackground cover\" style=\"background-image:url('https:\/\/demo.canhcam.com\/thiet-ke-website-benh-vien-3\/wp-content\/uploads\/2015\/11\/shutterstock_272306351.jpg');\"><div class=\"port\"><div class=\"boldCell\"><div class=\"boldCellInner\"><div class=\"boldRow  \" ><div class=\"boldRowInner\"><div class=\"rowItem col-md-7 col-ms-12  btTextLeft animate animate-fadein btTopVertical\"  ><div class=\"rowItemContent\" ><header class=\"header btClear large btDash topDash  btAccentDash\" ><div class=\"btSuperTitle\">Ch\u1ea5t l\u01b0\u1ee3ng v\u00e0 tr\u00e1ch nhi\u1ec7m lu\u00f4n \u0111i \u0111\u1ea7u<\/div><div class=\"dash\"><h2><span class=\"headline\">CANHCAMCARE<\/span><\/h2><\/div><\/header><div class=\"btClear btSeparator bottomSmallSpaced noBorder\" ><hr><\/div><div class=\"btText\" ><blockquote><p>T\u1eadn tu\u1ef5 v\u1edbi kh\u00e1ch h\u00e0ng, h\u1ebft l\u00f2ng d\u1ed1c s\u1ee9c l\u00e0 tr\u00e1ch nhi\u1ec7m c\u1ee7a ch\u00fang t\u00f4i.<\/p><\/blockquote>\n<\/div><div class=\"btClear btSeparator bottomSmallSpaced noBorder\" ><hr><\/div><div class=\"btIconImageRow\" ><div class=\"bpgPhoto btTextCenter\" ><div class=\"btImage\"><img src=\"https:\/\/demo.canhcam.com\/thiet-ke-website-benh-vien-3\/wp-content\/uploads\/2015\/12\/signature.png\" alt=\"\" title=\"\"><\/div><\/div><\/div><header class=\"header btClear small  btNormalDash\" ><div class=\"dash\"><h4><span class=\"headline\">L\u00ca NG\u1eccC TR\u00c2M \u2013 PGS.TS \u2013 TR\u01af\u1edeNG KHOA C\u1ea4Y GH\u00c9P IMPLANT<\/span><\/h4><\/div><\/header><\/div><\/div><div class=\"rowItem col-md-5 col-ms-12  btTextLeft animate animate-fadein animate-moveleft btBottomVertical\"  ><div class=\"rowItemContent\" ><div class=\"bpgPhoto btTextCenter\" ><div class=\"btImage\"><img src=\"https:\/\/demo.canhcam.com\/thiet-ke-website-benh-vien-3\/wp-content\/uploads\/2015\/12\/pic-team-8.jpg\" alt=\"\" title=\"\"><\/div><\/div><\/div><\/div><\/div><\/div><\/div><\/div><\/div><\/section>","protected":false},"excerpt":{"rendered":"","protected":false},"author":1,"featured_media":0,"parent":33,"menu_order":0,"comment_status":"closed","ping_status":"closed","template":"","meta":[],"_links":{"self":[{"href":"https:\/\/demo.canhcam.com\/thiet-ke-website-benh-vien-3\/wp-json\/wp\/v2\/pages\/42"}],"collection":[{"href":"https:\/\/demo.canhcam.com\/thiet-ke-website-benh-vien-3\/wp-json\/wp\/v2\/pages"}],"about":[{"href":"https:\/\/demo.canhcam.com\/thiet-ke-website-benh-vien-3\/wp-json\/wp\/v2\/types\/page"}],"author":[{"embeddable":true,"href":"https:\/\/demo.canhcam.com\/thiet-ke-website-benh-vien-3\/wp-json\/wp\/v2\/users\/1"}],"replies":[{"embeddable":true,"href":"https:\/\/demo.canhcam.com\/thiet-ke-website-benh-vien-3\/wp-json\/wp\/v2\/comments?post=42"}],"version-history":[{"count":2,"href":"https:\/\/demo.canhcam.com\/thiet-ke-website-benh-vien-3\/wp-json\/wp\/v2\/pages\/42\/revisions"}],"predecessor-version":[{"id":503,"href":"https:\/\/demo.canhcam.com\/thiet-ke-website-benh-vien-3\/wp-json\/wp\/v2\/pages\/42\/revisions\/503"}],"up":[{"embeddable":true,"href":"https:\/\/demo.canhcam.com\/thiet-ke-website-benh-vien-3\/wp-json\/wp\/v2\/pages\/33"}],"wp:attachment":[{"href":"https:\/\/demo.canhcam.com\/thiet-ke-website-benh-vien-3\/wp-json\/wp\/v2\/media?parent=42"}],"curies":[{"name":"wp","href":"https:\/\/api.w.org\/{rel}","templated":true}]}}