{"id":40,"date":"2015-12-24T10:12:32","date_gmt":"2015-12-24T10:12:32","guid":{"rendered":"http:\/\/medical.bold-themes.com\/dentist\/?page_id=40"},"modified":"2022-11-18T16:46:10","modified_gmt":"2022-11-18T16:46:10","slug":"cost-calculator","status":"publish","type":"page","link":"https:\/\/demo.canhcam.com\/thiet-ke-website-benh-vien-3\/cost-calculator\/","title":{"rendered":"Cost calculator"},"content":{"rendered":"<section id=\"bt_section69e386861ee8b\"  class=\"boldSection topSemiSpaced btDarkSkin gutter inherit wBackground cover btAccentColorBackground\" style=\"background-image:url('https:\/\/demo.canhcam.com\/thiet-ke-website-benh-vien-3\/wp-content\/uploads\/2015\/12\/bllurred-background.jpg');\"><div class=\"port\"><div class=\"boldCell\"><div class=\"boldCellInner\"><div class=\"boldRow  \" ><div class=\"boldRowInner\"><div class=\"rowItem col-md-9 col-ms-12  btTextLeft animate animate-fadein animate-moveleft inherit\"  ><div class=\"rowItemContent\" ><div class=\"btClear btSeparator topExtraSpaced bottomSmallSpaced noBorder\" ><hr><\/div><header class=\"header btClear extralarge btDash topDash  btNormalDash\" ><div class=\"btSuperTitle\">Nha khoa CanhcamCare<\/div><div class=\"dash\"><h1><span class=\"headline\">CHI PH\u00cd D\u1ecaCH V\u1ee4<\/span><\/h1><\/div><div class=\"btSubTitle\">\u0110\u1ec3 ti\u1ec7n l\u1ee3i h\u01a1n trong vi\u1ec7c kh\u00e1m, ch\u1eefa b\u1ec7nh v\u00e0 ch\u0103m s\u00f3c s\u1ee9c kho\u1ebb, ch\u00fang t\u00f4i \u0111\u00e3 k\u1ebft h\u1ee3p c\u00e1c qu\u00e1 tr\u00ecnh t\u01b0 v\u1ea5n \u2013 kh\u00e1m ch\u1eefa b\u1ec7nh v\u1edbi nhau. V\u1edbi c\u00e1c g\u00f3i n\u00e0y, b\u1ea1n s\u1ebd ti\u1ebft ki\u1ec7m th\u1eddi gian v\u00e0 c\u00f4ng s\u1ee9c, ch\u1ec9 c\u1ea7n ch\u1ecdn g\u00f3i v\u00e0 \u0111\u1eb7t l\u1ecbch h\u1eb9n!<\/div><\/header><div class=\"btClear btSeparator topExtraSmallSpaced noBorder\" ><hr><\/div><a href=\"#\" class=\"btBtn btBtn btnFilledStyle btnAccentColor btnMedium btnNormalWidth btnRightPosition btnNoIcon\" ><span class=\"btnInnerText\">\u0110\u1eb6T L\u1ecaCH<\/span><\/a><a href=\"#\" class=\"btBtn btBtn btnFilledStyle btnAlternateColor btnMedium btnNormalWidth btnRightPosition btnNoIcon\" ><span class=\"btnInnerText\">D\u1ecaCH V\u1ee4<\/span><\/a><div class=\"btClear btSeparator topSpaced noBorder\" ><hr><\/div><\/div><\/div><div class=\"rowItem col-md-3 col-sm-6 col-ms-12 btTextLeft\"  ><div class=\"rowItemContent\" ><\/div><\/div><\/div><\/div><\/div><\/div><\/div><\/section><section id=\"bt_section69e3868622676\"  class=\"boldSection gutter inherit\" style=\"margin-top: -6px;\"><div class=\"port\"><div class=\"boldCell\"><div class=\"boldCellInner\"><div class=\"boldRow  \" ><div class=\"boldRowInner\"><div class=\"rowItem col-md-3 col-sm-6 col-ms-12 btTextLeft inherit\" style=\"background-color: rgba(0, 179, 204, 1);\" ><div class=\"rowItemContent\" ><div class=\"btClear btSeparator topExtraSmallSpaced noBorder\" ><hr><\/div><\/div><\/div><div class=\"rowItem col-md-3 col-sm-6 col-ms-12 btTextLeft inherit\" style=\"background-color: rgba(0, 161, 190, 1);\" ><div class=\"rowItemContent\" ><div class=\"btClear btSeparator topExtraSmallSpaced noBorder\" ><hr><\/div><\/div><\/div><div class=\"rowItem col-md-3 col-sm-6 col-ms-12 btTextLeft inherit\" style=\"background-color: rgba(0, 135, 170, 1);\" ><div class=\"rowItemContent\" ><div class=\"btClear btSeparator topExtraSmallSpaced noBorder\" ><hr><\/div><\/div><\/div><div class=\"rowItem col-md-3 col-sm-6 col-ms-12 btTextLeft inherit\" style=\"background-color: rgba(0, 109, 149, 1);\" ><div class=\"rowItemContent\" ><div class=\"btClear btSeparator topExtraSmallSpaced noBorder\" ><hr><\/div><\/div><\/div><\/div><\/div><\/div><\/div><\/div><\/section><section id=\"bt_section69e3868622938\"  class=\"boldSection topSpaced bottomSpaced gutter inherit\" ><div class=\"port\"><div class=\"boldCell\"><div class=\"boldCellInner\"><div class=\"boldRow  \" ><div class=\"boldRowInner\"><div class=\"rowItem btRightBorder col-md-4 col-ms-12 btTextLeft animate animate-fadein inherit btDoublePadding\"  ><div class=\"rowItemContent\" ><header class=\"header btClear medium btDash bottomDash  btAccentDash\" ><div class=\"dash\"><h3><span class=\"headline\">GHI CH\u00da<\/span><\/h3><\/div><div class=\"btSubTitle\">Nh\u1eefng \u0111i\u1ec1u sau s\u1ebd gi\u00fap qu\u00e1 tr\u00ecnh kh\u00e1m b\u1ec7nh c\u1ee7a b\u1ea1n nhanh ch\u00f3ng h\u01a1n!<\/div><\/header><div class=\"btClear btSeparator bottomSmallSpaced noBorder\" ><hr><\/div><div class=\"servicesItem  btIcoAccentColorIcon btIcoMediumSizeIcon  \"><div class=\"sIcon\"><span class=\"btIco btIcoMediumSize btIcoDefaultType btIcoAccentColor\" ><span  data-ico-s7=\"&#xe671;\" class=\"btIcoHolder\"><em><\/em><\/span><\/span><\/div><div class=\"sTxt\"><header class=\"header btClear small\" ><div class=\"dash\"><h4><span class=\"headline\">GI\u00daP B\u1ea0N D\u1ef0 TR\u00d9 CHI PH\u00cd<\/span><\/h4><\/div><\/header><p>V\u1edbi c\u00e1c d\u1ecbch v\u1ee5 b\u1ea1n ch\u1ecdn, ch\u00fang t\u00f4i s\u1ebd gi\u00fap b\u1ea1n t\u1ed5ng l\u1ea1i c\u00e1c kho\u1ea3n chi. T\u1eeb \u0111\u00f3 b\u1ea1n c\u00f3 th\u1ec3 ch\u1ee7 \u0111\u1ed9ng v\u1ec1 kinh ph\u00ed khi \u0111\u1ebfn kh\u00e1m-ch\u1eefa b\u1ec7nh.<\/p><\/div><\/div><div class=\"btClear btSeparator bottomSemiSpaced noBorder\" ><hr><\/div><div class=\"servicesItem  btIcoAccentColorIcon btIcoMediumSizeIcon  \"><div class=\"sIcon\"><span class=\"btIco btIcoMediumSize btIcoDefaultType btIcoAccentColor\" ><span  data-ico-s7=\"&#xe66b;\" class=\"btIcoHolder\"><em><\/em><\/span><\/span><\/div><div class=\"sTxt\"><header class=\"header btClear small\" ><div class=\"dash\"><h4><span class=\"headline\">D\u1ef0A TR\u00caN L\u1ecaCH C\u00c1 NH\u00c2N<\/span><\/h4><\/div><\/header><p>B\u1ea1n ho\u00e0n to\u00e0n c\u00f3 th\u1ec3 qu\u1ea3n l\u00fd th\u1eddi gian. Th\u1eddi gian \u01b0\u1edbc t\u00ednh c\u1ee7a t\u1eebng lo\u1ea1i d\u1ecbch v\u1ee5 s\u1ebd \u0111\u01b0\u1ee3c ghi ch\u00fa gi\u00fap b\u1ea1n ki\u1ec3m so\u00e1t l\u1ecbch tr\u00ecnh.<\/p><\/div><\/div><div class=\"btClear btSeparator bottomSemiSpaced noBorder\" ><hr><\/div><div class=\"servicesItem  btIcoAccentColorIcon btIcoMediumSizeIcon  \"><div class=\"sIcon\"><span class=\"btIco btIcoMediumSize btIcoDefaultType btIcoAccentColor\" ><span  data-ico-s7=\"&#xe660;\" class=\"btIcoHolder\"><em><\/em><\/span><\/span><\/div><div class=\"sTxt\"><header class=\"header btClear small\" ><div class=\"dash\"><h4><span class=\"headline\">LU\u00d4N TU\u00c2N TH\u1ee6 TH\u1edcI GIAN<\/span><\/h4><\/div><\/header><p>V\u00ec l\u01b0\u1ee3ng kh\u00e1ch h\u00e0ng th\u0103m kh\u00e1m-ch\u1eefa b\u1ec7nh nhi\u1ec1u n\u00ean b\u1ea1n h\u00e3y \u0111\u1ebfn \u0111\u00fang gi\u1edd ho\u1eb7c s\u1edbm h\u01a1n 5-10 ph\u00fat \u0111\u1ec3 qu\u00e1 tr\u00ecnh kh\u00e1m-ch\u1eefa b\u1ec7nh \u0111\u01b0\u1ee3c ch\u1eb7t ch\u1ebd.<\/p><\/div><\/div><div class=\"btClear btSeparator bottomSemiSpaced noBorder\" ><hr><\/div><div class=\"servicesItem  btIcoAccentColorIcon btIcoMediumSizeIcon  \"><div class=\"sIcon\"><span class=\"btIco btIcoMediumSize btIcoDefaultType btIcoAccentColor\" ><span  data-ico-s7=\"&#xe6ae;\" class=\"btIcoHolder\"><em><\/em><\/span><\/span><\/div><div class=\"sTxt\"><header class=\"header btClear small\" ><div class=\"dash\"><h4><span class=\"headline\">CHUY\u00caN NGHI\u1ec6P<\/span><\/h4><\/div><\/header><p>Ch\u00fang t\u00f4i s\u1ebd lu\u00f4n s\u1eb5n s\u00e0ng v\u00e0o \u0111\u00fang th\u1eddi \u0111i\u1ec3m b\u1ea1n \u0111\u1eb7t l\u1ecbch. Ch\u1ec9 c\u1ea7n b\u1ea1n l\u1ea5y gi\u1ea5y x\u00e1c nh\u1eadn h\u1eb9n l\u1ecbch v\u00e0 ti\u1ebfn h\u00e0nh c\u00e1c b\u01b0\u1edbc th\u0103m-kh\u00e1m ch\u1eefa b\u1ec7nh.<\/p><\/div><\/div><div class=\"btClear btSeparator bottomSemiSpaced noBorder\" ><hr><\/div><div class=\"servicesItem  btIcoAccentColorIcon btIcoMediumSizeIcon  \"><div class=\"sIcon\"><span class=\"btIco btIcoMediumSize btIcoDefaultType btIcoAccentColor\" ><span  data-ico-s7=\"&#xe6c6;\" class=\"btIcoHolder\"><em><\/em><\/span><\/span><\/div><div class=\"sTxt\"><header class=\"header btClear small\" ><div class=\"dash\"><h4><span class=\"headline\">THANH TO\u00c1N D\u1ec4 D\u00c0NG<\/span><\/h4><\/div><\/header><p>V\u1edbi nhi\u1ec1u h\u00ecnh th\u1ee9c thanh to\u00e1n, ti\u1ec7n l\u1ee3i ph\u00f9 h\u1ee3p v\u1edbi m\u1ecdi kh\u00e1ch h\u00e0ng.<\/p><\/div><\/div><div class=\"btClear btSeparator bottomSemiSpaced noBorder\" ><hr><\/div><\/div><\/div><div class=\"rowItem col-md-8 col-ms-12 btTextLeft animate animate-fadein inherit btDoublePadding\"  ><div class=\"rowItemContent\" ><header class=\"header btClear large  btNormalDash\" ><div class=\"btSuperTitle\">\u0110\u1ed9i ng\u0169 y b\u00e1c s\u0129 lu\u00f4n trong tr\u1ea1ng th\u00e1i s\u1eb5n s\u00e0ng tr\u01b0\u1edbc m\u1ecdi t\u00ecnh hu\u1ed1ng. T\u00e1c phong, thao t\u00e1c nhanh nh\u1eb9n, g\u1ecdn g\u00e0ng lu\u00f4n chu\u1ea9n b\u1ecb cho m\u1ecdi ca b\u1ec7nh.<\/div><\/header><div class=\"btClear btSeparator bottomSmallSpaced border\" ><hr><\/div><div class=\"btQuoteBooking  c69e38686231bf\"  data-admin_email=\"info@bold-themes.com\" data-cf7_id=\"\" data-email_client=\"\" data-currency=\"$\" data-currency_after=\"\" data-url_confirmation=\"\" data-url_ajax=\"https:\/\/demo.canhcam.com\/thiet-ke-website-benh-vien-3\/wp-admin\/admin-ajax.php\" data-subject=\"this is email subject\" data-date_text=\"Preferred Service Date\" data-time_text=\"Preferred Service Time\" data-message_please_wait=\"Please wait...\" data-message_success=\"Thank you, we will contact you soon!\" data-message_error=\"Error! Please try again later.\" data-message_mandatory=\"Please fill out all required fields.\" data-rec_secret_key=\"\"><div class=\"btQuoteBookingWrap\"><div class=\"btQuoteBookingForm btActive\"><header class=\"header btClear medium btDash bottomDash  btAccentDash\" ><div class=\"dash\"><h3><span class=\"headline\">NHA KHOA TH\u1ea8M M\u1ef8<\/span><\/h3><\/div><div class=\"btSubTitle\">Vui l\u00f2ng ch\u1ecdn d\u1ecbch v\u1ee5 b\u1ea1n quan t\u00e2m.<\/div><\/header><div class=\"btClear btSeparator bottomSmallSpaced noBorder\" ><hr><\/div><div class=\"btQuoteMBlock\"><div class=\"btQuoteItem \" id=\"btQuoteItem69e386862339e\" ><label>L\u00e0m tr\u1eafng r\u0103ng<\/label>\r\n\t\t<div class=\"btQuoteItemInput\"><div id=\"69e38686233d8W895\" class=\"btQuoteSelect btContactField btDropDown btQuoteElement\" data-condition=\"\" data-initial-value=\"\"><\/div><\/div><\/div><div class=\"btQuoteItem \" id=\"btQuoteItem69e3868623401\" ><label>\u0110\u01a1n v\u1ecb (1 r\u0103ng)<\/label>\r\n\t\t<div class=\"btQuoteItemInput\"><div class=\"btQuoteSlider btQuoteElement\" data-value=\"0\"  data-initial-value=\"0\" data-min=\"0\" data-max=\"36\" data-step=\"1\" data-price=\"1\" data-offset=\"0\" data-condition=\"\"><\/div><span class=\"btQuoteSliderValue\"><\/span><\/div><\/div><\/div><div class=\"btQuoteMBlock\"><div class=\"btQuoteItem \" id=\"btQuoteItem69e386862345f\" ><label>V\u1ec7 sinh r\u0103ng<\/label>\r\n\t\t<div class=\"btQuoteItemInput\"><div id=\"69e386862346fW579\" class=\"btQuoteSelect btContactField btDropDown btQuoteElement\" data-condition=\"\" data-initial-value=\"\"><\/div><\/div><\/div><div class=\"btQuoteItem \" id=\"btQuoteItem69e386862348d\" ><label>\u0110\u01a1n v\u1ecb (h\u00e0m tr\u00ean\/ d\u01b0\u1edbi)<\/label>\r\n\t\t<div class=\"btQuoteItemInput\"><div class=\"btQuoteSlider btQuoteElement\" data-value=\"0\"  data-initial-value=\"0\" data-min=\"0\" data-max=\"2\" data-step=\"1\" data-price=\"1\" data-offset=\"0\" data-condition=\"\"><\/div><span class=\"btQuoteSliderValue\"><\/span><\/div><\/div><\/div><div class=\"btClear btSeparator topSemiSpaced bottomSemiSpaced border\" ><hr><\/div><header class=\"header btClear medium btDash topDash  btAccentDash\" ><div class=\"dash\"><h3><span class=\"headline\">NH\u1ed4 &#8211; TR\u00c1M R\u0102NG<\/span><\/h3><\/div><div class=\"btSubTitle\">Vui l\u00f2ng ch\u1ecdn d\u1ecbch v\u1ee5 b\u1ea1n quan t\u00e2m.<\/div><\/header><div class=\"btClear btSeparator bottomSmallSpaced noBorder\" ><hr><\/div><div class=\"btQuoteMBlock\"><div class=\"btQuoteItem \" id=\"btQuoteItem69e3868623550\" ><label>Nh\u1ed5 r\u0103ng<\/label>\r\n\t\t<div class=\"btQuoteItemInput\"><div id=\"69e3868623561W735\" class=\"btQuoteSelect btContactField btDropDown btQuoteElement\" data-condition=\"\" data-initial-value=\"\"><\/div><\/div><\/div><div class=\"btQuoteItem \" id=\"btQuoteItem69e386862357f\" ><label>\u0110\u01a1n v\u1ecb (1 r\u0103ng)<\/label>\r\n\t\t<div class=\"btQuoteItemInput\"><div class=\"btQuoteSlider btQuoteElement\" data-value=\"0\"  data-initial-value=\"0\" data-min=\"0\" data-max=\"10\" data-step=\"1\" data-price=\"1\" data-offset=\"0\" data-condition=\"\"><\/div><span class=\"btQuoteSliderValue\"><\/span><\/div><\/div><\/div><div class=\"btQuoteMBlock\"><div class=\"btQuoteItem \" id=\"btQuoteItem69e38686235cb\" ><label>Tr\u00e1m r\u0103ng<\/label>\r\n\t\t<div class=\"btQuoteItemInput\"><div id=\"69e38686235daW808\" class=\"btQuoteSelect btContactField btDropDown btQuoteElement\" data-condition=\"\" data-initial-value=\"\"><\/div><\/div><\/div><div class=\"btQuoteItem \" id=\"btQuoteItem69e38686235f6\" ><label>\u0110\u01a1n v\u1ecb (1 r\u0103ng)<\/label>\r\n\t\t<div class=\"btQuoteItemInput\"><div class=\"btQuoteSlider btQuoteElement\" data-value=\"0\"  data-initial-value=\"0\" data-min=\"0\" data-max=\"10\" data-step=\"1\" data-price=\"1\" data-offset=\"0\" data-condition=\"\"><\/div><span class=\"btQuoteSliderValue\"><\/span><\/div><\/div><\/div><div class=\"btClear btSeparator topSemiSpaced bottomSemiSpaced border\" ><hr><\/div><header class=\"header btClear medium btDash bottomDash  btAccentDash\" ><div class=\"dash\"><h3><span class=\"headline\">CHUY\u00caN S\u00c2U<\/span><\/h3><\/div><div class=\"btSubTitle\">Vui l\u00f2ng ch\u1ecdn d\u1ecbch v\u1ee5 b\u1ea1n quan t\u00e2m.<\/div><\/header><div class=\"btClear btSeparator bottomSmallSpaced noBorder\" ><hr><\/div><div class=\"btQuoteMBlock\"><div class=\"btQuoteItem \" id=\"btQuoteItem69e38686236c1\" ><label>Implant<\/label>\r\n\t\t<div class=\"btQuoteItemInput\"><div id=\"69e38686236d2W531\" class=\"btQuoteSelect btContactField btDropDown btQuoteElement\" data-condition=\"\" data-initial-value=\"\"><\/div><\/div><\/div><div class=\"btQuoteItem \" id=\"btQuoteItem69e38686236f0\" ><label>\u0110\u01a1n v\u1ecb (1 r\u0103ng)<\/label>\r\n\t\t<div class=\"btQuoteItemInput\"><div class=\"btQuoteSlider btQuoteElement\" data-value=\"0\"  data-initial-value=\"0\" data-min=\"0\" data-max=\"10\" data-step=\"1\" data-price=\"1\" data-offset=\"0\" data-condition=\"\"><\/div><span class=\"btQuoteSliderValue\"><\/span><\/div><\/div><\/div><div class=\"btQuoteMBlock\"><div class=\"btQuoteItem \" id=\"btQuoteItem69e386862373d\" ><label>Ni\u1ec1ng r\u0103ng<\/label>\r\n\t\t<div class=\"btQuoteItemInput\"><div id=\"69e386862374cW565\" class=\"btQuoteSelect btContactField btDropDown btQuoteElement\" data-condition=\"\" data-initial-value=\"\"><\/div><\/div><\/div><div class=\"btQuoteItem \" id=\"btQuoteItem69e3868623769\" ><label>\u0110\u01a1n v\u1ecb (h\u00e0m)<\/label>\r\n\t\t<div class=\"btQuoteItemInput\"><div class=\"btQuoteSlider btQuoteElement\" data-value=\"0\"  data-initial-value=\"0\" data-min=\"0\" data-max=\"2\" data-step=\"1\" data-price=\"1\" data-offset=\"0\" data-condition=\"\"><\/div><span class=\"btQuoteSliderValue\"><\/span><\/div><\/div><\/div><div class=\"btTotalNextWrapper\"><div class=\"btQuoteTotal\"><span class=\"btQuoteTotalText\">T\u1ed5ng c\u1ed9ng<\/span><span class=\"btQuoteTotalCurrency\">$<\/span><span class=\"btQuoteTotalCalc\"><\/span><\/div><\/div><\/div><\/div><\/div><\/div><\/div><\/div><\/div><\/div><\/div><\/div><\/section>","protected":false},"excerpt":{"rendered":"","protected":false},"author":1,"featured_media":0,"parent":0,"menu_order":0,"comment_status":"closed","ping_status":"closed","template":"","meta":[],"_links":{"self":[{"href":"https:\/\/demo.canhcam.com\/thiet-ke-website-benh-vien-3\/wp-json\/wp\/v2\/pages\/40"}],"collection":[{"href":"https:\/\/demo.canhcam.com\/thiet-ke-website-benh-vien-3\/wp-json\/wp\/v2\/pages"}],"about":[{"href":"https:\/\/demo.canhcam.com\/thiet-ke-website-benh-vien-3\/wp-json\/wp\/v2\/types\/page"}],"author":[{"embeddable":true,"href":"https:\/\/demo.canhcam.com\/thiet-ke-website-benh-vien-3\/wp-json\/wp\/v2\/users\/1"}],"replies":[{"embeddable":true,"href":"https:\/\/demo.canhcam.com\/thiet-ke-website-benh-vien-3\/wp-json\/wp\/v2\/comments?post=40"}],"version-history":[{"count":4,"href":"https:\/\/demo.canhcam.com\/thiet-ke-website-benh-vien-3\/wp-json\/wp\/v2\/pages\/40\/revisions"}],"predecessor-version":[{"id":512,"href":"https:\/\/demo.canhcam.com\/thiet-ke-website-benh-vien-3\/wp-json\/wp\/v2\/pages\/40\/revisions\/512"}],"wp:attachment":[{"href":"https:\/\/demo.canhcam.com\/thiet-ke-website-benh-vien-3\/wp-json\/wp\/v2\/media?parent=40"}],"curies":[{"name":"wp","href":"https:\/\/api.w.org\/{rel}","templated":true}]}}