{"id":38,"date":"2015-12-24T10:12:17","date_gmt":"2015-12-24T10:12:17","guid":{"rendered":"http:\/\/medical.bold-themes.com\/dentist\/?page_id=38"},"modified":"2022-11-18T17:07:47","modified_gmt":"2022-11-18T17:07:47","slug":"procedures","status":"publish","type":"page","link":"https:\/\/demo.canhcam.com\/thiet-ke-website-benh-vien-3\/pages\/procedures\/","title":{"rendered":"Procedures"},"content":{"rendered":"<section id=\"bt_section69e386875a5f4\"  class=\"boldSection topSemiSpaced btDarkSkin gutter inherit wBackground cover btAccentColorBackground\" style=\"background-image:url('https:\/\/demo.canhcam.com\/thiet-ke-website-benh-vien-3\/wp-content\/uploads\/2015\/12\/bllurred-background.jpg');\"><div class=\"port\"><div class=\"boldCell\"><div class=\"boldCellInner\"><div class=\"boldRow  \" ><div class=\"boldRowInner\"><div class=\"rowItem col-md-9 col-ms-12  btTextLeft animate animate-fadein animate-moveleft inherit\"  ><div class=\"rowItemContent\" ><div class=\"btClear btSeparator topExtraSpaced bottomSmallSpaced noBorder\" ><hr><\/div><header class=\"header btClear extralarge btDash topDash  btNormalDash\" ><div class=\"btSuperTitle\">CanhcamCare<\/div><div class=\"dash\"><h1><span class=\"headline\">TH\u1ee6 T\u1ee4C<\/span><\/h1><\/div><div class=\"btSubTitle\">\u0110\u1ec3 gi\u00fap vi\u1ec7c kh\u00e1m ch\u1eefa b\u1ec7nh c\u1ee7a b\u1ea1n t\u1ea1i \u0111\u00e2y \u0111\u01b0\u1ee3c nhanh ch\u00f3ng v\u00e0 d\u1ec5 d\u00e0ng h\u01a1n, ch\u00fang t\u00f4i xin g\u1eedi \u0111\u1ebfn b\u1ea1n nh\u1eefng \u0111i\u1ec1u c\u1ea7n bi\u1ebft khi \u0111i kh\u00e1m t\u1ea1i CanhcamCare.<\/div><\/header><div class=\"btClear btSeparator topSpaced noBorder\" ><hr><\/div><\/div><\/div><div class=\"rowItem col-md-3 col-sm-6 col-ms-12 btTextLeft\"  ><div class=\"rowItemContent\" ><\/div><\/div><\/div><\/div><\/div><\/div><\/div><\/section><section id=\"bt_section69e386875a8f6\"  class=\"boldSection gutter inherit\" style=\"margin-top: -6px;\"><div class=\"port\"><div class=\"boldCell\"><div class=\"boldCellInner\"><div class=\"boldRow  \" ><div class=\"boldRowInner\"><div class=\"rowItem col-md-3 col-sm-6 col-ms-12 btTextLeft inherit\" style=\"background-color: rgba(0, 179, 204, 1);\" ><div class=\"rowItemContent\" ><div class=\"btClear btSeparator topExtraSmallSpaced noBorder\" ><hr><\/div><\/div><\/div><div class=\"rowItem col-md-3 col-sm-6 col-ms-12 btTextLeft inherit\" style=\"background-color: rgba(0, 161, 190, 1);\" ><div class=\"rowItemContent\" ><div class=\"btClear btSeparator topExtraSmallSpaced noBorder\" ><hr><\/div><\/div><\/div><div class=\"rowItem col-md-3 col-sm-6 col-ms-12 btTextLeft inherit\" style=\"background-color: rgba(0, 135, 170, 1);\" ><div class=\"rowItemContent\" ><div class=\"btClear btSeparator topExtraSmallSpaced noBorder\" ><hr><\/div><\/div><\/div><div class=\"rowItem col-md-3 col-sm-6 col-ms-12 btTextLeft inherit\" style=\"background-color: rgba(0, 109, 149, 1);\" ><div class=\"rowItemContent\" ><div class=\"btClear btSeparator topExtraSmallSpaced noBorder\" ><hr><\/div><\/div><\/div><\/div><\/div><\/div><\/div><\/div><\/section><section id=\"bt_section69e386875aae3\" data-parallax=\"0\" data-parallax-offset=\"0\" class=\"boldSection topSpaced bottomSpaced gutter inherit btParallax\" ><div class=\"port\"><div class=\"boldCell\"><div class=\"boldCellInner\"><div class=\"boldRow  \" ><div class=\"boldRowInner\"><div class=\"rowItem col-md-12 col-ms-12  btTextLeft animate animate-fadein inherit btDoublePadding\"  ><div class=\"rowItemContent\" ><header class=\"header btClear large btDash topDash  btNormalDash\" ><div class=\"btSuperTitle\">Th\u1ee7 t\u1ee5c<\/div><div class=\"dash\"><h2><span class=\"headline\">NHANH CH\u00d3NG V\u00c0 \u0110\u01a0N GI\u1ea2N<\/span><\/h2><\/div><\/header><div class=\"btClear btSeparator topSemiSpaced noBorder\" ><hr><\/div><\/div><\/div><\/div><\/div><div class=\"boldRow  \" ><div class=\"boldRowInner\"><div class=\"rowItem btRightBorder col-md-6 col-sm-12 btTextLeft inherit btDoublePadding\"  ><div class=\"rowItemContent\" ><div class=\"btText\" ><h3><strong>Gi\u1ea5y t\u1edd c\u1ea7n chu\u1ea9n b\u1ecb khi \u0111i kh\u00e1m t\u1ea1i CanhcamCare<\/strong><\/h3>\n<p>B\u1ea1n c\u1ea7n mang theo CMND\/CCCD, th\u1ebb BHYT, ti\u1ec1n m\u1eb7t (t\u1ed1i thi\u1ec3u 500.000) khi \u0111i kh\u00e1m. N\u1ebfu t\u1eeb tuy\u1ebfn huy\u1ec7n l\u00ean, h\u00e3y mang gi\u1ea5y chuy\u1ec3n tuy\u1ebfn \u0111\u1ec3 \u0111\u01b0\u1ee3c b\u1ea3o hi\u1ec3m h\u1ed7 tr\u1ee3 chi tr\u1ea3 80% chi ph\u00ed \u0111i\u1ec1u tr\u1ecb. Tr\u01b0\u1eddng h\u1ee3p kh\u00f4ng c\u00f3 gi\u1ea5y n\u00e0y, m\u1ee9c chi tr\u1ea3 c\u1ee7a b\u1ea3o hi\u1ec3m s\u1ebd gi\u1ea3m xu\u1ed1ng ch\u1ec9 c\u00f2n 40 \u2013 60%.<\/p>\n<p>V\u1ec1 s\u1ed5 kh\u00e1m b\u1ec7nh, n\u1ebfu ch\u01b0a t\u1eebng \u0111i kh\u00e1m \u1edf CanhcamCare, b\u1ea1n c\u00f3 th\u1ec3 \u0111\u1ebfn vi\u1ec7n r\u1ed3i mua. Tuy nhi\u00ean, b\u1ea1n v\u1eabn n\u00ean mang s\u1ed5 kh\u00e1m v\u00e0 c\u00e1c k\u1ebft qu\u1ea3 kh\u00e1m b\u1ec7nh tr\u01b0\u1edbc \u0111\u00e2y. \u0110i\u1ec1u n\u00e0y s\u1ebd gi\u00fap b\u00e1c s\u0129 hi\u1ec3u r\u00f5 \u0111\u01b0\u1ee3c ti\u1ec1n s\u1eed b\u1ec7nh t\u1eadt c\u1ee7a b\u1ea1n, t\u1eeb \u0111\u00f3 \u0111\u01b0a ra ch\u1ea9n \u0111o\u00e1n v\u00e0 ph\u00e1c \u0111\u1ed3 \u0111i\u1ec1u tr\u1ecb ch\u00ednh x\u00e1c h\u01a1n.<\/p>\n<h3><strong>Quy tr\u00ecnh \u0111\u0103ng k\u00fd kh\u00e1m b\u1ec7nh t\u1ea1i CanhcamCare<\/strong><\/h3>\n<h4><strong>B\u01b0\u1edbc 1: L\u1ea5y s\u1ed1 th\u1ee9 t\u1ef1<\/strong><\/h4>\n<p>N\u1ebfu b\u1ea1n \u0111\u1ebfn kh\u00e1m l\u1ea7n \u0111\u1ea7u, h\u00e3y \u0111\u1ebfn c\u1ed5ng b\u1ea3o v\u1ec7\/qu\u1ea7y h\u01b0\u1edbng d\u1eabn \u0111\u1ec3 l\u1ea5y phi\u1ebfu \u0111i\u1ec1n th\u00f4ng tin c\u00e1 nh\u00e2n. Sau \u0111\u00f3 \u0111\u1ebfn qu\u1ea7y t\u01b0 v\u1ea5n \u0111\u1ec3 \u0111\u01b0\u1ee3c t\u01b0 v\u1ea5n chuy\u00ean m\u00f4n v\u00e0 \u0111\u01b0\u1ee3c c\u1ea5p s\u1ed1 th\u1ee9 t\u1ef1. L\u01b0u \u00fd: Khi \u0111\u1ebfn qu\u1ea7y t\u01b0 v\u1ea5n, b\u1ea1n n\u00ean cung c\u1ea5p toa thu\u1ed1c \u0111ang d\u00f9ng, s\u1ed5 kh\u00e1m b\u1ec7nh, k\u1ebft qu\u1ea3 x\u00e9t nghi\u1ec7m, \u0111i\u1ec7n t\u00e2m \u0111\u1ed3, Xquang\u2026 trong v\u00f2ng 6 th\u00e1ng g\u1ea7n \u0111\u00e2y cho nh\u00e2n vi\u00ean t\u01b0 v\u1ea5n n\u1ebfu c\u00f3.<br \/>\nN\u1ebfu b\u1ea1n \u0111\u1ebfn t\u00e1i kh\u00e1m, h\u00e3y \u0111\u1ebfn c\u00e1c kiosk t\u1ef1 \u0111\u1ed9ng qu\u00e9t m\u00e3 v\u1ea1ch tr\u00ean toa thu\u1ed1c ho\u1eb7c gi\u1ea5y h\u1eb9n t\u00e1i kh\u00e1m, th\u1ebb BHYT \u0111\u1ec3 nh\u1eadn s\u1ed1 th\u1ee9 t\u1ef1.<br \/>\nN\u1ebfu b\u1ea1n thu\u1ed9c nh\u00f3m \u0111\u1ed1i t\u01b0\u1ee3ng \u01b0u ti\u00ean (tr\u1ebb em d\u01b0\u1edbi 6 tu\u1ed5i, ng\u01b0\u1eddi khuy\u1ebft t\u1eadt n\u1eb7ng, ng\u01b0\u1eddi t\u1eeb 80 tu\u1ed5i tr\u1edf l\u00ean, ng\u01b0\u1eddi c\u00f3 c\u00f4ng v\u1edbi c\u00e1ch m\u1ea1ng, ph\u1ee5 n\u1eef c\u00f3 thai) ho\u1eb7c c\u00f3 gi\u1ea5y gi\u1edbi thi\u1ec7u kh\u00e1m chuy\u00ean khoa hay b\u1ec7nh r\u1ea5t n\u1eb7ng (kh\u00f4ng trong t\u00ecnh tr\u1ea1ng c\u1ea5p c\u1ee9u), h\u00e3y \u0111\u1ebfn th\u1eb3ng qu\u1ea7y t\u01b0 v\u1ea5n \u0111\u1ec3 \u0111\u01b0\u1ee3c c\u1ea5p s\u1ed1 th\u1ee9 t\u1ef1 \u01b0u ti\u00ean.<\/p>\n<h4><strong>B\u01b0\u1edbc 2: L\u00e0m th\u1ee7 t\u1ee5c \u0111\u0103ng k\u00fd<\/strong><\/h4>\n<p>\u0110\u1ebfn qu\u1ea7y thu ng\u00e2n l\u00e0m th\u1ee7 t\u1ee5c kh\u00e1m b\u1ec7nh theo s\u1ed1 th\u1ee9 t\u1ef1 hi\u1ec3n th\u1ecb tr\u00ean m\u00e0n h\u00ecnh \u0111i\u1ec7n t\u1eed.<br \/>\nChu\u1ea9n b\u1ecb c\u00e1c gi\u1ea5y t\u1edd \u0111\u1ec3 l\u00e0m th\u1ee7 t\u1ee5c kh\u00e1m (CMND, s\u1ed5 kh\u00e1m b\u1ec7nh\/gi\u1ea5y chuy\u1ec3n vi\u1ec7n (n\u1ebfu c\u00f3)).<br \/>\nThanh to\u00e1n chi ph\u00ed kh\u00e1m b\u1ec7nh ho\u1eb7c d\u1ecbch v\u1ee5 kh\u00e1m ch\u1eefa b\u1ec7nh kh\u00e1c.<\/p>\n<h4><strong>B\u01b0\u1edbc 3: Th\u1ef1c hi\u1ec7n c\u00e1c x\u00e9t nghi\u1ec7m c\u1eadn l\u00e2m s\u00e0ng (n\u1ebfu c\u00f3)<\/strong><\/h4>\n<p>\u0110\u1ebfn c\u00e1c ph\u00f2ng x\u00e9t nghi\u1ec7m, \u0111o \u0111i\u1ec7n t\u00e2m \u0111\u1ed3, Xquang, si\u00eau \u00e2m tim, ch\u1ee5p CT\u2026 theo th\u1ee9 t\u1ef1 ghi tr\u00ean h\u00f3a \u0111\u01a1n v\u00e0 b\u1ea3ng ch\u1ec9 d\u1eabn.<br \/>\nN\u1ebfu kh\u00f4ng c\u00f3 ch\u1ec9 \u0111\u1ecbnh, th\u1ef1c hi\u1ec7n lu\u00f4n b\u01b0\u1edbc 4.<\/p>\n<h4><strong>B\u01b0\u1edbc 4: Kh\u00e1m b\u1ec7nh t\u1ea1i ph\u00f2ng kh\u00e1m theo s\u1ed1 th\u1ee9 t\u1ef1 tr\u00ean h\u00f3a \u0111\u01a1n<\/strong><\/h4>\n<p>\u0110\u1ebfn ph\u00f2ng kh\u00e1m theo s\u1ed1 ghi trong phi\u1ebfu kh\u00e1m v\u00e0 \u0111\u1ee3i \u0111\u1ebfn s\u1ed1 th\u1ee9 t\u1ef1 c\u1ee7a m\u00ecnh.<\/p>\n<h4><strong>B\u01b0\u1edbc 5: Mua thu\u1ed1c<\/strong><\/h4>\n<p>\u0110\u1ebfn nh\u00e0 thu\u1ed1c b\u1ec7nh vi\u1ec7n l\u00e0m th\u1ee7 t\u1ee5c c\u1ea5p thu\u1ed1c BHYT ho\u1eb7c mua thu\u1ed1c theo s\u1ed1 th\u1ee9 t\u1ef1 tr\u00ean toa thu\u1ed1c.<br \/>\nNh\u1eadn l\u1ea1i th\u1ebb BHYT (v\u1edbi ng\u01b0\u1eddi b\u1ec7nh c\u00f3 BHYT)<br \/>\n\u0110\u1ebfn qu\u1ea7y nh\u1eadn thu\u1ed1c theo s\u1ed1 th\u1ee9 t\u1ef1 c\u1ee7a m\u00ecnh.<\/p>\n<\/div><\/div><\/div><div class=\"rowItem col-md-6 col-sm-12 btTextLeft inherit btDoublePadding\"  ><div class=\"rowItemContent\" ><div class=\"btProgressBar animate btProgressBarFilledStyle\" ><div class=\"btProgressContent\"><div data-percentage=\"95\" class=\"btProgressAnim animate\" ><\/div><\/div><span>95%<\/span><\/div><header class=\"header btClear small  btNormalDash\" ><div class=\"dash\"><h4><span class=\"headline\">CHUY\u00caN M\u00d4N TH\u1ea8M M\u1ef8<\/span><\/h4><\/div><\/header><div class=\"btClear btSeparator topSmallSpaced noBorder\" ><hr><\/div><div class=\"btProgressBar animate btProgressBarFilledStyle\" ><div class=\"btProgressContent\"><div data-percentage=\"92\" class=\"btProgressAnim animate\" ><\/div><\/div><span>92%<\/span><\/div><header class=\"header btClear small  btNormalDash\" ><div class=\"dash\"><h4><span class=\"headline\">CHUY\u00caN M\u00d4N NH\u1ed4 &#8211; TR\u00c1M<\/span><\/h4><\/div><\/header><div class=\"btClear btSeparator topSmallSpaced noBorder\" ><hr><\/div><div class=\"btProgressBar animate btProgressBarFilledStyle\" ><div class=\"btProgressContent\"><div data-percentage=\"83\" class=\"btProgressAnim animate\" ><\/div><\/div><span>83%<\/span><\/div><header class=\"header btClear small  btNormalDash\" ><div class=\"dash\"><h4><span class=\"headline\">CHUY\u00caN M\u00d4N C\u1ea4Y GH\u00c9P &#8211; NI\u1ec0NG R\u0102NG<\/span><\/h4><\/div><\/header><\/div><\/div><\/div><\/div><\/div><\/div><\/div><\/section><section id=\"bt_section69e386875e7db\" data-parallax=\"0.5\" data-parallax-offset=\"0\" class=\"boldSection topSpaced gutter inherit btParallax wBackground cover\" style=\"background-image:url('https:\/\/demo.canhcam.com\/thiet-ke-website-benh-vien-3\/wp-content\/uploads\/2015\/11\/shutterstock_272306351.jpg');\"><div class=\"port\"><div class=\"boldCell\"><div class=\"boldCellInner\"><div class=\"boldRow  \" ><div class=\"boldRowInner\"><div class=\"rowItem col-md-8 col-ms-12 btTextLeft animate animate-fadein inherit\"  ><div class=\"rowItemContent\" ><div class=\"btClear btSeparator bottomSmallSpaced noBorder\" ><hr><\/div><div class=\"boldRow boldInnerRow  \" ><div class=\"rowItem rowInnerItem col-md-6  btTextLeft\"  ><div class=\"rowItemContent\"><div class=\"servicesItem  btIcoAccentColorIcon btIcoMediumSizeIcon  \"><div class=\"sIcon\"><span class=\"btIco btIcoMediumSize btIcoDefaultType btIcoAccentColor\" ><span  data-ico-cs=\"&#xe9e6;\" class=\"btIcoHolder\"><em><\/em><\/span><\/span><\/div><div class=\"sTxt\"><header class=\"header btClear small\" ><div class=\"dash\"><h4><span class=\"headline\">TH\u00d4NG TIN CHI PH\u00cd<\/span><\/h4><\/div><\/header><p>C\u00f4ng khai, r\u00f5 r\u00e0ng, ch\u1ea5p nh\u1eadn nhi\u1ec1u h\u00ecnh th\u1ee9c thanh to\u00e1n.<\/p><\/div><\/div><div class=\"btClear btSeparator bottomSemiSpaced noBorder\" ><hr><\/div><div class=\"servicesItem  btIcoAccentColorIcon btIcoMediumSizeIcon  \"><div class=\"sIcon\"><span class=\"btIco btIcoMediumSize btIcoDefaultType btIcoAccentColor\" ><span  data-ico-cs=\"&#xe9d7;\" class=\"btIcoHolder\"><em><\/em><\/span><\/span><\/div><div class=\"sTxt\"><header class=\"header btClear small\" ><div class=\"dash\"><h4><span class=\"headline\">C\u00d4NG NGH\u1ec6 NHA KHOA TI\u00caN TI\u1ebeN<\/span><\/h4><\/div><\/header><p>Ch\u00fang t\u00f4i c\u00f3 s\u1edf h\u1eefu nh\u1eefng c\u00f4ng ngh\u1ec7 hi\u1ec7n \u0111\u1ea1i t\u1eeb c\u00e1c t\u1eadp \u0111o\u00e0n nha khoa cao c\u1ea5p t\u1ea1i n\u01b0\u1edbc ngo\u00e0i, \u0111\u1eb7c bi\u1ec7t l\u00e0 c\u00e1c c\u00f4ng ngh\u1ec7 th\u1ea9m m\u1ef9 r\u0103ng s\u1ee9 tinh x\u1ea3o v\u00e0 cao c\u1ea5p, \u0111\u1ea3m b\u1ea3o ch\u1ea5t l\u01b0\u1ee3ng t\u1ed1t nh\u1ea5t cho kh\u00e1ch h\u00e0ng.<\/p><\/div><\/div><div class=\"btClear btSeparator bottomSemiSpaced noBorder\" ><hr><\/div><div class=\"servicesItem  btIcoAccentColorIcon btIcoMediumSizeIcon  \"><div class=\"sIcon\"><span class=\"btIco btIcoMediumSize btIcoDefaultType btIcoAccentColor\" ><span  data-ico-cs=\"&#xe9c9;\" class=\"btIcoHolder\"><em><\/em><\/span><\/span><\/div><div class=\"sTxt\"><header class=\"header btClear small\" ><div class=\"dash\"><h4><span class=\"headline\">\u0110\u1ed8I NG\u0168 CHUY\u00caN GIA NHA S\u0128 UY T\u00cdN<\/span><\/h4><\/div><\/header><p>Nha khoa CanhcamCare s\u1edf h\u1eefu \u0111\u1ed9i ng\u0169 nha s\u0129 chuy\u00ean ng\u00e0nh nhi\u1ec1u n\u0103m kinh nghi\u1ec7m v\u1edbi tr\u00ecnh \u0111\u1ed9 cao, \u0111\u01b0\u1ee3c \u0111\u00e0o t\u1ea1o t\u1ea1i nh\u1eefng tr\u01b0\u1eddng \u0110\u1ea1i H\u1ecdc l\u1edbn trong v\u00e0 ngo\u00e0i n\u01b0\u1edbc.<\/p><\/div><\/div><\/div><\/div><div class=\"rowItem rowInnerItem col-md-6  btTextLeft\"  ><div class=\"rowItemContent\"><div class=\"servicesItem  btIcoAccentColorIcon btIcoMediumSizeIcon  \"><div class=\"sIcon\"><span class=\"btIco btIcoMediumSize btIcoDefaultType btIcoAccentColor\" ><span  data-ico-cs=\"&#xe9e0;\" class=\"btIcoHolder\"><em><\/em><\/span><\/span><\/div><div class=\"sTxt\"><header class=\"header btClear small\" ><div class=\"dash\"><h4><span class=\"headline\">\u0110I\u1ec0U D\u01af\u1ee0NG T\u1eacN T\u00ccNH<\/span><\/h4><\/div><\/header><p>\u0110\u01b0\u1ee3c trang b\u1ecb k\u1ef9 c\u00e0ng v\u1ec1 ki\u1ebfn th\u1ee9c v\u00e0 k\u1ef9 n\u0103ng nghi\u1ec7p v\u1ee5, lu\u00f4n \u00e2n c\u1ea7n quan t\u00e2m, th\u00e1i \u0111\u1ed9 chuy\u00ean nghi\u1ec7p.<\/p><\/div><\/div><div class=\"btClear btSeparator bottomSemiSpaced noBorder\" ><hr><\/div><div class=\"servicesItem  btIcoAccentColorIcon btIcoMediumSizeIcon  \"><div class=\"sIcon\"><span class=\"btIco btIcoMediumSize btIcoDefaultType btIcoAccentColor\" ><span  data-ico-cs=\"&#xe9cc;\" class=\"btIcoHolder\"><em><\/em><\/span><\/span><\/div><div class=\"sTxt\"><header class=\"header btClear small\" ><div class=\"dash\"><h4><span class=\"headline\">B\u1ea2O H\u00c0NH \u2013 CH\u0102M S\u00d3C T\u1eacN T\u00c2M<\/span><\/h4><\/div><\/header><p>V\u1edbi nh\u1eefng c\u00f4ng ngh\u1ec7 l\u00e0m r\u0103ng hi\u1ec7n \u0111\u1ea1i v\u00e0 s\u1ef1 t\u1eadn t\u00e2m trong ph\u1ee5c v\u1ee5. NHA KHOA T\u00c2M NH\u1ea4T cam k\u1ebft an to\u00e0n v\u00e0 b\u1ea3o h\u00e0nh cho kh\u00e1ch h\u00e0ng khi l\u00e0m t\u1ea1i CanhcamCare.<\/p><\/div><\/div><div class=\"btClear btSeparator bottomSemiSpaced noBorder\" ><hr><\/div><div class=\"servicesItem  btIcoAccentColorIcon btIcoMediumSizeIcon  \"><div class=\"sIcon\"><span class=\"btIco btIcoMediumSize btIcoDefaultType btIcoAccentColor\" ><span  data-ico-cs=\"&#xe9dc;\" class=\"btIcoHolder\"><em><\/em><\/span><\/span><\/div><div class=\"sTxt\"><header class=\"header btClear small\" ><div class=\"dash\"><h4><span class=\"headline\">LU\u00d4N S\u1eb4N S\u00c0NG<\/span><\/h4><\/div><\/header><p>\u0110\u1ed9i ng\u0169 y b\u00e1c s\u0129 lu\u00f4n trong tr\u1ea1ng th\u00e1i s\u1eb5n s\u00e0ng tr\u01b0\u1edbc m\u1ecdi t\u00ecnh hu\u1ed1ng. T\u00e1c phong, thao t\u00e1c nhanh nh\u1eb9n, g\u1ecdn g\u00e0ng lu\u00f4n chu\u1ea9n b\u1ecb cho m\u1ecdi ca b\u1ec7nh.<\/p><\/div><\/div><\/div><\/div><\/div><\/div><\/div><div class=\"rowItem col-md-4 col-ms-12 btTextLeft animate animate-fadein animate-moveleft inherit\"  ><div class=\"rowItemContent\" ><div class=\"bpgPhoto btTextCenter\" ><div class=\"btImage\"><img src=\"https:\/\/demo.canhcam.com\/thiet-ke-website-benh-vien-3\/wp-content\/uploads\/2015\/12\/doctor-writing.png\" alt=\"\" title=\"\"><\/div><\/div><\/div><\/div><\/div><\/div><\/div><\/div><\/div><\/section>","protected":false},"excerpt":{"rendered":"","protected":false},"author":1,"featured_media":0,"parent":33,"menu_order":0,"comment_status":"closed","ping_status":"closed","template":"","meta":[],"_links":{"self":[{"href":"https:\/\/demo.canhcam.com\/thiet-ke-website-benh-vien-3\/wp-json\/wp\/v2\/pages\/38"}],"collection":[{"href":"https:\/\/demo.canhcam.com\/thiet-ke-website-benh-vien-3\/wp-json\/wp\/v2\/pages"}],"about":[{"href":"https:\/\/demo.canhcam.com\/thiet-ke-website-benh-vien-3\/wp-json\/wp\/v2\/types\/page"}],"author":[{"embeddable":true,"href":"https:\/\/demo.canhcam.com\/thiet-ke-website-benh-vien-3\/wp-json\/wp\/v2\/users\/1"}],"replies":[{"embeddable":true,"href":"https:\/\/demo.canhcam.com\/thiet-ke-website-benh-vien-3\/wp-json\/wp\/v2\/comments?post=38"}],"version-history":[{"count":3,"href":"https:\/\/demo.canhcam.com\/thiet-ke-website-benh-vien-3\/wp-json\/wp\/v2\/pages\/38\/revisions"}],"predecessor-version":[{"id":516,"href":"https:\/\/demo.canhcam.com\/thiet-ke-website-benh-vien-3\/wp-json\/wp\/v2\/pages\/38\/revisions\/516"}],"up":[{"embeddable":true,"href":"https:\/\/demo.canhcam.com\/thiet-ke-website-benh-vien-3\/wp-json\/wp\/v2\/pages\/33"}],"wp:attachment":[{"href":"https:\/\/demo.canhcam.com\/thiet-ke-website-benh-vien-3\/wp-json\/wp\/v2\/media?parent=38"}],"curies":[{"name":"wp","href":"https:\/\/api.w.org\/{rel}","templated":true}]}}