{"id":31,"date":"2015-12-24T10:11:03","date_gmt":"2015-12-24T10:11:03","guid":{"rendered":"http:\/\/medical.bold-themes.com\/dentist\/?page_id=31"},"modified":"2022-11-17T08:37:34","modified_gmt":"2022-11-17T08:37:34","slug":"contact-us","status":"publish","type":"page","link":"https:\/\/demo.canhcam.com\/thiet-ke-website-benh-vien-3\/about-us\/contact-us\/","title":{"rendered":"Contact us"},"content":{"rendered":"<section id=\"bt_section69e38bc05ad43\"  class=\"boldSection topSemiSpaced btDarkSkin gutter inherit wBackground cover btAccentColorBackground\" style=\"background-image:url('https:\/\/demo.canhcam.com\/thiet-ke-website-benh-vien-3\/wp-content\/uploads\/2015\/12\/bllurred-background.jpg');\"><div class=\"port\"><div class=\"boldCell\"><div class=\"boldCellInner\"><div class=\"boldRow  \" ><div class=\"boldRowInner\"><div class=\"rowItem col-md-9 col-ms-12  btTextLeft animate animate-fadein animate-moveleft inherit\"  ><div class=\"rowItemContent\" ><div class=\"btClear btSeparator topExtraSpaced bottomSmallSpaced noBorder\" ><hr><\/div><header class=\"header btClear extralarge btDash topDash  btNormalDash\" ><div class=\"dash\"><h1><span class=\"headline\">LI\u00caN H\u1ec6<\/span><\/h1><\/div><div class=\"btSubTitle\">N\u1ebfu c\u00f3 th\u1eafc m\u1eafc c\u1ea7n gi\u1ea3i \u0111\u00e1p, vui l\u00f2ng li\u00ean h\u1ec7 hotline CanhcamCare (028 6273 0815) \u0111\u1ec3 \u0111\u01b0\u1ee3c t\u01b0 v\u1ea5n k\u1ecbp th\u1eddi.<\/div><\/header><div class=\"btClear btSeparator topExtraSmallSpaced noBorder\" ><hr><\/div><a href=\"#\" class=\"btBtn btBtn btnFilledStyle btnAccentColor btnMedium btnNormalWidth btnRightPosition btnNoIcon\" ><span class=\"btnInnerText\">KH\u00c1CH H\u00c0NG<\/span><\/a><a href=\"#\" class=\"btBtn btBtn btnFilledStyle btnAlternateColor btnMedium btnNormalWidth btnRightPosition btnNoIcon\" ><span class=\"btnInnerText\">D\u1ecaCH V\u1ee4<\/span><\/a><div class=\"btClear btSeparator topSpaced noBorder\" ><hr><\/div><\/div><\/div><div class=\"rowItem col-md-3 col-sm-6 col-ms-12 btTextLeft\"  ><div class=\"rowItemContent\" ><\/div><\/div><\/div><\/div><\/div><\/div><\/div><\/section><section id=\"bt_section69e38bc05b142\"  class=\"boldSection gutter inherit\" style=\"margin-top: -6px;\"><div class=\"port\"><div class=\"boldCell\"><div class=\"boldCellInner\"><div class=\"boldRow  \" ><div class=\"boldRowInner\"><div class=\"rowItem col-md-3 col-sm-6 col-ms-12 btTextLeft inherit\" style=\"background-color: rgba(0, 179, 204, 1);\" ><div class=\"rowItemContent\" ><div class=\"btClear btSeparator topExtraSmallSpaced noBorder\" ><hr><\/div><\/div><\/div><div class=\"rowItem col-md-3 col-sm-6 col-ms-12 btTextLeft inherit\" style=\"background-color: rgba(0, 161, 190, 1);\" ><div class=\"rowItemContent\" ><div class=\"btClear btSeparator topExtraSmallSpaced noBorder\" ><hr><\/div><\/div><\/div><div class=\"rowItem col-md-3 col-sm-6 col-ms-12 btTextLeft inherit\" style=\"background-color: rgba(0, 135, 170, 1);\" ><div class=\"rowItemContent\" ><div class=\"btClear btSeparator topExtraSmallSpaced noBorder\" ><hr><\/div><\/div><\/div><div class=\"rowItem col-md-3 col-sm-6 col-ms-12 btTextLeft inherit\" style=\"background-color: rgba(0, 109, 149, 1);\" ><div class=\"rowItemContent\" ><div class=\"btClear btSeparator topExtraSmallSpaced noBorder\" ><hr><\/div><\/div><\/div><\/div><\/div><\/div><\/div><\/div><\/section><section id=\"bt_section69e38bc05b3c2\"  class=\"boldSection btDarkSkin inherit\" ><div class=\"port\"><div class=\"boldCell\"><div class=\"boldCellInner\"><div class=\"boldRow  \" ><div class=\"boldRowInner\"><div class=\"rowItem col-md-12 col-ms-12  btTextLeft\"  ><div class=\"rowItemContent\" >\r\n\t\t\t<div class=\"btGoogleMapsWrapper \" \"><div id=\"map_canvas69e38bc05b714\" style=\"height:500px;;\" class=\"btGmap\"><\/div><div class=\"btGoogleMapsContent\"><div class=\"btGoogleMapsWrap\"><span class=\"btInfoPaneToggler\"><\/span><div class=\"btClear btSeparator bottomSemiSpaced noBorder\" ><hr><\/div><header class=\"header btClear medium  btNormalDash\" ><div class=\"dash\"><h3><span class=\"headline\">TH\u1edcI GIAN L\u00c0M VI\u1ec6C<\/span><\/h3><\/div><\/header><div class=\"btClear btSeparator topExtraSmallSpaced noBorder\" ><hr><\/div><div class=\"btWorkingHours  \" ><div class=\"btWorkingHoursInner\"><div class=\"btWorkingHoursInnerRow\"><div class=\"btWorkingHoursInnerTitle\">Th\u1ee9 2 &#8211; Th\u1ee9 6<\/div><div class=\"btWorkingHoursInnerContent\">8:00 AM &#8211; 7:00 PM<\/div><\/div><div class=\"btWorkingHoursInnerRow\"><div class=\"btWorkingHoursInnerTitle\">Th\u1ee9 7 v\u00e0 Ch\u1ee7 Nh\u1eadt<\/div><div class=\"btWorkingHoursInnerContent\">\u0110\u00f3ng c\u1eeda<\/div><\/div><\/div><\/div><div class=\"btClear btSeparator topSemiSpaced noBorder\" ><hr><\/div><header class=\"header btClear medium  btNormalDash\" ><div class=\"dash\"><h3><span class=\"headline\">CHI TI\u1ebeT TH\u00d4NG TIN LI\u00caN H\u1ec6<\/span><\/h3><\/div><\/header><div class=\"btClear btSeparator topExtraSmallSpaced noBorder\" ><hr><\/div><div class=\"btIconImageRow\" ><span class=\"btIco btIcoDefaultType btIcoExtraSmallSize btIcoDefaultColor   \" ><a href=\"http:\/\/about-us\/contact-us\/\"  target = \"no_target\" data-ico-s7=\"&#xe638;\" class=\"btIcoHolder\"><em><\/em><span class=\"btIcoText\">Madison Avenue 7, NY, US<\/span><\/a><\/span><\/div><div class=\"btClear btSeparator topExtraSmallSpaced bottomExtraSmallSpaced noBorder\" ><hr><\/div><div class=\"btIconImageRow\" ><span class=\"btIco btIcoDefaultType btIcoExtraSmallSize btIcoDefaultColor   \" ><a href=\"mailto:office@dentalcare.com\"  target = \"no_target\" data-ico-s7=\"&#xe639;\" class=\"btIcoHolder\"><em><\/em><span class=\"btIcoText\">office@dentalcare.com<\/span><\/a><\/span><\/div><div class=\"btClear btSeparator topExtraSmallSpaced bottomExtraSmallSpaced noBorder\" ><hr><\/div><div class=\"btIconImageRow\" ><span class=\"btIco btIcoDefaultType btIcoExtraSmallSize btIcoDefaultColor   \" ><a href=\"tel:+080023367811\"  target = \"no_target\" data-ico-s7=\"&#xe670;\" class=\"btIcoHolder\"><em><\/em><span class=\"btIcoText\">+0800 2336 7811<\/span><\/a><\/span><\/div><div class=\"btClear btSeparator bottomSemiSpaced noBorder\" ><hr><\/div><\/div><\/div><\/div>\r\n\t\t\t<script type=\"text\/javascript\">\r\n\t\t\t\tjQuery( document ).ready(function() {\r\n\t\t\t\t\tbt_gmap_init( map_canvas69e38bc05b714, 40.751784, -73.938911, 12, \"https:\/\/demo.canhcam.com\/thiet-ke-website-benh-vien-3\/wp-content\/uploads\/2015\/11\/map-pin.png\", \"\", \"\", \"\", \"W3siZmVhdHVyZVR5cGUiOiJ3YXRlciIsInN0eWxlcnMiOlt7InNhdHVyYXRpb24iOjQzfSx7ImxpZ2h0bmVzcyI6LTExfSx7Imh1ZSI6IiMwMDg4ZmYifV19LHsiZmVhdHVyZVR5cGUiOiJyb2FkIiwiZWxlbWVudFR5cGUiOiJnZW9tZXRyeS5maWxsIiwic3R5bGVycyI6W3siaHVlIjoiI2ZmMDAwMCJ9LHsic2F0dXJhdGlvbiI6LTEwMH0seyJsaWdodG5lc3MiOjk5fV19LHsiZmVhdHVyZVR5cGUiOiJyb2FkIiwiZWxlbWVudFR5cGUiOiJnZW9tZXRyeS5zdHJva2UiLCJzdHlsZXJzIjpbeyJjb2xvciI6IiM4MDgwODAifSx7ImxpZ2h0bmVzcyI6NTR9XX0seyJmZWF0dXJlVHlwZSI6ImxhbmRzY2FwZS5tYW5fbWFkZSIsImVsZW1lbnRUeXBlIjoiZ2VvbWV0cnkuZmlsbCIsInN0eWxlcnMiOlt7ImNvbG9yIjoiI2VjZTJkOSJ9XX0seyJmZWF0dXJlVHlwZSI6InBvaS5wYXJrIiwiZWxlbWVudFR5cGUiOiJnZW9tZXRyeS5maWxsIiwic3R5bGVycyI6W3siY29sb3IiOiIjY2NkY2ExIn1dfSx7ImZlYXR1cmVUeXBlIjoicm9hZCIsImVsZW1lbnRUeXBlIjoibGFiZWxzLnRleHQuZmlsbCIsInN0eWxlcnMiOlt7ImNvbG9yIjoiIzc2NzY3NiJ9XX0seyJmZWF0dXJlVHlwZSI6InJvYWQiLCJlbGVtZW50VHlwZSI6ImxhYmVscy50ZXh0LnN0cm9rZSIsInN0eWxlcnMiOlt7ImNvbG9yIjoiI2ZmZmZmZiJ9XX0seyJmZWF0dXJlVHlwZSI6InBvaSIsInN0eWxlcnMiOlt7InZpc2liaWxpdHkiOiJvZmYifV19LHsiZmVhdHVyZVR5cGUiOiJsYW5kc2NhcGUubmF0dXJhbCIsImVsZW1lbnRUeXBlIjoiZ2VvbWV0cnkuZmlsbCIsInN0eWxlcnMiOlt7InZpc2liaWxpdHkiOiJvbiJ9LHsiY29sb3IiOiIjYjhjYjkzIn1dfSx7ImZlYXR1cmVUeXBlIjoicG9pLnBhcmsiLCJzdHlsZXJzIjpbeyJ2aXNpYmlsaXR5Ijoib24ifV19LHsiZmVhdHVyZVR5cGUiOiJwb2kuc3BvcnRzX2NvbXBsZXgiLCJzdHlsZXJzIjpbeyJ2aXNpYmlsaXR5Ijoib24ifV19LHsiZmVhdHVyZVR5cGUiOiJwb2kubWVkaWNhbCIsInN0eWxlcnMiOlt7InZpc2liaWxpdHkiOiJvbiJ9XX0seyJmZWF0dXJlVHlwZSI6InBvaS5idXNpbmVzcyIsInN0eWxlcnMiOlt7InZpc2liaWxpdHkiOiJzaW1wbGlmaWVkIn1dfV0=\" );\r\n\t\t\t\t\t});\t\r\n\t\t\t<\/script>\r\n\t\t\t<\/div><\/div><\/div><\/div><\/div><\/div><\/div><\/section><section id=\"bt_section69e38bc05c0b7\"  class=\"boldSection topSpaced bottomSpaced gutter inherit\" ><div class=\"port\"><div class=\"boldCell\"><div class=\"boldCellInner\"><div class=\"boldRow  \" ><div class=\"boldRowInner\"><div class=\"rowItem col-md-12 col-ms-12  btTextLeft animate animate-fadein animate-moveleft inherit btDoublePadding\"  ><div class=\"rowItemContent\" ><header class=\"header btClear large btDash topDash  btAccentDash\" ><div class=\"btSuperTitle\">B\u1ea1n c\u00f3 th\u1eafc m\u1eafc?<\/div><div class=\"dash\"><h2><span class=\"headline\">G\u1eecI CHO CH\u00daNG T\u00d4I!<\/span><\/h2><\/div><\/header><div class=\"btClear btSeparator bottomSemiSpaced noBorder\" ><hr><\/div><\/div><\/div><\/div><\/div><div class=\"boldRow  \" ><div class=\"boldRowInner\"><div class=\"rowItem btRightBorder col-md-8 col-ms-12 btTextLeft inherit btDoublePadding\"  ><div class=\"rowItemContent\" ><div class=\"btText\" ><div role=\"form\" class=\"wpcf7\" id=\"wpcf7-f6-o1\" lang=\"en-US\" dir=\"ltr\">\n<div class=\"screen-reader-response\"><p role=\"status\" aria-live=\"polite\" aria-atomic=\"true\"><\/p> <ul><\/ul><\/div>\n<form action=\"\/thiet-ke-website-benh-vien-3\/wp-json\/wp\/v2\/pages\/31#wpcf7-f6-o1\" method=\"post\" class=\"wpcf7-form init\" novalidate=\"novalidate\" data-status=\"init\">\n<div style=\"display: none;\">\n<input type=\"hidden\" name=\"_wpcf7\" value=\"6\" \/>\n<input type=\"hidden\" name=\"_wpcf7_version\" value=\"5.6.4\" \/>\n<input type=\"hidden\" name=\"_wpcf7_locale\" value=\"en_US\" \/>\n<input type=\"hidden\" name=\"_wpcf7_unit_tag\" value=\"wpcf7-f6-o1\" \/>\n<input type=\"hidden\" name=\"_wpcf7_container_post\" value=\"0\" \/>\n<input type=\"hidden\" name=\"_wpcf7_posted_data_hash\" value=\"\" \/>\n<\/div>\n<p>Nh\u1eadp t\u00ean c\u1ee7a b\u1ea1n (b\u1eaft bu\u1ed9c)<br \/>\n    <span class=\"wpcf7-form-control-wrap\" data-name=\"your-name\"><input type=\"text\" name=\"your-name\" value=\"\" size=\"40\" class=\"wpcf7-form-control wpcf7-text wpcf7-validates-as-required\" aria-required=\"true\" aria-invalid=\"false\" \/><\/span> <\/p>\n<p>Nh\u1eadp email c\u1ee7a b\u1ea1n (b\u1eaft bu\u1ed9c)<br \/>\n    <span class=\"wpcf7-form-control-wrap\" data-name=\"your-email\"><input type=\"email\" name=\"your-email\" value=\"\" size=\"40\" class=\"wpcf7-form-control wpcf7-text wpcf7-email wpcf7-validates-as-required wpcf7-validates-as-email\" aria-required=\"true\" aria-invalid=\"false\" \/><\/span> <\/p>\n<p>Ti\u00eau \u0111\u1ec1<br \/>\n    <span class=\"wpcf7-form-control-wrap\" data-name=\"your-subject\"><input type=\"text\" name=\"your-subject\" value=\"\" size=\"40\" class=\"wpcf7-form-control wpcf7-text\" aria-invalid=\"false\" \/><\/span> <\/p>\n<p>L\u1eddi nh\u1eafn<br \/>\n    <span class=\"wpcf7-form-control-wrap\" data-name=\"your-message\"><textarea name=\"your-message\" cols=\"40\" rows=\"10\" class=\"wpcf7-form-control wpcf7-textarea\" aria-invalid=\"false\"><\/textarea><\/span> <\/p>\n<p><input type=\"submit\" value=\"G\u1eecI\" class=\"wpcf7-form-control has-spinner wpcf7-submit\" \/><\/p>\n<div class=\"wpcf7-response-output\" aria-hidden=\"true\"><\/div><\/form><\/div><\/div><\/div><\/div><div class=\"rowItem col-md-4 col-ms-12 btTextLeft animate animate-fadein inherit btDoublePadding\"  ><div class=\"rowItemContent\" ><div class=\"btClear btSeparator bottomSmallSpaced noBorder\" ><hr><\/div><div class=\"servicesItem  btIcoAccentColorIcon btIcoMediumSizeIcon  \"><div class=\"sIcon\"><span class=\"btIco btIcoMediumSize btIcoDefaultType btIcoAccentColor\" ><span  data-ico-cs=\"&#xe99c;\" class=\"btIcoHolder\"><em><\/em><\/span><\/span><\/div><div class=\"sTxt\"><header class=\"header btClear small\" ><div class=\"dash\"><h4><span class=\"headline\">HOTLINE<\/span><\/h4><\/div><\/header><p>Mi\u1ec5n ph\u00ed 24\/7<br\/>028 6273 0815<\/p><\/div><\/div><div class=\"btClear btSeparator bottomSemiSpaced noBorder\" ><hr><\/div><div class=\"servicesItem  btIcoAccentColorIcon btIcoMediumSizeIcon  \"><div class=\"sIcon\"><span class=\"btIco btIcoMediumSize btIcoDefaultType btIcoAccentColor\" ><span  data-ico-cs=\"&#xe9d2;\" class=\"btIcoHolder\"><em><\/em><\/span><\/span><\/div><div class=\"sTxt\"><header class=\"header btClear small\" ><div class=\"dash\"><h4><span class=\"headline\">CH\u0102M S\u00d3C T\u1eacN N\u01a0I<\/span><\/h4><\/div><\/header><p>Cu\u1ed9c g\u1ecdi t\u00ednh ph\u00ed 24\/7<br\/>028 6273 0815<\/p><\/div><\/div><div class=\"btClear btSeparator bottomSemiSpaced noBorder\" ><hr><\/div><div class=\"servicesItem  btIcoAccentColorIcon btIcoMediumSizeIcon  \"><div class=\"sIcon\"><span class=\"btIco btIcoMediumSize btIcoDefaultType btIcoAccentColor\" ><span  data-ico-cs=\"&#xe942;\" class=\"btIcoHolder\"><em><\/em><\/span><\/span><\/div><div class=\"sTxt\"><header class=\"header btClear small\" ><div class=\"dash\"><h4><span class=\"headline\">C\u1ea4P C\u1ee8U<\/span><\/h4><\/div><\/header><p>028 6273 0815<\/p><\/div><\/div><\/div><\/div><\/div><\/div><\/div><\/div><\/div><\/section>","protected":false},"excerpt":{"rendered":"","protected":false},"author":1,"featured_media":0,"parent":25,"menu_order":0,"comment_status":"closed","ping_status":"closed","template":"","meta":[],"_links":{"self":[{"href":"https:\/\/demo.canhcam.com\/thiet-ke-website-benh-vien-3\/wp-json\/wp\/v2\/pages\/31"}],"collection":[{"href":"https:\/\/demo.canhcam.com\/thiet-ke-website-benh-vien-3\/wp-json\/wp\/v2\/pages"}],"about":[{"href":"https:\/\/demo.canhcam.com\/thiet-ke-website-benh-vien-3\/wp-json\/wp\/v2\/types\/page"}],"author":[{"embeddable":true,"href":"https:\/\/demo.canhcam.com\/thiet-ke-website-benh-vien-3\/wp-json\/wp\/v2\/users\/1"}],"replies":[{"embeddable":true,"href":"https:\/\/demo.canhcam.com\/thiet-ke-website-benh-vien-3\/wp-json\/wp\/v2\/comments?post=31"}],"version-history":[{"count":1,"href":"https:\/\/demo.canhcam.com\/thiet-ke-website-benh-vien-3\/wp-json\/wp\/v2\/pages\/31\/revisions"}],"predecessor-version":[{"id":506,"href":"https:\/\/demo.canhcam.com\/thiet-ke-website-benh-vien-3\/wp-json\/wp\/v2\/pages\/31\/revisions\/506"}],"up":[{"embeddable":true,"href":"https:\/\/demo.canhcam.com\/thiet-ke-website-benh-vien-3\/wp-json\/wp\/v2\/pages\/25"}],"wp:attachment":[{"href":"https:\/\/demo.canhcam.com\/thiet-ke-website-benh-vien-3\/wp-json\/wp\/v2\/media?parent=31"}],"curies":[{"name":"wp","href":"https:\/\/api.w.org\/{rel}","templated":true}]}}