{"id":816,"date":"2015-12-17T09:36:47","date_gmt":"2015-12-17T09:36:47","guid":{"rendered":"http:\/\/medical.bold-themes.com\/clinic\/cart\/"},"modified":"2022-11-16T18:18:44","modified_gmt":"2022-11-16T18:18:44","slug":"cart","status":"publish","type":"page","link":"https:\/\/demo.canhcam.com\/thiet-ke-website-benh-vien-2\/shop\/cart\/","title":{"rendered":"Cart"},"content":{"rendered":"<section id=\"bt_section69e61010069f0\"  class=\"boldSection btDivider topSemiSpaced bottomSemiSpaced btDarkSkin gutter inherit wBackground cover\" style=\"background-color:#0da8bc;background-image:url('https:\/\/demo.canhcam.com\/thiet-ke-website-benh-vien-2\/wp-content\/uploads\/2018\/03\/bgn-surgery-01.jpg');\"><div class=\"port\"><div class=\"boldCell\"><div class=\"boldCellInner\"><div class=\"boldRow  \" ><div class=\"boldRowInner\"><div class=\"rowItem col-md-8 col-ms-12 btTextLeft animate animate-fadein animate-moveleft inherit\"  ><div class=\"rowItemContent\" ><div class=\"btClear btSeparator topExtraSmallSpaced bottomExtraSmallSpaced noBorder\" ><hr><\/div><header class=\"header btClear extralarge btDash bottomDash  btAlternateDash\" ><div class=\"dash\"><h1><span class=\"headline\">Gi\u1ecf h\u00e0ng<\/span><\/h1><\/div><div class=\"btSubTitle\">N\u1ebfu c\u00f3 th\u1eafc m\u1eafc c\u1ea7n gi\u1ea3i \u0111\u00e1p, vui l\u00f2ng li\u00ean h\u1ec7 hotline CanhcamCare (028 6273 0815) \u0111\u1ec3 \u0111\u01b0\u1ee3c t\u01b0 v\u1ea5n k\u1ecbp th\u1eddi.<\/div><\/header><\/div><\/div><div class=\"rowItem col-md-4 col-ms-12 btTextLeft\"  ><div class=\"rowItemContent\" ><\/div><\/div><\/div><\/div><\/div><\/div><\/div><\/section><section id=\"bt_section69e6101006eaa\"  class=\"boldSection topSpaced bottomExtraSpaced gutter inherit\" ><div class=\"port\"><div class=\"boldCell\"><div class=\"boldCellInner\"><div class=\"boldRow  \" ><div class=\"boldRowInner\"><div class=\"rowItem col-md-12 col-ms-12  btTextLeft inherit\"  ><div class=\"rowItemContent\" ><div class=\"btText\" ><\/div><\/div><\/div><\/div><\/div><\/div><\/div><\/div><\/section>","protected":false},"excerpt":{"rendered":"","protected":false},"author":1,"featured_media":0,"parent":322,"menu_order":0,"comment_status":"closed","ping_status":"closed","template":"","meta":[],"_links":{"self":[{"href":"https:\/\/demo.canhcam.com\/thiet-ke-website-benh-vien-2\/wp-json\/wp\/v2\/pages\/816"}],"collection":[{"href":"https:\/\/demo.canhcam.com\/thiet-ke-website-benh-vien-2\/wp-json\/wp\/v2\/pages"}],"about":[{"href":"https:\/\/demo.canhcam.com\/thiet-ke-website-benh-vien-2\/wp-json\/wp\/v2\/types\/page"}],"author":[{"embeddable":true,"href":"https:\/\/demo.canhcam.com\/thiet-ke-website-benh-vien-2\/wp-json\/wp\/v2\/users\/1"}],"replies":[{"embeddable":true,"href":"https:\/\/demo.canhcam.com\/thiet-ke-website-benh-vien-2\/wp-json\/wp\/v2\/comments?post=816"}],"version-history":[{"count":1,"href":"https:\/\/demo.canhcam.com\/thiet-ke-website-benh-vien-2\/wp-json\/wp\/v2\/pages\/816\/revisions"}],"predecessor-version":[{"id":1929,"href":"https:\/\/demo.canhcam.com\/thiet-ke-website-benh-vien-2\/wp-json\/wp\/v2\/pages\/816\/revisions\/1929"}],"up":[{"embeddable":true,"href":"https:\/\/demo.canhcam.com\/thiet-ke-website-benh-vien-2\/wp-json\/wp\/v2\/pages\/322"}],"wp:attachment":[{"href":"https:\/\/demo.canhcam.com\/thiet-ke-website-benh-vien-2\/wp-json\/wp\/v2\/media?parent=816"}],"curies":[{"name":"wp","href":"https:\/\/api.w.org\/{rel}","templated":true}]}}