{"id":314,"date":"2015-12-02T09:21:37","date_gmt":"2015-12-02T09:21:37","guid":{"rendered":"http:\/\/medical.bold-themes.com\/clinic\/?page_id=314"},"modified":"2022-11-16T09:44:12","modified_gmt":"2022-11-16T09:44:12","slug":"pricing","status":"publish","type":"page","link":"https:\/\/demo.canhcam.com\/thiet-ke-website-benh-vien-2\/pricing\/","title":{"rendered":"Pricing"},"content":{"rendered":"<section id=\"bt_section69e60fcb533af\"  class=\"boldSection btDivider topSemiSpaced bottomSemiSpaced btDarkSkin gutter inherit wBackground cover\" style=\"background-color:#0da8bc;background-image:url('https:\/\/demo.canhcam.com\/thiet-ke-website-benh-vien-2\/wp-content\/uploads\/2018\/03\/bgn-surgery-04.jpg');\"><div class=\"port\"><div class=\"boldCell\"><div class=\"boldCellInner\"><div class=\"boldRow  \" ><div class=\"boldRowInner\"><div class=\"rowItem col-md-8 col-ms-12 btTextLeft animate animate-fadein animate-moveleft inherit\"  ><div class=\"rowItemContent\" ><div class=\"btClear btSeparator topExtraSmallSpaced bottomExtraSmallSpaced noBorder\" ><hr><\/div><header class=\"header btClear extralarge btDash bottomDash  btAlternateDash\" ><div class=\"btSuperTitle\">Chi ph\u00ed<\/div><div class=\"dash\"><h1><span class=\"headline\">C\u00e1c g\u00f3i d\u1ecbch v\u1ee5<\/span><\/h1><\/div><div class=\"btSubTitle\">\u0110\u1ec3 ti\u1ec7n l\u1ee3i h\u01a1n trong vi\u1ec7c kh\u00e1m, ch\u1eefa b\u1ec7nh v\u00e0 ch\u0103m s\u00f3c s\u1ee9c kho\u1ebb, ch\u00fang t\u00f4i \u0111\u00e3 k\u1ebft h\u1ee3p c\u00e1c qu\u00e1 tr\u00ecnh t\u01b0 v\u1ea5n &#8211; kh\u00e1m ch\u1eefa b\u1ec7nh v\u1edbi nhau. V\u1edbi c\u00e1c g\u00f3i n\u00e0y, b\u1ea1n s\u1ebd ti\u1ebft ki\u1ec7m th\u1eddi gian v\u00e0 c\u00f4ng s\u1ee9c, ch\u1ec9 c\u1ea7n ch\u1ecdn g\u00f3i v\u00e0 \u0111\u1eb7t l\u1ecbch h\u1eb9n!<\/div><\/header><\/div><\/div><div class=\"rowItem col-md-4 col-ms-12 btTextLeft\"  ><div class=\"rowItemContent\" ><\/div><\/div><\/div><\/div><\/div><\/div><\/div><\/section><section id=\"bt_section69e60fcb53903\"  class=\"boldSection topSpaced bottomSpaced gutter inherit\" ><div class=\"port\"><div class=\"boldCell\"><div class=\"boldCellInner\"><div class=\"boldRow  \" ><div class=\"boldRowInner\"><div class=\"rowItem col-md-8 col-ms-12 btTextLeft animate animate-fadein animate-moveleft inherit\"  ><div class=\"rowItemContent\" ><header class=\"header btClear extralarge btDash bottomDash  btAccentDash\" ><div class=\"btSuperTitle\">Chi ph\u00ed h\u1ee3p l\u00fd<\/div><div class=\"dash\"><h1><span class=\"headline\">Tham kh\u1ea3o\r<br><strong class=\"animate\">c\u00e1c g\u00f3i n\u1ed5i b\u1eadt<\/strong><\/span><\/h1><\/div><div class=\"btSubTitle\">C\u00e1c g\u00f3i c\u00f3 thay \u0111\u1ed5i tu\u1ef3 thu\u1ed9c v\u00e0o th\u1eddi gian, ch\u00ednh s\u00e1ch v\u00e0 ch\u01b0\u01a1ng tr\u00ecnh \u01b0u \u0111\u00e3i c\u1ee7a ch\u00fang t\u00f4i<\/div><\/header><div class=\"btClear btSeparator bottomSemiSpaced noBorder\" ><hr><\/div><\/div><\/div><div class=\"rowItem col-md-4 col-ms-12 btTextLeft\"  ><div class=\"rowItemContent\" ><\/div><\/div><\/div><\/div><div class=\"boldRow  \" ><div class=\"boldRowInner\"><div class=\"rowItem col-md-12 col-ms-12  btTextLeft animate animate-fadein animate-moveleft inherit\"  ><div class=\"rowItemContent\" ><div class=\"btText\" ><div class=\"servicesItem btIcoAccentColorIcon btIcoMediumSizeIcon \">\n<div class=\"sTxt\">\n<p>T\u1ea1i CanhcamCare, kh\u00e1ch h\u00e0ng lu\u00f4n l\u00e0 ng\u01b0\u1eddi \u0111\u01b0\u1ee3c \u01b0u ti\u00ean cao nh\u1ea5t. M\u1ecdi nhu c\u1ea7u, th\u1eafc m\u1eafc, t\u00ecnh tr\u1ea1ng c\u1ee7a qu\u00fd kh\u00e1ch \u0111\u1ec1 \u0111\u01b0\u1ee3c ch\u00fang t\u00f4i \u0111\u1eb7t l\u00ean h\u00e0ng \u0111\u1ea7u.<\/p>\n<\/div>\n<\/div>\n<\/div><div class=\"btClear btSeparator bottomSemiSpaced noBorder\" ><hr><\/div><\/div><\/div><\/div><\/div><div class=\"boldRow  \" ><div class=\"boldRowInner\"><div class=\"rowItem col-md-4 col-ms-12 btTextCenter animate animate-fadein inherit\"  ><div class=\"rowItemContent\" ><div class=\"btPriceTable  \" ><div class=\"btPriceTableHeader btDarkSkin\"><header class=\"header btClear large btDash topDash\" ><div class=\"btSuperTitle\">G\u00d3I T\u1ed4NG QU\u00c1T<\/div><div class=\"dash\"><h2><span class=\"headline\"><span class=\"btPriceTableCurrency\">$<\/span>150<\/span><\/h2><\/div><div class=\"btSubTitle\">Ki\u1ec3m tra t\u1ed5ng qu\u00e1t<\/div><\/header><\/div><!-- \/ptHeader -->\r\n\t\t\t<ul><li>Kh\u00e1m s\u00e0ng l\u1ecdc<span>20$\r<\/span><\/li><li>T\u01b0 v\u1ea5n<span>120$\r<\/span><\/li><li>X\u00e9t nghi\u1ec7m t\u1ed5ng qu\u00e1t<span>80$\r<\/span><\/li><li>\u0110\u01a1n thu\u1ed1c<span>40$\r<\/span><\/li><li>&#8211;\r<\/li><li>&#8211;<\/li><\/ul>\r\n\t\t<\/div><div class=\"btClear btSeparator bottomSmallSpaced noBorder\" ><hr><\/div><a href=\"#\" class=\"btBtn btBtn btnOutlineStyle btnAlternateColor btnMedium btnNormalWidth btnRightPosition btnIco\" style=\"margin-bottom: -30px;\"><span class=\"btnInnerText\">\u0110\u0103ng k\u00fd<\/span><span class=\"btIco \" ><span  data-ico-fa=\"&#xf105;\" class=\"btIcoHolder\"><em><\/em><\/span><\/span><\/a><\/div><\/div><div class=\"rowItem col-md-4 col-ms-12 btTextCenter animate animate-fadein inherit\"  ><div class=\"rowItemContent\" ><div class=\"btPriceTable  \" style=\"box-shadow: 0 0 0 2px #0da8bc;\"><div class=\"btPriceTableHeader btDarkSkin\"><div class=\"btPriceTableSticker\"><div><div>You save 180$<\/div><\/div><\/div><header class=\"header btClear large btDash topDash\" ><div class=\"btSuperTitle\">G\u00d3I C\u01a0 B\u1ea2N<\/div><div class=\"dash\"><h2><span class=\"headline\"><span class=\"btPriceTableCurrency\">$<\/span>250<\/span><\/h2><\/div><div class=\"btSubTitle\">Ch\u0103m s\u00f3c &#8211; T\u01b0 v\u1ea5n<\/div><\/header><\/div><!-- \/ptHeader -->\r\n\t\t\t<ul><li>Kh\u00e1m s\u00e0ng l\u1ecdc<span>20$\r<\/span><\/li><li>T\u01b0 v\u1ea5n<span>120$\r<\/span><\/li><li>X\u00e9t nghi\u1ec7m t\u1ed5ng qu\u00e1t<span>80$\r<\/span><\/li><li>\u0110\u01a1n thu\u1ed1c<span>40$\r<\/span><\/li><li>T\u00e1i kh\u00e1m \u0111\u1ecbnh k\u1ef3<span>400$\r<\/span><\/li><li>&#8211;<\/li><\/ul>\r\n\t\t<\/div><div class=\"btClear btSeparator bottomSmallSpaced noBorder\" ><hr><\/div><a href=\"#\" class=\"btBtn btBtn btnFilledStyle btnAccentColor btnMedium btnNormalWidth btnRightPosition btnIco\" style=\"margin-bottom: -30px;\"><span class=\"btnInnerText\">\u0110\u0103ng k\u00fd<\/span><span class=\"btIco \" ><span  data-ico-fa=\"&#xf105;\" class=\"btIcoHolder\"><em><\/em><\/span><\/span><\/a><\/div><\/div><div class=\"rowItem col-md-4 col-ms-12 btTextCenter animate animate-fadein inherit\"  ><div class=\"rowItemContent\" ><div class=\"btPriceTable  \" ><div class=\"btPriceTableHeader btDarkSkin\"><div class=\"btPriceTableSticker\"><div><div>NEW<\/div><\/div><\/div><header class=\"header btClear large btDash topDash\" ><div class=\"btSuperTitle\">G\u00d3I CHUY\u00caN S\u00c2U<\/div><div class=\"dash\"><h2><span class=\"headline\"><span class=\"btPriceTableCurrency\">$<\/span>650<\/span><\/h2><\/div><div class=\"btSubTitle\">Ch\u0103m s\u00f3c c\u00e1 nh\u00e2n<\/div><\/header><\/div><!-- \/ptHeader -->\r\n\t\t\t<ul><li>Kh\u00e1m s\u00e0ng l\u1ecdc<span>20$\r<\/span><\/li><li>T\u01b0 v\u1ea5n<span>120$\r<\/span><\/li><li>X\u00e9t nghi\u1ec7m t\u1ed5ng qu\u00e1t<span>80$\r<\/span><\/li><li>\u0110\u01a1n thu\u1ed1c<span>40$\r<\/span><\/li><li>B\u00e1c s\u0129 c\u00e1 nh\u00e2n<span>400$\r<\/span><\/li><li>H\u1ed7 tr\u1ee3 24\/7<span>400$<\/span><\/li><\/ul>\r\n\t\t<\/div><div class=\"btClear btSeparator bottomSmallSpaced noBorder\" ><hr><\/div><a href=\"#\" class=\"btBtn btBtn btnOutlineStyle btnAlternateColor btnMedium btnNormalWidth btnRightPosition btnIco\" style=\"margin-bottom: -30px;\"><span class=\"btnInnerText\">\u0110\u0103ng k\u00fd<\/span><span class=\"btIco \" ><span  data-ico-fa=\"&#xf105;\" class=\"btIcoHolder\"><em><\/em><\/span><\/span><\/a><\/div><\/div><\/div><\/div><\/div><\/div><\/div><\/section><section id=\"bt_section69e60fcb57c3e\"  class=\"boldSection topSpaced bottomSpaced btDarkSkin gutter inherit wBackground cover\" style=\"background-color:#f95759;background-image:url('https:\/\/demo.canhcam.com\/thiet-ke-website-benh-vien-2\/wp-content\/uploads\/2018\/03\/bgn-surgery-12.jpg');\"><div class=\"port\"><div class=\"boldCell\"><div class=\"boldCellInner\"><div class=\"boldRow  \" ><div class=\"boldRowInner\"><div class=\"rowItem col-md-8 col-ms-12 btTextLeft animate animate-fadein inherit\"  ><div class=\"rowItemContent\" ><header class=\"header btClear extralarge btDash bottomDash  btAccentDash\" ><div class=\"btSuperTitle\">B\u1ea1n s\u1ebd nh\u1eadn \u0111\u01b0\u1ee3c<\/div><div class=\"dash\"><h1><span class=\"headline\">D\u1ecbch v\u1ee5 y t\u1ebf\r<br>chuy\u00ean nghi\u1ec7p \u2013 uy t\u00edn<\/span><\/h1><\/div><div class=\"btSubTitle\">V\u1edbi ch\u00fang t\u00f4i, kh\u00e1ch h\u00e0ng lu\u00f4n l\u00e0 ng\u01b0\u1eddi \u0111\u01b0\u1ee3c \u01b0u ti\u00ean cao nh\u1ea5t. M\u1ecdi nhu c\u1ea7u, th\u1eafc m\u1eafc, t\u00ecnh tr\u1ea1ng c\u1ee7a qu\u00fd kh\u00e1ch \u0111\u1ec1 \u0111\u01b0\u1ee3c ch\u00fang t\u00f4i \u0111\u1eb7t l\u00ean h\u00e0ng \u0111\u1ea7u.<\/div><\/header><div class=\"btClear btSeparator bottomSemiSpaced noBorder\" ><hr><\/div><\/div><\/div><div class=\"rowItem col-md-4 col-ms-12 btTextLeft\"  ><div class=\"rowItemContent\" ><\/div><\/div><\/div><\/div><div class=\"boldRow  \" ><div class=\"boldRowInner\"><div class=\"rowItem col-md-12 col-ms-12  btTextLeft animate animate-fadein inherit\"  ><div class=\"rowItemContent\" ><div class=\"boldRow boldInnerRow  \" ><div class=\"rowItem rowInnerItem col-md-4  btTextLeft\"  ><div class=\"rowItemContent\"><div class=\"servicesItem  btIcoAccentColorIcon btIcoBigSizeIcon  \"><div class=\"sIcon\"><span class=\"btIco btIcoBigSize btIcoFilledType btIcoAccentColor\" ><span  data-ico-ms=\"&#xe97d;\" class=\"btIcoHolder\"><em><\/em><\/span><\/span><\/div><div class=\"sTxt\"><header class=\"header btClear small\" ><div class=\"dash\"><h4><span class=\"headline\">B\u00e1c s\u0129 ph\u1eabu thu\u1eadt tay ngh\u1ec1 cao<\/span><\/h4><\/div><\/header><p>C\u00e1c b\u00e1c s\u0129 c\u00f3 tay ngh\u1ec1 cao, nhi\u1ec1u n\u0103m kinh nghi\u1ec7m t\u1ea1i c\u00e1c b\u1ec7nh vi\u1ec7n l\u1edbn, t\u1eebng th\u1ef1c hi\u1ec7n th\u00e0nh c\u00f4ng nhi\u1ec1u ca ph\u1eabu thu\u1eadt kh\u00f3.<\/p><\/div><\/div><div class=\"btClear btSeparator bottomSemiSpaced noBorder\" ><hr><\/div><\/div><\/div><div class=\"rowItem rowInnerItem col-md-4  btTextLeft\"  ><div class=\"rowItemContent\"><div class=\"servicesItem  btIcoAccentColorIcon btIcoBigSizeIcon  \"><div class=\"sIcon\"><span class=\"btIco btIcoBigSize btIcoFilledType btIcoAccentColor\" ><span  data-ico-md=\"&#xe91c;\" class=\"btIcoHolder\"><em><\/em><\/span><\/span><\/div><div class=\"sTxt\"><header class=\"header btClear small\" ><div class=\"dash\"><h4><span class=\"headline\">Trang thi\u1ebft b\u1ecb hi\u1ec7n \u0111\u1ea1i<\/span><\/h4><\/div><\/header><p>Lu\u00f4n n\u00e2ng c\u1ea5p c\u00e1c m\u00e1y m\u00f3c, thi\u1ebft b\u1ecb theo ti\u00eau chu\u1ea9n m\u1edbi nh\u1ea5t c\u1ee7a qu\u1ed1c t\u1ebf. L\u00e0 n\u01a1i \u0111i \u0111\u1ea7u v\u1ec1 trang thi\u1ebft b\u1ecb t\u1ed1i t\u00e2n.<\/p><\/div><\/div><div class=\"btClear btSeparator bottomSemiSpaced noBorder\" ><hr><\/div><\/div><\/div><div class=\"rowItem rowInnerItem col-md-4  btTextLeft\"  ><div class=\"rowItemContent\"><div class=\"servicesItem  btIcoAccentColorIcon btIcoBigSizeIcon  \"><div class=\"sIcon\"><span class=\"btIco btIcoBigSize btIcoFilledType btIcoAccentColor\" ><span  data-ico-hs=\"&#xe910;\" class=\"btIcoHolder\"><em><\/em><\/span><\/span><\/div><div class=\"sTxt\"><header class=\"header btClear small\" ><div class=\"dash\"><h4><span class=\"headline\">Th\u0103m kh\u00e1m t\u1eadn n\u01a1i<\/span><\/h4><\/div><\/header><p>D\u1ecbch v\u1ee5 y t\u1ebf c\u00e1 nh\u00e2n, cho ph\u00e9p b\u1ea1n b\u1ea3o m\u1eadt quy\u1ec1n ri\u00eang t\u01b0 v\u00e0 nh\u1eadn \u0111\u01b0\u1ee3c d\u1ecbch v\u1ee5 ch\u1eefa tr\u1ecb theo ph\u00e1c \u0111\u1ed3 c\u00e1 nh\u00e2n t\u1eeb b\u00e1c s\u0129.<\/p><\/div><\/div><div class=\"btClear btSeparator bottomSemiSpaced noBorder\" ><hr><\/div><\/div><\/div><\/div><div class=\"boldRow boldInnerRow  \" ><div class=\"rowItem rowInnerItem col-md-12  btTextLeft\"  ><div class=\"rowItemContent\"><div class=\"btClear btSeparator bottomSemiSpaced border bt_bb_hidden_xs bt_bb_hidden_ms bt_bb_hidden_sm\" ><hr><\/div><\/div><\/div><\/div><div class=\"boldRow boldInnerRow  \" ><div class=\"rowItem rowInnerItem col-md-4  btTextLeft\"  ><div class=\"rowItemContent\"><div class=\"servicesItem  btIcoAccentColorIcon btIcoBigSizeIcon  \"><div class=\"sIcon\"><span class=\"btIco btIcoBigSize btIcoFilledType btIcoAccentColor\" ><span  data-ico-tw=\"&#xe914;\" class=\"btIcoHolder\"><em><\/em><\/span><\/span><\/div><div class=\"sTxt\"><header class=\"header btClear small\" ><div class=\"dash\"><h4><span class=\"headline\">\u0110i\u1ec1u d\u01b0\u1ee1ng t\u1eadn t\u00ecnh<\/span><\/h4><\/div><\/header><p>\u0110\u01b0\u1ee3c trang b\u1ecb k\u1ef9 c\u00e0ng v\u1ec1 ki\u1ebfn th\u1ee9c v\u00e0 k\u1ef9 n\u0103ng nghi\u1ec7p v\u1ee5, lu\u00f4n \u00e2n c\u1ea7n quan t\u00e2m, th\u00e1i \u0111\u1ed9 chuy\u00ean nghi\u1ec7p.<\/p><\/div><\/div><div class=\"btClear btSeparator bottomSemiSpaced noBorder\" ><hr><\/div><\/div><\/div><div class=\"rowItem rowInnerItem col-md-4  btTextLeft\"  ><div class=\"rowItemContent\"><div class=\"servicesItem  btIcoAccentColorIcon btIcoBigSizeIcon  \"><div class=\"sIcon\"><span class=\"btIco btIcoBigSize btIcoFilledType btIcoAccentColor\" ><span  data-ico-hs=\"&#xe901;\" class=\"btIcoHolder\"><em><\/em><\/span><\/span><\/div><div class=\"sTxt\"><header class=\"header btClear small\" ><div class=\"dash\"><h4><span class=\"headline\">D\u1ecbch v\u1ee5 c\u1ea5p c\u1ee9u<\/span><\/h4><\/div><\/header><p>Lu\u00f4n \u0111\u1ea3m b\u1ea3o c\u00f3 m\u1eb7t k\u1ecbp th\u1eddi t\u1ea1i c\u00e1c tr\u01b0\u1eddng h\u1ee3p c\u00f3 tai n\u1ea1n x\u1ea3y ra. Nhanh ch\u00f3ng, kh\u1ea9n c\u1ea5p, x\u1eed l\u00fd chuy\u00ean nghi\u1ec7p.<\/p><\/div><\/div><div class=\"btClear btSeparator bottomSemiSpaced noBorder\" ><hr><\/div><\/div><\/div><div class=\"rowItem rowInnerItem col-md-4  btTextLeft\"  ><div class=\"rowItemContent\"><div class=\"servicesItem  btIcoAccentColorIcon btIcoBigSizeIcon  \"><div class=\"sIcon\"><span class=\"btIco btIcoBigSize btIcoFilledType btIcoAccentColor\" ><span  data-ico-hs=\"&#xe913;\" class=\"btIcoHolder\"><em><\/em><\/span><\/span><\/div><div class=\"sTxt\"><header class=\"header btClear small\" ><div class=\"dash\"><h4><span class=\"headline\">Lu\u00f4n s\u1eb5n s\u00e0ng<\/span><\/h4><\/div><\/header><p>\u0110\u1ed9i ng\u0169 y b\u00e1c s\u0129 lu\u00f4n trong tr\u1ea1ng th\u00e1i s\u1eb5n s\u00e0ng tr\u01b0\u1edbc m\u1ecdi t\u00ecnh hu\u1ed1ng. T\u00e1c phong, thao t\u00e1c nhanh nh\u1eb9n, g\u1ecdn g\u00e0ng lu\u00f4n chu\u1ea9n b\u1ecb cho m\u1ecdi ca b\u1ec7nh.<\/p><\/div><\/div><div class=\"btClear btSeparator bottomSemiSpaced noBorder\" ><hr><\/div><\/div><\/div><\/div><\/div><\/div><\/div><\/div><\/div><\/div><\/div><\/section>","protected":false},"excerpt":{"rendered":"","protected":false},"author":1,"featured_media":0,"parent":0,"menu_order":0,"comment_status":"closed","ping_status":"closed","template":"","meta":[],"_links":{"self":[{"href":"https:\/\/demo.canhcam.com\/thiet-ke-website-benh-vien-2\/wp-json\/wp\/v2\/pages\/314"}],"collection":[{"href":"https:\/\/demo.canhcam.com\/thiet-ke-website-benh-vien-2\/wp-json\/wp\/v2\/pages"}],"about":[{"href":"https:\/\/demo.canhcam.com\/thiet-ke-website-benh-vien-2\/wp-json\/wp\/v2\/types\/page"}],"author":[{"embeddable":true,"href":"https:\/\/demo.canhcam.com\/thiet-ke-website-benh-vien-2\/wp-json\/wp\/v2\/users\/1"}],"replies":[{"embeddable":true,"href":"https:\/\/demo.canhcam.com\/thiet-ke-website-benh-vien-2\/wp-json\/wp\/v2\/comments?post=314"}],"version-history":[{"count":2,"href":"https:\/\/demo.canhcam.com\/thiet-ke-website-benh-vien-2\/wp-json\/wp\/v2\/pages\/314\/revisions"}],"predecessor-version":[{"id":1900,"href":"https:\/\/demo.canhcam.com\/thiet-ke-website-benh-vien-2\/wp-json\/wp\/v2\/pages\/314\/revisions\/1900"}],"wp:attachment":[{"href":"https:\/\/demo.canhcam.com\/thiet-ke-website-benh-vien-2\/wp-json\/wp\/v2\/media?parent=314"}],"curies":[{"name":"wp","href":"https:\/\/api.w.org\/{rel}","templated":true}]}}