{"id":310,"date":"2015-12-02T09:21:23","date_gmt":"2015-12-02T09:21:23","guid":{"rendered":"http:\/\/medical.bold-themes.com\/clinic\/?page_id=310"},"modified":"2022-11-16T17:41:19","modified_gmt":"2022-11-16T17:41:19","slug":"cost-calculator","status":"publish","type":"page","link":"https:\/\/demo.canhcam.com\/thiet-ke-website-benh-vien-2\/about-us\/cost-calculator\/","title":{"rendered":"Cost calculator"},"content":{"rendered":"<section id=\"bt_section69e61008a8f3f\"  class=\"boldSection btDivider topSemiSpaced bottomSemiSpaced btDarkSkin gutter inherit wBackground cover\" style=\"background-color:#0da8bc;background-image:url('https:\/\/demo.canhcam.com\/thiet-ke-website-benh-vien-2\/wp-content\/uploads\/2018\/03\/bgn-surgery-05.jpg');\"><div class=\"port\"><div class=\"boldCell\"><div class=\"boldCellInner\"><div class=\"boldRow  \" ><div class=\"boldRowInner\"><div class=\"rowItem col-md-8 col-ms-12 btTextLeft animate animate-fadein animate-moveleft inherit\"  ><div class=\"rowItemContent\" ><div class=\"btClear btSeparator topExtraSmallSpaced bottomExtraSmallSpaced noBorder\" ><hr><\/div><header class=\"header btClear extralarge btDash bottomDash  btAlternateDash\" ><div class=\"dash\"><h1><span class=\"headline\">Chi ph\u00ed<\/span><\/h1><\/div><div class=\"btSubTitle\">N\u1ebfu c\u00f3 th\u1eafc m\u1eafc c\u1ea7n gi\u1ea3i \u0111\u00e1p g\u1ea5p, vui l\u00f2ng li\u00ean h\u1ec7 hotline CanhcamCare (028 6273 0815) \u0111\u1ec3 \u0111\u01b0\u1ee3c t\u01b0 v\u1ea5n k\u1ecbp th\u1eddi.<\/div><\/header><\/div><\/div><div class=\"rowItem col-md-4 col-ms-12 btTextLeft\"  ><div class=\"rowItemContent\" ><\/div><\/div><\/div><\/div><\/div><\/div><\/div><\/section><section id=\"bt_section69e61008a9366\"  class=\"boldSection topSpaced bottomSpaced gutter inherit\" ><div class=\"port\"><div class=\"boldCell\"><div class=\"boldCellInner\"><div class=\"boldRow  \" ><div class=\"boldRowInner\"><div class=\"rowItem col-md-8 col-ms-12 btTextLeft animate animate-fadein inherit\"  ><div class=\"rowItemContent\" ><header class=\"header btClear extralarge btDash bottomDash  btAccentDash\" ><div class=\"btSuperTitle\">Chi ph\u00ed tham kh\u1ea3o<\/div><div class=\"dash\"><h1><span class=\"headline\">S\u1ee9c kho\u1ebb\r<br><strong class=\"animate\">l\u00e0 v\u00e0ng<\/strong><\/span><\/h1><\/div><div class=\"btSubTitle\">\u0110\u1ed9i ng\u0169 y b\u00e1c s\u0129 lu\u00f4n trong tr\u1ea1ng th\u00e1i s\u1eb5n s\u00e0ng tr\u01b0\u1edbc m\u1ecdi t\u00ecnh hu\u1ed1ng. T\u00e1c phong, thao t\u00e1c nhanh nh\u1eb9n, g\u1ecdn g\u00e0ng lu\u00f4n chu\u1ea9n b\u1ecb cho m\u1ecdi ca b\u1ec7nh.<\/div><\/header><div class=\"btClear btSeparator bottomSemiSpaced noBorder\" ><hr><\/div><\/div><\/div><div class=\"rowItem col-md-4 col-ms-12 btTextLeft\"  ><div class=\"rowItemContent\" ><\/div><\/div><\/div><\/div><div class=\"boldRow  \" ><div class=\"boldRowInner\"><div class=\"rowItem btRightBorder col-md-3 col-sm-6 col-ms-12 btTextCenter animate animate-fadein inherit btDoublePadding\"  ><div class=\"rowItemContent\" ><div class=\"btClear btSeparator bottomSmallSpaced noBorder\" ><hr><\/div><div class=\"servicesItem  btIcoAlterColorIcon btIcoBigSizeIcon  \"><div class=\"sIcon\"><span class=\"btIco btIcoBigSize btIcoDefaultType btIcoAlterColor\" ><span  data-ico-es=\"&#xe924;\" class=\"btIcoHolder\"><em><\/em><\/span><\/span><\/div><div class=\"sTxt\"><header class=\"header btClear small\" ><div class=\"dash\"><h4><span class=\"headline\">Gi\u00fap b\u1ea1n d\u1ef1 tr\u00f9 chi ph\u00ed<\/span><\/h4><\/div><\/header><p>V\u1edbi c\u00e1c d\u1ecbch v\u1ee5 b\u1ea1n ch\u1ecdn, ch\u00fang t\u00f4i s\u1ebd gi\u00fap b\u1ea1n t\u1ed5ng l\u1ea1i c\u00e1c kho\u1ea3n chi. T\u1eeb \u0111\u00f3 b\u1ea1n c\u00f3 th\u1ec3 ch\u1ee7 \u0111\u1ed9ng v\u1ec1 kinh ph\u00ed khi \u0111\u1ebfn kh\u00e1m-ch\u1eefa b\u1ec7nh.<\/p><\/div><\/div><div class=\"btClear btSeparator bottomSmallSpaced noBorder\" ><hr><\/div><\/div><\/div><div class=\"rowItem btRightBorder col-md-3 col-sm-6 col-ms-12 btTextCenter animate animate-fadein inherit btDoublePadding\"  ><div class=\"rowItemContent\" ><div class=\"btClear btSeparator bottomSmallSpaced noBorder\" ><hr><\/div><div class=\"servicesItem  btIcoAlterColorIcon btIcoBigSizeIcon  \"><div class=\"sIcon\"><span class=\"btIco btIcoBigSize btIcoDefaultType btIcoAlterColor\" ><span  data-ico-es=\"&#xe908;\" class=\"btIcoHolder\"><em><\/em><\/span><\/span><\/div><div class=\"sTxt\"><header class=\"header btClear small\" ><div class=\"dash\"><h4><span class=\"headline\">D\u1ef1a tr\u00ean l\u1ecbch c\u00e1 nh\u00e2n<\/span><\/h4><\/div><\/header><p>B\u1ea1n ho\u00e0n to\u00e0n c\u00f3 th\u1ec3 qu\u1ea3n l\u00fd th\u1eddi gian. Th\u1eddi gian \u01b0\u1edbc t\u00ednh c\u1ee7a t\u1eebng lo\u1ea1i d\u1ecbch v\u1ee5 s\u1ebd \u0111\u01b0\u1ee3c ghi ch\u00fa gi\u00fap b\u1ea1n ki\u1ec3m so\u00e1t l\u1ecbch tr\u00ecnh.<\/p><\/div><\/div><div class=\"btClear btSeparator bottomSmallSpaced noBorder\" ><hr><\/div><\/div><\/div><div class=\"rowItem btRightBorder col-md-3 col-sm-6 col-ms-12 btTextCenter animate animate-fadein inherit btDoublePadding\"  ><div class=\"rowItemContent\" ><div class=\"btClear btSeparator bottomSmallSpaced noBorder\" ><hr><\/div><div class=\"servicesItem  btIcoAlterColorIcon btIcoBigSizeIcon  \"><div class=\"sIcon\"><span class=\"btIco btIcoBigSize btIcoDefaultType btIcoAlterColor\" ><span  data-ico-es=\"&#xe925;\" class=\"btIcoHolder\"><em><\/em><\/span><\/span><\/div><div class=\"sTxt\"><header class=\"header btClear small\" ><div class=\"dash\"><h4><span class=\"headline\">Lu\u00f4n tu\u00e2n th\u1ee7 th\u1eddi gian<\/span><\/h4><\/div><\/header><p>V\u00ec l\u01b0\u1ee3ng kh\u00e1ch h\u00e0ng th\u0103m kh\u00e1m-ch\u1eefa b\u1ec7nh nhi\u1ec1u n\u00ean b\u1ea1n h\u00e3y \u0111\u1ebfn \u0111\u00fang gi\u1edd ho\u1eb7c s\u1edbm h\u01a1n 5-10 ph\u00fat \u0111\u1ec3 qu\u00e1 tr\u00ecnh kh\u00e1m-ch\u1eefa b\u1ec7nh \u0111\u01b0\u1ee3c ch\u1eb7t ch\u1ebd.<\/p><\/div><\/div><div class=\"btClear btSeparator bottomSmallSpaced noBorder\" ><hr><\/div><\/div><\/div><div class=\"rowItem col-md-3 col-sm-6 col-ms-12 btTextCenter animate animate-fadein inherit btDoublePadding\"  ><div class=\"rowItemContent\" ><div class=\"btClear btSeparator bottomSmallSpaced noBorder\" ><hr><\/div><div class=\"servicesItem  btIcoAlterColorIcon btIcoBigSizeIcon  \"><div class=\"sIcon\"><span class=\"btIco btIcoBigSize btIcoDefaultType btIcoAlterColor\" ><span  data-ico-es=\"&#xea06;\" class=\"btIcoHolder\"><em><\/em><\/span><\/span><\/div><div class=\"sTxt\"><header class=\"header btClear small\" ><div class=\"dash\"><h4><span class=\"headline\">Lu\u00f4n chuy\u00ean nghi\u1ec7p<\/span><\/h4><\/div><\/header><p>Ch\u00fang t\u00f4i s\u1ebd lu\u00f4n s\u1eb5n s\u00e0ng v\u00e0o \u0111\u00fang th\u1eddi \u0111i\u1ec3m b\u1ea1n \u0111\u1eb7t l\u1ecbch. Ch\u1ec9 c\u1ea7n b\u1ea1n l\u1ea5y gi\u1ea5y x\u00e1c nh\u1eadn h\u1eb9n l\u1ecbch v\u00e0 ti\u1ebfn h\u00e0nh c\u00e1c b\u01b0\u1edbc th\u0103m-kh\u00e1m ch\u1eefa b\u1ec7nh.<\/p><\/div><\/div><div class=\"btClear btSeparator bottomSmallSpaced noBorder\" ><hr><\/div><\/div><\/div><\/div><\/div><\/div><\/div><\/div><\/section><section id=\"bt_section69e61008a9dee\"  class=\"boldSection gutter\" ><div class=\"port\"><div class=\"boldCell\"><div class=\"boldCellInner\"><div class=\"boldRow  \" ><div class=\"boldRowInner\"><div class=\"rowItem col-md-12 col-ms-12  btTextLeft\"  ><div class=\"rowItemContent\" ><div class=\"btClear btSeparator bottomSpaced border\" ><hr><\/div><\/div><\/div><\/div><\/div><div class=\"boldRow  \" ><div class=\"boldRowInner\"><div class=\"rowItem col-md-2  col-sm-4 col-ms-12 btTextLeft\"  ><div class=\"rowItemContent\" ><\/div><\/div><div class=\"rowItem col-md-8 col-ms-12 btTextLeft animate animate-fadein btTopVertical\"  ><div class=\"rowItemContent\" ><header class=\"header btClear extralarge btDash bottomDash  btAccentDash\" ><div class=\"dash\"><h1><span class=\"headline\">Chi ph\u00ed\r<br><strong class=\"animate\">d\u1ef1 \u0111o\u00e1n<\/strong><\/span><\/h1><\/div><div class=\"btSubTitle\">N\u1ebfu c\u00f3 th\u1eafc m\u1eafc c\u1ea7n gi\u1ea3i \u0111\u00e1p g\u1ea5p, vui l\u00f2ng li\u00ean h\u1ec7 hotline CanhcamCare (028 6273 0815) \u0111\u1ec3 \u0111\u01b0\u1ee3c t\u01b0 v\u1ea5n k\u1ecbp th\u1eddi.<\/div><\/header><div class=\"btClear btSeparator topSmallSpaced bottomSemiSpaced noBorder\" ><hr><\/div><div class=\"btQuoteBooking  c69e61008aa2c7\"  data-admin_email=\"\" data-cf7_id=\"\" data-email_client=\"\" data-currency=\"$\" data-currency_after=\"\" data-url_confirmation=\"\" data-url_ajax=\"https:\/\/demo.canhcam.com\/thiet-ke-website-benh-vien-2\/wp-admin\/admin-ajax.php\" data-subject=\"\" data-date_text=\"Preferred Check-up Date\" data-time_text=\"Preferred Check-up Time\" data-message_please_wait=\"Please wait...\" data-message_success=\"Thank you, we will contact you soon!\" data-message_error=\"Error! Please try again later.\" data-message_mandatory=\"Please fill out all required fields.\" data-rec_secret_key=\"\"><div class=\"btQuoteBookingWrap\"><div class=\"btQuoteBookingForm btActive\"><header class=\"header btClear large  btNormalDash\" ><div class=\"dash\"><h2><span class=\"headline\"><em>C\u01a1 b\u1ea3n<\/em><\/span><\/h2><\/div><\/header><div class=\"btClear btSeparator topSmallSpaced noBorder\" ><hr><\/div><div class=\"btQuoteItem \" id=\"btQuoteItem69e61008aa4da\" ><label>Lo\u1ea1i d\u1ecbch v\u1ee5<\/label>\r\n\t\t<div class=\"btQuoteItemInput\"><div id=\"69e61008aa55bW156\" class=\"btQuoteSelect btContactField btDropDown btQuoteElement\" data-condition=\"\" data-initial-value=\"\"><\/div><\/div><\/div><div class=\"btQuoteItem \" id=\"btQuoteItem69e61008aa5ee\" ><label>Kh\u00e1m d\u1ecbch v\u1ee5<\/label>\r\n\t\t<div class=\"btQuoteItemInput\"><div class=\"btQuoteSwitch btQuoteElement\" data-off=\"0\" data-on=\"95\" data-condition=\"\" data-initial-value=\"0\"><div class=\"btQuoteSwitchInner\"><\/div><\/div><\/div><\/div><div class=\"btClear btSeparator topSmallSpaced bottomSmallSpaced border\" ><hr><\/div><header class=\"header btClear large  btNormalDash\" ><div class=\"dash\"><h2><span class=\"headline\"><em>Chuy\u00ean s\u00e2u<\/em><\/span><\/h2><\/div><\/header><div class=\"btClear btSeparator topSmallSpaced noBorder\" ><hr><\/div><div class=\"btQuoteItem \" id=\"btQuoteItem69e61008aa6e9\" ><label>Lo\u1ea1i d\u1ecbch v\u1ee5<\/label>\r\n\t\t<div class=\"btQuoteItemInput\"><div id=\"69e61008aa715W732\" class=\"btQuoteSelect btContactField btDropDown btQuoteElement\" data-condition=\"\" data-initial-value=\"\"><\/div><\/div><\/div><div class=\"btQuoteItem \" id=\"btQuoteItem69e61008aa792\" ><label>Kh\u00e1m d\u1ecbch v\u1ee5<\/label>\r\n\t\t<div class=\"btQuoteItemInput\"><div class=\"btQuoteSwitch btQuoteElement\" data-off=\"0\" data-on=\"150\" data-condition=\"\" data-initial-value=\"0\"><div class=\"btQuoteSwitchInner\"><\/div><\/div><\/div><\/div><div class=\"btTotalNextWrapper\"><div class=\"btQuoteTotal\"><span class=\"btQuoteTotalText\">Total<\/span><span class=\"btQuoteTotalCurrency\">$<\/span><span class=\"btQuoteTotalCalc\"><\/span><\/div><div class=\"boldBtn btnAccent btnSmall btnIco\"><button type=\"submit\" class=\"btContactNext\">Next<\/button><\/div><\/div><\/div><div class=\"btTotalQuoteContactGroup\"><div class=\"btQuoteContact\"><div class=\"btQuoteItem btContactFieldMandatory\"><input type=\"text\" class=\"btContactName btContactField\" placeholder=\"Name\"><\/div><div class=\"btQuoteItem btContactFieldMandatory\"><input type=\"text\" class=\"btContactEmail btContactField\" placeholder=\"Email\"><\/div><div class=\"btQuoteItem\"><input type=\"text\" class=\"btContactPhone btContactField\" placeholder=\"Phone\"><\/div><div class=\"btQuoteItem\"><input type=\"text\" class=\"btContactAddress btContactField\" placeholder=\"Address\"><\/div><div class=\"btQuoteItem btContactFieldMandatory\"><input type=\"text\" class=\"btContactDate btContactField\" placeholder=\"Preferred Check-up Date\"><\/div><div class=\"btQuoteItem\"><div class=\"btContactTime btContactField btDropDown\"><\/div><\/div><div class=\"btQuoteItem btQuoteItemFullWidth\"><textarea class=\"btContactMessage btContactField\" placeholder=\"Message\"><\/textarea><\/div><div class=\"boldBtn btnAccent btnSmall btnIco\"><button type=\"submit\" class=\"btContactSubmit\">Submit<\/button><\/div><div class=\"btSubmitMessage\"><\/div><\/div><\/div><\/div><\/div><\/div><\/div><div class=\"rowItem col-md-2  col-sm-4 col-ms-12 btTextLeft\"  ><div class=\"rowItemContent\" ><\/div><\/div><\/div><\/div><\/div><\/div><\/div><\/section><section id=\"bt_section69e61008aaac9\"  class=\"boldSection topSpaced bottomSpaced gutter inherit\" style=\"background: linear-gradient(135deg, #F1F1F1 0%,#FFFFFF 50%);\"><div class=\"port\"><div class=\"boldCell\"><div class=\"boldCellInner\"><div class=\"boldRow  \" ><div class=\"boldRowInner\"><div class=\"rowItem col-md-8 col-ms-12 btTextLeft animate animate-fadein animate-moveleft inherit\"  ><div class=\"rowItemContent\" ><header class=\"header btClear extralarge btDash bottomDash  btAccentDash\" ><div class=\"btSuperTitle\">Tham kh\u1ea3o<\/div><div class=\"dash\"><h1><span class=\"headline\">L\u1ef1a ch\u1ecdn kh\u00e1c\r<br><strong class=\"animate\">Combo g\u00f3i<\/strong><\/span><\/h1><\/div><div class=\"btSubTitle\">C\u00e1c g\u00f3i c\u00f3 thay \u0111\u1ed5i tu\u1ef3 thu\u1ed9c v\u00e0o th\u1eddi gian, ch\u00ednh s\u00e1ch v\u00e0 ch\u01b0\u01a1ng tr\u00ecnh \u01b0u \u0111\u00e3i c\u1ee7a ch\u00fang t\u00f4i.<\/div><\/header><div class=\"btClear btSeparator bottomSemiSpaced noBorder\" ><hr><\/div><\/div><\/div><div class=\"rowItem col-md-4 col-ms-12 btTextLeft\"  ><div class=\"rowItemContent\" ><\/div><\/div><\/div><\/div><div class=\"boldRow  \" ><div class=\"boldRowInner\"><\/div><\/div><div class=\"boldRow  \" ><div class=\"boldRowInner\"><div class=\"rowItem col-md-4 col-ms-12 btTextCenter animate animate-fadein inherit\"  ><div class=\"rowItemContent\" ><div class=\"btPriceTable  \" ><div class=\"btPriceTableHeader btDarkSkin\"><header class=\"header btClear large btDash topDash\" ><div class=\"btSuperTitle\">G\u00d3I T\u1ed4NG QU\u00c1T<\/div><div class=\"dash\"><h2><span class=\"headline\"><span class=\"btPriceTableCurrency\">$<\/span>150<\/span><\/h2><\/div><div class=\"btSubTitle\">Ki\u1ec3m tra t\u1ed5ng qu\u00e1t<\/div><\/header><\/div><!-- \/ptHeader -->\r\n\t\t\t<ul><li>Kh\u00e1m s\u00e0ng l\u1ecdc<span>20$\r<\/span><\/li><li>T\u01b0 v\u1ea5n<span>120$\r<\/span><\/li><li>X\u00e9t nghi\u1ec7m t\u1ed5ng qu\u00e1t<span>80$\r<\/span><\/li><li>\u0110\u01a1n thu\u1ed1c<span>40$\r<\/span><\/li><li>&#8211;\r<\/li><li>&#8211;<\/li><\/ul>\r\n\t\t<\/div><div class=\"btClear btSeparator bottomSmallSpaced noBorder\" ><hr><\/div><a href=\"#\" class=\"btBtn btBtn btnOutlineStyle btnAlternateColor btnMedium btnNormalWidth btnRightPosition btnIco\" style=\"margin-bottom: -30px;\"><span class=\"btnInnerText\">\u0110\u0103ng k\u00fd<\/span><span class=\"btIco \" ><span  data-ico-fa=\"&#xf105;\" class=\"btIcoHolder\"><em><\/em><\/span><\/span><\/a><\/div><\/div><div class=\"rowItem col-md-4 col-ms-12 btTextCenter animate animate-fadein inherit\"  ><div class=\"rowItemContent\" ><div class=\"btPriceTable  \" style=\"box-shadow: 0 0 0 2px #0da8bc;\"><div class=\"btPriceTableHeader btDarkSkin\"><div class=\"btPriceTableSticker\"><div><div>You save 180$<\/div><\/div><\/div><header class=\"header btClear large btDash topDash\" ><div class=\"btSuperTitle\">G\u00d3I C\u01a0 B\u1ea2N<\/div><div class=\"dash\"><h2><span class=\"headline\"><span class=\"btPriceTableCurrency\">$<\/span>250<\/span><\/h2><\/div><div class=\"btSubTitle\">Ch\u0103m s\u00f3c &#8211; T\u01b0 v\u1ea5n<\/div><\/header><\/div><!-- \/ptHeader -->\r\n\t\t\t<ul><li>Kh\u00e1m s\u00e0ng l\u1ecdc<span>20$\r<\/span><\/li><li>T\u01b0 v\u1ea5n<span>120$\r<\/span><\/li><li>X\u00e9t nghi\u1ec7m t\u1ed5ng qu\u00e1t<span>80$\r<\/span><\/li><li>\u0110\u01a1n thu\u1ed1c<span>40$\r<\/span><\/li><li>T\u00e1i kh\u00e1m \u0111\u1ecbnh k\u1ef3<span>400$\r<\/span><\/li><li>&#8211;<\/li><\/ul>\r\n\t\t<\/div><div class=\"btClear btSeparator bottomSmallSpaced noBorder\" ><hr><\/div><a href=\"#\" class=\"btBtn btBtn btnFilledStyle btnAccentColor btnMedium btnNormalWidth btnRightPosition btnIco\" style=\"margin-bottom: -30px;\"><span class=\"btnInnerText\">\u0110\u0103ng k\u00fd<\/span><span class=\"btIco \" ><span  data-ico-fa=\"&#xf105;\" class=\"btIcoHolder\"><em><\/em><\/span><\/span><\/a><\/div><\/div><div class=\"rowItem col-md-4 col-ms-12 btTextCenter animate animate-fadein inherit\"  ><div class=\"rowItemContent\" ><div class=\"btPriceTable  \" ><div class=\"btPriceTableHeader btDarkSkin\"><div class=\"btPriceTableSticker\"><div><div>NEW<\/div><\/div><\/div><header class=\"header btClear large btDash topDash\" ><div class=\"btSuperTitle\">G\u00d3I CHUY\u00caN S\u00c2U<\/div><div class=\"dash\"><h2><span class=\"headline\"><span class=\"btPriceTableCurrency\">$<\/span>650<\/span><\/h2><\/div><div class=\"btSubTitle\">Ch\u0103m s\u00f3c c\u00e1 nh\u00e2n<\/div><\/header><\/div><!-- \/ptHeader -->\r\n\t\t\t<ul><li>Kh\u00e1m s\u00e0ng l\u1ecdc<span>20$\r<\/span><\/li><li>T\u01b0 v\u1ea5n<span>120$\r<\/span><\/li><li>X\u00e9t nghi\u1ec7m t\u1ed5ng qu\u00e1t<span>80$\r<\/span><\/li><li>\u0110\u01a1n thu\u1ed1c<span>40$\r<\/span><\/li><li>B\u00e1c s\u0129 c\u00e1 nh\u00e2n<span>400$\r<\/span><\/li><li>H\u1ed7 tr\u1ee3 24\/7<span>400$<\/span><\/li><\/ul>\r\n\t\t<\/div><div class=\"btClear btSeparator bottomSmallSpaced noBorder\" ><hr><\/div><a href=\"#\" class=\"btBtn btBtn btnOutlineStyle btnAlternateColor btnMedium btnNormalWidth btnRightPosition btnIco\" style=\"margin-bottom: -30px;\"><span class=\"btnInnerText\">\u0110\u0103ng k\u00fd<\/span><span class=\"btIco \" ><span  data-ico-fa=\"&#xf105;\" class=\"btIcoHolder\"><em><\/em><\/span><\/span><\/a><\/div><\/div><\/div><\/div><\/div><\/div><\/div><\/section>","protected":false},"excerpt":{"rendered":"","protected":false},"author":1,"featured_media":0,"parent":6,"menu_order":0,"comment_status":"closed","ping_status":"closed","template":"","meta":[],"_links":{"self":[{"href":"https:\/\/demo.canhcam.com\/thiet-ke-website-benh-vien-2\/wp-json\/wp\/v2\/pages\/310"}],"collection":[{"href":"https:\/\/demo.canhcam.com\/thiet-ke-website-benh-vien-2\/wp-json\/wp\/v2\/pages"}],"about":[{"href":"https:\/\/demo.canhcam.com\/thiet-ke-website-benh-vien-2\/wp-json\/wp\/v2\/types\/page"}],"author":[{"embeddable":true,"href":"https:\/\/demo.canhcam.com\/thiet-ke-website-benh-vien-2\/wp-json\/wp\/v2\/users\/1"}],"replies":[{"embeddable":true,"href":"https:\/\/demo.canhcam.com\/thiet-ke-website-benh-vien-2\/wp-json\/wp\/v2\/comments?post=310"}],"version-history":[{"count":5,"href":"https:\/\/demo.canhcam.com\/thiet-ke-website-benh-vien-2\/wp-json\/wp\/v2\/pages\/310\/revisions"}],"predecessor-version":[{"id":1910,"href":"https:\/\/demo.canhcam.com\/thiet-ke-website-benh-vien-2\/wp-json\/wp\/v2\/pages\/310\/revisions\/1910"}],"up":[{"embeddable":true,"href":"https:\/\/demo.canhcam.com\/thiet-ke-website-benh-vien-2\/wp-json\/wp\/v2\/pages\/6"}],"wp:attachment":[{"href":"https:\/\/demo.canhcam.com\/thiet-ke-website-benh-vien-2\/wp-json\/wp\/v2\/media?parent=310"}],"curies":[{"name":"wp","href":"https:\/\/api.w.org\/{rel}","templated":true}]}}