{"id":306,"date":"2015-12-02T09:20:13","date_gmt":"2015-12-02T09:20:13","guid":{"rendered":"http:\/\/medical.bold-themes.com\/clinic\/?page_id=306"},"modified":"2022-11-16T10:26:02","modified_gmt":"2022-11-16T10:26:02","slug":"departments","status":"publish","type":"page","link":"https:\/\/demo.canhcam.com\/thiet-ke-website-benh-vien-2\/about-us\/departments\/","title":{"rendered":"Departments"},"content":{"rendered":"<section id=\"bt_section69e610126ccbf\"  class=\"boldSection btDivider topSemiSpaced bottomSemiSpaced btDarkSkin gutter inherit wBackground cover\" style=\"background-color:#0da8bc;background-image:url('https:\/\/demo.canhcam.com\/thiet-ke-website-benh-vien-2\/wp-content\/uploads\/2018\/03\/bgn-surgery-03.jpg');\"><div class=\"port\"><div class=\"boldCell\"><div class=\"boldCellInner\"><div class=\"boldRow  \" ><div class=\"boldRowInner\"><div class=\"rowItem col-md-8 col-ms-12 btTextLeft animate animate-fadein animate-moveleft inherit\"  ><div class=\"rowItemContent\" ><div class=\"btClear btSeparator topExtraSmallSpaced bottomExtraSmallSpaced noBorder\" ><hr><\/div><header class=\"header btClear extralarge btDash bottomDash  btAlternateDash\" ><div class=\"dash\"><h1><span class=\"headline\">Ph\u00f2ng khoa<\/span><\/h1><\/div><\/header><\/div><\/div><div class=\"rowItem col-md-4 col-ms-12 btTextLeft\"  ><div class=\"rowItemContent\" ><\/div><\/div><\/div><\/div><\/div><\/div><\/div><\/section><section id=\"bt_section69e610126ceec\"  class=\"boldSection topSpaced bottomSmallSpaced gutter inherit\" ><div class=\"port\"><div class=\"boldCell\"><div class=\"boldCellInner\"><div class=\"boldRow  \" ><div class=\"boldRowInner\"><div class=\"rowItem col-md-6 col-sm-12 btTextLeft animate animate-fadein animate-moveright inherit btDoublePadding\"  ><div class=\"rowItemContent\" style = \"background-color:#f1f1f1;\"><div class=\"bpgPhoto btTextCenter\"  style=\"margin: 0 -30px; box-shadow: 0 5px 10px rgba(0, 0, 0, .2);\"> \r\n\t\t\t\t\t<a href=\"#\" target=\"_self\" title=\"\"><\/a>\r\n\t\t\t\t\t<div class=\"boldPhotoBox\"><div class=\"bpbItem\"><div class = \"btImage\"><img src=\"https:\/\/demo.canhcam.com\/thiet-ke-website-benh-vien-2\/wp-content\/uploads\/2015\/12\/shutterstock_269925053.jpg\" alt=\"\" title=\"\" ><\/div><\/div><\/div>\r\n\t\t\t\t\t<div class=\"captionPane\">\r\n\t\t\t\t\t\t<div class=\"captionTable\">\r\n\t\t\t\t\t\t\t<div class=\"captionCell\">\r\n\t\t\t\t\t\t\t\t<div class=\"captionTxt\"><\/div>\r\n\t\t\t\t\t\t\t<\/div>\r\n\t\t\t\t\t\t<\/div>\r\n\t\t\t\t\t<\/div><\/div><div class=\"btIconImageRow btIconsHalfHoverPosition\" ><span class=\"btIco btIcoFilledType btIcoBigSize btIcoAccentColor   \"  style=\"pointer-events: none;\"><a href=\"#\"  target = \"no_target\" data-ico-hs=\"&#xe924;\" class=\"btIcoHolder\"><em><\/em><\/a><\/span><\/div><div class=\"btClear btSeparator topExtraSmallSpaced noBorder\" ><hr><\/div><header class=\"header btClear large btDash bottomDash  btAlternateDash\" ><div class=\"dash\"><h2><span class=\"headline\">Khoa Ph\u1eabu thu\u1eadt &#8211; G\u00e2y m\u00ea H\u1ed3i s\u1ee9c<\/span><\/h2><\/div><\/header><div class=\"btClear btSeparator bottomExtraSmallSpaced noBorder\" ><hr><\/div><div class=\"btText\" ><div class=\"btText\">\n<p>Khoa Ph\u1eabu thu\u1eadt &#8211; G\u00e2y m\u00ea H\u1ed3i s\u1ee9c \u0111\u01b0\u1ee3c t\u00e1ch ra t\u1eeb Khoa Ngo\u1ea1i v\u00e0 \u00a0th\u00e0nh l\u1eadp v\u00e0o th\u00e1ng 6 n\u0103m 2004. Trong su\u1ed1t th\u1eddi gian qua, khoa Ph\u1eabu thu\u1eadt &#8211; G\u00e2y m\u00ea H\u1ed3i s\u1ee9c \u0111\u00e3 ph\u00e1t tri\u1ec3n li\u00ean t\u1ee5c c\u1ea3 v\u1ec1 s\u1ed1 l\u01b0\u1ee3ng v\u00e0 ch\u1ea5t l\u01b0\u1ee3ng ph\u01b0\u01a1ng ph\u00e1p v\u00f4 c\u1ea3m.<\/p>\n<\/div>\n<\/div><div class=\"btClear btSeparator bottomSmallSpaced noBorder\" ><hr><\/div><a href=\"#\" class=\"btBtn btBtn btnOutlineStyle btnAccentColor btnSmall btnNormalWidth btnRightPosition btnNoIcon\" ><span class=\"btnInnerText\">CHI TI\u1ebeT<\/span><\/a><div class=\"btClear btSeparator topSmallSpaced bottomExtraSmallSpaced noBorder\" ><hr><\/div><\/div><\/div><div class=\"rowItem col-md-6 col-sm-12 btTextLeft animate animate-fadein inherit btDoublePadding\"  ><div class=\"rowItemContent\" style = \"background-color:#f1f1f1;\"><div class=\"bpgPhoto btTextCenter\"  style=\"margin: 0 -30px; box-shadow: 0 5px 10px rgba(0, 0, 0, .2);\"> \r\n\t\t\t\t\t<a href=\"#\" target=\"_self\" title=\"\"><\/a>\r\n\t\t\t\t\t<div class=\"boldPhotoBox\"><div class=\"bpbItem\"><div class = \"btImage\"><img src=\"https:\/\/demo.canhcam.com\/thiet-ke-website-benh-vien-2\/wp-content\/uploads\/2015\/12\/shutterstock_118733071.jpg\" alt=\"\" title=\"\" ><\/div><\/div><\/div>\r\n\t\t\t\t\t<div class=\"captionPane\">\r\n\t\t\t\t\t\t<div class=\"captionTable\">\r\n\t\t\t\t\t\t\t<div class=\"captionCell\">\r\n\t\t\t\t\t\t\t\t<div class=\"captionTxt\"><\/div>\r\n\t\t\t\t\t\t\t<\/div>\r\n\t\t\t\t\t\t<\/div>\r\n\t\t\t\t\t<\/div><\/div><div class=\"btIconImageRow btIconsHalfHoverPosition\" ><span class=\"btIco btIcoFilledType btIcoBigSize btIcoAccentColor   \"  style=\"pointer-events: none;\"><a href=\"#\"  target = \"no_target\" data-ico-ms=\"&#xe916;\" class=\"btIcoHolder\"><em><\/em><\/a><\/span><\/div><div class=\"btClear btSeparator topExtraSmallSpaced noBorder\" ><hr><\/div><header class=\"header btClear large btDash bottomDash  btAlternateDash\" ><div class=\"dash\"><h2><span class=\"headline\">Nghi\u00ean c\u1ee9u l\u00e2m s\u00e0ng<\/span><\/h2><\/div><\/header><div class=\"btClear btSeparator bottomExtraSmallSpaced noBorder\" ><hr><\/div><div class=\"btText\" ><div class=\"btText\">\n<p>Trong nhi\u1ec1u n\u0103m nghi\u00ean c\u1ee9u c\u00e1c m\u00f4 h\u00ecnh v\u1ec1 c\u00e1c trung t\u00e2m nghi\u00ean c\u1ee9u l\u00e2m s\u00e0ng, x\u00e1c \u0111\u1ecbnh nh\u1eefng \u01b0u \u0111i\u1ec3m v\u00e0 t\u1ea7m quan tr\u1ecdng c\u1ee7a nghi\u00ean c\u1ee9u th\u1eed nghi\u1ec7m l\u00e2m s\u00e0ng, GS.TS Tr\u1ea7n V\u0103n Thu\u1ea5n hi\u1ec3u r\u00f5 c\u00e1c th\u1eed nghi\u1ec7m l\u00e2m s\u00e0ng s\u1ebd gi\u00fap b\u1ec7nh nh\u00e2n ung th\u01b0 \u1edf Vi\u1ec7t Nam s\u1ebd \u0111\u01b0\u1ee3c ti\u1ebfp c\u1eadn nhi\u1ec1u ph\u01b0\u01a1ng ph\u00e1p \u0111i\u1ec1u tr\u1ecb ti\u00ean ti\u1ebfn theo chu\u1ea9n qu\u1ed1c t\u1ebf.<\/p>\n<\/div>\n<\/div><div class=\"btClear btSeparator bottomSmallSpaced noBorder\" ><hr><\/div><a href=\"#\" class=\"btBtn btBtn btnOutlineStyle btnAccentColor btnSmall btnNormalWidth btnRightPosition btnNoIcon\" ><span class=\"btnInnerText\">CHI TI\u1ebeT<\/span><\/a><div class=\"btClear btSeparator topSmallSpaced bottomExtraSmallSpaced noBorder\" ><hr><\/div><\/div><\/div><\/div><\/div><\/div><\/div><\/div><\/section><section id=\"bt_section69e610126db51\"  class=\"boldSection topSmallSpaced bottomSpaced gutter inherit\" ><div class=\"port\"><div class=\"boldCell\"><div class=\"boldCellInner\"><div class=\"boldRow  \" ><div class=\"boldRowInner\"><div class=\"rowItem col-md-6 col-sm-12 btTextLeft animate animate-fadein animate-moveright inherit btDoublePadding\"  ><div class=\"rowItemContent\" style = \"background-color:#f1f1f1;\"><div class=\"bpgPhoto btTextCenter\"  style=\"margin: 0 -30px; box-shadow: 0 5px 10px rgba(0, 0, 0, .2);\"> \r\n\t\t\t\t\t<a href=\"#\" target=\"_self\" title=\"\"><\/a>\r\n\t\t\t\t\t<div class=\"boldPhotoBox\"><div class=\"bpbItem\"><div class = \"btImage\"><img src=\"https:\/\/demo.canhcam.com\/thiet-ke-website-benh-vien-2\/wp-content\/uploads\/2015\/12\/shutterstock_139204727.jpg\" alt=\"\" title=\"\" ><\/div><\/div><\/div>\r\n\t\t\t\t\t<div class=\"captionPane\">\r\n\t\t\t\t\t\t<div class=\"captionTable\">\r\n\t\t\t\t\t\t\t<div class=\"captionCell\">\r\n\t\t\t\t\t\t\t\t<div class=\"captionTxt\"><\/div>\r\n\t\t\t\t\t\t\t<\/div>\r\n\t\t\t\t\t\t<\/div>\r\n\t\t\t\t\t<\/div><\/div><div class=\"btIconImageRow btIconsHalfHoverPosition\" ><span class=\"btIco btIcoFilledType btIcoBigSize btIcoAccentColor   \"  style=\"pointer-events: none;\"><a href=\"#\"  target = \"no_target\" data-ico-ms=\"&#xe92b;\" class=\"btIcoHolder\"><em><\/em><\/a><\/span><\/div><div class=\"btClear btSeparator topExtraSmallSpaced noBorder\" ><hr><\/div><header class=\"header btClear large btDash bottomDash  btAlternateDash\" ><div class=\"dash\"><h2><span class=\"headline\">Khoa th\u1ea9m m\u1ef9<\/span><\/h2><\/div><\/header><div class=\"btClear btSeparator bottomExtraSmallSpaced noBorder\" ><hr><\/div><div class=\"btText\" ><div class=\"btText\">\n<p>T\u1ea1o h\u00ecnh x\u01b0\u01a1ng h\u00e0m m\u1eb7t: ph\u1eabu thu\u1eadt \u0111i\u1ec1u tr\u1ecb h\u00f4, m\u00f3m, t\u1ea1o h\u00ecnh khu\u00f4n m\u1eb7t V-line, g\u1ecdt g\u00f3c h\u00e0m, h\u1ea1 x\u01b0\u01a1ng g\u00f2 m\u00e1, ch\u1ec9nh c\u1eb1m, tr\u01b0\u1ee3t c\u1eb1m l\u1eb9m, \u0111\u1eb7t implant c\u1eb1m, m\u00e1 t\u1ea1o h\u00ecnh khu\u00f4n m\u1eb7t c\u00e2n \u0111\u1ed1i\u2026<\/p>\n<\/div>\n<\/div><div class=\"btClear btSeparator bottomSmallSpaced noBorder\" ><hr><\/div><a href=\"#\" class=\"btBtn btBtn btnOutlineStyle btnAccentColor btnSmall btnNormalWidth btnRightPosition btnNoIcon\" ><span class=\"btnInnerText\">CHI TI\u1ebeT<\/span><\/a><div class=\"btClear btSeparator topSmallSpaced bottomExtraSmallSpaced noBorder\" ><hr><\/div><\/div><\/div><div class=\"rowItem col-md-6 col-sm-12 btTextLeft animate animate-fadein inherit btDoublePadding\"  ><div class=\"rowItemContent\" style = \"background-color:#f1f1f1;\"><div class=\"bpgPhoto btTextCenter\"  style=\"margin: 0 -30px; box-shadow: 0 5px 10px rgba(0, 0, 0, .2);\"> \r\n\t\t\t\t\t<a href=\"#\" target=\"_self\" title=\"\"><\/a>\r\n\t\t\t\t\t<div class=\"boldPhotoBox\"><div class=\"bpbItem\"><div class = \"btImage\"><img src=\"https:\/\/demo.canhcam.com\/thiet-ke-website-benh-vien-2\/wp-content\/uploads\/2015\/12\/shutterstock_114189160.jpg\" alt=\"\" title=\"\" ><\/div><\/div><\/div>\r\n\t\t\t\t\t<div class=\"captionPane\">\r\n\t\t\t\t\t\t<div class=\"captionTable\">\r\n\t\t\t\t\t\t\t<div class=\"captionCell\">\r\n\t\t\t\t\t\t\t\t<div class=\"captionTxt\"><\/div>\r\n\t\t\t\t\t\t\t<\/div>\r\n\t\t\t\t\t\t<\/div>\r\n\t\t\t\t\t<\/div><\/div><div class=\"btIconImageRow btIconsHalfHoverPosition\" ><span class=\"btIco btIcoFilledType btIcoBigSize btIcoAccentColor   \"  style=\"pointer-events: none;\"><a href=\"#\"  target = \"no_target\" data-ico-ms=\"&#xe910;\" class=\"btIcoHolder\"><em><\/em><\/a><\/span><\/div><div class=\"btClear btSeparator topExtraSmallSpaced noBorder\" ><hr><\/div><header class=\"header btClear large btDash bottomDash  btAlternateDash\" ><div class=\"dash\"><h2><span class=\"headline\">Ph\u1eabu thu\u1eadt m\u1ea1ch m\u00e1u<\/span><\/h2><\/div><\/header><div class=\"btClear btSeparator bottomExtraSmallSpaced noBorder\" ><hr><\/div><div class=\"btText\" ><div class=\"btText\">\n<p>L\u00e0 \u0111\u01a1n v\u1ecb \u0111\u1ea7u ti\u00ean tr\u00ean th\u1ebf gi\u1edbi s\u1eed d\u1ee5ng t\u0129nh m\u1ea1ch th\u1eadn tr\u00e1i l\u00e0m m\u1ea3nh gh\u00e9p \u0111\u1ec3 t\u00e1i t\u1ea1o th\u00e0nh c\u00f4ng \u0111\u1ed9ng m\u1ea1ch ch\u1ee7 b\u1ee5ng c\u1ee7a b\u1ec7nh nh\u00e2n b\u1ecb nhi\u1ec5m vi khu\u1ea9n Burkholderia pseudomallei!<\/p>\n<\/div>\n<\/div><div class=\"btClear btSeparator bottomSmallSpaced noBorder\" ><hr><\/div><a href=\"#\" class=\"btBtn btBtn btnOutlineStyle btnAccentColor btnSmall btnNormalWidth btnRightPosition btnNoIcon\" ><span class=\"btnInnerText\">CHI TI\u1ebeT<\/span><\/a><div class=\"btClear btSeparator topSmallSpaced bottomExtraSmallSpaced noBorder\" ><hr><\/div><\/div><\/div><\/div><\/div><\/div><\/div><\/div><\/section><section id=\"bt_section69e610126e59e\"  class=\"boldSection btDarkSkin inherit\" style=\"background: transparent;\"><div class=\"port\"><div class=\"boldCell\"><div class=\"boldCellInner\"><div class=\"boldRow  \" ><div class=\"boldRowInner\"><div class=\"rowItem col-md-12 col-ms-12  btTextLeft inherit btNoPadding\"  ><div class=\"rowItemContent\" >\r\n\t\t\t<div class=\"btGoogleMapsWrapper \" \"><div id=\"map_canvas69e610126e91f\" style=\"height:820px;;\" class=\"btGmap\"><\/div><div class=\"btGoogleMapsContent\"><div class=\"btGoogleMapsWrap\"><span class=\"btInfoPaneToggler\"><\/span><div class=\"btClear btSeparator topSemiSpaced bottomSemiSpaced noBorder\" ><hr><\/div><header class=\"header btClear medium btDash bottomDash  btAccentDash\" ><div class=\"dash\"><h3><span class=\"headline\">Th\u1eddi gian l\u00e0m vi\u1ec7c<\/span><\/h3><\/div><div class=\"btSubTitle\">Ch\u00fang t\u00f4i lu\u00f4n c\u1ed1 g\u1eafng c\u00f3 m\u1eb7t cho b\u1ea1n khi b\u1ea1n c\u1ea7n, v\u00e0o th\u1eddi \u0111i\u1ec3m b\u1ea1n mu\u1ed1n. Ch\u1ec9 v\u1edbi m\u1ed9t v\u00e0i b\u01b0\u1edbc \u0111\u01a1n gi\u1ea3n, b\u1ea1n c\u00f3 th\u1ec3 ti\u1ebft ki\u1ec7m th\u1eddi gian v\u00e0 l\u00e0m t\u00ecm \u0111\u01b0\u1ee3c b\u00e1c s\u0129 \u01b0ng \u00fd.<\/div><\/header><div class=\"btClear btSeparator topExtraSmallSpaced noBorder\" ><hr><\/div><div class=\"btWorkingHours  \" ><div class=\"btWorkingHoursInner\"><div class=\"btWorkingHoursInnerRow\"><div class=\"btWorkingHoursInnerTitle\">Th\u1ee9 2 &#8211; Th\u1ee9 4<\/div><div class=\"btWorkingHoursInnerContent\">8AM &#8211; 7PM<\/div><\/div><div class=\"btWorkingHoursInnerRow\"><div class=\"btWorkingHoursInnerTitle\">Th\u1ee9 5<\/div><div class=\"btWorkingHoursInnerContent\">8AM &#8211; 5PM<\/div><\/div><div class=\"btWorkingHoursInnerRow\"><div class=\"btWorkingHoursInnerTitle\">Th\u1ee9 6<\/div><div class=\"btWorkingHoursInnerContent\">8AM &#8211; 5PM<\/div><\/div><div class=\"btWorkingHoursInnerRow\"><div class=\"btWorkingHoursInnerTitle\">Th\u1ee9 7 v\u00e0 Ch\u1ee7 Nh\u1eadt<\/div><div class=\"btWorkingHoursInnerContent\">\u0110\u00f3ng c\u1eeda<\/div><\/div><\/div><\/div><div class=\"btClear btSeparator topSmallSpaced bottomSmallSpaced border\" ><hr><\/div><div class=\"servicesItem  btIcoDefaultColorIcon btIcoMediumSizeIcon  \"><div class=\"sIcon\"><span class=\"btIco btIcoMediumSize btIcoDefaultType btIcoDefaultColor\" ><span  data-ico-tc=\"&#xe95f;\" class=\"btIcoHolder\"><em><\/em><\/span><\/span><\/div><div class=\"sTxt\"><header class=\"header btClear small\" ><div class=\"dash\"><h4><span class=\"headline\">\u0110i\u1ec7n tho\u1ea1i<\/span><\/h4><\/div><\/header><p>028 6273 0815<\/p><\/div><\/div><div class=\"btClear btSeparator topSmallSpaced bottomSmallSpaced border\" ><hr><\/div><div class=\"servicesItem  btIcoDefaultColorIcon btIcoMediumSizeIcon  \"><div class=\"sIcon\"><span class=\"btIco btIcoMediumSize btIcoDefaultType btIcoDefaultColor\" ><span  data-ico-hs=\"&#xe91f;\" class=\"btIcoHolder\"><em><\/em><\/span><\/span><\/div><div class=\"sTxt\"><header class=\"header btClear small\" ><div class=\"dash\"><h4><span class=\"headline\">\u0110\u1ecba ch\u1ec9<\/span><\/h4><\/div><\/header><p>156 Nguy\u1ec5n V\u0103n Th\u1ee7, Ph\u01b0\u1eddng \u0110a Kao, Qu\u1eadn 1, TPHCM<\/p><\/div><\/div><div class=\"btClear btSeparator topSmallSpaced bottomSmallSpaced border\" ><hr><\/div><div class=\"servicesItem  btIcoDefaultColorIcon btIcoMediumSizeIcon  \"><div class=\"sIcon\"><span class=\"btIco btIcoMediumSize btIcoDefaultType btIcoDefaultColor\" ><span  data-ico-hs=\"&#xe921;\" class=\"btIcoHolder\"><em><\/em><\/span><\/span><\/div><div class=\"sTxt\"><header class=\"header btClear small\" ><div class=\"dash\"><h4><span class=\"headline\">\u0110\u1eb7t l\u1ecbch h\u1eb9n<\/span><\/h4><\/div><\/header><p>\u0110\u1ec3 \u0111\u01b0\u1ee3c t\u01b0 v\u1ea5n nhanh ch\u00f3ng k\u1ecbp th\u1eddi.<\/p><\/div><\/div><div class=\"btClear btSeparator topSemiSpaced bottomSemiSpaced noBorder\" ><hr><\/div><\/div><\/div><\/div>\r\n\t\t\t<script type=\"text\/javascript\">\r\n\t\t\t\tjQuery( document ).ready(function() {\r\n\t\t\t\t\tbt_gmap_init( map_canvas69e610126e91f, 40.751784, -73.938911, 12, \"https:\/\/demo.canhcam.com\/thiet-ke-website-benh-vien-2\/wp-content\/uploads\/2018\/03\/surgery-pin.png\", \"\", \"\", \"\", \"W3siZmVhdHVyZVR5cGUiOiJhZG1pbmlzdHJhdGl2ZS5sb2NhbGl0eSIsImVsZW1lbnRUeXBlIjoiYWxsIiwic3R5bGVycyI6W3siaHVlIjoiI2ZmMDIwMCJ9LHsic2F0dXJhdGlvbiI6N30seyJsaWdodG5lc3MiOjE5fSx7InZpc2liaWxpdHkiOiJvbiJ9XX0seyJmZWF0dXJlVHlwZSI6ImFkbWluaXN0cmF0aXZlLmxvY2FsaXR5IiwiZWxlbWVudFR5cGUiOiJsYWJlbHMudGV4dCIsInN0eWxlcnMiOlt7InZpc2liaWxpdHkiOiJvbiJ9LHsic2F0dXJhdGlvbiI6Ii0zIn1dfSx7ImZlYXR1cmVUeXBlIjoiYWRtaW5pc3RyYXRpdmUubG9jYWxpdHkiLCJlbGVtZW50VHlwZSI6ImxhYmVscy50ZXh0LmZpbGwiLCJzdHlsZXJzIjpbeyJjb2xvciI6IiM3NDhjYTMifV19LHsiZmVhdHVyZVR5cGUiOiJsYW5kc2NhcGUiLCJlbGVtZW50VHlwZSI6ImFsbCIsInN0eWxlcnMiOlt7Imh1ZSI6IiNmZjAyMDAifSx7InNhdHVyYXRpb24iOi0xMDB9LHsibGlnaHRuZXNzIjoxMDB9LHsidmlzaWJpbGl0eSI6InNpbXBsaWZpZWQifV19LHsiZmVhdHVyZVR5cGUiOiJwb2kiLCJlbGVtZW50VHlwZSI6ImFsbCIsInN0eWxlcnMiOlt7Imh1ZSI6IiNmZjAyMDAifSx7InNhdHVyYXRpb24iOiIyMyJ9LHsibGlnaHRuZXNzIjoiMjAifSx7InZpc2liaWxpdHkiOiJvZmYifV19LHsiZmVhdHVyZVR5cGUiOiJwb2kuc2Nob29sIiwiZWxlbWVudFR5cGUiOiJnZW9tZXRyeS5maWxsIiwic3R5bGVycyI6W3siY29sb3IiOiIjZmZkYmRhIn0seyJzYXR1cmF0aW9uIjoiMCJ9LHsidmlzaWJpbGl0eSI6Im9uIn1dfSx7ImZlYXR1cmVUeXBlIjoicm9hZCIsImVsZW1lbnRUeXBlIjoiZ2VvbWV0cnkiLCJzdHlsZXJzIjpbeyJodWUiOiIjZmYwMjAwIn0seyJzYXR1cmF0aW9uIjoiMTAwIn0seyJsaWdodG5lc3MiOjMxfSx7InZpc2liaWxpdHkiOiJzaW1wbGlmaWVkIn1dfSx7ImZlYXR1cmVUeXBlIjoicm9hZCIsImVsZW1lbnRUeXBlIjoiZ2VvbWV0cnkuc3Ryb2tlIiwic3R5bGVycyI6W3siY29sb3IiOiIjZjM5MjQ3In0seyJzYXR1cmF0aW9uIjoiMCJ9XX0seyJmZWF0dXJlVHlwZSI6InJvYWQiLCJlbGVtZW50VHlwZSI6ImxhYmVscyIsInN0eWxlcnMiOlt7Imh1ZSI6IiMwMDhlZmYifSx7InNhdHVyYXRpb24iOi05M30seyJsaWdodG5lc3MiOjMxfSx7InZpc2liaWxpdHkiOiJvbiJ9XX0seyJmZWF0dXJlVHlwZSI6InJvYWQuYXJ0ZXJpYWwiLCJlbGVtZW50VHlwZSI6Imdlb21ldHJ5LnN0cm9rZSIsInN0eWxlcnMiOlt7InZpc2liaWxpdHkiOiJvbiJ9LHsiY29sb3IiOiIjZmZlNWU1In0seyJzYXR1cmF0aW9uIjoiMCJ9XX0seyJmZWF0dXJlVHlwZSI6InJvYWQuYXJ0ZXJpYWwiLCJlbGVtZW50VHlwZSI6ImxhYmVscyIsInN0eWxlcnMiOlt7Imh1ZSI6IiNiYmMwYzQifSx7InNhdHVyYXRpb24iOi05M30seyJsaWdodG5lc3MiOi0yfSx7InZpc2liaWxpdHkiOiJzaW1wbGlmaWVkIn1dfSx7ImZlYXR1cmVUeXBlIjoicm9hZC5hcnRlcmlhbCIsImVsZW1lbnRUeXBlIjoibGFiZWxzLnRleHQiLCJzdHlsZXJzIjpbeyJ2aXNpYmlsaXR5Ijoib2ZmIn1dfSx7ImZlYXR1cmVUeXBlIjoicm9hZC5sb2NhbCIsImVsZW1lbnRUeXBlIjoiZ2VvbWV0cnkiLCJzdHlsZXJzIjpbeyJodWUiOiIjZmYwMjAwIn0seyJzYXR1cmF0aW9uIjotOTB9LHsibGlnaHRuZXNzIjotOH0seyJ2aXNpYmlsaXR5Ijoic2ltcGxpZmllZCJ9XX0seyJmZWF0dXJlVHlwZSI6InRyYW5zaXQiLCJlbGVtZW50VHlwZSI6ImFsbCIsInN0eWxlcnMiOlt7Imh1ZSI6IiNlOWViZWQifSx7InNhdHVyYXRpb24iOjEwfSx7ImxpZ2h0bmVzcyI6Njl9LHsidmlzaWJpbGl0eSI6Im9uIn1dfSx7ImZlYXR1cmVUeXBlIjoid2F0ZXIiLCJlbGVtZW50VHlwZSI6ImFsbCIsInN0eWxlcnMiOlt7Imh1ZSI6IiNlOWViZWQifSx7InNhdHVyYXRpb24iOi03OH0seyJsaWdodG5lc3MiOjY3fSx7InZpc2liaWxpdHkiOiJzaW1wbGlmaWVkIn1dfV0=\" );\r\n\t\t\t\t\t});\t\r\n\t\t\t<\/script>\r\n\t\t\t<\/div><\/div><\/div><\/div><\/div><\/div><\/div><\/section>","protected":false},"excerpt":{"rendered":"","protected":false},"author":1,"featured_media":0,"parent":6,"menu_order":0,"comment_status":"closed","ping_status":"closed","template":"","meta":[],"_links":{"self":[{"href":"https:\/\/demo.canhcam.com\/thiet-ke-website-benh-vien-2\/wp-json\/wp\/v2\/pages\/306"}],"collection":[{"href":"https:\/\/demo.canhcam.com\/thiet-ke-website-benh-vien-2\/wp-json\/wp\/v2\/pages"}],"about":[{"href":"https:\/\/demo.canhcam.com\/thiet-ke-website-benh-vien-2\/wp-json\/wp\/v2\/types\/page"}],"author":[{"embeddable":true,"href":"https:\/\/demo.canhcam.com\/thiet-ke-website-benh-vien-2\/wp-json\/wp\/v2\/users\/1"}],"replies":[{"embeddable":true,"href":"https:\/\/demo.canhcam.com\/thiet-ke-website-benh-vien-2\/wp-json\/wp\/v2\/comments?post=306"}],"version-history":[{"count":2,"href":"https:\/\/demo.canhcam.com\/thiet-ke-website-benh-vien-2\/wp-json\/wp\/v2\/pages\/306\/revisions"}],"predecessor-version":[{"id":1904,"href":"https:\/\/demo.canhcam.com\/thiet-ke-website-benh-vien-2\/wp-json\/wp\/v2\/pages\/306\/revisions\/1904"}],"up":[{"embeddable":true,"href":"https:\/\/demo.canhcam.com\/thiet-ke-website-benh-vien-2\/wp-json\/wp\/v2\/pages\/6"}],"wp:attachment":[{"href":"https:\/\/demo.canhcam.com\/thiet-ke-website-benh-vien-2\/wp-json\/wp\/v2\/media?parent=306"}],"curies":[{"name":"wp","href":"https:\/\/api.w.org\/{rel}","templated":true}]}}