{"id":298,"date":"2015-12-02T09:19:33","date_gmt":"2015-12-02T09:19:33","guid":{"rendered":"http:\/\/medical.bold-themes.com\/clinic\/?page_id=298"},"modified":"2022-11-16T06:51:35","modified_gmt":"2022-11-16T06:51:35","slug":"appointments","status":"publish","type":"page","link":"https:\/\/demo.canhcam.com\/thiet-ke-website-benh-vien-2\/about-us\/appointments\/","title":{"rendered":"Appointments"},"content":{"rendered":"<section id=\"bt_section69e610123d391\"  class=\"boldSection btDivider topSemiSpaced bottomSemiSpaced btDarkSkin gutter inherit wBackground cover\" style=\"background-color:#0da8bc;background-image:url('https:\/\/demo.canhcam.com\/thiet-ke-website-benh-vien-2\/wp-content\/uploads\/2018\/03\/bgn-surgery-07.jpg');\"><div class=\"port\"><div class=\"boldCell\"><div class=\"boldCellInner\"><div class=\"boldRow  \" ><div class=\"boldRowInner\"><div class=\"rowItem col-md-8 col-ms-12 btTextLeft animate animate-fadein animate-moveleft inherit\"  ><div class=\"rowItemContent\" ><div class=\"btClear btSeparator topExtraSmallSpaced bottomExtraSmallSpaced noBorder\" ><hr><\/div><header class=\"header btClear extralarge btDash bottomDash  btAlternateDash\" ><div class=\"btSuperTitle\">V\u1ec1 ch\u00fang t\u00f4i<\/div><div class=\"dash\"><h1><span class=\"headline\">\u0110\u1eb7t l\u1ecbch h\u1eb9n<\/span><\/h1><\/div><div class=\"btSubTitle\">\u0110\u1ed9i ng\u0169 y b\u00e1c s\u0129 lu\u00f4n trong tr\u1ea1ng th\u00e1i s\u1eb5n s\u00e0ng tr\u01b0\u1edbc m\u1ecdi t\u00ecnh hu\u1ed1ng. T\u00e1c phong, thao t\u00e1c nhanh nh\u1eb9n, g\u1ecdn g\u00e0ng lu\u00f4n chu\u1ea9n b\u1ecb cho m\u1ecdi ca b\u1ec7nh.<\/div><\/header><\/div><\/div><div class=\"rowItem col-md-4 col-ms-12 btTextLeft\"  ><div class=\"rowItemContent\" ><\/div><\/div><\/div><\/div><\/div><\/div><\/div><\/section><section id=\"bt_section69e610123de3a\"  class=\"boldSection topSpaced bottomSpaced gutter inherit\" ><div class=\"port\"><div class=\"boldCell\"><div class=\"boldCellInner\"><div class=\"boldRow  \" ><div class=\"boldRowInner\"><div class=\"rowItem col-md-8 col-ms-12 btTextLeft animate animate-fadein inherit\"  ><div class=\"rowItemContent\" ><header class=\"header btClear extralarge btDash bottomDash  btAccentDash\" ><div class=\"btSuperTitle\">T\u1eadn t\u00e2m-chuy\u00ean nghi\u1ec7p<\/div><div class=\"dash\"><h1><span class=\"headline\">\u0110\u1eb7t l\u1ecbch <strong class=\"animate\">b\u00e1c s\u0129 c\u00e1 nh\u00e2n<\/strong><\/span><\/h1><\/div><div class=\"btSubTitle\">Cung c\u1ea5p d\u1ecbch v\u1ee5 b\u00e1c s\u0129 1:1 theo nhu c\u1ea7u, mong mu\u1ed1n c\u1ee7a qu\u00fd kh\u00e1ch. Theo d\u00f5i s\u00e1t sao b\u1ec7nh t\u00ecnh, \u0111\u01b0a ra nh\u1eefng gi\u1ea3i ph\u00e1p h\u1ee3p l\u00fd v\u00e0 k\u1ecbp th\u1eddi.<\/div><\/header><div class=\"btClear btSeparator bottomSemiSpaced noBorder\" ><hr><\/div><\/div><\/div><div class=\"rowItem col-md-4 col-ms-12 btTextLeft\"  ><div class=\"rowItemContent\" ><\/div><\/div><\/div><\/div><div class=\"boldRow  \" ><div class=\"boldRowInner\"><div class=\"rowItem col-md-4 col-ms-12 btTextLeft animate animate-fadein inherit\"  ><div class=\"rowItemContent\" ><div class=\"btClear btSeparator bottomSmallSpaced noBorder\" ><hr><\/div><div class=\"servicesItem  btIcoAlterColorIcon btIcoBigSizeIcon  \"><div class=\"sIcon\"><span class=\"btIco btIcoBigSize btIcoDefaultType btIcoAlterColor\" ><span  data-ico-hs=\"&#xe91f;\" class=\"btIcoHolder\"><em><\/em><\/span><\/span><\/div><div class=\"sTxt\"><header class=\"header btClear small\" ><div class=\"dash\"><h4><span class=\"headline\">\u0110\u1ecba ch\u1ec9<\/span><\/h4><\/div><\/header><p>156 Nguy\u1ec5n V\u0103n Th\u1ee7<br\/>Ph\u01b0\u1eddng \u0110a Kao, Qu\u1eadn 1, TPHCM<\/p><\/div><\/div><div class=\"btClear btSeparator topSemiSpaced bottomSemiSpaced border\" ><hr><\/div><div class=\"servicesItem  btIcoAlterColorIcon btIcoBigSizeIcon  \"><div class=\"sIcon\"><span class=\"btIco btIcoBigSize btIcoDefaultType btIcoAlterColor\" ><span  data-ico-tc=\"&#xe95f;\" class=\"btIcoHolder\"><em><\/em><\/span><\/span><\/div><div class=\"sTxt\"><header class=\"header btClear small\" ><div class=\"dash\"><h4><span class=\"headline\">Call us<\/span><\/h4><\/div><\/header><p>028 6273 0815<\/p><\/div><\/div><div class=\"btClear btSeparator topSemiSpaced bottomSemiSpaced border\" ><hr><\/div><div class=\"servicesItem  btIcoAlterColorIcon btIcoBigSizeIcon  \"><div class=\"sIcon\"><span class=\"btIco btIcoBigSize btIcoDefaultType btIcoAlterColor\" ><span  data-ico-es=\"&#xe9d7;\" class=\"btIcoHolder\"><em><\/em><\/span><\/span><\/div><div class=\"sTxt\"><header class=\"header btClear small\" ><div class=\"dash\"><h4><span class=\"headline\">Email<\/span><\/h4><\/div><\/header><p>Info@canhcam.com<\/p><\/div><\/div><div class=\"btClear btSeparator topSemiSpaced bottomSemiSpaced border\" ><hr><\/div><div class=\"servicesItem  btIcoAlterColorIcon btIcoBigSizeIcon  \"><div class=\"sIcon\"><span class=\"btIco btIcoBigSize btIcoDefaultType btIcoAlterColor\" ><span  data-ico-es=\"&#xe925;\" class=\"btIcoHolder\"><em><\/em><\/span><\/span><\/div><div class=\"sTxt\"><header class=\"header btClear small\" ><div class=\"dash\"><h4><span class=\"headline\">\u0110\u1eb7t l\u1ecbch h\u1eb9n<\/span><\/h4><\/div><\/header><p>\u0110\u1ec3 nh\u1eadn \u0111\u01b0\u1ee3c t\u01b0 v\u1ea5n nhanh nh\u1ea5t<\/p><\/div><\/div><div class=\"btClear btSeparator bottomSemiSpaced noBorder\" ><hr><\/div><\/div><\/div><div class=\"rowItem col-md-8 col-ms-12 btTextLeft animate animate-fadein inherit\"  ><div class=\"rowItemContent\" ><div class=\"btText\" ><div role=\"form\" class=\"wpcf7\" id=\"wpcf7-f681-o1\" lang=\"en-US\" dir=\"ltr\">\n<div class=\"screen-reader-response\">\n<p role=\"status\" aria-live=\"polite\" aria-atomic=\"true\">\n<ul><\/ul>\n<\/div>\n<form action=\"\/thiet-ke-website-benh-vien-2\/wp-json\/wp\/v2\/pages\/298#wpcf7-f681-o1\" method=\"post\" class=\"wpcf7-form init\" novalidate=\"novalidate\" data-status=\"init\">\n<div style=\"display: none;\">\n<input type=\"hidden\" name=\"_wpcf7\" value=\"681\" \/><br \/>\n<input type=\"hidden\" name=\"_wpcf7_version\" value=\"5.6.4\" \/><br \/>\n<input type=\"hidden\" name=\"_wpcf7_locale\" value=\"en_US\" \/><br \/>\n<input type=\"hidden\" name=\"_wpcf7_unit_tag\" value=\"wpcf7-f681-o1\" \/><br \/>\n<input type=\"hidden\" name=\"_wpcf7_container_post\" value=\"0\" \/><br \/>\n<input type=\"hidden\" name=\"_wpcf7_posted_data_hash\" value=\"\" \/>\n<\/div>\n<p><span class=\"bt_bb_required\">Nh\u1eadp t\u00ean c\u1ee7a b\u1ea1n<\/span><br \/>\n<span class=\"wpcf7-form-control-wrap\" data-name=\"your-name\"><input type=\"text\" name=\"your-name\" value=\"\" size=\"40\" class=\"wpcf7-form-control wpcf7-text wpcf7-validates-as-required\" aria-required=\"true\" aria-invalid=\"false\" \/><\/span><\/p>\n<p><span class=\"bt_bb_required\">Nh\u1eadp email c\u1ee7a b\u1ea1n<\/span><br \/>\n<span class=\"wpcf7-form-control-wrap\" data-name=\"your-email\"><input type=\"email\" name=\"your-email\" value=\"\" size=\"40\" class=\"wpcf7-form-control wpcf7-text wpcf7-email wpcf7-validates-as-required wpcf7-validates-as-email\" aria-required=\"true\" aria-invalid=\"false\" \/><\/span> <\/p>\n<p>\u0110\u1eb7t l\u1ecbch h\u1eb9n<br \/>\n<span class=\"wpcf7-form-control-wrap\" data-name=\"Doctor\"><select name=\"Doctor\" class=\"wpcf7-form-control wpcf7-select\" aria-invalid=\"false\"><option value=\"Ch\u1ecdn b\u00e1c s\u0129\">Ch\u1ecdn b\u00e1c s\u0129<\/option><option value=\"Tr\u01b0\u01a1ng Thu\u1ef3 V\u00e2n\">Tr\u01b0\u01a1ng Thu\u1ef3 V\u00e2n<\/option><option value=\"L\u00ea Ng\u1ecdc Tr\u00e2m\">L\u00ea Ng\u1ecdc Tr\u00e2m<\/option><option value=\"Tr\u1ea7n \u00dd Loan\">Tr\u1ea7n \u00dd Loan<\/option><option value=\"Mai Anh Kha\">Mai Anh Kha<\/option><option value=\"Tr\u01b0\u01a1ng Qu\u1ed1c Kh\u1ea3i\">Tr\u01b0\u01a1ng Qu\u1ed1c Kh\u1ea3i<\/option><\/select><\/span><\/p>\n<p><span class=\"bt_bb_required\">Ch\u1ecdn ng\u00e0y h\u1eb9n<\/span><br \/>\n<span class=\"wpcf7-form-control-wrap\" data-name=\"date-638\"><input type=\"date\" name=\"date-638\" value=\"\" class=\"wpcf7-form-control wpcf7-date wpcf7-validates-as-required wpcf7-validates-as-date\" aria-required=\"true\" aria-invalid=\"false\" \/><\/span><\/p>\n<p>L\u1eddi nh\u1eafn<br \/>\n<span class=\"wpcf7-form-control-wrap\" data-name=\"your-message\"><textarea name=\"your-message\" cols=\"40\" rows=\"10\" class=\"wpcf7-form-control wpcf7-textarea\" aria-invalid=\"false\"><\/textarea><\/span> <\/p>\n<p><input type=\"submit\" value=\"\u0110\u1eb7t ngay\" class=\"wpcf7-form-control has-spinner wpcf7-submit\" \/><\/p>\n<div class=\"wpcf7-response-output\" aria-hidden=\"true\"><\/div>\n<\/form>\n<\/div>\n<\/div><\/div><\/div><\/div><\/div><\/div><\/div><\/div><\/section>","protected":false},"excerpt":{"rendered":"","protected":false},"author":1,"featured_media":0,"parent":6,"menu_order":0,"comment_status":"closed","ping_status":"closed","template":"","meta":[],"_links":{"self":[{"href":"https:\/\/demo.canhcam.com\/thiet-ke-website-benh-vien-2\/wp-json\/wp\/v2\/pages\/298"}],"collection":[{"href":"https:\/\/demo.canhcam.com\/thiet-ke-website-benh-vien-2\/wp-json\/wp\/v2\/pages"}],"about":[{"href":"https:\/\/demo.canhcam.com\/thiet-ke-website-benh-vien-2\/wp-json\/wp\/v2\/types\/page"}],"author":[{"embeddable":true,"href":"https:\/\/demo.canhcam.com\/thiet-ke-website-benh-vien-2\/wp-json\/wp\/v2\/users\/1"}],"replies":[{"embeddable":true,"href":"https:\/\/demo.canhcam.com\/thiet-ke-website-benh-vien-2\/wp-json\/wp\/v2\/comments?post=298"}],"version-history":[{"count":2,"href":"https:\/\/demo.canhcam.com\/thiet-ke-website-benh-vien-2\/wp-json\/wp\/v2\/pages\/298\/revisions"}],"predecessor-version":[{"id":1885,"href":"https:\/\/demo.canhcam.com\/thiet-ke-website-benh-vien-2\/wp-json\/wp\/v2\/pages\/298\/revisions\/1885"}],"up":[{"embeddable":true,"href":"https:\/\/demo.canhcam.com\/thiet-ke-website-benh-vien-2\/wp-json\/wp\/v2\/pages\/6"}],"wp:attachment":[{"href":"https:\/\/demo.canhcam.com\/thiet-ke-website-benh-vien-2\/wp-json\/wp\/v2\/media?parent=298"}],"curies":[{"name":"wp","href":"https:\/\/api.w.org\/{rel}","templated":true}]}}