{"id":8,"date":"2018-01-29T08:01:27","date_gmt":"2018-01-29T08:01:27","guid":{"rendered":"http:\/\/medical.bold-themes.com\/clinic\/?page_id=8"},"modified":"2022-11-11T03:15:53","modified_gmt":"2022-11-11T03:15:53","slug":"team","status":"publish","type":"page","link":"https:\/\/demo.canhcam.com\/thiet-ke-website-benh-vien-1\/about-us\/team\/","title":{"rendered":"Team"},"content":{"rendered":"<section id=\"bt_section69e610082993d\"  class=\"boldSection topExtraSpaced bottomExtraSpaced gutter inherit wBackground cover\" style=\"background-image:url('https:\/\/demo.canhcam.com\/thiet-ke-website-benh-vien-1\/wp-content\/uploads\/2018\/01\/bgn-team-members.jpg');\"><div class=\"port\"><div class=\"boldCell\"><div class=\"boldCellInner\"><div class=\"boldRow  \" ><div class=\"boldRowInner\"><div class=\"rowItem col-md-4 col-ms-12 btTextLeft\"  ><div class=\"rowItemContent\" ><\/div><\/div><div class=\"rowItem col-md-8 col-ms-12 btTextLeft animate animate-fadein inherit\"  ><div class=\"rowItemContent\" ><header class=\"header btClear huge btDash topDash  btAccentDash\" ><div class=\"btSuperTitle\">\u0110\u1ed8I NG\u0168 Y B\u00c1C S\u0128<\/div><div class=\"dash\"><h1><span class=\"headline\"><b class=\"animate\">T\u1eacN T\u00c2M<\/b>\r<br><em>Lu\u00f4n v\u00ec b\u1ea1n<\/em><\/span><\/h1><\/div><\/header><header class=\"header btClear extralarge  btNormalDash\" ><div class=\"btSubTitle\">V\u1edbi h\u01a1n 45 n\u0103m kinh nghi\u1ec7m trong l\u0129nh v\u1ef1c Nhi khoa, \u0111\u1eb7c bi\u1ec7t chuy\u00ean s\u00e2u trong kh\u00e1m, ch\u1ea9n \u0111o\u00e1n v\u00e0 \u0111i\u1ec1u tr\u1ecb c\u00e1c b\u1ec7nh \u1edf tr\u1ebb s\u01a1 sinh v\u00e0 tr\u1ebb nh\u1ecf; c\u00e1c b\u1ec7nh truy\u1ec1n nhi\u1ec5m \u1edf tr\u1ebb em.\r<br>\r<br>N\u0103m 2016, BS Thu\u1ef3 V\u00e2n \u0111\u01b0\u1ee3c phong h\u00e0m Gi\u00e1o s\u01b0 y h\u1ecdc. B\u00e0 \u0111\u00e3 tham gia c\u00e1c kho\u00e1 h\u1ecdc chuy\u00ean s\u00e2u v\u1ec1 Nhi trong n\u01b0\u1edbc v\u00e0 Bulgaria; so\u1ea1n th\u1ea3o h\u00e0ng ch\u1ee5c cu\u1ed1n s\u00e1ch v\u00e0 c\u00e1c c\u00f4ng tr\u00ecnh nghi\u00ean c\u1ee9u khoa h\u1ecdc xoay quanh ch\u1ee7 \u0111\u1ec1 b\u1ec7nh vi\u00eam n\u00e3o tr\u1ebb em, b\u1ec7nh Tay -Ch\u00e2n \u2013 Mi\u1ec7ng,\u2026<\/div><\/header><div class=\"boldRow boldInnerRow  \" ><div class=\"rowItem rowInnerItem col-md-12  btTextRight btMiddleVertical\"  ><div class=\"rowItemContent\"><div class=\"bpgPhoto btTextCenter\"  style=\"float: right;\"><div class=\"btImage\"><img src=\"https:\/\/demo.canhcam.com\/thiet-ke-website-benh-vien-1\/wp-content\/uploads\/2018\/01\/img-cardiology-signature.png\" alt=\"\" title=\"\"><\/div><\/div><header class=\"header btClear small  btNormalDash\" style=\"display: inline-block; margin: 30px;\"><div class=\"dash\"><h4><span class=\"headline\"><b class=\"animate\">\u0110O\u00c0N MINH HO\u00c0NG<\/b><\/span><\/h4><\/div><div class=\"btSubTitle\">GS.TS-G\u0110 TR\u01af\u1edeNG KHOA TIM M\u1ea0CH<\/div><\/header><\/div><\/div><\/div><div class=\"btClear btSeparator topSmallSpaced bottomSemiSpaced border\" ><hr><\/div><div class=\"boldRow boldInnerRow  \" ><div class=\"rowItem rowInnerItem col-md-6  btTextLeft\"  ><div class=\"rowItemContent\"><div class=\"servicesItem  btIcoAccentColorIcon btIcoLargeSizeIcon  \"><div class=\"sIcon\"><span class=\"btIco btIcoLargeSize btIcoOutlineType btIcoAccentColor\" ><span  data-ico-hp=\"&#xe930;\" class=\"btIcoHolder\"><em><\/em><\/span><\/span><\/div><div class=\"sTxt\"><header class=\"header btClear small\" ><div class=\"dash\"><h4><span class=\"headline\">\u0110\u1ed8I NG\u0168 CHUY\u00caN NGHI\u1ec6P<\/span><\/h4><\/div><\/header><p>\u0110\u01b0\u1ee3c trang b\u1ecb k\u1ef9 c\u00e0ng v\u1ec1 ki\u1ebfn th\u1ee9c v\u00e0 k\u1ef9 n\u0103ng nghi\u1ec7p v\u1ee5, lu\u00f4n \u00e2n c\u1ea7n quan t\u00e2m, th\u00e1i \u0111\u1ed9 chuy\u00ean nghi\u1ec7p.<\/p><\/div><\/div><div class=\"btClear btSeparator bottomSemiSpaced noBorder\" ><hr><\/div><\/div><\/div><div class=\"rowItem rowInnerItem col-md-6  btTextLeft\"  ><div class=\"rowItemContent\"><div class=\"servicesItem  btIcoAccentColorIcon btIcoLargeSizeIcon  \"><div class=\"sIcon\"><span class=\"btIco btIcoLargeSize btIcoOutlineType btIcoAccentColor\" ><span  data-ico-ms=\"&#xe93f;\" class=\"btIcoHolder\"><em><\/em><\/span><\/span><\/div><div class=\"sTxt\"><header class=\"header btClear small\" ><div class=\"dash\"><h4><span class=\"headline\">TRANG THI\u1ebeT B\u1eca HI\u1ec6N \u0110\u1ea0I<\/span><\/h4><\/div><\/header><p>Lu\u00f4n n\u00e2ng c\u1ea5p c\u00e1c m\u00e1y m\u00f3c, thi\u1ebft b\u1ecb theo ti\u00eau chu\u1ea9n m\u1edbi nh\u1ea5t c\u1ee7a qu\u1ed1c t\u1ebf. L\u00e0 n\u01a1i \u0111i \u0111\u1ea7u v\u1ec1 trang thi\u1ebft b\u1ecb t\u1ed1i t\u00e2n.<\/p><\/div><\/div><div class=\"btClear btSeparator bottomSemiSpaced noBorder\" ><hr><\/div><\/div><\/div><\/div><\/div><\/div><\/div><\/div><\/div><\/div><\/div><\/section><section id=\"bt_section69e610082ae2f\"  class=\"boldSection bottomSpaced gutter inherit\" style=\"margin-top: -5.5em;\"><div class=\"port\"><div class=\"boldCell\"><div class=\"boldCellInner\"><div class=\"boldRow  \" ><div class=\"boldRowInner\"><div class=\"rowItem col-md-3 col-sm-6 col-ms-12 btTextCenter animate animate-fadein animate-moveup btTextIndent inherit\" style=\"margin-bottom: 10px;\" ><div class=\"rowItemContent\" style = \"background-color:#f1f1f1;\"><div class=\"bpgPhoto btTextCenter\" ><div class=\"btImage\"><img src=\"https:\/\/demo.canhcam.com\/thiet-ke-website-benh-vien-1\/wp-content\/uploads\/2018\/01\/img-team-member-01.jpg\" alt=\"\" title=\"\"><\/div><\/div><div class=\"btIconImageRow btIconsHalfHoverPosition\" ><span class=\"btIco btIcoFilledType btIcoBigSize btIcoAccentColor   \" ><span  data-ico-hp=\"&#xe922;\" class=\"btIcoHolder\"><em><\/em><\/span><\/span><\/div><div class=\"btClear btSeparator topExtraSmallSpaced noBorder\" ><hr><\/div><header class=\"header btClear medium btDash topDash  btAccentDash\" ><div class=\"btSuperTitle\">GS.TS-G\u0110 Tr\u01b0\u1eddng khoa Tim m\u1ea1ch<\/div><div class=\"dash\"><h3><span class=\"headline\">\u0110o\u00e0n Minh Ho\u00e0ng<\/span><\/h3><\/div><\/header><div class=\"btText\" ><p>Chuy\u00ean gia \u0111\u1ea7u ti\u00ean t\u1ea1i Vi\u1ec7t Nam v\u1ec1 can thi\u1ec7p \u0111\u1ed9ng m\u1ea1ch qua da (TAVI), c\u00f3 40 n\u0103m kinh nghi\u1ec7m gi\u1ea3ng d\u1ea1y trong l\u0129nh v\u1ef1c Tim m\u1ea1ch t\u1ea1i \u0110\u1ea1i h\u1ecdc Y d\u01b0\u1ee3c TP HCM, B\u1ec7nh vi\u1ec7n Ch\u1ee3 R\u1eaby.<\/p>\n<\/div><div class=\"btClear btSeparator topExtraSmallSpaced bottomSmallSpaced noBorder\" ><hr><\/div><a href=\"#\" class=\"btBtn btBtn btnFilledStyle btnLightColor btnSmall btnNormalWidth btnRightPosition btnNoIcon\" ><span class=\"btnInnerText\">XEM TH\u00caM<\/span><\/a><div class=\"btClear btSeparator topExtraSmallSpaced bottomSmallSpaced noBorder\" ><hr><\/div><\/div><\/div><div class=\"rowItem col-md-3 col-sm-6 col-ms-12 btTextCenter animate animate-fadein animate-moveup btTextIndent inherit\" style=\"margin-bottom: 10px;\" ><div class=\"rowItemContent\" style = \"background-color:#f1f1f1;\"><div class=\"bpgPhoto btTextCenter\" ><div class=\"btImage\"><img src=\"https:\/\/demo.canhcam.com\/thiet-ke-website-benh-vien-1\/wp-content\/uploads\/2018\/01\/img-team-member-02.jpg\" alt=\"\" title=\"\"><\/div><\/div><div class=\"btIconImageRow btIconsHalfHoverPosition\" ><span class=\"btIco btIcoFilledType btIcoBigSize btIcoAccentColor   \" ><span  data-ico-ms=\"&#xe97d;\" class=\"btIcoHolder\"><em><\/em><\/span><\/span><\/div><div class=\"btClear btSeparator topExtraSmallSpaced noBorder\" ><hr><\/div><header class=\"header btClear medium btDash topDash  btAccentDash\" ><div class=\"btSuperTitle\">ThS. Tr\u01b0\u1edfng khoa N\u1ed9i Tim m\u1ea1ch<\/div><div class=\"dash\"><h3><span class=\"headline\">L\u00ea Th\u1ecb \u00c1i<\/span><\/h3><\/div><\/header><div class=\"btText\" ><p>ThS. BS L\u00ea Th\u1ecb \u00c1i \u0111\u00e3 c\u00f3 16 n\u0103m kinh nghi\u1ec7m trong l\u0129nh v\u1ef1c H\u1ed3i s\u1ee9c c\u1ea5p c\u1ee9u \u2013 Tim m\u1ea1ch, chuy\u00ean s\u00e2u v\u1ec1 h\u1ed3i s\u1ee9c c\u1ea5p c\u1ee9u \u0111a khoa, \u0111\u1eb7c bi\u1ec7t l\u00e0 c\u00e1c c\u1ea5p c\u1ee9u h\u1ed3i sinh tim ph\u1ed5i, suy h\u00f4 h\u1ea5p c\u1ea5p, tr\u1ee5y tim m\u1ea1ch, \u0111a ch\u1ea5n th\u01b0\u01a1ng, x\u1eed tr\u00ed r\u1ed1i lo\u1ea1n nh\u1ecbp tim, h\u1ed9i ch\u1ee9ng v\u00e0nh c\u1ea5p, si\u00eau \u00e2m tim trong c\u1ea5p c\u1ee9u\u2026<\/p>\n<\/div><div class=\"btClear btSeparator topExtraSmallSpaced bottomSmallSpaced noBorder\" ><hr><\/div><a href=\"#\" class=\"btBtn btBtn btnFilledStyle btnLightColor btnSmall btnNormalWidth btnRightPosition btnNoIcon\" ><span class=\"btnInnerText\">XEM TH\u00caM<\/span><\/a><div class=\"btClear btSeparator topExtraSmallSpaced bottomSmallSpaced noBorder\" ><hr><\/div><\/div><\/div><div class=\"rowItem col-md-3 col-sm-6 col-ms-12 btTextCenter animate animate-fadein animate-moveup btTextIndent inherit\" style=\"margin-bottom: 10px;\" ><div class=\"rowItemContent\" style = \"background-color:#f1f1f1;\"><div class=\"bpgPhoto btTextCenter\" ><div class=\"btImage\"><img src=\"https:\/\/demo.canhcam.com\/thiet-ke-website-benh-vien-1\/wp-content\/uploads\/2018\/01\/img-team-member-03.jpg\" alt=\"\" title=\"\"><\/div><\/div><div class=\"btIconImageRow btIconsHalfHoverPosition\" ><span class=\"btIco btIcoFilledType btIcoBigSize btIcoAccentColor   \" ><span  data-ico-hp=\"&#xe922;\" class=\"btIcoHolder\"><em><\/em><\/span><\/span><\/div><div class=\"btClear btSeparator topExtraSmallSpaced noBorder\" ><hr><\/div><header class=\"header btClear medium btDash topDash  btAccentDash\" ><div class=\"btSuperTitle\">Tr\u01b0\u1edfng khoa Ung b\u01b0\u1edbu \u2013 Huy\u1ebft h\u1ecdc<\/div><div class=\"dash\"><h3><span class=\"headline\">Tr\u1ea7n Ng\u1ecdc Nh\u01b0<\/span><\/h3><\/div><\/header><div class=\"btText\" ><p>22 n\u0103m kinh nghi\u1ec7m l\u00e0m vi\u1ec7c trong l\u0129nh v\u1ef1c Ung b\u01b0\u1edbu \u2013 Huy\u1ebft h\u1ecdc, \u0111\u1eb7c bi\u1ec7t c\u00f3 kinh nghi\u1ec7m chuy\u00ean s\u00e2u v\u1ec1 \u0111i\u1ec1u tr\u1ecb c\u00e1c lo\u1ea1i U \u0111\u1eb7c, c\u00e1c b\u1ec7nh huy\u1ebft h\u1ecdc \u00e1c t\u00ednh<\/p>\n<\/div><div class=\"btClear btSeparator topExtraSmallSpaced bottomSmallSpaced noBorder\" ><hr><\/div><a href=\"#\" class=\"btBtn btBtn btnFilledStyle btnLightColor btnSmall btnNormalWidth btnRightPosition btnNoIcon\" ><span class=\"btnInnerText\">XEM TH\u00caM<\/span><\/a><div class=\"btClear btSeparator topExtraSmallSpaced bottomSmallSpaced noBorder\" ><hr><\/div><\/div><\/div><div class=\"rowItem col-md-3 col-sm-6 col-ms-12 btTextCenter animate animate-fadein animate-moveup btTextIndent inherit\" style=\"margin-bottom: 10px;\" ><div class=\"rowItemContent\" style = \"background-color:#f1f1f1;\"><div class=\"bpgPhoto btTextCenter\" ><div class=\"btImage\"><img src=\"https:\/\/demo.canhcam.com\/thiet-ke-website-benh-vien-1\/wp-content\/uploads\/2018\/01\/img-team-member-04.jpg\" alt=\"\" title=\"\"><\/div><\/div><div class=\"btIconImageRow btIconsHalfHoverPosition\" ><span class=\"btIco btIcoFilledType btIcoBigSize btIcoAccentColor   \" ><span  data-ico-hp=\"&#xe922;\" class=\"btIcoHolder\"><em><\/em><\/span><\/span><\/div><div class=\"btClear btSeparator topExtraSmallSpaced noBorder\" ><hr><\/div><header class=\"header btClear medium btDash topDash  btAccentDash\" ><div class=\"btSuperTitle\">TS. B\u00e1c s\u0129 Ph\u1eabu thu\u1eadt<\/div><div class=\"dash\"><h3><span class=\"headline\">V\u0169 Thanh Ph\u01b0\u01a1ng<\/span><\/h3><\/div><\/header><div class=\"btText\" ><p>Nhi\u1ec1u n\u0103m kinh nghi\u1ec7m trong l\u0129nh v\u1ef1c Ph\u1ee5c h\u1ed3i ch\u1ee9c n\u0103ng, \u0111\u1eb7c bi\u1ec7t c\u00f3 chuy\u00ean m\u00f4n s\u00e2u v\u1ec1 \u0111i\u1ec1u tr\u1ecb v\u1eadt l\u00fd tr\u1ecb li\u1ec7u v\u00e0 ph\u1ee5c h\u1ed3i ch\u1ee9c n\u0103ng c\u00e1c b\u1ec7nh thu\u1ed9c nh\u00f3m b\u1ec7nh c\u01a1 x\u01b0\u01a1ng kh\u1edbp, th\u1ea7n kinh, tim m\u1ea1ch, ch\u1ea5n th\u01b0\u01a1ng ch\u1ec9nh h\u00ecnh, h\u00f4 h\u1ea5p, ung b\u01b0\u1edbu.<\/p>\n<\/div><div class=\"btClear btSeparator topExtraSmallSpaced bottomSmallSpaced noBorder\" ><hr><\/div><a href=\"#\" class=\"btBtn btBtn btnFilledStyle btnLightColor btnSmall btnNormalWidth btnRightPosition btnNoIcon\" ><span class=\"btnInnerText\">XEM TH\u00caM<\/span><\/a><div class=\"btClear btSeparator topExtraSmallSpaced bottomSmallSpaced noBorder\" ><hr><\/div><\/div><\/div><\/div><\/div><\/div><\/div><\/div><\/section><section id=\"bt_section69e610082e603\"  class=\"boldSection topSpaced bottomSpaced btDarkSkin gutter inherit bt_bb_hidden_xs bt_bb_hidden_ms bt_bb_hidden_sm bt_bb_hidden_md wBackground cover\" style=\"background-color:#282828;background-image:url('https:\/\/demo.canhcam.com\/thiet-ke-website-benh-vien-1\/wp-content\/uploads\/2018\/02\/bgn-about.jpg');\"><div class=\"port\"><div class=\"boldCell\"><div class=\"boldCellInner\"><div class=\"boldRow  \" ><div class=\"boldRowInner\"><div class=\"rowItem col-md-2  col-sm-4 col-ms-12 btTextLeft\"  ><div class=\"rowItemContent\" ><\/div><\/div><div class=\"rowItem col-md-8 col-ms-12 btTextCenter animate animate-fadein inherit\"  ><div class=\"rowItemContent\" ><div class=\"btClear btSeparator bottomSemiSpaced noBorder\" ><hr><\/div><header class=\"header btClear extralarge btDash topDash  btAccentDash\" ><div class=\"btSuperTitle\">B\u1ea0N TRAO NI\u1ec0M TIN<\/div><div class=\"dash\"><h1><span class=\"headline\"><em>CanhcamCare<\/em>\r<br><b class=\"animate\">Trao b\u1ea1n ch\u1ea5t l\u01b0\u1ee3ng<\/b><\/span><\/h1><\/div><div class=\"btSubTitle\">Ng\u01b0\u1eddi th\u1eadt vi\u1ec7c th\u1eadt, \u0111\u00e3 c\u00f3 h\u01a1n 1000 ca \u0111\u1ea1i ph\u1eabu thu\u1eadt th\u00e0nh c\u00f4ng, c\u1ee9u s\u1ed1ng nhi\u1ec1u b\u1ec7nh nh\u00e2n. C\u00e1c kh\u00e1ch h\u00e0ng ph\u1ee5c h\u1ed3i sau ph\u1eabu thu\u1eadt lu\u00f4n \u0111\u01b0\u1ee3c theo d\u00f5i t\u00ecnh tr\u1ea1ng \u0111\u1ecbnh k\u1ef3.<\/div><\/header><div class=\"btClear btSeparator bottomSemiSpaced noBorder\" ><hr><\/div><\/div><\/div><div class=\"rowItem col-md-2  col-sm-4 col-ms-12 btTextLeft\"  ><div class=\"rowItemContent\" ><\/div><\/div><\/div><\/div><div class=\"boldRow  \" ><div class=\"boldRowInner\"><div class=\"rowItem col-md-4 col-ms-12 btTextLeft animate animate-fadein animate-moveup inherit\"  ><div class=\"rowItemContent\" ><div class=\"servicesItem  btIcoDefaultColorIcon btIcoLargeSizeIcon  \"><div class=\"sIcon\"><span class=\"btIco btIcoLargeSize btIcoFilledType btIcoDefaultColor\" ><span  data-ico-tw=\"&#xe909;\" class=\"btIcoHolder\"><em><\/em><\/span><\/span><\/div><div class=\"sTxt\"><header class=\"header btClear small\" ><div class=\"dash\"><h4><span class=\"headline\">CHUY\u00caN NGHI\u1ec6P<\/span><\/h4><\/div><\/header><p>\u0110\u1ed9i ng\u0169 y b\u00e1c s\u0129 c\u00f3 nhi\u1ec1u n\u0103m kinh nghi\u1ec7m trong l\u0129nh v\u1ef1c chuy\u00ean m\u00f4n t\u1ea1i c\u00e1c b\u1ec7nh vi\u1ec7n l\u1edbn, t\u01b0 v\u1ea5n v\u00e0 ch\u1ec9 \u0111\u1ecbnh \u0111i\u1ec1u tr\u1ecb hi\u1ec7u qu\u1ea3.<\/p><\/div><\/div><div class=\"btClear btSeparator bottomSemiSpaced noBorder\" ><hr><\/div><\/div><\/div><div class=\"rowItem col-md-4 col-ms-12 btTextLeft animate animate-fadein animate-moveup inherit\"  ><div class=\"rowItemContent\" ><div class=\"servicesItem  btIcoDefaultColorIcon btIcoLargeSizeIcon  \"><div class=\"sIcon\"><span class=\"btIco btIcoLargeSize btIcoFilledType btIcoDefaultColor\" ><span  data-ico-ms=\"&#xe93f;\" class=\"btIcoHolder\"><em><\/em><\/span><\/span><\/div><div class=\"sTxt\"><header class=\"header btClear small\" ><div class=\"dash\"><h4><span class=\"headline\">CH\u00da TR\u1eccNG KH\u00c1CH H\u00c0NG<\/span><\/h4><\/div><\/header><p>T\u1ea1i CanhcamCare, kh\u00e1ch h\u00e0ng lu\u00f4n l\u00e0 ng\u01b0\u1eddi \u0111\u01b0\u1ee3c \u01b0u ti\u00ean cao nh\u1ea5t. M\u1ecdi nhu c\u1ea7u, th\u1eafc m\u1eafc, t\u00ecnh tr\u1ea1ng c\u1ee7a qu\u00fd kh\u00e1ch \u0111\u1ec1 \u0111\u01b0\u1ee3c ch\u00fang t\u00f4i \u0111\u1eb7t l\u00ean h\u00e0ng \u0111\u1ea7u.<\/p><\/div><\/div><div class=\"btClear btSeparator bottomSemiSpaced noBorder\" ><hr><\/div><\/div><\/div><div class=\"rowItem col-md-4 col-ms-12 btTextLeft animate animate-fadein animate-moveup inherit\"  ><div class=\"rowItemContent\" ><div class=\"servicesItem  btIcoDefaultColorIcon btIcoLargeSizeIcon  \"><div class=\"sIcon\"><span class=\"btIco btIcoLargeSize btIcoFilledType btIcoDefaultColor\" ><span  data-ico-tw=\"&#xe902;\" class=\"btIcoHolder\"><em><\/em><\/span><\/span><\/div><div class=\"sTxt\"><header class=\"header btClear small\" ><div class=\"dash\"><h4><span class=\"headline\">\u0110\u1ed8I NG\u0168 \u0110I\u1ec0U D\u01af\u1ee0NG T\u1eacN T\u00ccNH<\/span><\/h4><\/div><\/header><p>\u0110\u01b0\u1ee3c trang b\u1ecb k\u1ef9 c\u00e0ng v\u1ec1 ki\u1ebfn th\u1ee9c v\u00e0 k\u1ef9 n\u0103ng nghi\u1ec7p v\u1ee5, lu\u00f4n \u00e2n c\u1ea7n quan t\u00e2m, th\u00e1i \u0111\u1ed9 chuy\u00ean nghi\u1ec7p.<\/p><\/div><\/div><div class=\"btClear btSeparator bottomSemiSpaced noBorder\" ><hr><\/div><\/div><\/div><\/div><\/div><div class=\"boldRow  \" ><div class=\"boldRowInner\"><div class=\"rowItem col-md-12 col-ms-12  btTextCenter animate animate-fadein inherit\"  ><div class=\"rowItemContent\" ><div class=\"btClear btSeparator bottomSemiSpaced border\" ><hr><\/div><\/div><\/div><\/div><\/div><div class=\"boldRow  \" ><div class=\"boldRowInner\"><div class=\"rowItem col-md-4 col-ms-12 btTextLeft animate animate-fadein animate-moveup inherit\"  ><div class=\"rowItemContent\" ><div class=\"servicesItem  btIcoDefaultColorIcon btIcoLargeSizeIcon  \"><div class=\"sIcon\"><span class=\"btIco btIcoLargeSize btIcoFilledType btIcoDefaultColor\" ><span  data-ico-md=\"&#xe906;\" class=\"btIcoHolder\"><em><\/em><\/span><\/span><\/div><div class=\"sTxt\"><header class=\"header btClear small\" ><div class=\"dash\"><h4><span class=\"headline\">TRANG THI\u1ebeT B\u1eca HI\u1ec6N \u0110\u1ea0I<\/span><\/h4><\/div><\/header><p>Lu\u00f4n n\u00e2ng c\u1ea5p c\u00e1c m\u00e1y m\u00f3c, thi\u1ebft b\u1ecb theo ti\u00eau chu\u1ea9n m\u1edbi nh\u1ea5t c\u1ee7a qu\u1ed1c t\u1ebf. L\u00e0 n\u01a1i \u0111i \u0111\u1ea7u v\u1ec1 trang thi\u1ebft b\u1ecb t\u1ed1i t\u00e2n.<\/p><\/div><\/div><div class=\"btClear btSeparator bottomSemiSpaced noBorder\" ><hr><\/div><\/div><\/div><div class=\"rowItem col-md-4 col-ms-12 btTextLeft animate animate-fadein animate-moveup inherit\"  ><div class=\"rowItemContent\" ><div class=\"servicesItem  btIcoDefaultColorIcon btIcoLargeSizeIcon  \"><div class=\"sIcon\"><span class=\"btIco btIcoLargeSize btIcoFilledType btIcoDefaultColor\" ><span  data-ico-hs=\"&#xe913;\" class=\"btIcoHolder\"><em><\/em><\/span><\/span><\/div><div class=\"sTxt\"><header class=\"header btClear small\" ><div class=\"dash\"><h4><span class=\"headline\">KH\u1ea8N C\u1ea4P 24\/7<\/span><\/h4><\/div><\/header><p>Lu\u00f4n \u0111\u1ea3m b\u1ea3o c\u00f3 m\u1eb7t k\u1ecbp th\u1eddi t\u1ea1i c\u00e1c tr\u01b0\u1eddng h\u1ee3p c\u00f3 tai n\u1ea1n x\u1ea3y ra. Nhanh ch\u00f3ng, kh\u1ea9n c\u1ea5p, x\u1eed l\u00fd chuy\u00ean nghi\u1ec7p.<\/p><\/div><\/div><div class=\"btClear btSeparator bottomSemiSpaced noBorder\" ><hr><\/div><\/div><\/div><div class=\"rowItem col-md-4 col-ms-12 btTextLeft animate animate-fadein animate-moveup inherit\"  ><div class=\"rowItemContent\" ><div class=\"servicesItem  btIcoDefaultColorIcon btIcoLargeSizeIcon  \"><div class=\"sIcon\"><span class=\"btIco btIcoLargeSize btIcoFilledType btIcoDefaultColor\" ><span  data-ico-hp=\"&#xe927;\" class=\"btIcoHolder\"><em><\/em><\/span><\/span><\/div><div class=\"sTxt\"><header class=\"header btClear small\" ><div class=\"dash\"><h4><span class=\"headline\">QUAN T\u00c2M KH\u00c1CH H\u00c0NG<\/span><\/h4><\/div><\/header><p>Kh\u00e1ch h\u00e0ng lu\u00f4n nh\u1eadn \u0111\u01b0\u1ee3c ch\u1ea5t l\u01b0\u1ee3ng t\u1ed1t v\u00e0 chuy\u00ean nghi\u1ec7p nh\u1ea5t t\u1eeb c\u00e1c d\u1ecbch v\u1ee5 c\u1ee7a ch\u00fang t\u00f4i.<\/p><\/div><\/div><div class=\"btClear btSeparator bottomSemiSpaced noBorder\" ><hr><\/div><\/div><\/div><\/div><\/div><div class=\"boldRow  \" ><div class=\"boldRowInner\"><div class=\"rowItem col-md-12 col-ms-12  btTextCenter animate animate-fadein inherit\"  ><div class=\"rowItemContent\" ><div class=\"btClear btSeparator bottomSemiSpaced border\" ><hr><\/div><a href=\"#\" class=\"btBtn btBtn btnFilledStyle btnAccentColor btnSmall btnNormalWidth btnRightPosition btnNoIcon\" ><span class=\"btnInnerText\">T\u1ea4T C\u1ea2 D\u1ecaCH V\u1ee4<\/span><\/a><div class=\"btClear btSeparator bottomSemiSpaced noBorder\" ><hr><\/div><\/div><\/div><\/div><\/div><\/div><\/div><\/div><\/section>","protected":false},"excerpt":{"rendered":"","protected":false},"author":1,"featured_media":1516,"parent":6,"menu_order":0,"comment_status":"closed","ping_status":"closed","template":"","meta":[],"_links":{"self":[{"href":"https:\/\/demo.canhcam.com\/thiet-ke-website-benh-vien-1\/wp-json\/wp\/v2\/pages\/8"}],"collection":[{"href":"https:\/\/demo.canhcam.com\/thiet-ke-website-benh-vien-1\/wp-json\/wp\/v2\/pages"}],"about":[{"href":"https:\/\/demo.canhcam.com\/thiet-ke-website-benh-vien-1\/wp-json\/wp\/v2\/types\/page"}],"author":[{"embeddable":true,"href":"https:\/\/demo.canhcam.com\/thiet-ke-website-benh-vien-1\/wp-json\/wp\/v2\/users\/1"}],"replies":[{"embeddable":true,"href":"https:\/\/demo.canhcam.com\/thiet-ke-website-benh-vien-1\/wp-json\/wp\/v2\/comments?post=8"}],"version-history":[{"count":6,"href":"https:\/\/demo.canhcam.com\/thiet-ke-website-benh-vien-1\/wp-json\/wp\/v2\/pages\/8\/revisions"}],"predecessor-version":[{"id":2066,"href":"https:\/\/demo.canhcam.com\/thiet-ke-website-benh-vien-1\/wp-json\/wp\/v2\/pages\/8\/revisions\/2066"}],"up":[{"embeddable":true,"href":"https:\/\/demo.canhcam.com\/thiet-ke-website-benh-vien-1\/wp-json\/wp\/v2\/pages\/6"}],"wp:featuredmedia":[{"embeddable":true,"href":"https:\/\/demo.canhcam.com\/thiet-ke-website-benh-vien-1\/wp-json\/wp\/v2\/media\/1516"}],"wp:attachment":[{"href":"https:\/\/demo.canhcam.com\/thiet-ke-website-benh-vien-1\/wp-json\/wp\/v2\/media?parent=8"}],"curies":[{"name":"wp","href":"https:\/\/api.w.org\/{rel}","templated":true}]}}