{"id":306,"date":"2018-01-29T09:20:13","date_gmt":"2018-01-29T09:20:13","guid":{"rendered":"http:\/\/medical.bold-themes.com\/clinic\/?page_id=306"},"modified":"2022-11-11T07:29:45","modified_gmt":"2022-11-11T07:29:45","slug":"phong-khoa","status":"publish","type":"page","link":"https:\/\/demo.canhcam.com\/thiet-ke-website-benh-vien-1\/about-us\/phong-khoa\/","title":{"rendered":"Ph\u00f2ng khoa"},"content":{"rendered":"<section id=\"bt_section69e61030b584e\"  class=\"boldSection topSpaced bottomSpaced gutter inherit\" ><div class=\"port\"><div class=\"boldCell\"><div class=\"boldCellInner\"><div class=\"boldRow  \" ><div class=\"boldRowInner\"><div class=\"rowItem col-md-12 col-ms-12  btTextLeft animate animate-fadein inherit\"  ><div class=\"rowItemContent\" ><div class=\"btClear btSeparator bottomSemiSpaced noBorder\" ><hr><\/div><\/div><\/div><\/div><\/div><div class=\"boldRow  \" ><div class=\"boldRowInner\"><div class=\"rowItem col-md-6 col-sm-12 btTextLeft animate animate-fadein btMiddleVertical\"  ><div class=\"rowItemContent\" ><div class=\"bpgPhoto btTextCenter\" > \r\n\t\t\t\t\t<a href=\"#\" target=\"_self\" title=\"READ MORE\"><\/a>\r\n\t\t\t\t\t<div class=\"boldPhotoBox\"><div class=\"bpbItem\"><div class = \"btImage\"><img src=\"https:\/\/demo.canhcam.com\/thiet-ke-website-benh-vien-1\/wp-content\/uploads\/2018\/02\/img-gallery-20.jpg\" alt=\"READ MORE\" title=\"READ MORE\" ><\/div><\/div><\/div>\r\n\t\t\t\t\t<div class=\"captionPane\">\r\n\t\t\t\t\t\t<div class=\"captionTable\">\r\n\t\t\t\t\t\t\t<div class=\"captionCell\">\r\n\t\t\t\t\t\t\t\t<div class=\"captionTxt\"><header class=\"header btClear small btDash bottomDash btAlternateDash\" ><div class=\"btSubTitle\">READ MORE<\/div><\/header><\/div>\r\n\t\t\t\t\t\t\t<\/div>\r\n\t\t\t\t\t\t<\/div>\r\n\t\t\t\t\t<\/div><\/div><div class=\"btClear btSeparator bottomSemiSpaced noBorder bt_bb_hidden_md bt_bb_hidden_lg\" ><hr><\/div><\/div><\/div><div class=\"rowItem col-md-6 col-sm-12 btTextCenter animate animate-fadein btMiddleVertical btDoublePadding\"  ><div class=\"rowItemContent\" ><header class=\"header btClear large btDash bottomDash  btAccentDash\" ><div class=\"dash\"><h2><span class=\"headline\"><em>Ph\u00f2ng c\u1ea5p c\u1ee9u v\u00e0 can thi\u1ec7p tim m\u1ea1ch<\/em><\/span><\/h2><\/div><\/header><div class=\"btClear btSeparator bottomExtraSmallSpaced noBorder\" ><hr><\/div><div class=\"btText\" ><div class=\"btText\">\n<p>Nh\u00e2n s\u1ef1 ph\u00f2ng Q1:<br \/>\n&#8211; B\u00e1c s\u0129: c\u00f3 5 B\u00e1c s\u0129, c\u00e1c B\u00e1c s\u0129 \u0111\u1ec1u l\u00e0 c\u00e1c c\u1ef1u N\u1ed9i tr\u00fa Tim m\u1ea1ch c\u1ee7a B\u1ed9 m\u00f4n Tim m\u1ea1ch &#8211; Tr\u01b0\u1eddng \u0110\u1ea1i h\u1ecdc Y H\u00e0 N\u1ed9i, \u0111\u00e3 \u0111\u01b0\u1ee3c \u0111\u00e0o t\u1ea1o chuy\u00ean khoa s\u00e2u v\u1ec1 c\u1ea5p c\u1ee9u tim m\u1ea1ch, can thi\u1ec7p tim m\u1ea1ch, can thi\u1ec7p c\u00e1c r\u1ed1i lo\u1ea1n nh\u1ecbp tim, si\u00eau \u00e2m tim t\u1ea1i Vi\u1ec7n Tim m\u1ea1ch Vi\u1ec7t Nam, \u0110\u1ee9c, Nh\u1eadt B\u1ea3n, \u1ea4n \u0110\u1ed9.<br \/>\n&#8211; \u0110i\u1ec1u d\u01b0\u1ee1ng: c\u00f3 9 \u0110i\u1ec1u d\u01b0\u1ee1ng, trong \u0111\u00f3 c\u00f3 2 C\u1eed nh\u00e2n \u0111i\u1ec1u d\u01b0\u1ee1ng \u0111\u1ea1i h\u1ecdc. C\u00e1c \u0110i\u1ec1u d\u01b0\u1ee1ng \u0111\u1ec1u \u0111\u01b0\u1ee3c \u0111\u00e0o t\u1ea1o b\u00e0i b\u1ea3n v\u00e0 chuy\u00ean s\u00e2u v\u1ec1 c\u1ea5p c\u1ee9u v\u00e0 ch\u0103m s\u00f3c b\u1ec7nh nh\u00e2n tim m\u1ea1ch.<br \/>\n&#8211; Th\u01b0 k\u00fd y khoa v\u00e0 H\u1ed9 l\u00fd: 2<br \/>\n&#8211; Ngo\u00e0i ra, t\u1ea1i Ph\u00f2ng Q1 lu\u00f4n c\u00f3 t\u1eeb 2 \u0111\u1ebfn 4 B\u00e1c s\u0129 n\u1ed9i tr\u00fa Tim m\u1ea1ch v\u00e0 N\u1ed9i khoa, 2 \u0111\u1ebfn 4 B\u00e1c s\u0129 cao h\u1ecdc Tim m\u1ea1ch tham gia \u0111i\u1ec1u tr\u1ecb v\u00e0 tr\u1ef1c t\u1ea1i b\u1ec7nh ph\u00f2ng.<\/p>\n<\/div>\n<\/div><div class=\"btClear btSeparator topExtraSmallSpaced bottomSmallSpaced noBorder\" ><hr><\/div><a href=\"#\" class=\"btBtn btBtn btnFilledStyle btnAccentColor btnSmall btnNormalWidth btnRightPosition btnNoIcon\" ><span class=\"btnInnerText\">CHI TI\u1ebeT<\/span><\/a><\/div><\/div><\/div><\/div><div class=\"boldRow  \" ><div class=\"boldRowInner\"><div class=\"rowItem col-md-12 col-ms-12  btTextLeft animate animate-fadein inherit\"  ><div class=\"rowItemContent\" ><div class=\"btClear btSeparator topSemiSpaced bottomSemiSpaced border\" ><hr><\/div><\/div><\/div><\/div><\/div><div class=\"boldRow  bt_bb_hidden_xs bt_bb_hidden_ms bt_bb_hidden_sm\" ><div class=\"boldRowInner\"><div class=\"rowItem col-md-6 col-sm-12 btTextCenter animate animate-fadein btMiddleVertical btDoublePadding\"  ><div class=\"rowItemContent\" ><header class=\"header btClear large btDash bottomDash  btAccentDash\" ><div class=\"dash\"><h2><span class=\"headline\"><em>T\u01b0 v\u1ea5n<\/em><\/span><\/h2><\/div><\/header><div class=\"btClear btSeparator bottomExtraSmallSpaced noBorder\" ><hr><\/div><div class=\"btText\" ><div class=\"btText\">\n<p>Quy tr\u00ecnh kh\u00e1m ch\u1eefa b\u1ec7nh<br \/>\n\u0110\u1ec3 thu\u1eadn ti\u1ec7n cho c\u00f4ng t\u00e1c ti\u1ebfp \u0111\u00f3n v\u00e0 \u0111\u1ec3 b\u1ec7nh nh\u00e2n ch\u1ee7 \u0111\u1ed9ng v\u1ec1 th\u1eddi gian, ng\u01b0\u1eddi d\u00e2n c\u00f3 th\u1ec3 li\u00ean h\u1ec7 v\u00e0 \u0111\u1eb7t l\u1ecbch kh\u00e1m tr\u01b0\u1edbc qua s\u1ed1 t\u1ed5ng \u0111\u00e0i: 028 6273 0815<br \/>\nKhi t\u1edbi kh\u00e1m, ng\u01b0\u1eddi d\u00e2n s\u1ebd ti\u1ebfp \u0111\u00f3n b\u1edfi \u0111\u1ed9i ng\u0169 nh\u00e2n vi\u00ean v\u1edbi th\u00e1i \u0111\u1ed9 th\u00e2n thi\u1ec7n, ni\u1ec1m n\u1edf; h\u01b0\u1edbng d\u1eabn quy tr\u00ecnh kh\u00e1m ch\u1eefa b\u1ec7nh r\u00f5 r\u00e0ng, \u0111\u01b0\u1ee3c gi\u1ea3i \u0111\u00e1p nh\u1eefng th\u1eafc m\u1eafc c\u1ee7a b\u1ec7nh nh\u00e2n li\u00ean quan \u0111\u1ebfn kh\u00e1m li\u00ean quan \u0111\u1ebfn c\u00e1c b\u1ec7nh Tim m\u1ea1ch, quy tr\u00ecnh kh\u00e1m b\u1ec7nh t\u1ea1i Vi\u1ec7n Tim M\u1ea1ch.<\/p>\n<p>Ng\u01b0\u1eddi d\u00e2n s\u1ebd \u0111\u01b0\u1ee3c ngh\u1ec9 ng\u01a1i t\u1ea1i khu v\u1ef1c ng\u1ed3i ch\u1edd t\u1ea1i gi\u1eefa khu\u00f4n vi\u00ean c\u1ee7a \u0111\u01a1n v\u1ecb Kh\u00e1m v\u00e0 T\u01b0 v\u1ea5n b\u1ec7nh Tim m\u1ea1ch, \u0111\u01b0\u1ee3c trang b\u1ecb \u0111i\u1ec1u h\u00f2a to\u00e0n b\u1ed9 \u0111\u1ec3 gi\u1ea3m b\u1edbt nh\u1eefng v\u1ea5t v\u1ea3 c\u1ee7a b\u1ec7nh nh\u00e2n v\u00e0 ng\u01b0\u1eddi th\u00e2n trong th\u1eddi gian ch\u1edd \u0111\u1ee3i c\u00e1c k\u1ebft qu\u1ea3 x\u00e9t nghi\u1ec7m, k\u1ebft lu\u1eadn t\u1eeb b\u00e1c s\u1ef9.<\/p>\n<\/div>\n<\/div><div class=\"btClear btSeparator topExtraSmallSpaced bottomSmallSpaced noBorder\" ><hr><\/div><a href=\"#\" class=\"btBtn btBtn btnFilledStyle btnAccentColor btnSmall btnNormalWidth btnRightPosition btnNoIcon\" ><span class=\"btnInnerText\">READ MORE<\/span><\/a><\/div><\/div><div class=\"rowItem col-md-6 col-sm-12 btTextLeft animate animate-fadein btMiddleVertical\"  ><div class=\"rowItemContent\" ><div class=\"bpgPhoto btTextCenter\" > \r\n\t\t\t\t\t<a href=\"#\" target=\"_self\" title=\"READ MORE\"><\/a>\r\n\t\t\t\t\t<div class=\"boldPhotoBox\"><div class=\"bpbItem\"><div class = \"btImage\"><img src=\"https:\/\/demo.canhcam.com\/thiet-ke-website-benh-vien-1\/wp-content\/uploads\/2018\/02\/img-blog-post-08.jpg\" alt=\"READ MORE\" title=\"READ MORE\" ><\/div><\/div><\/div>\r\n\t\t\t\t\t<div class=\"captionPane\">\r\n\t\t\t\t\t\t<div class=\"captionTable\">\r\n\t\t\t\t\t\t\t<div class=\"captionCell\">\r\n\t\t\t\t\t\t\t\t<div class=\"captionTxt\"><header class=\"header btClear small btDash bottomDash btAlternateDash\" ><div class=\"btSubTitle\">READ MORE<\/div><\/header><\/div>\r\n\t\t\t\t\t\t\t<\/div>\r\n\t\t\t\t\t\t<\/div>\r\n\t\t\t\t\t<\/div><\/div><\/div><\/div><\/div><\/div><div class=\"boldRow  \" ><div class=\"boldRowInner\"><div class=\"rowItem col-md-12 col-ms-12  btTextLeft animate animate-fadein inherit\"  ><div class=\"rowItemContent\" ><div class=\"btClear btSeparator topSemiSpaced bottomSemiSpaced border\" ><hr><\/div><\/div><\/div><\/div><\/div><div class=\"boldRow  \" ><div class=\"boldRowInner\"><div class=\"rowItem col-md-6 col-sm-12 btTextLeft animate animate-fadein btMiddleVertical\"  ><div class=\"rowItemContent\" ><div class=\"bpgPhoto btTextCenter\" > \r\n\t\t\t\t\t<a href=\"#\" target=\"_self\" title=\"READ MORE\"><\/a>\r\n\t\t\t\t\t<div class=\"boldPhotoBox\"><div class=\"bpbItem\"><div class = \"btImage\"><img src=\"https:\/\/demo.canhcam.com\/thiet-ke-website-benh-vien-1\/wp-content\/uploads\/2018\/02\/img-gallery-02.jpg\" alt=\"READ MORE\" title=\"READ MORE\" ><\/div><\/div><\/div>\r\n\t\t\t\t\t<div class=\"captionPane\">\r\n\t\t\t\t\t\t<div class=\"captionTable\">\r\n\t\t\t\t\t\t\t<div class=\"captionCell\">\r\n\t\t\t\t\t\t\t\t<div class=\"captionTxt\"><header class=\"header btClear small btDash bottomDash btAlternateDash\" ><div class=\"btSubTitle\">READ MORE<\/div><\/header><\/div>\r\n\t\t\t\t\t\t\t<\/div>\r\n\t\t\t\t\t\t<\/div>\r\n\t\t\t\t\t<\/div><\/div><div class=\"btClear btSeparator bottomSemiSpaced noBorder bt_bb_hidden_md bt_bb_hidden_lg\" ><hr><\/div><\/div><\/div><div class=\"rowItem col-md-6 col-sm-12 btTextCenter animate animate-fadein btMiddleVertical btDoublePadding\"  ><div class=\"rowItemContent\" ><header class=\"header btClear large btDash bottomDash  btAccentDash\" ><div class=\"dash\"><h2><span class=\"headline\"><em>Khoa tim tr\u1ebb em<\/em><\/span><\/h2><\/div><\/header><div class=\"btClear btSeparator bottomExtraSmallSpaced noBorder\" ><hr><\/div><div class=\"btText\" ><div class=\"btText\">\n<p>C\u00e1c d\u1ecbch v\u1ee5 \u0111\u01b0\u1ee3c th\u1ef1c hi\u1ec7n ta\u0323i Khoa tim tr\u1ebb em<br \/>\n\u2013 Kh\u00e1m v\u00e0 ch\u1eefa b\u1ec7nh cho tr\u1ebb s\u01a1 sinh \u0111\u1ebfn 16 tu\u1ed5i: C\u00e1c b\u1ec7nh v\u1ec1 h\u00f4 h\u1ea5p, tim m\u1ea1ch, ti\u00eau h\u00f3a, b\u1ec7nh truy\u1ec1n nhi\u1ec5m v\u00e0 c\u00e1c b\u1ec7nh c\u1ee7a tr\u1ebb s\u01a1 sinh kh\u00e1c\u2026<br \/>\n\u2013 Kh\u00e1m \u0111\u1ecbnh k\u1ef3 v\u00e0 theo d\u00f5i ph\u00e1t tri\u1ec3n th\u1ec3 ch\u1ea5t, t\u00e2m th\u1ea7n v\u1eadn \u0111\u1ed9ng;<br \/>\n\u2013 T\u01b0 v\u1ea5n dinh d\u01b0\u1ee1ng v\u00e0 c\u00e1ch ch\u0103m s\u00f3c tr\u1ebb;<br \/>\n\u2013 D\u1ecbch v\u1ee5 ti\u00eam ng\u1eeba;<br \/>\n\u2013 Kh\u00e1m s\u1ee9c kho\u1ebb t\u1ed5ng qu\u00e1t cho tr\u1ebb v\u00e0 m\u1ed9t s\u1ed1 d\u1ecbch v\u1ee5 chuy\u00ean s\u00e2u kh\u00e1c\u2026<\/p>\n<\/div>\n<\/div><div class=\"btClear btSeparator topExtraSmallSpaced bottomSmallSpaced noBorder\" ><hr><\/div><a href=\"#\" class=\"btBtn btBtn btnFilledStyle btnAccentColor btnSmall btnNormalWidth btnRightPosition btnNoIcon\" ><span class=\"btnInnerText\">CHI TI\u1ebeT<\/span><\/a><\/div><\/div><\/div><\/div><div class=\"boldRow  \" ><div class=\"boldRowInner\"><div class=\"rowItem col-md-12 col-ms-12  btTextLeft animate animate-fadein inherit\"  ><div class=\"rowItemContent\" ><div class=\"btClear btSeparator topSemiSpaced bottomSemiSpaced border\" ><hr><\/div><\/div><\/div><\/div><\/div><div class=\"boldRow  bt_bb_hidden_xs bt_bb_hidden_ms bt_bb_hidden_sm\" ><div class=\"boldRowInner\"><div class=\"rowItem col-md-6 col-sm-12 btTextCenter animate animate-fadein btMiddleVertical btDoublePadding\"  ><div class=\"rowItemContent\" ><header class=\"header btClear large btDash bottomDash  btAccentDash\" ><div class=\"dash\"><h2><span class=\"headline\"><em>Khoa h\u1ed3i s\u1ee9c t\u00edch c\u1ef1c<\/em><\/span><\/h2><\/div><\/header><div class=\"btClear btSeparator bottomExtraSmallSpaced noBorder\" ><hr><\/div><div class=\"btText\" ><div class=\"btText\">\n<p>Khoa H\u1ed3i s\u1ee9c t\u00edch c\u1ef1c \u0111\u01b0\u1ee3c b\u1ed1 tr\u00ed t\u1ea1i t\u1ea7ng 2 c\u1ee7a B\u1ec7nh vi\u1ec7n CanhcamCare. Khoa c\u00f3 quy m\u00f4 21 gi\u01b0\u1eddng b\u1ec7nh v\u1edbi trang thi\u1ebft b\u1ecb hi\u1ec7n \u0111\u1ea1i nh\u01b0 m\u00e1y tim ph\u1ed5i nh\u00e2n t\u1ea1o (ECMO), m\u00e1y th\u1edf, m\u00e1y l\u1ecdc m\u00e1u li\u00ean t\u1ee5c, h\u1ec7 th\u1ed1ng theo d\u00f5i trung t\u00e2m v\u00e0 camera gi\u00e1m s\u00e1t. V\u1edbi 43 nh\u00e2n vi\u00ean g\u1ed3m 8 b\u00e1c s\u0129, 34 \u0111i\u1ec1u d\u01b0\u1ee1ng v\u00e0 1 h\u1ed9 l\u00fd. Khoa l\u00e0m vi\u1ec7c theo ca k\u00edp \u0111\u1ea3m b\u1ea3o ch\u0103m s\u00f3c ng\u01b0\u1eddi b\u1ec7nh 24\/24h.<\/p>\n<\/div>\n<\/div><div class=\"btClear btSeparator topExtraSmallSpaced bottomSmallSpaced noBorder\" ><hr><\/div><a href=\"#\" class=\"btBtn btBtn btnFilledStyle btnAccentColor btnSmall btnNormalWidth btnRightPosition btnNoIcon\" ><span class=\"btnInnerText\">CHI TI\u1ebeT<\/span><\/a><\/div><\/div><div class=\"rowItem col-md-6 col-sm-12 btTextLeft animate animate-fadein btMiddleVertical\"  ><div class=\"rowItemContent\" ><div class=\"bpgPhoto btTextCenter\" > \r\n\t\t\t\t\t<a href=\"#\" target=\"_self\" title=\"READ MORE\"><\/a>\r\n\t\t\t\t\t<div class=\"boldPhotoBox\"><div class=\"bpbItem\"><div class = \"btImage\"><img src=\"https:\/\/demo.canhcam.com\/thiet-ke-website-benh-vien-1\/wp-content\/uploads\/2018\/02\/img-blog-post-09.jpeg\" alt=\"READ MORE\" title=\"READ MORE\" ><\/div><\/div><\/div>\r\n\t\t\t\t\t<div class=\"captionPane\">\r\n\t\t\t\t\t\t<div class=\"captionTable\">\r\n\t\t\t\t\t\t\t<div class=\"captionCell\">\r\n\t\t\t\t\t\t\t\t<div class=\"captionTxt\"><header class=\"header btClear small btDash bottomDash btAlternateDash\" ><div class=\"btSubTitle\">READ MORE<\/div><\/header><\/div>\r\n\t\t\t\t\t\t\t<\/div>\r\n\t\t\t\t\t\t<\/div>\r\n\t\t\t\t\t<\/div><\/div><div class=\"btClear btSeparator bottomSemiSpaced noBorder bt_bb_hidden_md bt_bb_hidden_lg\" ><hr><\/div><\/div><\/div><\/div><\/div><\/div><\/div><\/div><\/section><section id=\"bt_section69e61030b7748\"  class=\"boldSection topSpaced bottomSpaced btDarkSkin gutter inherit wBackground cover\" style=\"background-color:#282828;background-image:url('https:\/\/demo.canhcam.com\/thiet-ke-website-benh-vien-1\/wp-content\/uploads\/2018\/02\/bgn-dark-gray-heart.jpg');\"><div class=\"port\"><div class=\"boldCell\"><div class=\"boldCellInner\"><div class=\"boldRow  \" ><div class=\"boldRowInner\"><div class=\"rowItem col-md-8 col-ms-12 btTextLeft animate animate-fadein animate-moveleft inherit\"  ><div class=\"rowItemContent\" ><div class=\"btClear btSeparator bottomSemiSpaced noBorder\" ><hr><\/div><header class=\"header btClear extralarge btDash topDash  btAccentDash\" ><div class=\"btSuperTitle\">TI\u1ebeP NH\u1eacN T\u01af V\u1ea4N-\u0110I\u1ec0U TR\u1eca<\/div><div class=\"dash\"><h1><span class=\"headline\"><em>\u0110\u1eb7t l\u1ecbch v\u1edbi<\/em> <b class=\"animate\">b\u00e1c s\u0129 c\u00e1 nh\u00e2n<\/b><\/span><\/h1><\/div><div class=\"btSubTitle\">Cung c\u1ea5p d\u1ecbch v\u1ee5 b\u00e1c s\u0129 1:1 theo nhu c\u1ea7u, mong mu\u1ed1n c\u1ee7a qu\u00fd kh\u00e1ch. Theo d\u00f5i s\u00e1t sao b\u1ec7nh t\u00ecnh, \u0111\u01b0a ra nh\u1eefng gi\u1ea3i ph\u00e1p h\u1ee3p l\u00fd v\u00e0 k\u1ecbp th\u1eddi.<\/div><\/header><div class=\"btClear btSeparator bottomSemiSpaced noBorder\" ><hr><\/div><\/div><\/div><div class=\"rowItem col-md-4 col-ms-12 btTextLeft\"  ><div class=\"rowItemContent\" ><\/div><\/div><\/div><\/div><div class=\"boldRow  \" ><div class=\"boldRowInner\"><div class=\"rowItem col-md-4 col-ms-12 btTextLeft animate animate-fadein inherit\"  ><div class=\"rowItemContent\" ><div class=\"bpgPhoto btTextCenter\" ><div class=\"btImage\"><img src=\"https:\/\/demo.canhcam.com\/thiet-ke-website-benh-vien-1\/wp-content\/uploads\/2018\/01\/img-box-01.jpg\" alt=\"\" title=\"\"><\/div><\/div><div class=\"btClear btSeparator topSemiSpaced noBorder\" ><hr><\/div><div class=\"servicesItem  btIcoAccentColorIcon btIcoMediumSizeIcon  \"><div class=\"sIcon\"><span class=\"btIco btIcoMediumSize btIcoDefaultType btIcoAccentColor\" ><span  data-ico-tc=\"&#xe95f;\" class=\"btIcoHolder\"><em><\/em><\/span><\/span><\/div><div class=\"sTxt\"><header class=\"header btClear small\" ><div class=\"dash\"><h4><span class=\"headline\">\u0110I\u1ec6N THO\u1ea0I<\/span><\/h4><\/div><\/header><p>028 6273 0815<\/p><\/div><\/div><div class=\"btClear btSeparator topSmallSpaced bottomSmallSpaced border\" ><hr><\/div><div class=\"servicesItem  btIcoAccentColorIcon btIcoMediumSizeIcon  \"><div class=\"sIcon\"><span class=\"btIco btIcoMediumSize btIcoDefaultType btIcoAccentColor\" ><span  data-ico-hs=\"&#xe91f;\" class=\"btIcoHolder\"><em><\/em><\/span><\/span><\/div><div class=\"sTxt\"><header class=\"header btClear small\" ><div class=\"dash\"><h4><span class=\"headline\">\u0110\u1ecaA CH\u1ec8<\/span><\/h4><\/div><\/header><p>156 Nguy\u1ec5n V\u0103n Th\u1ee7<br\/>Ph\u01b0\u1eddng \u0110a Kao, Qu\u1eadn 1, TPHCM<\/p><\/div><\/div><div class=\"btClear btSeparator topSmallSpaced bottomSmallSpaced border\" ><hr><\/div><div class=\"servicesItem  btIcoAccentColorIcon btIcoMediumSizeIcon  \"><div class=\"sIcon\"><span class=\"btIco btIcoMediumSize btIcoDefaultType btIcoAccentColor\" ><span  data-ico-hs=\"&#xe921;\" class=\"btIcoHolder\"><em><\/em><\/span><\/span><\/div><div class=\"sTxt\"><header class=\"header btClear small\" ><div class=\"dash\"><h4><span class=\"headline\">\u0110\u1eb6T L\u1ecaCH H\u1eb8N<\/span><\/h4><\/div><\/header><p>\u0110\u1ec3 nh\u1eadn \u0111\u01b0\u1ee3c t\u01b0 v\u1ea5n nhanh ch\u00f3ng v\u00e0 k\u1ecbp th\u1eddi.<\/p><\/div><\/div><div class=\"btClear btSeparator bottomSemiSpaced noBorder\" ><hr><\/div><\/div><\/div><div class=\"rowItem col-md-8 col-ms-12 btTextLeft animate animate-fadein inherit btDoublePadding\"  ><div class=\"rowItemContent\" ><div class=\"btText\" ><div role=\"form\" class=\"wpcf7\" id=\"wpcf7-f681-o1\" lang=\"en-US\" dir=\"ltr\">\n<div class=\"screen-reader-response\">\n<p role=\"status\" aria-live=\"polite\" aria-atomic=\"true\">\n<ul><\/ul>\n<\/div>\n<form action=\"\/thiet-ke-website-benh-vien-1\/wp-json\/wp\/v2\/pages\/306#wpcf7-f681-o1\" method=\"post\" class=\"wpcf7-form init\" novalidate=\"novalidate\" data-status=\"init\">\n<div style=\"display: none;\">\n<input type=\"hidden\" name=\"_wpcf7\" value=\"681\" \/><br \/>\n<input type=\"hidden\" name=\"_wpcf7_version\" value=\"5.6.4\" \/><br \/>\n<input type=\"hidden\" name=\"_wpcf7_locale\" value=\"en_US\" \/><br \/>\n<input type=\"hidden\" name=\"_wpcf7_unit_tag\" value=\"wpcf7-f681-o1\" \/><br \/>\n<input type=\"hidden\" name=\"_wpcf7_container_post\" value=\"0\" \/><br \/>\n<input type=\"hidden\" name=\"_wpcf7_posted_data_hash\" value=\"\" \/>\n<\/div>\n<p><span class=\"bt_bb_required\">Nh\u1eadp t\u00ean c\u1ee7a b\u1ea1n<\/span><br \/>\n    <span class=\"wpcf7-form-control-wrap\" data-name=\"your-name\"><input type=\"text\" name=\"your-name\" value=\"\" size=\"40\" class=\"wpcf7-form-control wpcf7-text wpcf7-validates-as-required\" aria-required=\"true\" aria-invalid=\"false\" \/><\/span> <\/p>\n<p><span class=\"bt_bb_required\">Nh\u1eadp email c\u1ee7a b\u1ea1n<\/span><br \/>\n    <span class=\"wpcf7-form-control-wrap\" data-name=\"your-email\"><input type=\"email\" name=\"your-email\" value=\"\" size=\"40\" class=\"wpcf7-form-control wpcf7-text wpcf7-email wpcf7-validates-as-required wpcf7-validates-as-email\" aria-required=\"true\" aria-invalid=\"false\" \/><\/span> <\/p>\n<p>Ch\u1ecdn b\u00e1c s\u0129<br \/>\n<span class=\"wpcf7-form-control-wrap\" data-name=\"Doctor\"><select name=\"Doctor\" class=\"wpcf7-form-control wpcf7-select\" aria-invalid=\"false\"><option value=\"\u0110o\u00e0n Minh Ho\u00e0ng\">\u0110o\u00e0n Minh Ho\u00e0ng<\/option><option value=\"L\u00ea Th\u1ecb \u00c1i\">L\u00ea Th\u1ecb \u00c1i<\/option><option value=\"L\u00ea H\u1ed3ng H\u1ea1nh\">L\u00ea H\u1ed3ng H\u1ea1nh<\/option><option value=\"Tr\u1ea7n Ng\u1ecdc Nh\u01b0\">Tr\u1ea7n Ng\u1ecdc Nh\u01b0<\/option><\/select><\/span><\/p>\n<p><span class=\"bt_bb_required\">Ch\u1ecdn ng\u00e0y<\/span><br \/>\n<span class=\"wpcf7-form-control-wrap\" data-name=\"date-638\"><input type=\"date\" name=\"date-638\" value=\"\" class=\"wpcf7-form-control wpcf7-date wpcf7-validates-as-required wpcf7-validates-as-date\" aria-required=\"true\" aria-invalid=\"false\" placeholder=\"Please select date\" \/><\/span><\/p>\n<p>L\u1eddi nh\u1eafn<br \/>\n    <span class=\"wpcf7-form-control-wrap\" data-name=\"your-message\"><textarea name=\"your-message\" cols=\"40\" rows=\"4\" class=\"wpcf7-form-control wpcf7-textarea\" aria-invalid=\"false\"><\/textarea><\/span><\/p>\n<p><input type=\"submit\" value=\"\u0110\u1eb6T NGAY\" class=\"wpcf7-form-control has-spinner wpcf7-submit\" \/><\/p>\n<div class=\"wpcf7-response-output\" aria-hidden=\"true\"><\/div>\n<\/form>\n<\/div>\n<\/div><div class=\"btClear btSeparator topSemiSpaced noBorder\" ><hr><\/div><\/div><\/div><\/div><\/div><\/div><\/div><\/div><\/section>","protected":false},"excerpt":{"rendered":"<p>CanhcamCare l\u00e0 H\u00ea\u0323 th\u1ed1ng y t\u1ebf ha\u0300n l\u00e2m do C\u00e1nh Cam &#8211; T\u1eadp \u0111o\u00e0n kinh t\u1ebf t\u01b0 nh\u00e2n h\u00e0ng \u0111\u1ea7u Vi\u1ec7t Nam \u0111\u1ea7u t\u01b0 ph\u00e1t tri\u1ec3n v\u1edbi s\u1ee9 m\u1ec7nh &#8220;Ch\u0103m s\u00f3c b\u1eb1ng t\u00e0i n\u0103ng, y \u0111\u1ee9c v\u00e0 s\u1ef1 th\u1ea5u c\u1ea3m&#8221;.<\/p>\n","protected":false},"author":1,"featured_media":1670,"parent":6,"menu_order":0,"comment_status":"closed","ping_status":"closed","template":"","meta":[],"_links":{"self":[{"href":"https:\/\/demo.canhcam.com\/thiet-ke-website-benh-vien-1\/wp-json\/wp\/v2\/pages\/306"}],"collection":[{"href":"https:\/\/demo.canhcam.com\/thiet-ke-website-benh-vien-1\/wp-json\/wp\/v2\/pages"}],"about":[{"href":"https:\/\/demo.canhcam.com\/thiet-ke-website-benh-vien-1\/wp-json\/wp\/v2\/types\/page"}],"author":[{"embeddable":true,"href":"https:\/\/demo.canhcam.com\/thiet-ke-website-benh-vien-1\/wp-json\/wp\/v2\/users\/1"}],"replies":[{"embeddable":true,"href":"https:\/\/demo.canhcam.com\/thiet-ke-website-benh-vien-1\/wp-json\/wp\/v2\/comments?post=306"}],"version-history":[{"count":4,"href":"https:\/\/demo.canhcam.com\/thiet-ke-website-benh-vien-1\/wp-json\/wp\/v2\/pages\/306\/revisions"}],"predecessor-version":[{"id":2122,"href":"https:\/\/demo.canhcam.com\/thiet-ke-website-benh-vien-1\/wp-json\/wp\/v2\/pages\/306\/revisions\/2122"}],"up":[{"embeddable":true,"href":"https:\/\/demo.canhcam.com\/thiet-ke-website-benh-vien-1\/wp-json\/wp\/v2\/pages\/6"}],"wp:featuredmedia":[{"embeddable":true,"href":"https:\/\/demo.canhcam.com\/thiet-ke-website-benh-vien-1\/wp-json\/wp\/v2\/media\/1670"}],"wp:attachment":[{"href":"https:\/\/demo.canhcam.com\/thiet-ke-website-benh-vien-1\/wp-json\/wp\/v2\/media?parent=306"}],"curies":[{"name":"wp","href":"https:\/\/api.w.org\/{rel}","templated":true}]}}