{"id":294,"date":"2018-01-29T09:18:45","date_gmt":"2018-01-29T09:18:45","guid":{"rendered":"http:\/\/medical.bold-themes.com\/clinic\/?page_id=294"},"modified":"2022-11-11T04:45:47","modified_gmt":"2022-11-11T04:45:47","slug":"galleries","status":"publish","type":"page","link":"https:\/\/demo.canhcam.com\/thiet-ke-website-benh-vien-1\/about-us\/galleries\/","title":{"rendered":"Th\u01b0 vi\u1ec7n"},"content":{"rendered":"<section id=\"bt_section69e61023d3f07\"  class=\"boldSection topSpaced bottomExtraSpaced gutter inherit\" ><div class=\"port\"><div class=\"boldCell\"><div class=\"boldCellInner\"><div class=\"boldRow  \" ><div class=\"boldRowInner\"><div class=\"rowItem col-md-8 col-ms-12 btTextLeft animate animate-fadein inherit\"  ><div class=\"rowItemContent\" ><div class=\"btClear btSeparator bottomSemiSpaced noBorder\" ><hr><\/div><header class=\"header btClear extralarge btDash topDash  btAccentDash\" ><div class=\"btSuperTitle\">CanhcamCare<\/div><div class=\"dash\"><h1><span class=\"headline\"><em>Lu\u00f4n s\u1eb5n s\u00e0ng<\/em>\r<br><b class=\"animate\">T\u1eadn t\u00e2m<\/b><\/span><\/h1><\/div><div class=\"btSubTitle\">CanhcamCare c\u00f3 \u0111\u1ed9i ng\u0169 chuy\u00ean gia, b\u00e1c s\u0129, d\u01b0\u1ee3c s\u0129 v\u00e0 \u0111i\u1ec1u d\u01b0\u1ee1ng tr\u00ecnh \u0111\u1ed9 chuy\u00ean m\u00f4n cao, gi\u00e0u kinh nghi\u1ec7m. t\u1eadn t\u00e2m v\u00e0 chuy\u00ean nghi\u1ec7p. Lu\u00f4n \u0111\u1eb7t ng\u01b0\u1eddi b\u1ec7nh l\u00e0m trung t\u00e2m, CanhcamCare cam k\u1ebft \u0111em \u0111\u1ebfn d\u1ecbch v\u1ee5 ch\u0103m s\u00f3c s\u1ee9c kh\u1ecfe t\u1ed1t nh\u1ea5t.<\/div><\/header><div class=\"btClear btSeparator bottomSemiSpaced noBorder\" ><hr><\/div><\/div><\/div><div class=\"rowItem col-md-4 col-ms-12 btTextLeft\"  ><div class=\"rowItemContent\" ><\/div><\/div><\/div><\/div><div class=\"boldRow  \" ><div class=\"boldRowInner\"><div class=\"rowItem col-md-12 col-ms-12  btTextCenter animate animate-fadein inherit\"  ><div class=\"rowItemContent\" ><div class=\"bt_bb_masonry_image_grid bt_bb_grid_container bt_bb_columns_3 bt_bb_gap_normal\" data-columns=\"3\"><div class=\"bt_bb_masonry_post_image_content\" data-columns=\"3\"><div class=\"bt_bb_grid_sizer\"><\/div><div class=\"bt_bb_grid_item bt_bb_tile_format11\" data-hw=\"0.66666666666667\" data-src=\"https:\/\/demo.canhcam.com\/thiet-ke-website-benh-vien-1\/wp-content\/uploads\/2018\/02\/img-gallery-02-1200x800.jpg\" data-src-full=\"https:\/\/demo.canhcam.com\/thiet-ke-website-benh-vien-1\/wp-content\/uploads\/2018\/02\/img-gallery-02.jpg\" data-title=\"img-gallery-02\"><div class=\"bt_bb_grid_item_inner\" data-hw=\"0.66666666666667\" ><div class=\"bt_bb_grid_item_inner_image\"><\/div><div class=\"bt_bb_grid_item_inner_content\"><\/div><\/div><\/div><div class=\"bt_bb_grid_item bt_bb_tile_format11\" data-hw=\"0.66666666666667\" data-src=\"https:\/\/demo.canhcam.com\/thiet-ke-website-benh-vien-1\/wp-content\/uploads\/2018\/02\/img-gallery-01-1200x800.jpg\" data-src-full=\"https:\/\/demo.canhcam.com\/thiet-ke-website-benh-vien-1\/wp-content\/uploads\/2018\/02\/img-gallery-01.jpg\" data-title=\"img-gallery-01\"><div class=\"bt_bb_grid_item_inner\" data-hw=\"0.66666666666667\" ><div class=\"bt_bb_grid_item_inner_image\"><\/div><div class=\"bt_bb_grid_item_inner_content\"><\/div><\/div><\/div><div class=\"bt_bb_grid_item bt_bb_tile_format11\" data-hw=\"0.66666666666667\" data-src=\"https:\/\/demo.canhcam.com\/thiet-ke-website-benh-vien-1\/wp-content\/uploads\/2018\/02\/img-gallery-08-1200x800.jpg\" data-src-full=\"https:\/\/demo.canhcam.com\/thiet-ke-website-benh-vien-1\/wp-content\/uploads\/2018\/02\/img-gallery-08.jpg\" data-title=\"img-gallery-08\"><div class=\"bt_bb_grid_item_inner\" data-hw=\"0.66666666666667\" ><div class=\"bt_bb_grid_item_inner_image\"><\/div><div class=\"bt_bb_grid_item_inner_content\"><\/div><\/div><\/div><div class=\"bt_bb_grid_item bt_bb_tile_format11\" data-hw=\"0.66666666666667\" data-src=\"https:\/\/demo.canhcam.com\/thiet-ke-website-benh-vien-1\/wp-content\/uploads\/2018\/02\/img-gallery-07-1200x800.jpg\" data-src-full=\"https:\/\/demo.canhcam.com\/thiet-ke-website-benh-vien-1\/wp-content\/uploads\/2018\/02\/img-gallery-07.jpg\" data-title=\"img-gallery-07\"><div class=\"bt_bb_grid_item_inner\" data-hw=\"0.66666666666667\" ><div class=\"bt_bb_grid_item_inner_image\"><\/div><div class=\"bt_bb_grid_item_inner_content\"><\/div><\/div><\/div><div class=\"bt_bb_grid_item bt_bb_tile_format11\" data-hw=\"0.66666666666667\" data-src=\"https:\/\/demo.canhcam.com\/thiet-ke-website-benh-vien-1\/wp-content\/uploads\/2018\/02\/img-gallery-19-1200x800.jpg\" data-src-full=\"https:\/\/demo.canhcam.com\/thiet-ke-website-benh-vien-1\/wp-content\/uploads\/2018\/02\/img-gallery-19.jpg\" data-title=\"img-gallery-19\"><div class=\"bt_bb_grid_item_inner\" data-hw=\"0.66666666666667\" ><div class=\"bt_bb_grid_item_inner_image\"><\/div><div class=\"bt_bb_grid_item_inner_content\"><\/div><\/div><\/div><div class=\"bt_bb_grid_item bt_bb_tile_format11\" data-hw=\"0.66666666666667\" data-src=\"https:\/\/demo.canhcam.com\/thiet-ke-website-benh-vien-1\/wp-content\/uploads\/2018\/02\/img-gallery-18-1200x800.jpg\" data-src-full=\"https:\/\/demo.canhcam.com\/thiet-ke-website-benh-vien-1\/wp-content\/uploads\/2018\/02\/img-gallery-18.jpg\" data-title=\"img-gallery-18\"><div class=\"bt_bb_grid_item_inner\" data-hw=\"0.66666666666667\" ><div class=\"bt_bb_grid_item_inner_image\"><\/div><div class=\"bt_bb_grid_item_inner_content\"><\/div><\/div><\/div><div class=\"bt_bb_grid_item bt_bb_tile_format11\" data-hw=\"0.66666666666667\" data-src=\"https:\/\/demo.canhcam.com\/thiet-ke-website-benh-vien-1\/wp-content\/uploads\/2018\/02\/img-gallery-16-1200x800.jpg\" data-src-full=\"https:\/\/demo.canhcam.com\/thiet-ke-website-benh-vien-1\/wp-content\/uploads\/2018\/02\/img-gallery-16.jpg\" data-title=\"img-gallery-16\"><div class=\"bt_bb_grid_item_inner\" data-hw=\"0.66666666666667\" ><div class=\"bt_bb_grid_item_inner_image\"><\/div><div class=\"bt_bb_grid_item_inner_content\"><\/div><\/div><\/div><div class=\"bt_bb_grid_item bt_bb_tile_format11\" data-hw=\"0.66666666666667\" data-src=\"https:\/\/demo.canhcam.com\/thiet-ke-website-benh-vien-1\/wp-content\/uploads\/2018\/02\/img-gallery-17-1200x800.jpg\" data-src-full=\"https:\/\/demo.canhcam.com\/thiet-ke-website-benh-vien-1\/wp-content\/uploads\/2018\/02\/img-gallery-17.jpg\" data-title=\"img-gallery-17\"><div class=\"bt_bb_grid_item_inner\" data-hw=\"0.66666666666667\" ><div class=\"bt_bb_grid_item_inner_image\"><\/div><div class=\"bt_bb_grid_item_inner_content\"><\/div><\/div><\/div><div class=\"bt_bb_grid_item bt_bb_tile_format11\" data-hw=\"0.66666666666667\" data-src=\"https:\/\/demo.canhcam.com\/thiet-ke-website-benh-vien-1\/wp-content\/uploads\/2018\/02\/img-gallery-15-1200x800.jpg\" data-src-full=\"https:\/\/demo.canhcam.com\/thiet-ke-website-benh-vien-1\/wp-content\/uploads\/2018\/02\/img-gallery-15.jpg\" data-title=\"img-gallery-15\"><div class=\"bt_bb_grid_item_inner\" data-hw=\"0.66666666666667\" ><div class=\"bt_bb_grid_item_inner_image\"><\/div><div class=\"bt_bb_grid_item_inner_content\"><\/div><\/div><\/div><\/div><\/div><\/div><\/div><\/div><\/div><\/div><\/div><\/div><\/section><section id=\"bt_section69e61023d7725\"  class=\"boldSection topSpaced bottomExtraSpaced gutter inherit\" style=\"background-color:#f1f1f1;\"><div class=\"port\"><div class=\"boldCell\"><div class=\"boldCellInner\"><div class=\"boldRow  \" ><div class=\"boldRowInner\"><div class=\"rowItem col-md-8 col-ms-12 btTextLeft animate animate-fadein inherit\"  ><div class=\"rowItemContent\" ><div class=\"btClear btSeparator bottomSemiSpaced noBorder\" ><hr><\/div><header class=\"header btClear extralarge btDash topDash  btAccentDash\" ><div class=\"btSuperTitle\">\u0110\u1ed9i ng\u0169 gi\u00e0u kinh nghi\u1ec7m chuy\u00ean m\u00f4n<\/div><div class=\"dash\"><h1><span class=\"headline\"><b class=\"animate\">Chuy\u00ean gia<\/b> <em>t\u1ea1i CanhcamCare<\/em><\/span><\/h1><\/div><div class=\"btSubTitle\">CanhcamCare c\u00f3 \u0111\u1ed9i ng\u0169 chuy\u00ean gia, b\u00e1c s\u0129, d\u01b0\u1ee3c s\u0129 v\u00e0 \u0111i\u1ec1u d\u01b0\u1ee1ng tr\u00ecnh \u0111\u1ed9 chuy\u00ean m\u00f4n cao, gi\u00e0u kinh nghi\u1ec7m. t\u1eadn t\u00e2m v\u00e0 chuy\u00ean nghi\u1ec7p. Lu\u00f4n \u0111\u1eb7t ng\u01b0\u1eddi b\u1ec7nh l\u00e0m trung t\u00e2m, CanhcamCare cam k\u1ebft \u0111em \u0111\u1ebfn d\u1ecbch v\u1ee5 ch\u0103m s\u00f3c s\u1ee9c kh\u1ecfe t\u1ed1t nh\u1ea5t.<\/div><\/header><div class=\"btClear btSeparator bottomSemiSpaced noBorder\" ><hr><\/div><\/div><\/div><div class=\"rowItem col-md-4 col-ms-12 btTextLeft\"  ><div class=\"rowItemContent\" ><\/div><\/div><\/div><\/div><div class=\"boldRow  \" ><div class=\"boldRowInner\"><div class=\"rowItem col-md-12 col-ms-12  btTextCenter animate animate-fadein inherit\"  ><div class=\"rowItemContent\" ><div class=\"bt_bb_masonry_image_grid bt_bb_grid_container bt_bb_columns_4 bt_bb_gap_normal\" data-columns=\"4\"><div class=\"bt_bb_masonry_post_image_content\" data-columns=\"4\"><div class=\"bt_bb_grid_sizer\"><\/div><div class=\"bt_bb_grid_item bt_bb_tile_format11\" data-hw=\"0.66666666666667\" data-src=\"https:\/\/demo.canhcam.com\/thiet-ke-website-benh-vien-1\/wp-content\/uploads\/2018\/02\/img-gallery-06-1200x800.jpg\" data-src-full=\"https:\/\/demo.canhcam.com\/thiet-ke-website-benh-vien-1\/wp-content\/uploads\/2018\/02\/img-gallery-06.jpg\" data-title=\"img-gallery-06\"><div class=\"bt_bb_grid_item_inner\" data-hw=\"0.66666666666667\" ><div class=\"bt_bb_grid_item_inner_image\"><\/div><div class=\"bt_bb_grid_item_inner_content\"><\/div><\/div><\/div><div class=\"bt_bb_grid_item bt_bb_tile_format11\" data-hw=\"0.66666666666667\" data-src=\"https:\/\/demo.canhcam.com\/thiet-ke-website-benh-vien-1\/wp-content\/uploads\/2018\/02\/img-gallery-13-1200x800.jpg\" data-src-full=\"https:\/\/demo.canhcam.com\/thiet-ke-website-benh-vien-1\/wp-content\/uploads\/2018\/02\/img-gallery-13.jpg\" data-title=\"img-gallery-13\"><div class=\"bt_bb_grid_item_inner\" data-hw=\"0.66666666666667\" ><div class=\"bt_bb_grid_item_inner_image\"><\/div><div class=\"bt_bb_grid_item_inner_content\"><\/div><\/div><\/div><div class=\"bt_bb_grid_item bt_bb_tile_format11\" data-hw=\"0.66666666666667\" data-src=\"https:\/\/demo.canhcam.com\/thiet-ke-website-benh-vien-1\/wp-content\/uploads\/2018\/02\/img-gallery-09-1200x800.jpg\" data-src-full=\"https:\/\/demo.canhcam.com\/thiet-ke-website-benh-vien-1\/wp-content\/uploads\/2018\/02\/img-gallery-09.jpg\" data-title=\"img-gallery-09\"><div class=\"bt_bb_grid_item_inner\" data-hw=\"0.66666666666667\" ><div class=\"bt_bb_grid_item_inner_image\"><\/div><div class=\"bt_bb_grid_item_inner_content\"><\/div><\/div><\/div><div class=\"bt_bb_grid_item bt_bb_tile_format11\" data-hw=\"0.66666666666667\" data-src=\"https:\/\/demo.canhcam.com\/thiet-ke-website-benh-vien-1\/wp-content\/uploads\/2018\/02\/img-gallery-04-1200x800.jpg\" data-src-full=\"https:\/\/demo.canhcam.com\/thiet-ke-website-benh-vien-1\/wp-content\/uploads\/2018\/02\/img-gallery-04.jpg\" data-title=\"img-gallery-04\"><div class=\"bt_bb_grid_item_inner\" data-hw=\"0.66666666666667\" ><div class=\"bt_bb_grid_item_inner_image\"><\/div><div class=\"bt_bb_grid_item_inner_content\"><\/div><\/div><\/div><div class=\"bt_bb_grid_item bt_bb_tile_format11\" data-hw=\"0.66666666666667\" data-src=\"https:\/\/demo.canhcam.com\/thiet-ke-website-benh-vien-1\/wp-content\/uploads\/2018\/02\/img-gallery-05-1200x800.jpg\" data-src-full=\"https:\/\/demo.canhcam.com\/thiet-ke-website-benh-vien-1\/wp-content\/uploads\/2018\/02\/img-gallery-05.jpg\" data-title=\"img-gallery-05\"><div class=\"bt_bb_grid_item_inner\" data-hw=\"0.66666666666667\" ><div class=\"bt_bb_grid_item_inner_image\"><\/div><div class=\"bt_bb_grid_item_inner_content\"><\/div><\/div><\/div><div class=\"bt_bb_grid_item bt_bb_tile_format11\" data-hw=\"0.66666666666667\" data-src=\"https:\/\/demo.canhcam.com\/thiet-ke-website-benh-vien-1\/wp-content\/uploads\/2018\/02\/img-gallery-03-1200x800.jpg\" data-src-full=\"https:\/\/demo.canhcam.com\/thiet-ke-website-benh-vien-1\/wp-content\/uploads\/2018\/02\/img-gallery-03.jpg\" data-title=\"img-gallery-03\"><div class=\"bt_bb_grid_item_inner\" data-hw=\"0.66666666666667\" ><div class=\"bt_bb_grid_item_inner_image\"><\/div><div class=\"bt_bb_grid_item_inner_content\"><\/div><\/div><\/div><div class=\"bt_bb_grid_item bt_bb_tile_format11\" data-hw=\"0.66666666666667\" data-src=\"https:\/\/demo.canhcam.com\/thiet-ke-website-benh-vien-1\/wp-content\/uploads\/2018\/02\/img-gallery-10-1200x800.jpg\" data-src-full=\"https:\/\/demo.canhcam.com\/thiet-ke-website-benh-vien-1\/wp-content\/uploads\/2018\/02\/img-gallery-10.jpg\" data-title=\"img-gallery-10\"><div class=\"bt_bb_grid_item_inner\" data-hw=\"0.66666666666667\" ><div class=\"bt_bb_grid_item_inner_image\"><\/div><div class=\"bt_bb_grid_item_inner_content\"><\/div><\/div><\/div><div class=\"bt_bb_grid_item bt_bb_tile_format11\" data-hw=\"0.66666666666667\" data-src=\"https:\/\/demo.canhcam.com\/thiet-ke-website-benh-vien-1\/wp-content\/uploads\/2018\/02\/img-gallery-11-1200x800.jpg\" data-src-full=\"https:\/\/demo.canhcam.com\/thiet-ke-website-benh-vien-1\/wp-content\/uploads\/2018\/02\/img-gallery-11.jpg\" data-title=\"img-gallery-11\"><div class=\"bt_bb_grid_item_inner\" data-hw=\"0.66666666666667\" ><div class=\"bt_bb_grid_item_inner_image\"><\/div><div class=\"bt_bb_grid_item_inner_content\"><\/div><\/div><\/div><div class=\"bt_bb_grid_item bt_bb_tile_format11\" data-hw=\"0.66666666666667\" data-src=\"https:\/\/demo.canhcam.com\/thiet-ke-website-benh-vien-1\/wp-content\/uploads\/2018\/02\/img-gallery-14-1200x800.jpg\" data-src-full=\"https:\/\/demo.canhcam.com\/thiet-ke-website-benh-vien-1\/wp-content\/uploads\/2018\/02\/img-gallery-14.jpg\" data-title=\"img-gallery-14\"><div class=\"bt_bb_grid_item_inner\" data-hw=\"0.66666666666667\" ><div class=\"bt_bb_grid_item_inner_image\"><\/div><div class=\"bt_bb_grid_item_inner_content\"><\/div><\/div><\/div><div class=\"bt_bb_grid_item bt_bb_tile_format11\" data-hw=\"0.66666666666667\" data-src=\"https:\/\/demo.canhcam.com\/thiet-ke-website-benh-vien-1\/wp-content\/uploads\/2018\/02\/img-gallery-20-1200x800.jpg\" data-src-full=\"https:\/\/demo.canhcam.com\/thiet-ke-website-benh-vien-1\/wp-content\/uploads\/2018\/02\/img-gallery-20.jpg\" data-title=\"img-gallery-20\"><div class=\"bt_bb_grid_item_inner\" data-hw=\"0.66666666666667\" ><div class=\"bt_bb_grid_item_inner_image\"><\/div><div class=\"bt_bb_grid_item_inner_content\"><\/div><\/div><\/div><div class=\"bt_bb_grid_item bt_bb_tile_format11\" data-hw=\"0.66666666666667\" data-src=\"https:\/\/demo.canhcam.com\/thiet-ke-website-benh-vien-1\/wp-content\/uploads\/2018\/02\/img-gallery-21-1200x800.jpg\" data-src-full=\"https:\/\/demo.canhcam.com\/thiet-ke-website-benh-vien-1\/wp-content\/uploads\/2018\/02\/img-gallery-21.jpg\" data-title=\"img-gallery-21\"><div class=\"bt_bb_grid_item_inner\" data-hw=\"0.66666666666667\" ><div class=\"bt_bb_grid_item_inner_image\"><\/div><div class=\"bt_bb_grid_item_inner_content\"><\/div><\/div><\/div><div class=\"bt_bb_grid_item bt_bb_tile_format11\" data-hw=\"0.66666666666667\" data-src=\"https:\/\/demo.canhcam.com\/thiet-ke-website-benh-vien-1\/wp-content\/uploads\/2018\/02\/img-gallery-22-1200x800.jpg\" data-src-full=\"https:\/\/demo.canhcam.com\/thiet-ke-website-benh-vien-1\/wp-content\/uploads\/2018\/02\/img-gallery-22.jpg\" data-title=\"img-gallery-22\"><div class=\"bt_bb_grid_item_inner\" data-hw=\"0.66666666666667\" ><div class=\"bt_bb_grid_item_inner_image\"><\/div><div class=\"bt_bb_grid_item_inner_content\"><\/div><\/div><\/div><\/div><\/div><\/div><\/div><\/div><\/div><\/div><\/div><\/div><\/section><section id=\"bt_section69e61023dd54d\"  class=\"boldSection topSpaced bottomSpaced btDarkSkin gutter inherit wBackground cover\" style=\"background-color:#e10f28;background-image:url('https:\/\/demo.canhcam.com\/thiet-ke-website-benh-vien-1\/wp-content\/uploads\/2018\/01\/bgn-testimonials.jpg');\"><div class=\"port\"><div class=\"boldCell\"><div class=\"boldCellInner\"><div class=\"boldRow  \" ><div class=\"boldRowInner\"><div class=\"rowItem col-md-12 col-ms-12  btTextLeft\"  ><div class=\"rowItemContent\" ><div class=\"btClear btSeparator bottomSmallSpaced noBorder\" ><hr><\/div><\/div><\/div><\/div><\/div><div class=\"boldRow  \" ><div class=\"boldRowInner\"><div class=\"rowItem col-md-3 col-sm-6 col-ms-12 btTextLeft animate animate-fadein inherit\"  ><div class=\"rowItemContent\" ><div class=\"servicesItem  btIcoDefaultColorIcon btIcoBigSizeIcon  \"><div class=\"sIcon\"><span class=\"btIco btIcoBigSize btIcoFilledType btIcoDefaultColor\" ><span  data-ico-hs=\"&#xe91f;\" class=\"btIcoHolder\"><em><\/em><\/span><\/span><\/div><div class=\"sTxt\"><header class=\"header btClear small btDash bottomDash\" ><div class=\"dash\"><h4><span class=\"headline\">\u0110\u1ecaA CH\u1ec8<\/span><\/h4><\/div><\/header><p>156 Nguy\u1ec5n V\u0103n Th\u1ee7<br\/>Ph\u01b0\u1eddng \u0110a Kao, Qu\u1eadn 1, TPHCM<\/p><\/div><\/div><div class=\"btClear btSeparator bottomSemiSpaced noBorder\" ><hr><\/div><\/div><\/div><div class=\"rowItem col-md-3 col-sm-6 col-ms-12 btTextLeft animate animate-fadein inherit\"  ><div class=\"rowItemContent\" ><div class=\"servicesItem  btIcoDefaultColorIcon btIcoBigSizeIcon  \"><div class=\"sIcon\"><span class=\"btIco btIcoBigSize btIcoFilledType btIcoDefaultColor\" ><span  data-ico-tc=\"&#xe95f;\" class=\"btIcoHolder\"><em><\/em><\/span><\/span><\/div><div class=\"sTxt\"><header class=\"header btClear small btDash bottomDash\" ><div class=\"dash\"><h4><span class=\"headline\">LI\u00caN H\u1ec6<\/span><\/h4><\/div><\/header><p>028 6273 0815<\/p><\/div><\/div><div class=\"btClear btSeparator bottomSemiSpaced noBorder\" ><hr><\/div><\/div><\/div><div class=\"rowItem col-md-3 col-sm-6 col-ms-12 btTextLeft animate animate-fadein inherit\"  ><div class=\"rowItemContent\" ><div class=\"servicesItem  btIcoDefaultColorIcon btIcoBigSizeIcon  \"><div class=\"sIcon\"><span class=\"btIco btIcoBigSize btIcoFilledType btIcoDefaultColor\" ><span  data-ico-dg=\"&#xe92a;\" class=\"btIcoHolder\"><em><\/em><\/span><\/span><\/div><div class=\"sTxt\"><header class=\"header btClear small btDash bottomDash\" ><div class=\"dash\"><h4><span class=\"headline\">EMAIL<\/span><\/h4><\/div><\/header><p>Info@canhcam.com<\/p><\/div><\/div><div class=\"btClear btSeparator bottomSemiSpaced noBorder\" ><hr><\/div><\/div><\/div><div class=\"rowItem col-md-3 col-sm-6 col-ms-12 btTextLeft animate animate-fadein inherit\"  ><div class=\"rowItemContent\" ><div class=\"servicesItem  btIcoDefaultColorIcon btIcoBigSizeIcon  \"><div class=\"sIcon\"><span class=\"btIco btIcoBigSize btIcoFilledType btIcoDefaultColor\" ><span  data-ico-hs=\"&#xe921;\" class=\"btIcoHolder\"><em><\/em><\/span><\/span><\/div><div class=\"sTxt\"><header class=\"header btClear small btDash bottomDash\" ><div class=\"dash\"><h4><span class=\"headline\">\u0110\u1eb6T L\u1ecaCH H\u1eb8N<\/span><\/h4><\/div><\/header><p>\u0110\u1ec3 \u0111\u01b0\u1ee3c t\u01b0 v\u1ea5n nhanh ch\u00f3ng nh\u1ea5t<\/p><\/div><\/div><div class=\"btClear btSeparator bottomSemiSpaced noBorder\" ><hr><\/div><\/div><\/div><\/div><\/div><div class=\"boldRow  \" ><div class=\"boldRowInner\"><div class=\"rowItem col-md-12 col-ms-12  btTextCenter animate animate-fadein animate-moveup inherit\"  ><div class=\"rowItemContent\" ><div class=\"btClear btSeparator bottomSemiSpaced border\" ><hr><\/div><a href=\"#\" class=\"btBtn btBtn btnFilledStyle btnAlternateColor btnMedium btnNormalWidth btnRightPosition btnNoIcon\" ><span class=\"btnInnerText\">LI\u00caN H\u1ec6 NGAY<\/span><\/a><\/div><\/div><\/div><\/div><\/div><\/div><\/div><\/section><section id=\"bt_section69e61023de06c\"  class=\"boldSection inherit\" style=\"background: transparent;\"><div class=\"port\"><div class=\"boldCell\"><div class=\"boldCellInner\"><div class=\"boldRow  \" ><div class=\"boldRowInner\"><div class=\"rowItem col-md-12 col-ms-12  btTextLeft\"  ><div class=\"rowItemContent\" >\r\n\t\t\t<div class=\"btGoogleMapsWrapper \" \"><div id=\"map_canvas69e61023de4af\" style=\"height:500px;;\" class=\"btGmap\"><\/div><div class=\"btGoogleMapsContent\"><div class=\"btGoogleMapsWrap\"><span class=\"btInfoPaneToggler\"><\/span><div class=\"btClear btSeparator bottomSemiSpaced noBorder\" ><hr><\/div><div class=\"bpgPhoto btTextCenter\" ><div class=\"btImage\"><img src=\"https:\/\/demo.canhcam.com\/thiet-ke-website-benh-vien-1\/wp-content\/uploads\/2018\/01\/img-box-01.jpg\" alt=\"\" title=\"\"><\/div><\/div><div class=\"btClear btSeparator topSmallSpaced noBorder\" ><hr><\/div><header class=\"header btClear medium  btNormalDash\" ><div class=\"dash\"><h3><span class=\"headline\"><b class=\"animate\">CanhcamCare<\/b>\r<br><em>Lu\u00f4n s\u1eb5n s\u00e0ng<\/em><\/span><\/h3><\/div><\/header><div class=\"btText\" ><p>\u0110\u1ed9i ng\u0169 y b\u00e1c s\u0129 lu\u00f4n trong tr\u1ea1ng th\u00e1i s\u1eb5n s\u00e0ng tr\u01b0\u1edbc m\u1ecdi t\u00ecnh hu\u1ed1ng. T\u00e1c phong, thao t\u00e1c nhanh nh\u1eb9n, g\u1ecdn g\u00e0ng lu\u00f4n chu\u1ea9n b\u1ecb cho m\u1ecdi ca b\u1ec7nh.<\/p>\n<\/div><div class=\"btClear btSeparator topSemiSpaced noBorder\" ><hr><\/div><header class=\"header btClear medium  btNormalDash\" ><div class=\"dash\"><h3><span class=\"headline\"><b class=\"animate\">Th\u1eddi gian l\u00e0m vi\u1ec7c<\/b><\/span><\/h3><\/div><\/header><div class=\"btWorkingHours  \" ><div class=\"btWorkingHoursInner\"><div class=\"btWorkingHoursInnerRow\"><div class=\"btWorkingHoursInnerTitle\">Th\u1ee9 2 &#8211; Th\u1ee9 6<\/div><div class=\"btWorkingHoursInnerContent\">8:00AM &#8211; 19:00PM<\/div><\/div><div class=\"btWorkingHoursInnerRow\"><div class=\"btWorkingHoursInnerTitle\">Th\u1ee9 7 v\u00e0 Ch\u1ee7 Nh\u1eadt<\/div><div class=\"btWorkingHoursInnerContent\">\u0110\u00f3ng c\u1eeda<\/div><\/div><\/div><\/div><div class=\"btClear btSeparator topSmallSpaced noBorder\" ><hr><\/div><a href=\"#\" class=\"btBtn btBtn btnFilledStyle btnAccentColor btnSmall btnNormalWidth btnRightPosition btnNoIcon\" ><span class=\"btnInnerText\">\u0110\u1eb6T L\u1ecaCH NGAY<\/span><\/a><div class=\"btClear btSeparator topSemiSpaced bottomSemiSpaced noBorder\" ><hr><\/div><\/div><\/div><\/div>\r\n\t\t\t<script type=\"text\/javascript\">\r\n\t\t\t\tjQuery( document ).ready(function() {\r\n\t\t\t\t\tbt_gmap_init( map_canvas69e61023de4af, 40.751784, -73.938911, 14, \"https:\/\/demo.canhcam.com\/thiet-ke-website-benh-vien-1\/wp-content\/uploads\/2018\/01\/Medicare-cardiology-pin.png\", \"\", \"\", \"\", \"W3siZmVhdHVyZVR5cGUiOiJhbGwiLCJlbGVtZW50VHlwZSI6Imdlb21ldHJ5LmZpbGwiLCJzdHlsZXJzIjpbeyJ3ZWlnaHQiOiIyLjAwIn1dfSx7ImZlYXR1cmVUeXBlIjoiYWxsIiwiZWxlbWVudFR5cGUiOiJnZW9tZXRyeS5zdHJva2UiLCJzdHlsZXJzIjpbeyJjb2xvciI6IiM5YzljOWMifV19LHsiZmVhdHVyZVR5cGUiOiJhbGwiLCJlbGVtZW50VHlwZSI6ImxhYmVscy50ZXh0Iiwic3R5bGVycyI6W3sidmlzaWJpbGl0eSI6Im9uIn1dfSx7ImZlYXR1cmVUeXBlIjoibGFuZHNjYXBlIiwiZWxlbWVudFR5cGUiOiJhbGwiLCJzdHlsZXJzIjpbeyJjb2xvciI6IiNmMmYyZjIifV19LHsiZmVhdHVyZVR5cGUiOiJsYW5kc2NhcGUiLCJlbGVtZW50VHlwZSI6Imdlb21ldHJ5LmZpbGwiLCJzdHlsZXJzIjpbeyJjb2xvciI6IiNmZmZmZmYifV19LHsiZmVhdHVyZVR5cGUiOiJsYW5kc2NhcGUubWFuX21hZGUiLCJlbGVtZW50VHlwZSI6Imdlb21ldHJ5LmZpbGwiLCJzdHlsZXJzIjpbeyJjb2xvciI6IiNmZmZmZmYifV19LHsiZmVhdHVyZVR5cGUiOiJwb2kiLCJlbGVtZW50VHlwZSI6ImFsbCIsInN0eWxlcnMiOlt7InZpc2liaWxpdHkiOiJvZmYifV19LHsiZmVhdHVyZVR5cGUiOiJyb2FkIiwiZWxlbWVudFR5cGUiOiJhbGwiLCJzdHlsZXJzIjpbeyJzYXR1cmF0aW9uIjotMTAwfSx7ImxpZ2h0bmVzcyI6NDV9XX0seyJmZWF0dXJlVHlwZSI6InJvYWQiLCJlbGVtZW50VHlwZSI6Imdlb21ldHJ5LmZpbGwiLCJzdHlsZXJzIjpbeyJjb2xvciI6IiNlZWVlZWUifV19LHsiZmVhdHVyZVR5cGUiOiJyb2FkIiwiZWxlbWVudFR5cGUiOiJsYWJlbHMudGV4dC5maWxsIiwic3R5bGVycyI6W3siY29sb3IiOiIjN2I3YjdiIn1dfSx7ImZlYXR1cmVUeXBlIjoicm9hZCIsImVsZW1lbnRUeXBlIjoibGFiZWxzLnRleHQuc3Ryb2tlIiwic3R5bGVycyI6W3siY29sb3IiOiIjZmZmZmZmIn1dfSx7ImZlYXR1cmVUeXBlIjoicm9hZC5oaWdod2F5IiwiZWxlbWVudFR5cGUiOiJhbGwiLCJzdHlsZXJzIjpbeyJ2aXNpYmlsaXR5Ijoic2ltcGxpZmllZCJ9XX0seyJmZWF0dXJlVHlwZSI6InJvYWQuYXJ0ZXJpYWwiLCJlbGVtZW50VHlwZSI6ImxhYmVscy5pY29uIiwic3R5bGVycyI6W3sidmlzaWJpbGl0eSI6Im9mZiJ9XX0seyJmZWF0dXJlVHlwZSI6InRyYW5zaXQiLCJlbGVtZW50VHlwZSI6ImFsbCIsInN0eWxlcnMiOlt7InZpc2liaWxpdHkiOiJvZmYifV19LHsiZmVhdHVyZVR5cGUiOiJ3YXRlciIsImVsZW1lbnRUeXBlIjoiYWxsIiwic3R5bGVycyI6W3siY29sb3IiOiIjNDZiY2VjIn0seyJ2aXNpYmlsaXR5Ijoib24ifV19LHsiZmVhdHVyZVR5cGUiOiJ3YXRlciIsImVsZW1lbnRUeXBlIjoiZ2VvbWV0cnkuZmlsbCIsInN0eWxlcnMiOlt7ImNvbG9yIjoiI2M4ZDdkNCJ9XX0seyJmZWF0dXJlVHlwZSI6IndhdGVyIiwiZWxlbWVudFR5cGUiOiJsYWJlbHMudGV4dC5maWxsIiwic3R5bGVycyI6W3siY29sb3IiOiIjMDcwNzA3In1dfSx7ImZlYXR1cmVUeXBlIjoid2F0ZXIiLCJlbGVtZW50VHlwZSI6ImxhYmVscy50ZXh0LnN0cm9rZSIsInN0eWxlcnMiOlt7ImNvbG9yIjoiI2ZmZmZmZiJ9XX1d\" );\r\n\t\t\t\t\t});\t\r\n\t\t\t<\/script>\r\n\t\t\t<\/div><\/div><\/div><\/div><\/div><\/div><\/div><\/section>","protected":false},"excerpt":{"rendered":"<p>H\u00e0ng ngh\u00ecn kho\u1ea3nh kh\u1eafc \u0111\u1eb9p \u0111\u00e3 \u0111\u01b0\u1ee3c l\u01b0u. CamcamCare c\u1ea3m \u01a1n qu\u00fd kh\u00e1ch \u0111\u00e3 tin t\u01b0\u1edfng v\u00e0 l\u1ef1a ch\u1ecdn ch\u00fang t\u00f4i.<\/p>\n","protected":false},"author":1,"featured_media":1670,"parent":6,"menu_order":0,"comment_status":"closed","ping_status":"closed","template":"","meta":[],"_links":{"self":[{"href":"https:\/\/demo.canhcam.com\/thiet-ke-website-benh-vien-1\/wp-json\/wp\/v2\/pages\/294"}],"collection":[{"href":"https:\/\/demo.canhcam.com\/thiet-ke-website-benh-vien-1\/wp-json\/wp\/v2\/pages"}],"about":[{"href":"https:\/\/demo.canhcam.com\/thiet-ke-website-benh-vien-1\/wp-json\/wp\/v2\/types\/page"}],"author":[{"embeddable":true,"href":"https:\/\/demo.canhcam.com\/thiet-ke-website-benh-vien-1\/wp-json\/wp\/v2\/users\/1"}],"replies":[{"embeddable":true,"href":"https:\/\/demo.canhcam.com\/thiet-ke-website-benh-vien-1\/wp-json\/wp\/v2\/comments?post=294"}],"version-history":[{"count":9,"href":"https:\/\/demo.canhcam.com\/thiet-ke-website-benh-vien-1\/wp-json\/wp\/v2\/pages\/294\/revisions"}],"predecessor-version":[{"id":2090,"href":"https:\/\/demo.canhcam.com\/thiet-ke-website-benh-vien-1\/wp-json\/wp\/v2\/pages\/294\/revisions\/2090"}],"up":[{"embeddable":true,"href":"https:\/\/demo.canhcam.com\/thiet-ke-website-benh-vien-1\/wp-json\/wp\/v2\/pages\/6"}],"wp:featuredmedia":[{"embeddable":true,"href":"https:\/\/demo.canhcam.com\/thiet-ke-website-benh-vien-1\/wp-json\/wp\/v2\/media\/1670"}],"wp:attachment":[{"href":"https:\/\/demo.canhcam.com\/thiet-ke-website-benh-vien-1\/wp-json\/wp\/v2\/media?parent=294"}],"curies":[{"name":"wp","href":"https:\/\/api.w.org\/{rel}","templated":true}]}}