{"id":1598,"date":"2018-02-05T14:50:11","date_gmt":"2018-02-05T14:50:11","guid":{"rendered":"http:\/\/medicare.bold-themes.com\/cardiology\/?page_id=1598"},"modified":"2022-11-11T08:48:51","modified_gmt":"2022-11-11T08:48:51","slug":"nghien-cuu","status":"publish","type":"page","link":"https:\/\/demo.canhcam.com\/thiet-ke-website-benh-vien-1\/nghien-cuu\/","title":{"rendered":"Nghi\u00ean c\u1ee9u"},"content":{"rendered":"<section id=\"bt_section69e6106b47a5d\"  class=\"boldSection topSemiSpaced bottomSpaced gutter inherit\" ><div class=\"port\"><div class=\"boldCell\"><div class=\"boldCellInner\"><div class=\"boldRow  \" ><div class=\"boldRowInner\"><div class=\"rowItem col-md-12 col-ms-12  btTextCenter inherit\"  ><div class=\"rowItemContent\" ><div class=\"bt_bb_masonry_portfolio_grid bt_bb_grid_container bt_bb_columns_3 bt_bb_gap_small\" data-columns=\"3\"><div class=\"bt_bb_post_grid_filter\"><span class=\"btCatFilterTitle\">Category filter:<\/span><span class=\"bt_bb_post_grid_filter_item active\" data-category-portfolio=\"\" data-post-type=\"portfolio\">All<\/span><span class=\"bt_bb_post_grid_filter_item\" data-category-portfolio=\"case-study\" data-post-type=\"portfolio\">Case study<\/span><span class=\"bt_bb_post_grid_filter_item\" data-category-portfolio=\"experimental\" data-post-type=\"portfolio\">Experimental<\/span><span class=\"bt_bb_post_grid_filter_item\" data-category-portfolio=\"services\" data-post-type=\"portfolio\">Services<\/span><\/div><div class=\"bt_bb_post_grid_loader\"><\/div><div class=\"bt_bb_masonry_post_grid_content bt_bb_masonry_portfolio_grid_content bt_bb_grid_hide\" data-bt-nonce=\"fa37307e2e\" data-number-portfolio=\"1000\" data-number-portfolio=\"1000\" data-category-portfolio=\"\" data-post-type=\"portfolio\" data-show-portfolio=\"a%3A6%3A%7Bs%3A8%3A%22category%22%3Bb%3A1%3Bs%3A4%3A%22date%22%3Bb%3A1%3Bs%3A6%3A%22author%22%3Bb%3A1%3Bs%3A8%3A%22comments%22%3Bb%3A1%3Bs%3A7%3A%22excerpt%22%3Bb%3A1%3Bs%3A5%3A%22share%22%3Bb%3A1%3B%7D\"><div class=\"bt_bb_grid_sizer\"><\/div><\/div><\/div><\/div><\/div><\/div><\/div><\/div><\/div><\/div><\/section>","protected":false},"excerpt":{"rendered":"<p>V\u1edbi s\u1ef1 \u0111\u00f3ng g\u00f3p \u0111\u1ea7y gi\u00e1 tr\u1ecb t\u1eeb c\u00e1c chuy\u00ean gia, y b\u00e1c s\u0129 t\u1ea1i CanhcamCare, \u0111\u00e3 c\u00f3 nhi\u1ec1u nghi\u00ean c\u1ee9u \u0111\u00f3ng g\u00f3p v\u00e0o n\u1ec1n y h\u1ecdc qu\u1ed1c gia.<\/p>\n","protected":false},"author":1,"featured_media":1668,"parent":0,"menu_order":0,"comment_status":"closed","ping_status":"closed","template":"","meta":[],"_links":{"self":[{"href":"https:\/\/demo.canhcam.com\/thiet-ke-website-benh-vien-1\/wp-json\/wp\/v2\/pages\/1598"}],"collection":[{"href":"https:\/\/demo.canhcam.com\/thiet-ke-website-benh-vien-1\/wp-json\/wp\/v2\/pages"}],"about":[{"href":"https:\/\/demo.canhcam.com\/thiet-ke-website-benh-vien-1\/wp-json\/wp\/v2\/types\/page"}],"author":[{"embeddable":true,"href":"https:\/\/demo.canhcam.com\/thiet-ke-website-benh-vien-1\/wp-json\/wp\/v2\/users\/1"}],"replies":[{"embeddable":true,"href":"https:\/\/demo.canhcam.com\/thiet-ke-website-benh-vien-1\/wp-json\/wp\/v2\/comments?post=1598"}],"version-history":[{"count":1,"href":"https:\/\/demo.canhcam.com\/thiet-ke-website-benh-vien-1\/wp-json\/wp\/v2\/pages\/1598\/revisions"}],"predecessor-version":[{"id":2146,"href":"https:\/\/demo.canhcam.com\/thiet-ke-website-benh-vien-1\/wp-json\/wp\/v2\/pages\/1598\/revisions\/2146"}],"wp:featuredmedia":[{"embeddable":true,"href":"https:\/\/demo.canhcam.com\/thiet-ke-website-benh-vien-1\/wp-json\/wp\/v2\/media\/1668"}],"wp:attachment":[{"href":"https:\/\/demo.canhcam.com\/thiet-ke-website-benh-vien-1\/wp-json\/wp\/v2\/media?parent=1598"}],"curies":[{"name":"wp","href":"https:\/\/api.w.org\/{rel}","templated":true}]}}