{"id":13785,"date":"2014-04-07T14:36:46","date_gmt":"2014-04-07T14:36:46","guid":{"rendered":"https:\/\/the7.io\/main\/?page_id=13785"},"modified":"2014-04-07T14:36:46","modified_gmt":"2014-04-07T14:36:46","slug":"blog-micro","status":"publish","type":"page","link":"https:\/\/demo.canhcam.com\/the7-main\/shortcodes\/blog-micro\/","title":{"rendered":"Blog mini"},"content":{"rendered":"<p>[vc_row type=&#8221;vc_default&#8221; margin_top=&#8221;-5&#8243; margin_bottom=&#8221;10&#8243;][vc_column][vc_column_text css=&#8221;.vc_custom_1482741287750{padding-bottom: 30px !important;}&#8221;]<\/p>\n<h3>Posts with rectangular images<\/h3>\n<p>[\/vc_column_text]<section class=\"items-grid wf-container\"><div class=\"wf-cell wf-1-3\"><article class=\"post-format-standard\"><div class=\"mini-post-img\"><a class=\"alignleft post-rollover layzr-bg\" href=\"https:\/\/demo.canhcam.com\/the7-main\/5-reasons-lorem-ipsum-dolor\/\" aria-label=\"Post image\"><img loading=\"lazy\" decoding=\"async\" class=\"preload-me lazy-load\" src=\"data:image\/svg+xml,%3Csvg%20xmlns%3D&#39;http%3A%2F%2Fwww.w3.org%2F2000%2Fsvg&#39;%20viewBox%3D&#39;0%200%2080%2060&#39;%2F%3E\" data-src=\"https:\/\/demo.canhcam.com\/the7-main\/wp-content\/uploads\/2016\/09\/17-10-17-13-80x60.jpg\" data-srcset=\"https:\/\/demo.canhcam.com\/the7-main\/wp-content\/uploads\/2016\/09\/17-10-17-13-80x60.jpg 80w, https:\/\/demo.canhcam.com\/the7-main\/wp-content\/uploads\/2016\/09\/17-10-17-13-160x120.jpg 160w\" width=\"80\" height=\"60\"  alt=\"\" \/><\/a><\/div><div class=\"post-content\"><a href=\"https:\/\/demo.canhcam.com\/the7-main\/5-reasons-lorem-ipsum-dolor\/\">Nguy\u00ean l\u00fd m\u00e0u s\u1eafc trong thi\u1ebft k\u1ebf: #5 \u0110i\u1ec1u designer c\u1ea7n n\u1eafm ch\u1eafc<\/a><p class=\"text-small\">Duis ornare, est at lobortis mollis - libero mollis  facilisis dolorus urabitur orci, vitae congue neque lectus neque. Aliquam lorem ipsum amet dolor ultrices erat.<\/p><time class=\"text-secondary\" datetime=\"2016-09-30T10:40:51+00:00\">September 30, 2016<\/time><\/div><\/article><\/div><div class=\"wf-cell wf-1-3\"><article class=\"post-format-standard\"><div class=\"mini-post-img\"><a class=\"alignleft post-rollover layzr-bg\" href=\"https:\/\/demo.canhcam.com\/the7-main\/lore-ipsum-elit-nulla-amet\/\" aria-label=\"Post image\"><img loading=\"lazy\" decoding=\"async\" class=\"preload-me lazy-load\" src=\"data:image\/svg+xml,%3Csvg%20xmlns%3D&#39;http%3A%2F%2Fwww.w3.org%2F2000%2Fsvg&#39;%20viewBox%3D&#39;0%200%2080%2060&#39;%2F%3E\" data-src=\"https:\/\/demo.canhcam.com\/the7-main\/wp-content\/uploads\/2016\/09\/17-10-17-12-80x60.jpg\" data-srcset=\"https:\/\/demo.canhcam.com\/the7-main\/wp-content\/uploads\/2016\/09\/17-10-17-12-80x60.jpg 80w, https:\/\/demo.canhcam.com\/the7-main\/wp-content\/uploads\/2016\/09\/17-10-17-12-160x120.jpg 160w\" width=\"80\" height=\"60\"  alt=\"\" \/><\/a><\/div><div class=\"post-content\"><a href=\"https:\/\/demo.canhcam.com\/the7-main\/lore-ipsum-elit-nulla-amet\/\">T\u1ea5t t\u1ea7n t\u1eadt v\u1ec1 Template b\u1ea1n n\u00ean bi\u1ebft khi thi\u1ebft k\u1ebf Website<\/a><p class=\"text-small\">Duis ornare, est at mollis for libero mollis orci vitae dictum lacus furgi nulla amet for quis neque lectus vel neque.<\/p><time class=\"text-secondary\" datetime=\"2016-09-19T11:59:07+00:00\">September 19, 2016<\/time><\/div><\/article><\/div><div class=\"wf-cell wf-1-3\"><article class=\"post-format-standard\"><div class=\"mini-post-img\"><a class=\"alignleft post-rollover layzr-bg\" href=\"https:\/\/demo.canhcam.com\/the7-main\/vivamus-aliquam-ornare-sapien\/\" aria-label=\"Post image\"><img loading=\"lazy\" decoding=\"async\" class=\"preload-me lazy-load\" src=\"data:image\/svg+xml,%3Csvg%20xmlns%3D&#39;http%3A%2F%2Fwww.w3.org%2F2000%2Fsvg&#39;%20viewBox%3D&#39;0%200%2080%2060&#39;%2F%3E\" data-src=\"https:\/\/demo.canhcam.com\/the7-main\/wp-content\/uploads\/2016\/09\/template-la-gi-3-80x60.jpeg\" data-srcset=\"https:\/\/demo.canhcam.com\/the7-main\/wp-content\/uploads\/2016\/09\/template-la-gi-3-80x60.jpeg 80w, https:\/\/demo.canhcam.com\/the7-main\/wp-content\/uploads\/2016\/09\/template-la-gi-3-160x120.jpeg 160w\" width=\"80\" height=\"60\"  alt=\"\" \/><\/a><\/div><div class=\"post-content\"><a href=\"https:\/\/demo.canhcam.com\/the7-main\/vivamus-aliquam-ornare-sapien\/\">L\u1ee3i \u00edch c\u1ee7a template l\u00e0 g\u00ec?<\/a><p class=\"text-small\">Donec eros scelerisque feugiat neque eu bibendum volutpat fringilla venenatis, eros scelerisque volutpat fringilla.<\/p><time class=\"text-secondary\" datetime=\"2016-09-18T14:19:38+00:00\">September 18, 2016<\/time><\/div><\/article><\/div><div class=\"wf-cell wf-1-3\"><article class=\"post-format-standard\"><div class=\"mini-post-img\"><a class=\"alignleft post-rollover layzr-bg\" href=\"https:\/\/demo.canhcam.com\/the7-main\/nulla-ipsum-etiam-dolor\/\" aria-label=\"Post image\"><img loading=\"lazy\" decoding=\"async\" class=\"preload-me lazy-load\" src=\"data:image\/svg+xml,%3Csvg%20xmlns%3D&#39;http%3A%2F%2Fwww.w3.org%2F2000%2Fsvg&#39;%20viewBox%3D&#39;0%200%2080%2060&#39;%2F%3E\" data-src=\"https:\/\/demo.canhcam.com\/the7-main\/wp-content\/uploads\/2016\/09\/24-10-17-46-80x60.jpg\" data-srcset=\"https:\/\/demo.canhcam.com\/the7-main\/wp-content\/uploads\/2016\/09\/24-10-17-46-80x60.jpg 80w, https:\/\/demo.canhcam.com\/the7-main\/wp-content\/uploads\/2016\/09\/24-10-17-46-160x120.jpg 160w\" width=\"80\" height=\"60\"  alt=\"\" \/><\/a><\/div><div class=\"post-content\"><a href=\"https:\/\/demo.canhcam.com\/the7-main\/nulla-ipsum-etiam-dolor\/\">Template l\u00e0 g\u00ec? T\u1ea5t t\u1ea7n t\u1eadt v\u1ec1 Template b\u1ea1n c\u1ea7n bi\u1ebft khi thi\u1ebft k\u1ebf Website<\/a><p class=\"text-small\">Vestibulum et metus nulla. Hitrices orci leo, et feugiat eros tristique et. Proin ligula justo, iaculis quis ornare in, orem ipsum dolor glavrida.<\/p><time class=\"text-secondary\" datetime=\"2016-09-18T13:48:37+00:00\">September 18, 2016<\/time><\/div><\/article><\/div><div class=\"wf-cell wf-1-3\"><article class=\"post-format-standard\"><div class=\"mini-post-img\"><a class=\"alignleft post-rollover layzr-bg\" href=\"https:\/\/demo.canhcam.com\/the7-main\/sed-mattis-tortor-pellen-tesque-tincidunt\/\" aria-label=\"Post image\"><img loading=\"lazy\" decoding=\"async\" class=\"preload-me lazy-load\" src=\"data:image\/svg+xml,%3Csvg%20xmlns%3D&#39;http%3A%2F%2Fwww.w3.org%2F2000%2Fsvg&#39;%20viewBox%3D&#39;0%200%2080%2060&#39;%2F%3E\" data-src=\"https:\/\/demo.canhcam.com\/the7-main\/wp-content\/uploads\/2016\/09\/alvaro-reyes-KxVlKiqQObU-unsplash-80x60.jpg\" data-srcset=\"https:\/\/demo.canhcam.com\/the7-main\/wp-content\/uploads\/2016\/09\/alvaro-reyes-KxVlKiqQObU-unsplash-80x60.jpg 80w, https:\/\/demo.canhcam.com\/the7-main\/wp-content\/uploads\/2016\/09\/alvaro-reyes-KxVlKiqQObU-unsplash-160x120.jpg 160w\" width=\"80\" height=\"60\"  alt=\"\" \/><\/a><\/div><div class=\"post-content\"><a href=\"https:\/\/demo.canhcam.com\/the7-main\/sed-mattis-tortor-pellen-tesque-tincidunt\/\">UI &#8211; UX<\/a><p class=\"text-small\">Nulla blandit risus ut nulla aliquam ornare. Suspendisse in mi sed nisl luctus blandit id sed arcu. Suspendisse a tortor pulvinar, sodales urna vitae, lacinia ipsum.<\/p><time class=\"text-secondary\" datetime=\"2016-09-01T12:10:35+00:00\">September 1, 2016<\/time><\/div><\/article><\/div><div class=\"wf-cell wf-1-3\"><article class=\"post-format-standard\"><div class=\"mini-post-img\"><a class=\"alignleft post-rollover layzr-bg\" href=\"https:\/\/demo.canhcam.com\/the7-main\/glavrida-nalla-lorem-dolor-amet\/\" aria-label=\"Post image\"><img loading=\"lazy\" decoding=\"async\" class=\"preload-me lazy-load\" src=\"data:image\/svg+xml,%3Csvg%20xmlns%3D&#39;http%3A%2F%2Fwww.w3.org%2F2000%2Fsvg&#39;%20viewBox%3D&#39;0%200%2080%2060&#39;%2F%3E\" data-src=\"https:\/\/demo.canhcam.com\/the7-main\/wp-content\/uploads\/2016\/08\/jexo-OWRCiJta-80-unsplash-80x60.jpg\" data-srcset=\"https:\/\/demo.canhcam.com\/the7-main\/wp-content\/uploads\/2016\/08\/jexo-OWRCiJta-80-unsplash-80x60.jpg 80w, https:\/\/demo.canhcam.com\/the7-main\/wp-content\/uploads\/2016\/08\/jexo-OWRCiJta-80-unsplash-160x120.jpg 160w\" width=\"80\" height=\"60\"  alt=\"\" \/><\/a><\/div><div class=\"post-content\"><a href=\"https:\/\/demo.canhcam.com\/the7-main\/glavrida-nalla-lorem-dolor-amet\/\">Tri\u1ec3n v\u1ecdng ngh\u1ec1 nghi\u1ec7p c\u1ee7a ng\u00e0nh Thi\u1ebft k\u1ebf \u0111\u1ed3 h\u1ecda<\/a><p class=\"text-small\">Hitrices orci leo, et feugiat eros tristique et. Proin ligula iaculis quis ornare id purus. Vestib etus atiam gravida felis nec ullam corper sem.<\/p><time class=\"text-secondary\" datetime=\"2016-08-28T07:07:21+00:00\">August 28, 2016<\/time><\/div><\/article><\/div><div class=\"wf-cell wf-1-3\"><article class=\"post-format-standard\"><div class=\"mini-post-img\"><a class=\"alignleft post-rollover layzr-bg\" href=\"https:\/\/demo.canhcam.com\/the7-main\/vestibulum-molestie-pretium\/\" aria-label=\"Post image\"><img loading=\"lazy\" decoding=\"async\" class=\"preload-me lazy-load\" src=\"data:image\/svg+xml,%3Csvg%20xmlns%3D&#39;http%3A%2F%2Fwww.w3.org%2F2000%2Fsvg&#39;%20viewBox%3D&#39;0%200%2080%2060&#39;%2F%3E\" data-src=\"https:\/\/demo.canhcam.com\/the7-main\/wp-content\/uploads\/2016\/08\/24-10-17-44-80x60.jpg\" data-srcset=\"https:\/\/demo.canhcam.com\/the7-main\/wp-content\/uploads\/2016\/08\/24-10-17-44-80x60.jpg 80w, https:\/\/demo.canhcam.com\/the7-main\/wp-content\/uploads\/2016\/08\/24-10-17-44-160x120.jpg 160w\" width=\"80\" height=\"60\"  alt=\"\" \/><\/a><\/div><div class=\"post-content\"><a href=\"https:\/\/demo.canhcam.com\/the7-main\/vestibulum-molestie-pretium\/\">K\u1ebft h\u1ee3p gi\u1eefa thi\u1ebft k\u1ebf v\u1edbi truy\u1ec1n th\u00f4ng.<\/a><p class=\"text-small\">Donec venenatis, eros scelerisque volutpat fringilla, mi diam varius ligula, in eleifend lectus est sollicitudin ante ac hendrerit.<\/p><time class=\"text-secondary\" datetime=\"2016-08-05T14:24:35+00:00\">August 5, 2016<\/time><\/div><\/article><\/div><div class=\"wf-cell wf-1-3\"><article class=\"post-format-standard\"><div class=\"mini-post-img\"><a class=\"alignleft post-rollover layzr-bg\" href=\"https:\/\/demo.canhcam.com\/the7-main\/mauris-interdum-lobortis-bibendum\/\" aria-label=\"Post image\"><img loading=\"lazy\" decoding=\"async\" class=\"preload-me lazy-load\" src=\"data:image\/svg+xml,%3Csvg%20xmlns%3D&#39;http%3A%2F%2Fwww.w3.org%2F2000%2Fsvg&#39;%20viewBox%3D&#39;0%200%2080%2060&#39;%2F%3E\" data-src=\"https:\/\/demo.canhcam.com\/the7-main\/wp-content\/uploads\/2016\/03\/17-10-17-21-80x60.jpg\" data-srcset=\"https:\/\/demo.canhcam.com\/the7-main\/wp-content\/uploads\/2016\/03\/17-10-17-21-80x60.jpg 80w, https:\/\/demo.canhcam.com\/the7-main\/wp-content\/uploads\/2016\/03\/17-10-17-21-160x120.jpg 160w\" width=\"80\" height=\"60\"  alt=\"\" \/><\/a><\/div><div class=\"post-content\"><a href=\"https:\/\/demo.canhcam.com\/the7-main\/mauris-interdum-lobortis-bibendum\/\">\u00dd ngh\u0129a m\u00e0u cam trong cu\u1ed9c s\u1ed1ng.<\/a><p class=\"text-small\">Viva ladiet metus nulla. Hitrices orci leo, et feugiat eros tristique et. Proin ligula justo, iaculis quis ornare in nulla purus amitos.<\/p><time class=\"text-secondary\" datetime=\"2016-03-08T13:56:21+00:00\">March 8, 2016<\/time><\/div><\/article><\/div><\/section>[vc_empty_space height=&#8221;50&#8243;][vc_column_text css=&#8221;.vc_custom_1482741294812{padding-bottom: 30px !important;}&#8221;]<\/p>\n<h3>Posts with round images<\/h3>\n<p>[\/vc_column_text]<section class=\"items-grid wf-container round-images\"><div class=\"wf-cell wf-1-2\"><article class=\"post-format-standard\"><div class=\"mini-post-img\"><a class=\"alignleft post-rollover layzr-bg\" href=\"https:\/\/demo.canhcam.com\/the7-main\/5-reasons-lorem-ipsum-dolor\/\" aria-label=\"Post image\"><img loading=\"lazy\" decoding=\"async\" class=\"preload-me lazy-load\" src=\"data:image\/svg+xml,%3Csvg%20xmlns%3D&#39;http%3A%2F%2Fwww.w3.org%2F2000%2Fsvg&#39;%20viewBox%3D&#39;0%200%2060%2060&#39;%2F%3E\" data-src=\"https:\/\/demo.canhcam.com\/the7-main\/wp-content\/uploads\/2016\/09\/17-10-17-13-60x60.jpg\" data-srcset=\"https:\/\/demo.canhcam.com\/the7-main\/wp-content\/uploads\/2016\/09\/17-10-17-13-60x60.jpg 60w, https:\/\/demo.canhcam.com\/the7-main\/wp-content\/uploads\/2016\/09\/17-10-17-13-120x120.jpg 120w\" width=\"60\" height=\"60\"  alt=\"\" \/><\/a><\/div><div class=\"post-content\"><a href=\"https:\/\/demo.canhcam.com\/the7-main\/5-reasons-lorem-ipsum-dolor\/\">Nguy\u00ean l\u00fd m\u00e0u s\u1eafc trong thi\u1ebft k\u1ebf: #5 \u0110i\u1ec1u designer c\u1ea7n n\u1eafm ch\u1eafc<\/a><br \/><time class=\"text-secondary\" datetime=\"2016-09-30T10:40:51+00:00\">September 30, 2016<\/time><\/div><\/article><\/div><div class=\"wf-cell wf-1-2\"><article class=\"post-format-standard\"><div class=\"mini-post-img\"><a class=\"alignleft post-rollover layzr-bg\" href=\"https:\/\/demo.canhcam.com\/the7-main\/lore-ipsum-elit-nulla-amet\/\" aria-label=\"Post image\"><img loading=\"lazy\" decoding=\"async\" class=\"preload-me lazy-load\" src=\"data:image\/svg+xml,%3Csvg%20xmlns%3D&#39;http%3A%2F%2Fwww.w3.org%2F2000%2Fsvg&#39;%20viewBox%3D&#39;0%200%2060%2060&#39;%2F%3E\" data-src=\"https:\/\/demo.canhcam.com\/the7-main\/wp-content\/uploads\/2016\/09\/17-10-17-12-60x60.jpg\" data-srcset=\"https:\/\/demo.canhcam.com\/the7-main\/wp-content\/uploads\/2016\/09\/17-10-17-12-60x60.jpg 60w, https:\/\/demo.canhcam.com\/the7-main\/wp-content\/uploads\/2016\/09\/17-10-17-12-120x120.jpg 120w\" width=\"60\" height=\"60\"  alt=\"\" \/><\/a><\/div><div class=\"post-content\"><a href=\"https:\/\/demo.canhcam.com\/the7-main\/lore-ipsum-elit-nulla-amet\/\">T\u1ea5t t\u1ea7n t\u1eadt v\u1ec1 Template b\u1ea1n n\u00ean bi\u1ebft khi thi\u1ebft k\u1ebf Website<\/a><br \/><time class=\"text-secondary\" datetime=\"2016-09-19T11:59:07+00:00\">September 19, 2016<\/time><\/div><\/article><\/div><div class=\"wf-cell wf-1-2\"><article class=\"post-format-standard\"><div class=\"mini-post-img\"><a class=\"alignleft post-rollover layzr-bg\" href=\"https:\/\/demo.canhcam.com\/the7-main\/vivamus-aliquam-ornare-sapien\/\" aria-label=\"Post image\"><img loading=\"lazy\" decoding=\"async\" class=\"preload-me lazy-load\" src=\"data:image\/svg+xml,%3Csvg%20xmlns%3D&#39;http%3A%2F%2Fwww.w3.org%2F2000%2Fsvg&#39;%20viewBox%3D&#39;0%200%2060%2060&#39;%2F%3E\" data-src=\"https:\/\/demo.canhcam.com\/the7-main\/wp-content\/uploads\/2016\/09\/template-la-gi-3-60x60.jpeg\" data-srcset=\"https:\/\/demo.canhcam.com\/the7-main\/wp-content\/uploads\/2016\/09\/template-la-gi-3-60x60.jpeg 60w, https:\/\/demo.canhcam.com\/the7-main\/wp-content\/uploads\/2016\/09\/template-la-gi-3-120x120.jpeg 120w\" width=\"60\" height=\"60\"  alt=\"\" \/><\/a><\/div><div class=\"post-content\"><a href=\"https:\/\/demo.canhcam.com\/the7-main\/vivamus-aliquam-ornare-sapien\/\">L\u1ee3i \u00edch c\u1ee7a template l\u00e0 g\u00ec?<\/a><br \/><time class=\"text-secondary\" datetime=\"2016-09-18T14:19:38+00:00\">September 18, 2016<\/time><\/div><\/article><\/div><div class=\"wf-cell wf-1-2\"><article class=\"post-format-standard\"><div class=\"mini-post-img\"><a class=\"alignleft post-rollover layzr-bg\" href=\"https:\/\/demo.canhcam.com\/the7-main\/nulla-ipsum-etiam-dolor\/\" aria-label=\"Post image\"><img loading=\"lazy\" decoding=\"async\" class=\"preload-me lazy-load\" src=\"data:image\/svg+xml,%3Csvg%20xmlns%3D&#39;http%3A%2F%2Fwww.w3.org%2F2000%2Fsvg&#39;%20viewBox%3D&#39;0%200%2060%2060&#39;%2F%3E\" data-src=\"https:\/\/demo.canhcam.com\/the7-main\/wp-content\/uploads\/2016\/09\/24-10-17-46-60x60.jpg\" data-srcset=\"https:\/\/demo.canhcam.com\/the7-main\/wp-content\/uploads\/2016\/09\/24-10-17-46-60x60.jpg 60w, https:\/\/demo.canhcam.com\/the7-main\/wp-content\/uploads\/2016\/09\/24-10-17-46-120x120.jpg 120w\" width=\"60\" height=\"60\"  alt=\"\" \/><\/a><\/div><div class=\"post-content\"><a href=\"https:\/\/demo.canhcam.com\/the7-main\/nulla-ipsum-etiam-dolor\/\">Template l\u00e0 g\u00ec? T\u1ea5t t\u1ea7n t\u1eadt v\u1ec1 Template b\u1ea1n c\u1ea7n bi\u1ebft khi thi\u1ebft k\u1ebf Website<\/a><br \/><time class=\"text-secondary\" datetime=\"2016-09-18T13:48:37+00:00\">September 18, 2016<\/time><\/div><\/article><\/div><div class=\"wf-cell wf-1-2\"><article class=\"post-format-standard\"><div class=\"mini-post-img\"><a class=\"alignleft post-rollover layzr-bg\" href=\"https:\/\/demo.canhcam.com\/the7-main\/sed-mattis-tortor-pellen-tesque-tincidunt\/\" aria-label=\"Post image\"><img loading=\"lazy\" decoding=\"async\" class=\"preload-me lazy-load\" src=\"data:image\/svg+xml,%3Csvg%20xmlns%3D&#39;http%3A%2F%2Fwww.w3.org%2F2000%2Fsvg&#39;%20viewBox%3D&#39;0%200%2060%2060&#39;%2F%3E\" data-src=\"https:\/\/demo.canhcam.com\/the7-main\/wp-content\/uploads\/2016\/09\/alvaro-reyes-KxVlKiqQObU-unsplash-60x60.jpg\" data-srcset=\"https:\/\/demo.canhcam.com\/the7-main\/wp-content\/uploads\/2016\/09\/alvaro-reyes-KxVlKiqQObU-unsplash-60x60.jpg 60w, https:\/\/demo.canhcam.com\/the7-main\/wp-content\/uploads\/2016\/09\/alvaro-reyes-KxVlKiqQObU-unsplash-120x120.jpg 120w\" width=\"60\" height=\"60\"  alt=\"\" \/><\/a><\/div><div class=\"post-content\"><a href=\"https:\/\/demo.canhcam.com\/the7-main\/sed-mattis-tortor-pellen-tesque-tincidunt\/\">UI &#8211; UX<\/a><br \/><time class=\"text-secondary\" datetime=\"2016-09-01T12:10:35+00:00\">September 1, 2016<\/time><\/div><\/article><\/div><div class=\"wf-cell wf-1-2\"><article class=\"post-format-standard\"><div class=\"mini-post-img\"><a class=\"alignleft post-rollover layzr-bg\" href=\"https:\/\/demo.canhcam.com\/the7-main\/glavrida-nalla-lorem-dolor-amet\/\" aria-label=\"Post image\"><img loading=\"lazy\" decoding=\"async\" class=\"preload-me lazy-load\" src=\"data:image\/svg+xml,%3Csvg%20xmlns%3D&#39;http%3A%2F%2Fwww.w3.org%2F2000%2Fsvg&#39;%20viewBox%3D&#39;0%200%2060%2060&#39;%2F%3E\" data-src=\"https:\/\/demo.canhcam.com\/the7-main\/wp-content\/uploads\/2016\/08\/jexo-OWRCiJta-80-unsplash-60x60.jpg\" data-srcset=\"https:\/\/demo.canhcam.com\/the7-main\/wp-content\/uploads\/2016\/08\/jexo-OWRCiJta-80-unsplash-60x60.jpg 60w, https:\/\/demo.canhcam.com\/the7-main\/wp-content\/uploads\/2016\/08\/jexo-OWRCiJta-80-unsplash-120x120.jpg 120w\" width=\"60\" height=\"60\"  alt=\"\" \/><\/a><\/div><div class=\"post-content\"><a href=\"https:\/\/demo.canhcam.com\/the7-main\/glavrida-nalla-lorem-dolor-amet\/\">Tri\u1ec3n v\u1ecdng ngh\u1ec1 nghi\u1ec7p c\u1ee7a ng\u00e0nh Thi\u1ebft k\u1ebf \u0111\u1ed3 h\u1ecda<\/a><br \/><time class=\"text-secondary\" datetime=\"2016-08-28T07:07:21+00:00\">August 28, 2016<\/time><\/div><\/article><\/div><div class=\"wf-cell wf-1-2\"><article class=\"post-format-standard\"><div class=\"mini-post-img\"><a class=\"alignleft post-rollover layzr-bg\" href=\"https:\/\/demo.canhcam.com\/the7-main\/vestibulum-molestie-pretium\/\" aria-label=\"Post image\"><img loading=\"lazy\" decoding=\"async\" class=\"preload-me lazy-load\" src=\"data:image\/svg+xml,%3Csvg%20xmlns%3D&#39;http%3A%2F%2Fwww.w3.org%2F2000%2Fsvg&#39;%20viewBox%3D&#39;0%200%2060%2060&#39;%2F%3E\" data-src=\"https:\/\/demo.canhcam.com\/the7-main\/wp-content\/uploads\/2016\/08\/24-10-17-44-60x60.jpg\" data-srcset=\"https:\/\/demo.canhcam.com\/the7-main\/wp-content\/uploads\/2016\/08\/24-10-17-44-60x60.jpg 60w, https:\/\/demo.canhcam.com\/the7-main\/wp-content\/uploads\/2016\/08\/24-10-17-44-120x120.jpg 120w\" width=\"60\" height=\"60\"  alt=\"\" \/><\/a><\/div><div class=\"post-content\"><a href=\"https:\/\/demo.canhcam.com\/the7-main\/vestibulum-molestie-pretium\/\">K\u1ebft h\u1ee3p gi\u1eefa thi\u1ebft k\u1ebf v\u1edbi truy\u1ec1n th\u00f4ng.<\/a><br \/><time class=\"text-secondary\" datetime=\"2016-08-05T14:24:35+00:00\">August 5, 2016<\/time><\/div><\/article><\/div><div class=\"wf-cell wf-1-2\"><article class=\"post-format-standard\"><div class=\"mini-post-img\"><a class=\"alignleft post-rollover layzr-bg\" href=\"https:\/\/demo.canhcam.com\/the7-main\/mauris-interdum-lobortis-bibendum\/\" aria-label=\"Post image\"><img loading=\"lazy\" decoding=\"async\" class=\"preload-me lazy-load\" src=\"data:image\/svg+xml,%3Csvg%20xmlns%3D&#39;http%3A%2F%2Fwww.w3.org%2F2000%2Fsvg&#39;%20viewBox%3D&#39;0%200%2060%2060&#39;%2F%3E\" data-src=\"https:\/\/demo.canhcam.com\/the7-main\/wp-content\/uploads\/2016\/03\/17-10-17-21-60x60.jpg\" data-srcset=\"https:\/\/demo.canhcam.com\/the7-main\/wp-content\/uploads\/2016\/03\/17-10-17-21-60x60.jpg 60w, https:\/\/demo.canhcam.com\/the7-main\/wp-content\/uploads\/2016\/03\/17-10-17-21-120x120.jpg 120w\" width=\"60\" height=\"60\"  alt=\"\" \/><\/a><\/div><div class=\"post-content\"><a href=\"https:\/\/demo.canhcam.com\/the7-main\/mauris-interdum-lobortis-bibendum\/\">\u00dd ngh\u0129a m\u00e0u cam trong cu\u1ed9c s\u1ed1ng.<\/a><br \/><time class=\"text-secondary\" datetime=\"2016-03-08T13:56:21+00:00\">March 8, 2016<\/time><\/div><\/article><\/div><\/section>[vc_empty_space height=&#8221;80&#8243;][vc_column_text css=&#8221;.vc_custom_1482741307878{padding-bottom: 30px !important;}&#8221;]<\/p>\n<h3>Images are disabled<\/h3>\n<p>[\/vc_column_text]<section class=\"items-grid wf-container\"><div class=\"wf-cell wf-1-3\"><article class=\"post-format-standard\"><div class=\"post-content\"><a href=\"https:\/\/demo.canhcam.com\/the7-main\/5-reasons-lorem-ipsum-dolor\/\">Nguy\u00ean l\u00fd m\u00e0u s\u1eafc trong thi\u1ebft k\u1ebf: #5 \u0110i\u1ec1u designer c\u1ea7n n\u1eafm ch\u1eafc<\/a><br \/><time class=\"text-secondary\" datetime=\"2016-09-30T10:40:51+00:00\">September 30, 2016<\/time><\/div><\/article><\/div><div class=\"wf-cell wf-1-3\"><article class=\"post-format-standard\"><div class=\"post-content\"><a href=\"https:\/\/demo.canhcam.com\/the7-main\/lore-ipsum-elit-nulla-amet\/\">T\u1ea5t t\u1ea7n t\u1eadt v\u1ec1 Template b\u1ea1n n\u00ean bi\u1ebft khi thi\u1ebft k\u1ebf Website<\/a><br \/><time class=\"text-secondary\" datetime=\"2016-09-19T11:59:07+00:00\">September 19, 2016<\/time><\/div><\/article><\/div><div class=\"wf-cell wf-1-3\"><article class=\"post-format-standard\"><div class=\"post-content\"><a href=\"https:\/\/demo.canhcam.com\/the7-main\/vivamus-aliquam-ornare-sapien\/\">L\u1ee3i \u00edch c\u1ee7a template l\u00e0 g\u00ec?<\/a><br \/><time class=\"text-secondary\" datetime=\"2016-09-18T14:19:38+00:00\">September 18, 2016<\/time><\/div><\/article><\/div><div class=\"wf-cell wf-1-3\"><article class=\"post-format-standard\"><div class=\"post-content\"><a href=\"https:\/\/demo.canhcam.com\/the7-main\/nulla-ipsum-etiam-dolor\/\">Template l\u00e0 g\u00ec? T\u1ea5t t\u1ea7n t\u1eadt v\u1ec1 Template b\u1ea1n c\u1ea7n bi\u1ebft khi thi\u1ebft k\u1ebf Website<\/a><br \/><time class=\"text-secondary\" datetime=\"2016-09-18T13:48:37+00:00\">September 18, 2016<\/time><\/div><\/article><\/div><div class=\"wf-cell wf-1-3\"><article class=\"post-format-standard\"><div class=\"post-content\"><a href=\"https:\/\/demo.canhcam.com\/the7-main\/sed-mattis-tortor-pellen-tesque-tincidunt\/\">UI &#8211; UX<\/a><br \/><time class=\"text-secondary\" datetime=\"2016-09-01T12:10:35+00:00\">September 1, 2016<\/time><\/div><\/article><\/div><div class=\"wf-cell wf-1-3\"><article class=\"post-format-standard\"><div class=\"post-content\"><a href=\"https:\/\/demo.canhcam.com\/the7-main\/glavrida-nalla-lorem-dolor-amet\/\">Tri\u1ec3n v\u1ecdng ngh\u1ec1 nghi\u1ec7p c\u1ee7a ng\u00e0nh Thi\u1ebft k\u1ebf \u0111\u1ed3 h\u1ecda<\/a><br \/><time class=\"text-secondary\" datetime=\"2016-08-28T07:07:21+00:00\">August 28, 2016<\/time><\/div><\/article><\/div><div class=\"wf-cell wf-1-3\"><article class=\"post-format-standard\"><div class=\"post-content\"><a href=\"https:\/\/demo.canhcam.com\/the7-main\/vestibulum-molestie-pretium\/\">K\u1ebft h\u1ee3p gi\u1eefa thi\u1ebft k\u1ebf v\u1edbi truy\u1ec1n th\u00f4ng.<\/a><br \/><time class=\"text-secondary\" datetime=\"2016-08-05T14:24:35+00:00\">August 5, 2016<\/time><\/div><\/article><\/div><div class=\"wf-cell wf-1-3\"><article class=\"post-format-standard\"><div class=\"post-content\"><a href=\"https:\/\/demo.canhcam.com\/the7-main\/mauris-interdum-lobortis-bibendum\/\">\u00dd ngh\u0129a m\u00e0u cam trong cu\u1ed9c s\u1ed1ng.<\/a><br \/><time class=\"text-secondary\" datetime=\"2016-03-08T13:56:21+00:00\">March 8, 2016<\/time><\/div><\/article><\/div><div class=\"wf-cell wf-1-3\"><article class=\"post-format-standard\"><div class=\"post-content\"><a href=\"https:\/\/demo.canhcam.com\/the7-main\/fusce-eget-nibh-et-lacus\/\">Thi\u1ebft k\u1ebf \u0111\u1ed3 h\u1ecda l\u00e0 qu\u00e1 tr\u00ecnh truy\u1ec1n t\u1ea3i th\u00f4ng tin b\u1eb1ng th\u1ecb gi\u00e1c \u0111\u1ebfn ng\u01b0\u1eddi xem.<\/a><br \/><time class=\"text-secondary\" datetime=\"2016-03-01T13:58:49+00:00\">March 1, 2016<\/time><\/div><\/article><\/div><\/section>[\/vc_column][\/vc_row]<\/p>\n","protected":false},"excerpt":{"rendered":"<p>[vc_row type=&#8221;vc_default&#8221; margin_top=&#8221;-5&#8243; margin_bottom=&#8221;10&#8243;][vc_column][vc_column_text css=&#8221;.vc_custom_1482741287750{padding-bottom: 30px !important;}&#8221;] Posts with rectangular images [\/vc_column_text][vc_empty_space height=&#8221;50&#8243;][vc_column_text css=&#8221;.vc_custom_1482741294812{padding-bottom: 30px !important;}&#8221;] Posts with round images [\/vc_column_text][vc_empty_space height=&#8221;80&#8243;][vc_column_text css=&#8221;.vc_custom_1482741307878{padding-bottom: 30px !important;}&#8221;] Images are disabled [\/vc_column_text][\/vc_column][\/vc_row]<\/p>\n","protected":false},"author":1,"featured_media":0,"parent":13572,"menu_order":150,"comment_status":"closed","ping_status":"closed","template":"","meta":{"footnotes":""},"class_list":["post-13785","page","type-page","status-publish","hentry","description-off"],"_links":{"self":[{"href":"https:\/\/demo.canhcam.com\/the7-main\/wp-json\/wp\/v2\/pages\/13785","targetHints":{"allow":["GET"]}}],"collection":[{"href":"https:\/\/demo.canhcam.com\/the7-main\/wp-json\/wp\/v2\/pages"}],"about":[{"href":"https:\/\/demo.canhcam.com\/the7-main\/wp-json\/wp\/v2\/types\/page"}],"author":[{"embeddable":true,"href":"https:\/\/demo.canhcam.com\/the7-main\/wp-json\/wp\/v2\/users\/1"}],"replies":[{"embeddable":true,"href":"https:\/\/demo.canhcam.com\/the7-main\/wp-json\/wp\/v2\/comments?post=13785"}],"version-history":[{"count":0,"href":"https:\/\/demo.canhcam.com\/the7-main\/wp-json\/wp\/v2\/pages\/13785\/revisions"}],"up":[{"embeddable":true,"href":"https:\/\/demo.canhcam.com\/the7-main\/wp-json\/wp\/v2\/pages\/13572"}],"wp:attachment":[{"href":"https:\/\/demo.canhcam.com\/the7-main\/wp-json\/wp\/v2\/media?parent=13785"}],"curies":[{"name":"wp","href":"https:\/\/api.w.org\/{rel}","templated":true}]}}