{"id":24,"date":"2016-01-29T10:24:10","date_gmt":"2016-01-29T10:24:10","guid":{"rendered":"https:\/\/the7.io\/beauty-studio\/?page_id=24"},"modified":"2022-12-28T02:45:40","modified_gmt":"2022-12-28T02:45:40","slug":"special-offers","status":"publish","type":"page","link":"https:\/\/demo.canhcam.com\/the7-croporate\/about\/special-offers\/","title":{"rendered":"Cung c\u1ea5p \u0111\u1eb7c bi\u1ec7t"},"content":{"rendered":"<p>[vc_row equal_height=&#8221;yes&#8221; content_placement=&#8221;middle&#8221; type=&#8221;vc_default&#8221; margin_top=&#8221;10&#8243; margin_bottom=&#8221;25&#8243; css=&#8221;.vc_custom_1490526340467{padding-top: 70px !important;padding-bottom: 20px !important;}&#8221;][vc_column width=&#8221;2\/3&#8243; css=&#8221;.vc_custom_1498750429084{padding-bottom: 50px !important;}&#8221; offset=&#8221;vc_col-lg-offset-0 vc_col-lg-6 vc_col-md-offset-0 vc_col-md-6 vc_col-sm-offset-2 vc_col-xs-12&#8243;]<style type=\"text\/css\" data-type=\"the7_shortcodes-inline-css\">.shortcode-single-image-wrap.shortcode-single-image-a5c872c0863e6001d7cc57609d2d3112.enable-bg-rollover .rollover i,\n.shortcode-single-image-wrap.shortcode-single-image-a5c872c0863e6001d7cc57609d2d3112.enable-bg-rollover .rollover-video i {\n  background: -webkit-linear-gradient();\n  background: linear-gradient();\n}\n.shortcode-single-image-wrap.shortcode-single-image-a5c872c0863e6001d7cc57609d2d3112 .rollover-icon {\n  font-size: 32px;\n  color: #ffffff;\n  min-width: 44px;\n  min-height: 44px;\n  line-height: 44px;\n  border-radius: 100px;\n  border-style: solid;\n  border-width: 0px;\n}\n.dt-icon-bg-on.shortcode-single-image-wrap.shortcode-single-image-a5c872c0863e6001d7cc57609d2d3112 .rollover-icon {\n  background: rgba(255,255,255,0.3);\n  box-shadow: none;\n}\n<\/style><div class=\"shortcode-single-image-wrap shortcode-single-image-a5c872c0863e6001d7cc57609d2d3112 alignnone  enable-bg-rollover dt-icon-bg-off\" style=\"margin-top:0px; margin-bottom:0px; margin-left:0px; margin-right:0px; width:800px;\"><div class=\"shortcode-single-image\"><div class=\"fancy-media-wrap  layzr-bg\" style=\"\"><img loading=\"lazy\" decoding=\"async\" class=\"preload-me lazy-load\" src=\"data:image\/svg+xml,%3Csvg%20xmlns%3D&#39;http%3A%2F%2Fwww.w3.org%2F2000%2Fsvg&#39;%20viewBox%3D&#39;0%200%20800%20800&#39;%2F%3E\" data-src=\"https:\/\/demo.canhcam.com\/the7-croporate\/wp-content\/uploads\/2016\/01\/s027-800x800.jpg\" data-srcset=\"https:\/\/demo.canhcam.com\/the7-croporate\/wp-content\/uploads\/2016\/01\/s027-800x800.jpg 800w\" width=\"800\" height=\"800\"  data-dt-location=\"https:\/\/demo.canhcam.com\/the7-croporate\/337-2\/s027\/\" style=\"\" alt=\"\" \/><\/div><\/div><\/div>[\/vc_column][vc_column width=&#8221;2\/3&#8243; css=&#8221;.vc_custom_1498750488327{padding-bottom: 50px !important;}&#8221; offset=&#8221;vc_col-lg-offset-0 vc_col-lg-6 vc_col-md-offset-0 vc_col-md-6 vc_col-sm-offset-2 vc_col-xs-12&#8243;]<div id=\"ultimate-heading-21269e3862947fca\" class=\"uvc-heading ult-adjust-bottom-margin ultimate-heading-21269e3862947fca uvc-7222 color-title accent-title-color\" data-hspacer=\"no_spacer\"  data-halign=\"left\" style=\"text-align:left\"><div class=\"uvc-heading-spacer no_spacer\" style=\"top\"><\/div><div class=\"uvc-main-heading ult-responsive\"  data-ultimate-target='.uvc-heading.ultimate-heading-21269e3862947fca h2'  data-responsive-json-new='{\"font-size\":\"desktop:20px;\",\"line-height\":\"desktop:26px;\"}' ><h2 style=\"font-weight:bold;margin-bottom:5px;\">Su\u1ed1t th\u00e1ng 9 2022<\/h2><\/div><div class=\"uvc-sub-heading ult-responsive\"  data-ultimate-target='.uvc-heading.ultimate-heading-21269e3862947fca .uvc-sub-heading '  data-responsive-json-new='{\"font-size\":\"desktop:34px;\",\"line-height\":\"desktop:40px;\"}'  style=\"font-family:&#039;Open Sans Condensed&#039;;font-weight:700;margin-bottom:20px;\">GI\u1ea2M GI\u00c1 20% CHO T\u1ea4T C\u1ea2 C\u00c1C D\u1ecaCH V\u1ee4 K\u1ebe TO\u00c1N<\/div><\/div>[vc_column_text css=&#8221;.vc_custom_1672045370491{padding-bottom: 20px !important;}&#8221;]Ch\u1ee7 th\u1ec3 th\u1ef1c hi\u1ec7n h\u00e0nh vi khuy\u1ebfn m\u1ea1i ph\u1ea3i l\u00e0 th\u01b0\u01a1ng nh\u00e2n. Th\u01b0\u01a1ng nh\u00e2n \u0111\u01b0\u1ee3c ph\u00e9p t\u1ef1 m\u00ecnh t\u1ed5 ch\u1ee9c th\u1ef1c hi\u1ec7n vi\u1ec7c khuy\u1ebfn m\u1ea1i, c\u0169ng c\u00f3 th\u1ec3 th\u1ef1c hi\u1ec7n d\u1ecbch v\u1ee5 khuy\u1ebfn m\u1ea1i cho th\u01b0\u01a1ng nh\u00e2n kh\u00e1c \u0111\u1ec3 kinh doanh th\u00f4ng qua h\u1ee3p \u0111\u1ed3ng d\u1ecbch v\u1ee5 khuy\u1ebfn m\u1ea1i gi\u1eefa th\u01b0\u01a1ng nh\u00e2n c\u00f3 nhu c\u1ea7u khuy\u1ebfn m\u1ea1i v\u00e0 th\u01b0\u01a1ng nh\u00e2n kinh doanh d\u1ecbch v\u1ee5.[\/vc_column_text]<div class=\"standard-number-list bullet-top\"><ul>\n<li>Nh\u1eadn URL gi\u1edbi thi\u1ec7u c\u1ee7a ri\u00eang b\u1ea1n<\/li>\n<li>Kh\u00e1ch h\u00e0ng \u0111\u01b0\u1ee3c m\u1eddi: L\u00e0 kh\u00e1ch h\u00e0ng ch\u01b0a t\u1eebng c\u00f3 t\u00e0i kho\u1ea3n tr\u00ean Shopee tr\u01b0\u1edbc \u0111\u00f3.<\/li>\n<li>\u0110\u01b0a ra nh\u1eefng th\u00f4ng tin h\u1eefu \u00edch<\/li>\n<li>Thu th\u1eadp th\u00f4ng tin<\/li>\n<\/ul>\n<\/div><style type=\"text\/css\" data-type=\"the7_shortcodes-inline-css\">#default-btn-a23c6c5c4139ab63755f74dbf79755ca.ico-right-side > i {\n  margin-right: 0px;\n  margin-left: 8px;\n}\n#default-btn-a23c6c5c4139ab63755f74dbf79755ca > i {\n  margin-right: 8px;\n}\n<\/style><a href=\"\/corporate\/contact\/\" class=\"default-btn-shortcode dt-btn dt-btn-m link-hover-off btn-inline-left  vc_custom_1672045778364\" id=\"default-btn-a23c6c5c4139ab63755f74dbf79755ca\"><span>LI\u00caN H\u1ec6<\/span><\/a>[\/vc_column][\/vc_row][vc_row equal_height=&#8221;yes&#8221; content_placement=&#8221;middle&#8221; bg_type=&#8221;bg_color&#8221; bg_override=&#8221;ex-full&#8221; type=&#8221;vc_default&#8221; margin_top=&#8221;10&#8243; margin_bottom=&#8221;25&#8243; css=&#8221;.vc_custom_1498753023892{padding-top: 70px !important;padding-bottom: 20px !important;}&#8221; bg_color_value=&#8221;#f5f5f5&#8243;][vc_column width=&#8221;2\/3&#8243; css=&#8221;.vc_custom_1498750429084{padding-bottom: 50px !important;}&#8221; offset=&#8221;vc_col-lg-offset-0 vc_col-lg-6 vc_col-md-offset-0 vc_col-md-6 vc_col-sm-offset-2 vc_col-xs-12&#8243;]<style type=\"text\/css\" data-type=\"the7_shortcodes-inline-css\">.shortcode-single-image-wrap.shortcode-single-image-70c29ef23dc23f1fbf1213b08555d0af.enable-bg-rollover .rollover i,\n.shortcode-single-image-wrap.shortcode-single-image-70c29ef23dc23f1fbf1213b08555d0af.enable-bg-rollover .rollover-video i {\n  background: -webkit-linear-gradient();\n  background: linear-gradient();\n}\n.shortcode-single-image-wrap.shortcode-single-image-70c29ef23dc23f1fbf1213b08555d0af .rollover-icon {\n  font-size: 32px;\n  color: #ffffff;\n  min-width: 44px;\n  min-height: 44px;\n  line-height: 44px;\n  border-radius: 100px;\n  border-style: solid;\n  border-width: 0px;\n}\n.dt-icon-bg-on.shortcode-single-image-wrap.shortcode-single-image-70c29ef23dc23f1fbf1213b08555d0af .rollover-icon {\n  background: rgba(255,255,255,0.3);\n  box-shadow: none;\n}\n<\/style><div class=\"shortcode-single-image-wrap shortcode-single-image-70c29ef23dc23f1fbf1213b08555d0af alignnone  enable-bg-rollover dt-icon-bg-off\" style=\"margin-top:0px; margin-bottom:0px; margin-left:0px; margin-right:0px; width:800px;\"><div class=\"shortcode-single-image\"><div class=\"fancy-media-wrap  layzr-bg\" style=\"\"><img loading=\"lazy\" decoding=\"async\" class=\"preload-me lazy-load\" src=\"data:image\/svg+xml,%3Csvg%20xmlns%3D&#39;http%3A%2F%2Fwww.w3.org%2F2000%2Fsvg&#39;%20viewBox%3D&#39;0%200%20800%20800&#39;%2F%3E\" data-src=\"https:\/\/demo.canhcam.com\/the7-croporate\/wp-content\/uploads\/2018\/07\/s000-800x800.jpg\" data-srcset=\"https:\/\/demo.canhcam.com\/the7-croporate\/wp-content\/uploads\/2018\/07\/s000-800x800.jpg 800w\" width=\"800\" height=\"800\"  data-dt-location=\"https:\/\/demo.canhcam.com\/the7-croporate\/home\/s000\/\" style=\"\" alt=\"\" \/><\/div><\/div><\/div>[\/vc_column][vc_column width=&#8221;2\/3&#8243; css=&#8221;.vc_custom_1498750488327{padding-bottom: 50px !important;}&#8221; offset=&#8221;vc_col-lg-offset-0 vc_col-lg-6 vc_col-md-offset-0 vc_col-md-6 vc_col-sm-offset-2 vc_col-xs-12&#8243;]<div id=\"ultimate-heading-966769e3862948ce0\" class=\"uvc-heading ult-adjust-bottom-margin ultimate-heading-966769e3862948ce0 uvc-3915 color-title accent-title-color\" data-hspacer=\"no_spacer\"  data-halign=\"left\" style=\"text-align:left\"><div class=\"uvc-heading-spacer no_spacer\" style=\"top\"><\/div><div class=\"uvc-main-heading ult-responsive\"  data-ultimate-target='.uvc-heading.ultimate-heading-966769e3862948ce0 h2'  data-responsive-json-new='{\"font-size\":\"desktop:20px;\",\"line-height\":\"desktop:26px;\"}' ><h2 style=\"font-weight:bold;margin-bottom:5px;\">10 th\u00e1ng 5  - 15 th\u00e1ng 8  2022<\/h2><\/div><div class=\"uvc-sub-heading ult-responsive\"  data-ultimate-target='.uvc-heading.ultimate-heading-966769e3862948ce0 .uvc-sub-heading '  data-responsive-json-new='{\"font-size\":\"desktop:34px;\",\"line-height\":\"desktop:40px;\"}'  style=\"font-family:&#039;Open Sans Condensed&#039;;font-weight:700;margin-bottom:20px;\">GI\u1ea2M 50% D\u1ecaCH V\u1ee4 \u0110\u1ea6U T\u01af QU\u1ed0C T\u1ebe<\/div><\/div>[vc_column_text css=&#8221;.vc_custom_1672045406440{padding-bottom: 20px !important;}&#8221;]Ch\u1ee7 th\u1ec3 th\u1ef1c hi\u1ec7n h\u00e0nh vi khuy\u1ebfn m\u1ea1i ph\u1ea3i l\u00e0 th\u01b0\u01a1ng nh\u00e2n. Th\u01b0\u01a1ng nh\u00e2n \u0111\u01b0\u1ee3c ph\u00e9p t\u1ef1 m\u00ecnh t\u1ed5 ch\u1ee9c th\u1ef1c hi\u1ec7n vi\u1ec7c khuy\u1ebfn m\u1ea1i, c\u0169ng c\u00f3 th\u1ec3 th\u1ef1c hi\u1ec7n d\u1ecbch v\u1ee5 khuy\u1ebfn m\u1ea1i cho th\u01b0\u01a1ng nh\u00e2n kh\u00e1c \u0111\u1ec3 kinh doanh th\u00f4ng qua h\u1ee3p \u0111\u1ed3ng d\u1ecbch v\u1ee5 khuy\u1ebfn m\u1ea1i gi\u1eefa th\u01b0\u01a1ng nh\u00e2n c\u00f3 nhu c\u1ea7u khuy\u1ebfn m\u1ea1i v\u00e0 th\u01b0\u01a1ng nh\u00e2n kinh doanh d\u1ecbch v\u1ee5.[\/vc_column_text]<div class=\"standard-number-list bullet-top\"><ul>\n<li>Nh\u1eadn URL gi\u1edbi thi\u1ec7u c\u1ee7a ri\u00eang b\u1ea1n<\/li>\n<li>Kh\u00e1ch h\u00e0ng \u0111\u01b0\u1ee3c m\u1eddi: L\u00e0 kh\u00e1ch h\u00e0ng ch\u01b0a t\u1eebng c\u00f3 t\u00e0i kho\u1ea3n tr\u00ean Shopee tr\u01b0\u1edbc \u0111\u00f3.<\/li>\n<li>\u0110\u01b0a ra nh\u1eefng th\u00f4ng tin h\u1eefu \u00edch<\/li>\n<li>Thu th\u1eadp th\u00f4ng tin<\/li>\n<\/ul>\n<\/div><style type=\"text\/css\" data-type=\"the7_shortcodes-inline-css\">#default-btn-7e0f19085c2398dc24e331e6629ccf89.ico-right-side > i {\n  margin-right: 0px;\n  margin-left: 8px;\n}\n#default-btn-7e0f19085c2398dc24e331e6629ccf89 > i {\n  margin-right: 8px;\n}\n<\/style><a href=\"\/corporate\/contact\/\" class=\"default-btn-shortcode dt-btn dt-btn-m link-hover-off btn-inline-left  vc_custom_1672045762308\" id=\"default-btn-7e0f19085c2398dc24e331e6629ccf89\"><span>LI\u00caN H\u1ec6<\/span><\/a>[\/vc_column][\/vc_row][vc_row equal_height=&#8221;yes&#8221; content_placement=&#8221;middle&#8221; type=&#8221;vc_default&#8221; margin_top=&#8221;10&#8243; margin_bottom=&#8221;25&#8243; css=&#8221;.vc_custom_1490526340467{padding-top: 70px !important;padding-bottom: 20px !important;}&#8221;][vc_column width=&#8221;2\/3&#8243; css=&#8221;.vc_custom_1498750429084{padding-bottom: 50px !important;}&#8221; offset=&#8221;vc_col-lg-offset-0 vc_col-lg-6 vc_col-md-offset-0 vc_col-md-6 vc_col-sm-offset-2 vc_col-xs-12&#8243;]<style type=\"text\/css\" data-type=\"the7_shortcodes-inline-css\">.shortcode-single-image-wrap.shortcode-single-image-1a1055c8531ed40ab08fb4861854992e.enable-bg-rollover .rollover i,\n.shortcode-single-image-wrap.shortcode-single-image-1a1055c8531ed40ab08fb4861854992e.enable-bg-rollover .rollover-video i {\n  background: -webkit-linear-gradient();\n  background: linear-gradient();\n}\n.shortcode-single-image-wrap.shortcode-single-image-1a1055c8531ed40ab08fb4861854992e .rollover-icon {\n  font-size: 32px;\n  color: #ffffff;\n  min-width: 44px;\n  min-height: 44px;\n  line-height: 44px;\n  border-radius: 100px;\n  border-style: solid;\n  border-width: 0px;\n}\n.dt-icon-bg-on.shortcode-single-image-wrap.shortcode-single-image-1a1055c8531ed40ab08fb4861854992e .rollover-icon {\n  background: rgba(255,255,255,0.3);\n  box-shadow: none;\n}\n<\/style><div class=\"shortcode-single-image-wrap shortcode-single-image-1a1055c8531ed40ab08fb4861854992e alignnone  enable-bg-rollover dt-icon-bg-off\" style=\"margin-top:0px; margin-bottom:0px; margin-left:0px; margin-right:0px; width:800px;\"><div class=\"shortcode-single-image\"><div class=\"fancy-media-wrap  layzr-bg\" style=\"\"><img loading=\"lazy\" decoding=\"async\" class=\"preload-me lazy-load\" src=\"data:image\/svg+xml,%3Csvg%20xmlns%3D&#39;http%3A%2F%2Fwww.w3.org%2F2000%2Fsvg&#39;%20viewBox%3D&#39;0%200%20800%20800&#39;%2F%3E\" data-src=\"https:\/\/demo.canhcam.com\/the7-croporate\/wp-content\/uploads\/2018\/07\/s001-800x800.jpg\" data-srcset=\"https:\/\/demo.canhcam.com\/the7-croporate\/wp-content\/uploads\/2018\/07\/s001-800x800.jpg 800w\" width=\"800\" height=\"800\"  data-dt-location=\"https:\/\/demo.canhcam.com\/the7-croporate\/s001\/\" style=\"\" alt=\"\" \/><\/div><\/div><\/div>[\/vc_column][vc_column width=&#8221;2\/3&#8243; css=&#8221;.vc_custom_1498750488327{padding-bottom: 50px !important;}&#8221; offset=&#8221;vc_col-lg-offset-0 vc_col-lg-6 vc_col-md-offset-0 vc_col-md-6 vc_col-sm-offset-2 vc_col-xs-12&#8243;]<div id=\"ultimate-heading-315069e38629496b4\" class=\"uvc-heading ult-adjust-bottom-margin ultimate-heading-315069e38629496b4 uvc-9768 color-title accent-title-color\" data-hspacer=\"no_spacer\"  data-halign=\"left\" style=\"text-align:left\"><div class=\"uvc-heading-spacer no_spacer\" style=\"top\"><\/div><div class=\"uvc-main-heading ult-responsive\"  data-ultimate-target='.uvc-heading.ultimate-heading-315069e38629496b4 h2'  data-responsive-json-new='{\"font-size\":\"desktop:20px;\",\"line-height\":\"desktop:26px;\"}' ><h2 style=\"font-weight:bold;margin-bottom:5px;\">Mang theo b\u1ea1n b\u00e8 \u0111\u0103ng k\u00fd<\/h2><\/div><div class=\"uvc-sub-heading ult-responsive\"  data-ultimate-target='.uvc-heading.ultimate-heading-315069e38629496b4 .uvc-sub-heading '  data-responsive-json-new='{\"font-size\":\"desktop:34px;\",\"line-height\":\"desktop:40px;\"}'  style=\"font-family:&#039;Open Sans Condensed&#039;;font-weight:700;margin-bottom:20px;\">GI\u1ea2M 50% CHO 3 L\u1ea6N T\u01af V\u1ea4N \u0110\u1ea6U TI\u00caN<\/div><\/div>[vc_column_text css=&#8221;.vc_custom_1672045727566{padding-bottom: 25px !important;}&#8221;]Ch\u01b0\u01a1ng tr\u00ecnh kh\u00f4ng gi\u1edbi h\u1ea1n s\u1ed1 l\u01b0\u1ee3t gi\u1edbi thi\u1ec7u. Trong \u0111\u00f3, ng\u01b0\u1eddi \u0111\u01b0\u1ee3c gi\u1edbi thi\u1ec7u ngay t\u1ee9c kh\u1eafc c\u00f3 th\u1ec3 tr\u1edf th\u00e0nh ng\u01b0\u1eddi gi\u1edbi thi\u1ec7u b\u1eb1ng c\u00e1ch chia s\u1ebb s\u1ed1 \u0111i\u1ec7n tho\u1ea1i c\u1ee7a m\u00ecnh cho b\u1ea1n b\u00e8, ng\u01b0\u1eddi th\u00e2n \u0111i\u1ec1n v\u00e0o \u201cTh\u00f4ng tin \u0111\u0103ng k\u00fd\u201d khi c\u00e0i \u0111\u1eb7t \u1ee8ng d\u1ee5ng MoMo.[\/vc_column_text]<style type=\"text\/css\" data-type=\"the7_shortcodes-inline-css\">#default-btn-d6d899154d9ccc8da0382ba88a884e78.ico-right-side > i {\n  margin-right: 0px;\n  margin-left: 8px;\n}\n#default-btn-d6d899154d9ccc8da0382ba88a884e78 > i {\n  margin-right: 8px;\n}\n<\/style><a href=\"\/corporate\/contact\/\" class=\"default-btn-shortcode dt-btn dt-btn-m link-hover-off btn-inline-left \" id=\"default-btn-d6d899154d9ccc8da0382ba88a884e78\"><span>LI\u00caN H\u1ec6<\/span><\/a>[\/vc_column][\/vc_row][vc_row bg_type=&#8221;bg_color&#8221; bg_override=&#8221;ex-full&#8221; type=&#8221;vc_default&#8221; css=&#8221;.vc_custom_1498212491956{padding-top: 60px !important;padding-bottom: 70px !important;}&#8221; bg_color_value=&#8221;#f5f5f5&#8243;][vc_column]<div id=\"ultimate-heading-991669e38629497be\" class=\"uvc-heading ult-adjust-bottom-margin ultimate-heading-991669e38629497be uvc-1798 color-title accent-title-color\" data-hspacer=\"no_spacer\"  data-halign=\"center\" style=\"text-align:center\"><div class=\"uvc-heading-spacer no_spacer\" style=\"top\"><\/div><div class=\"uvc-main-heading ult-responsive\"  data-ultimate-target='.uvc-heading.ultimate-heading-991669e38629497be h2'  data-responsive-json-new='{\"font-size\":\"desktop:40px;tablet_portrait:20px;\",\"line-height\":\"desktop:46px;tablet_portrait:26px;\"}' ><h2 style=\"font-family:&#039;Open Sans Condensed&#039;;font-weight:700;margin-bottom:10px;\">C\u00d2N CH\u1ea6N CH\u1edc G\u00cc! LI\u00caN H\u1ec6 CH\u00daNG T\u00d4I N\u00c0O!<\/h2><\/div><div class=\"uvc-sub-heading ult-responsive\"  data-ultimate-target='.uvc-heading.ultimate-heading-991669e38629497be .uvc-sub-heading '  data-responsive-json-new='{\"font-size\":\"desktop:70px;tablet_portrait:40px;\",\"line-height\":\"desktop:76px;tablet_portrait:46px;\"}'  style=\"font-family:&#039;Open Sans Condensed&#039;;font-weight:700;\">MI\u1ec4N PH\u00cd L\u1ea6N T\u1ef0 V\u1ea4N \u0110\u1ea6U TI\u00caN<\/div><\/div><style type=\"text\/css\" data-type=\"the7_shortcodes-inline-css\">#default-btn-53a73c34fc3bb1a4177613dae3840697.ico-right-side > i {\n  margin-right: 0px;\n  margin-left: 8px;\n}\n#default-btn-53a73c34fc3bb1a4177613dae3840697 > i {\n  margin-right: 8px;\n}\n<\/style><div class=\"btn-align-center\"><a href=\"\/corporate\/contact\" class=\"default-btn-shortcode dt-btn dt-btn-l link-hover-off  vc_custom_1672045984620\" id=\"default-btn-53a73c34fc3bb1a4177613dae3840697\" style=\"width:400px;\"><span>\u0110\u1eb6T L\u1ecaCH T\u01af \u200b\u200bV\u1ea4N<\/span><\/a><\/div>[\/vc_column][\/vc_row]<\/p>\n","protected":false},"excerpt":{"rendered":"<p>[vc_row equal_height=&#8221;yes&#8221; content_placement=&#8221;middle&#8221; type=&#8221;vc_default&#8221; margin_top=&#8221;10&#8243; margin_bottom=&#8221;25&#8243; css=&#8221;.vc_custom_1490526340467{padding-top: 70px !important;padding-bottom: 20px !important;}&#8221;][vc_column width=&#8221;2\/3&#8243; css=&#8221;.vc_custom_1498750429084{padding-bottom: 50px !important;}&#8221; offset=&#8221;vc_col-lg-offset-0 vc_col-lg-6 vc_col-md-offset-0 vc_col-md-6 vc_col-sm-offset-2 vc_col-xs-12&#8243;][\/vc_column][vc_column width=&#8221;2\/3&#8243; css=&#8221;.vc_custom_1498750488327{padding-bottom: 50px !important;}&#8221; offset=&#8221;vc_col-lg-offset-0 vc_col-lg-6 vc_col-md-offset-0 vc_col-md-6 vc_col-sm-offset-2 vc_col-xs-12&#8243;][vc_column_text css=&#8221;.vc_custom_1672045370491{padding-bottom: 20px !important;}&#8221;]Ch\u1ee7 th\u1ec3 th\u1ef1c hi\u1ec7n h\u00e0nh vi khuy\u1ebfn m\u1ea1i ph\u1ea3i l\u00e0 th\u01b0\u01a1ng nh\u00e2n. Th\u01b0\u01a1ng nh\u00e2n \u0111\u01b0\u1ee3c ph\u00e9p t\u1ef1 m\u00ecnh t\u1ed5 ch\u1ee9c th\u1ef1c hi\u1ec7n&hellip;<\/p>\n","protected":false},"author":1,"featured_media":0,"parent":5,"menu_order":500,"comment_status":"closed","ping_status":"closed","template":"","meta":{"footnotes":""},"_links":{"self":[{"href":"https:\/\/demo.canhcam.com\/the7-croporate\/wp-json\/wp\/v2\/pages\/24"}],"collection":[{"href":"https:\/\/demo.canhcam.com\/the7-croporate\/wp-json\/wp\/v2\/pages"}],"about":[{"href":"https:\/\/demo.canhcam.com\/the7-croporate\/wp-json\/wp\/v2\/types\/page"}],"author":[{"embeddable":true,"href":"https:\/\/demo.canhcam.com\/the7-croporate\/wp-json\/wp\/v2\/users\/1"}],"replies":[{"embeddable":true,"href":"https:\/\/demo.canhcam.com\/the7-croporate\/wp-json\/wp\/v2\/comments?post=24"}],"version-history":[{"count":2,"href":"https:\/\/demo.canhcam.com\/the7-croporate\/wp-json\/wp\/v2\/pages\/24\/revisions"}],"predecessor-version":[{"id":1933,"href":"https:\/\/demo.canhcam.com\/the7-croporate\/wp-json\/wp\/v2\/pages\/24\/revisions\/1933"}],"up":[{"embeddable":true,"href":"https:\/\/demo.canhcam.com\/the7-croporate\/wp-json\/wp\/v2\/pages\/5"}],"wp:attachment":[{"href":"https:\/\/demo.canhcam.com\/the7-croporate\/wp-json\/wp\/v2\/media?parent=24"}],"curies":[{"name":"wp","href":"https:\/\/api.w.org\/{rel}","templated":true}]}}