{"id":1594,"date":"2016-01-29T10:13:23","date_gmt":"2016-01-29T10:13:23","guid":{"rendered":"https:\/\/the7.io\/beauty-studio\/?page_id=7"},"modified":"2022-12-28T02:42:50","modified_gmt":"2022-12-28T02:42:50","slug":"services","status":"publish","type":"page","link":"https:\/\/demo.canhcam.com\/the7-croporate\/services\/","title":{"rendered":"D\u1ecbch v\u1ee5"},"content":{"rendered":"<p>[vc_row type=&#8221;vc_default&#8221;][vc_column width=&#8221;1\/3&#8243; css=&#8221;.vc_custom_1498211177630{padding-bottom: 50px !important;}&#8221;]<style type=\"text\/css\" data-type=\"the7_shortcodes-inline-css\">.shortcode-single-image-wrap.shortcode-single-image-6049e24cbfd45f72cf7a3dbe2964867f.enable-bg-rollover .rollover i,\n.shortcode-single-image-wrap.shortcode-single-image-6049e24cbfd45f72cf7a3dbe2964867f.enable-bg-rollover .rollover-video i {\n  background: -webkit-linear-gradient();\n  background: linear-gradient();\n}\n.shortcode-single-image-wrap.shortcode-single-image-6049e24cbfd45f72cf7a3dbe2964867f .rollover-icon {\n  font-size: 32px;\n  color: #ffffff;\n  min-width: 44px;\n  min-height: 44px;\n  line-height: 44px;\n  border-radius: 100px;\n  border-style: solid;\n  border-width: 0px;\n}\n.dt-icon-bg-on.shortcode-single-image-wrap.shortcode-single-image-6049e24cbfd45f72cf7a3dbe2964867f .rollover-icon {\n  background: rgba(255,255,255,0.3);\n  box-shadow: none;\n}\n<\/style><div class=\"shortcode-single-image-wrap shortcode-single-image-6049e24cbfd45f72cf7a3dbe2964867f alignnone  vc_custom_1530537163215 enable-bg-rollover dt-icon-bg-off\" ><div class=\"shortcode-single-image\"><div class=\"fancy-media-wrap\" style=\"border-radius:500px;\"><a href=\"\/corporate\/services\/service-inner\/\" class=\" layzr-bg rollover\" style=\"border-radius:500px;\" aria-label=\"Image\"><img loading=\"lazy\" decoding=\"async\" class=\"preload-me lazy-load\" src=\"data:image\/svg+xml,%3Csvg%20xmlns%3D&#39;http%3A%2F%2Fwww.w3.org%2F2000%2Fsvg&#39;%20viewBox%3D&#39;0%200%20220%20220&#39;%2F%3E\" data-src=\"https:\/\/demo.canhcam.com\/the7-croporate\/wp-content\/uploads\/2018\/07\/s005-220x220.jpg\" data-srcset=\"https:\/\/demo.canhcam.com\/the7-croporate\/wp-content\/uploads\/2018\/07\/s005-220x220.jpg 220w, https:\/\/demo.canhcam.com\/the7-croporate\/wp-content\/uploads\/2018\/07\/s005-440x440.jpg 440w\" width=\"220\" height=\"220\"  data-dt-location=\"https:\/\/demo.canhcam.com\/the7-croporate\/s005\/\" alt=\"\" \/><\/a><\/div><\/div><\/div><span id=\"creative-link-wrap-6371\" class=\"ult_main_cl ult-adjust-bottom-margin  \" >\n\t \t\t\t<span class=\"  ult_crlink\" >\n\t\t\t\t\t<a  data-ultimate-target='#creative-link-wrap-6371 .ult_colorlink'  data-responsive-json-new='{\"font-size\":\"desktop:26px;\",\"line-height\":\"desktop:32px;\"}'  href=\"\/corporate\/services\/service-inner\/\"  class=\"ult_colorlink ult-responsive  vc_custom_1672043612973\" style=\"font-family:Open Sans Condensed;font-weight:700; \"  data-textcolor=\"#1f365c\" data-texthover=\"#ffb536\"data-style=\"\">\n\t\t\t\t\t\t\n\t\t\t\t\t\t<span data-hover=\"T\u01b0 v\u1ea5n kinh doanh\" style=\"color:#1f365c;;;\" class=\"ult_btn10_span   \">T\u01b0 v\u1ea5n kinh doanh<\/span>\n\t\t\t\t\t\t\n\t\t\t\t\t<\/a>\n\t\t\t\t<\/span>\n\t\t\t<\/span>[vc_column_text css=&#8221;.vc_custom_1672043641692{margin-top: -40px !important;}&#8221;]<\/p>\n<p style=\"text-align: center;\">Nh\u00e2n vi\u00ean t\u01b0 v\u1ea5n kinh doanh l\u00e0 ng\u01b0\u1eddi \u0111\u01b0a ra c\u00e1c l\u1eddi khuy\u00ean theo l\u0129nh v\u1ef1c chuy\u00ean m\u00f4n c\u1ee7a h\u1ecd \u0111\u1ec3 gi\u00fap nh\u1eadn \u0111\u1ecbnh v\u1ea5n \u0111\u1ec1 theo g\u00f3c \u0111\u1ed9 ch\u00ednh x\u00e1c h\u01a1n, kh\u00e1ch quan h\u01a1n.<\/p>\n<p>[\/vc_column_text][\/vc_column][vc_column width=&#8221;1\/3&#8243; css=&#8221;.vc_custom_1498211173058{padding-bottom: 50px !important;}&#8221;]<style type=\"text\/css\" data-type=\"the7_shortcodes-inline-css\">.shortcode-single-image-wrap.shortcode-single-image-0915018ddde23b90e95c3c523e87311d.enable-bg-rollover .rollover i,\n.shortcode-single-image-wrap.shortcode-single-image-0915018ddde23b90e95c3c523e87311d.enable-bg-rollover .rollover-video i {\n  background: -webkit-linear-gradient();\n  background: linear-gradient();\n}\n.shortcode-single-image-wrap.shortcode-single-image-0915018ddde23b90e95c3c523e87311d .rollover-icon {\n  font-size: 32px;\n  color: #ffffff;\n  min-width: 44px;\n  min-height: 44px;\n  line-height: 44px;\n  border-radius: 100px;\n  border-style: solid;\n  border-width: 0px;\n}\n.dt-icon-bg-on.shortcode-single-image-wrap.shortcode-single-image-0915018ddde23b90e95c3c523e87311d .rollover-icon {\n  background: rgba(255,255,255,0.3);\n  box-shadow: none;\n}\n<\/style><div class=\"shortcode-single-image-wrap shortcode-single-image-0915018ddde23b90e95c3c523e87311d alignnone  vc_custom_1530537170244 enable-bg-rollover dt-icon-bg-off\" ><div class=\"shortcode-single-image\"><div class=\"fancy-media-wrap\" style=\"border-radius:500px;\"><a href=\"\/corporate\/services\/service-inner\/\" class=\" layzr-bg rollover\" style=\"border-radius:500px;\" aria-label=\"Image\"><img loading=\"lazy\" decoding=\"async\" class=\"preload-me lazy-load\" src=\"data:image\/svg+xml,%3Csvg%20xmlns%3D&#39;http%3A%2F%2Fwww.w3.org%2F2000%2Fsvg&#39;%20viewBox%3D&#39;0%200%20220%20220&#39;%2F%3E\" data-src=\"https:\/\/demo.canhcam.com\/the7-croporate\/wp-content\/uploads\/2017\/05\/s024-220x220.jpg\" data-srcset=\"https:\/\/demo.canhcam.com\/the7-croporate\/wp-content\/uploads\/2017\/05\/s024-220x220.jpg 220w, https:\/\/demo.canhcam.com\/the7-croporate\/wp-content\/uploads\/2017\/05\/s024-440x440.jpg 440w\" width=\"220\" height=\"220\"  data-dt-location=\"https:\/\/demo.canhcam.com\/the7-croporate\/quisque-at-nibh-ac-purus-aliquet-accumsan\/s024\/\" alt=\"\" \/><\/a><\/div><\/div><\/div><span id=\"creative-link-wrap-7979\" class=\"ult_main_cl ult-adjust-bottom-margin  \" >\n\t \t\t\t<span class=\"  ult_crlink\" >\n\t\t\t\t\t<a  data-ultimate-target='#creative-link-wrap-7979 .ult_colorlink'  data-responsive-json-new='{\"font-size\":\"desktop:26px;\",\"line-height\":\"desktop:32px;\"}'  href=\"\/corporate\/services\/service-inner\/\"  class=\"ult_colorlink ult-responsive  vc_custom_1672110933450\" style=\"font-family:Open Sans Condensed;font-weight:700; \"  data-textcolor=\"#1f365c\" data-texthover=\"#ffb536\"data-style=\"\">\n\t\t\t\t\t\t\n\t\t\t\t\t\t<span data-hover=\"Ng\u00e2n h\u00e0ng qu\u1ed1c t\u1ebf\" style=\"color:#1f365c;;;\" class=\"ult_btn10_span   \">Ng\u00e2n h\u00e0ng qu\u1ed1c t\u1ebf<\/span>\n\t\t\t\t\t\t\n\t\t\t\t\t<\/a>\n\t\t\t\t<\/span>\n\t\t\t<\/span>[vc_column_text css=&#8221;.vc_custom_1672110988496{margin-top: -40px !important;}&#8221;]<\/p>\n<p style=\"text-align: center;\">H\u1ec7 th\u1ed1ng ng\u00e2n h\u00e0ng th\u01b0\u01a1ng m\u1ea1i Vi\u1ec7t Nam \u0111\u1ed1i m\u1eb7t v\u1edbi nhi\u1ec1u c\u01a1 h\u1ed9i v\u00e0 th\u00e1ch th\u1ee9c khi gia nh\u1eadp C\u1ed9ng \u0111\u1ed3ng kinh t\u1ebf ASEAN (AEC). M\u1ed9t trong nh\u1eefng h\u01b0\u1edbng \u0111i cho c\u00e1c ng\u00e2n h\u00e0ng th\u01b0\u01a1ng m\u1ea1i Vi\u1ec7t Nam \u0111\u1ec3 c\u00f3 th\u1ec3 nhanh ch\u00f3ng \u0111\u1ee9ng v\u1eefng trong h\u1ec7 th\u1ed1ng ng\u00e2n h\u00e0ng khu v\u1ef1c \u0111\u00f3 l\u00e0 ph\u00e1t tri\u1ec3n ho\u1ea1t \u0111\u1ed9ng ng\u00e2n h\u00e0ng qu\u1ed1c t\u1ebf.<\/p>\n<p>[\/vc_column_text][\/vc_column][vc_column width=&#8221;1\/3&#8243; css=&#8221;.vc_custom_1498211168626{padding-bottom: 50px !important;}&#8221;]<style type=\"text\/css\" data-type=\"the7_shortcodes-inline-css\">.shortcode-single-image-wrap.shortcode-single-image-77c82ef1533b681933a6d82ec17ee4b0.enable-bg-rollover .rollover i,\n.shortcode-single-image-wrap.shortcode-single-image-77c82ef1533b681933a6d82ec17ee4b0.enable-bg-rollover .rollover-video i {\n  background: -webkit-linear-gradient();\n  background: linear-gradient();\n}\n.shortcode-single-image-wrap.shortcode-single-image-77c82ef1533b681933a6d82ec17ee4b0 .rollover-icon {\n  font-size: 32px;\n  color: #ffffff;\n  min-width: 44px;\n  min-height: 44px;\n  line-height: 44px;\n  border-radius: 100px;\n  border-style: solid;\n  border-width: 0px;\n}\n.dt-icon-bg-on.shortcode-single-image-wrap.shortcode-single-image-77c82ef1533b681933a6d82ec17ee4b0 .rollover-icon {\n  background: rgba(255,255,255,0.3);\n  box-shadow: none;\n}\n<\/style><div class=\"shortcode-single-image-wrap shortcode-single-image-77c82ef1533b681933a6d82ec17ee4b0 alignnone  vc_custom_1530537178691 enable-bg-rollover dt-icon-bg-off\" ><div class=\"shortcode-single-image\"><div class=\"fancy-media-wrap\" style=\"border-radius:500px;\"><a href=\"\/corporate\/services\/service-inner\/\" class=\" layzr-bg rollover\" style=\"border-radius:500px;\" aria-label=\"Image\"><img loading=\"lazy\" decoding=\"async\" class=\"preload-me lazy-load\" src=\"data:image\/svg+xml,%3Csvg%20xmlns%3D&#39;http%3A%2F%2Fwww.w3.org%2F2000%2Fsvg&#39;%20viewBox%3D&#39;0%200%20220%20220&#39;%2F%3E\" data-src=\"https:\/\/demo.canhcam.com\/the7-croporate\/wp-content\/uploads\/2018\/07\/s006-220x220.jpg\" data-srcset=\"https:\/\/demo.canhcam.com\/the7-croporate\/wp-content\/uploads\/2018\/07\/s006-220x220.jpg 220w, https:\/\/demo.canhcam.com\/the7-croporate\/wp-content\/uploads\/2018\/07\/s006-440x440.jpg 440w\" width=\"220\" height=\"220\"  data-dt-location=\"https:\/\/demo.canhcam.com\/the7-croporate\/s006\/\" alt=\"\" \/><\/a><\/div><\/div><\/div><span id=\"creative-link-wrap-2631\" class=\"ult_main_cl ult-adjust-bottom-margin  \" >\n\t \t\t\t<span class=\"  ult_crlink\" >\n\t\t\t\t\t<a  data-ultimate-target='#creative-link-wrap-2631 .ult_colorlink'  data-responsive-json-new='{\"font-size\":\"desktop:26px;\",\"line-height\":\"desktop:32px;\"}'  href=\"\/corporate\/services\/service-inner\/\"  class=\"ult_colorlink ult-responsive  vc_custom_1672111153874\" style=\"font-family:Open Sans Condensed;font-weight:700; \"  data-textcolor=\"#1f365c\" data-texthover=\"#ffb536\"data-style=\"\">\n\t\t\t\t\t\t\n\t\t\t\t\t\t<span data-hover=\"T\u00e0i ch\u00ednh v\u00e0 ng\u00e2n h\u00e0ng\" style=\"color:#1f365c;;;\" class=\"ult_btn10_span   \">T\u00e0i ch\u00ednh v\u00e0 ng\u00e2n h\u00e0ng<\/span>\n\t\t\t\t\t\t\n\t\t\t\t\t<\/a>\n\t\t\t\t<\/span>\n\t\t\t<\/span>[vc_column_text css=&#8221;.vc_custom_1672111238167{margin-top: -40px !important;}&#8221;]<\/p>\n<p style=\"text-align: center;\">T\u00e0i ch\u00ednh ng\u00e2n h\u00e0ng l\u00e0 m\u1ed9t ph\u1ea1m tr\u00f9 r\u1ea5t r\u1ed9ng, bao g\u1ed3m c\u00e1c l\u0129nh v\u1ef1c nh\u1ecf v\u00e0 chuy\u00ean bi\u1ec7t h\u01a1n nh\u01b0 ng\u00e2n h\u00e0ng, t\u00e0i ch\u00ednh doanh nghi\u1ec7p, t\u00e0i ch\u00ednh thu\u1ebf, t\u00e0i ch\u00ednh b\u1ea3o hi\u1ec3m, ph\u00e2n t\u00edch t\u00e0i ch\u00ednh, kinh t\u1ebf h\u1ecdc t\u00e0i ch\u00ednh,&#8230;<\/p>\n<p>[\/vc_column_text][\/vc_column][\/vc_row][vc_row type=&#8221;vc_default&#8221; css=&#8221;.vc_custom_1498212582492{padding-bottom: 20px !important;}&#8221;][vc_column width=&#8221;1\/3&#8243; css=&#8221;.vc_custom_1498211177630{padding-bottom: 50px !important;}&#8221;]<style type=\"text\/css\" data-type=\"the7_shortcodes-inline-css\">.shortcode-single-image-wrap.shortcode-single-image-1c56ce8bc140894dc2d174c194a8063c.enable-bg-rollover .rollover i,\n.shortcode-single-image-wrap.shortcode-single-image-1c56ce8bc140894dc2d174c194a8063c.enable-bg-rollover .rollover-video i {\n  background: -webkit-linear-gradient();\n  background: linear-gradient();\n}\n.shortcode-single-image-wrap.shortcode-single-image-1c56ce8bc140894dc2d174c194a8063c .rollover-icon {\n  font-size: 32px;\n  color: #ffffff;\n  min-width: 44px;\n  min-height: 44px;\n  line-height: 44px;\n  border-radius: 100px;\n  border-style: solid;\n  border-width: 0px;\n}\n.dt-icon-bg-on.shortcode-single-image-wrap.shortcode-single-image-1c56ce8bc140894dc2d174c194a8063c .rollover-icon {\n  background: rgba(255,255,255,0.3);\n  box-shadow: none;\n}\n<\/style><div class=\"shortcode-single-image-wrap shortcode-single-image-1c56ce8bc140894dc2d174c194a8063c alignnone  vc_custom_1530537187033 enable-bg-rollover dt-icon-bg-off\" ><div class=\"shortcode-single-image\"><div class=\"fancy-media-wrap\" style=\"border-radius:500px;\"><a href=\"\/corporate\/services\/service-inner\/\" class=\" layzr-bg rollover\" style=\"border-radius:500px;\" aria-label=\"Image\"><img loading=\"lazy\" decoding=\"async\" class=\"preload-me lazy-load\" src=\"data:image\/svg+xml,%3Csvg%20xmlns%3D&#39;http%3A%2F%2Fwww.w3.org%2F2000%2Fsvg&#39;%20viewBox%3D&#39;0%200%20220%20220&#39;%2F%3E\" data-src=\"https:\/\/demo.canhcam.com\/the7-croporate\/wp-content\/uploads\/2018\/07\/s001-220x220.jpg\" data-srcset=\"https:\/\/demo.canhcam.com\/the7-croporate\/wp-content\/uploads\/2018\/07\/s001-220x220.jpg 220w, https:\/\/demo.canhcam.com\/the7-croporate\/wp-content\/uploads\/2018\/07\/s001-440x440.jpg 440w\" width=\"220\" height=\"220\"  data-dt-location=\"https:\/\/demo.canhcam.com\/the7-croporate\/s001\/\" alt=\"\" \/><\/a><\/div><\/div><\/div><span id=\"creative-link-wrap-5716\" class=\"ult_main_cl ult-adjust-bottom-margin  \" >\n\t \t\t\t<span class=\"  ult_crlink\" >\n\t\t\t\t\t<a  data-ultimate-target='#creative-link-wrap-5716 .ult_colorlink'  data-responsive-json-new='{\"font-size\":\"desktop:26px;\",\"line-height\":\"desktop:32px;\"}'  href=\"\/corporate\/services\/service-inner\/\"  class=\"ult_colorlink ult-responsive  vc_custom_1672111409320\" style=\"font-family:Open Sans Condensed;font-weight:700; \"  data-textcolor=\"#213962\" data-texthover=\"#ffb536\"data-style=\"\">\n\t\t\t\t\t\t\n\t\t\t\t\t\t<span data-hover=\"\u0110\u1ea7u t\u01b0 v\u00e0 giao d\u1ecbch ch\u1ee9ng kho\u00e1n\" style=\"color:#213962;;;\" class=\"ult_btn10_span   \">\u0110\u1ea7u t\u01b0 v\u00e0 giao d\u1ecbch ch\u1ee9ng kho\u00e1n<\/span>\n\t\t\t\t\t\t\n\t\t\t\t\t<\/a>\n\t\t\t\t<\/span>\n\t\t\t<\/span>[vc_column_text css=&#8221;.vc_custom_1672111448151{margin-top: -40px !important;}&#8221;]<\/p>\n<p style=\"text-align: center;\">C\u1ed5 phi\u1ebfu l\u00e0 lo\u1ea1i ch\u1ee9ng kho\u00e1n, \u0111\u01b0\u1ee3c ph\u00e1t h\u00e0nh d\u01b0\u1edbi d\u1ea1ng ch\u1ee9ng ch\u1ec9, ho\u1eb7c b\u00fat to\u00e1n ghi s\u1ed5, x\u00e1c nh\u1eadn quy\u1ec1n v\u00e0 l\u1ee3i \u00edch h\u1ee3p ph\u00e1p c\u1ee7a nh\u00e0 \u0111\u1ea7u t\u01b0, khi tham gia v\u00e0o ho\u1ea1t \u0111\u1ed9ng kinh doanh c\u1ee7a doanh nghi\u1ec7p.<\/p>\n<p>[\/vc_column_text][\/vc_column][vc_column width=&#8221;1\/3&#8243; css=&#8221;.vc_custom_1498211173058{padding-bottom: 50px !important;}&#8221;]<style type=\"text\/css\" data-type=\"the7_shortcodes-inline-css\">.shortcode-single-image-wrap.shortcode-single-image-8cb5f9911b9d30fcd9a24d59539f4257.enable-bg-rollover .rollover i,\n.shortcode-single-image-wrap.shortcode-single-image-8cb5f9911b9d30fcd9a24d59539f4257.enable-bg-rollover .rollover-video i {\n  background: -webkit-linear-gradient();\n  background: linear-gradient();\n}\n.shortcode-single-image-wrap.shortcode-single-image-8cb5f9911b9d30fcd9a24d59539f4257 .rollover-icon {\n  font-size: 32px;\n  color: #ffffff;\n  min-width: 44px;\n  min-height: 44px;\n  line-height: 44px;\n  border-radius: 100px;\n  border-style: solid;\n  border-width: 0px;\n}\n.dt-icon-bg-on.shortcode-single-image-wrap.shortcode-single-image-8cb5f9911b9d30fcd9a24d59539f4257 .rollover-icon {\n  background: rgba(255,255,255,0.3);\n  box-shadow: none;\n}\n<\/style><div class=\"shortcode-single-image-wrap shortcode-single-image-8cb5f9911b9d30fcd9a24d59539f4257 alignnone  vc_custom_1530537194788 enable-bg-rollover dt-icon-bg-off\" ><div class=\"shortcode-single-image\"><div class=\"fancy-media-wrap\" style=\"border-radius:500px;\"><a href=\"\/corporate\/services\/service-inner\/\" class=\" layzr-bg rollover\" style=\"border-radius:500px;\" aria-label=\"Image\"><img loading=\"lazy\" decoding=\"async\" class=\"preload-me lazy-load\" src=\"data:image\/svg+xml,%3Csvg%20xmlns%3D&#39;http%3A%2F%2Fwww.w3.org%2F2000%2Fsvg&#39;%20viewBox%3D&#39;0%200%20220%20220&#39;%2F%3E\" data-src=\"https:\/\/demo.canhcam.com\/the7-croporate\/wp-content\/uploads\/2018\/07\/s003-220x220.jpg\" data-srcset=\"https:\/\/demo.canhcam.com\/the7-croporate\/wp-content\/uploads\/2018\/07\/s003-220x220.jpg 220w, https:\/\/demo.canhcam.com\/the7-croporate\/wp-content\/uploads\/2018\/07\/s003-440x440.jpg 440w\" width=\"220\" height=\"220\"  data-dt-location=\"https:\/\/demo.canhcam.com\/the7-croporate\/s003\/\" alt=\"\" \/><\/a><\/div><\/div><\/div><span id=\"creative-link-wrap-6561\" class=\"ult_main_cl ult-adjust-bottom-margin  \" >\n\t \t\t\t<span class=\"  ult_crlink\" >\n\t\t\t\t\t<a  data-ultimate-target='#creative-link-wrap-6561 .ult_colorlink'  data-responsive-json-new='{\"font-size\":\"desktop:26px;\",\"line-height\":\"desktop:32px;\"}'  href=\"\/corporate\/services\/service-inner\/\"  class=\"ult_colorlink ult-responsive  vc_custom_1672111472229\" style=\"font-family:Open Sans Condensed;font-weight:700; \"  data-textcolor=\"#1f365c\" data-texthover=\"#ff9f1a\"data-style=\"\">\n\t\t\t\t\t\t\n\t\t\t\t\t\t<span data-hover=\"T\u01b0 v\u1ea5n kinh doanh\" style=\"color:#1f365c;;;\" class=\"ult_btn10_span   \">T\u01b0 v\u1ea5n kinh doanh<\/span>\n\t\t\t\t\t\t\n\t\t\t\t\t<\/a>\n\t\t\t\t<\/span>\n\t\t\t<\/span>[vc_column_text css=&#8221;.vc_custom_1672111556507{margin-top: -40px !important;}&#8221;]<\/p>\n<p style=\"text-align: center;\">C\u00e1c nh\u00e0 t\u01b0 v\u1ea5n kinh doanh kh\u00e1c nhau t\u01b0 v\u1ea5n kh\u00e1c nhau. M\u1ed9t s\u1ed1 nh\u00e0 t\u01b0 v\u1ea5n kinh doanh \u0111\u00f3ng vai tr\u00f2 l\u00e0 c\u1ed1 v\u1ea5n, \u0111\u01b0a ra c\u00e1c k\u1ebf ho\u1ea1ch c\u00f3 th\u1ec3 h\u00e0nh \u0111\u1ed9ng \u0111\u01b0\u1ee3c cho kh\u00e1ch h\u00e0ng m\u00e0 sau n\u00e0y nh\u00e2n vi\u00ean c\u1ee7a kh\u00e1ch h\u00e0ng tr\u1ef1c ti\u1ebfp th\u1ef1c hi\u1ec7n.<\/p>\n<p>[\/vc_column_text][\/vc_column][vc_column width=&#8221;1\/3&#8243; css=&#8221;.vc_custom_1498211168626{padding-bottom: 50px !important;}&#8221;]<style type=\"text\/css\" data-type=\"the7_shortcodes-inline-css\">.shortcode-single-image-wrap.shortcode-single-image-504f8272605b9fcfc6a45389fbd24992.enable-bg-rollover .rollover i,\n.shortcode-single-image-wrap.shortcode-single-image-504f8272605b9fcfc6a45389fbd24992.enable-bg-rollover .rollover-video i {\n  background: -webkit-linear-gradient();\n  background: linear-gradient();\n}\n.shortcode-single-image-wrap.shortcode-single-image-504f8272605b9fcfc6a45389fbd24992 .rollover-icon {\n  font-size: 32px;\n  color: #ffffff;\n  min-width: 44px;\n  min-height: 44px;\n  line-height: 44px;\n  border-radius: 100px;\n  border-style: solid;\n  border-width: 0px;\n}\n.dt-icon-bg-on.shortcode-single-image-wrap.shortcode-single-image-504f8272605b9fcfc6a45389fbd24992 .rollover-icon {\n  background: rgba(255,255,255,0.3);\n  box-shadow: none;\n}\n<\/style><div class=\"shortcode-single-image-wrap shortcode-single-image-504f8272605b9fcfc6a45389fbd24992 alignnone  vc_custom_1530537220005 enable-bg-rollover dt-icon-bg-off\" ><div class=\"shortcode-single-image\"><div class=\"fancy-media-wrap\" style=\"border-radius:500px;\"><a href=\"\/corporate\/services\/service-inner\/\" class=\" layzr-bg rollover\" style=\"border-radius:500px;\" aria-label=\"Image\"><img loading=\"lazy\" decoding=\"async\" class=\"preload-me lazy-load\" src=\"data:image\/svg+xml,%3Csvg%20xmlns%3D&#39;http%3A%2F%2Fwww.w3.org%2F2000%2Fsvg&#39;%20viewBox%3D&#39;0%200%20220%20220&#39;%2F%3E\" data-src=\"https:\/\/demo.canhcam.com\/the7-croporate\/wp-content\/uploads\/2018\/07\/s000-220x220.jpg\" data-srcset=\"https:\/\/demo.canhcam.com\/the7-croporate\/wp-content\/uploads\/2018\/07\/s000-220x220.jpg 220w, https:\/\/demo.canhcam.com\/the7-croporate\/wp-content\/uploads\/2018\/07\/s000-440x440.jpg 440w\" width=\"220\" height=\"220\"  data-dt-location=\"https:\/\/demo.canhcam.com\/the7-croporate\/home\/s000\/\" alt=\"\" \/><\/a><\/div><\/div><\/div><span id=\"creative-link-wrap-4270\" class=\"ult_main_cl ult-adjust-bottom-margin  \" >\n\t \t\t\t<span class=\"  ult_crlink\" >\n\t\t\t\t\t<a  data-ultimate-target='#creative-link-wrap-4270 .ult_colorlink'  data-responsive-json-new='{\"font-size\":\"desktop:26px;\",\"line-height\":\"desktop:32px;\"}'  href=\"\/corporate\/services\/service-inner\/\"  class=\"ult_colorlink ult-responsive  vc_custom_1672111622480\" style=\"font-family:Open Sans Condensed;font-weight:700; \"  data-textcolor=\"#1f365c\" data-texthover=\"#ffb536\"data-style=\"\">\n\t\t\t\t\t\t\n\t\t\t\t\t\t<span data-hover=\"D\u1ecbch v\u1ee5 k\u1ebf to\u00e1n v\u00e0 thu\u1ebf\" style=\"color:#1f365c;;;\" class=\"ult_btn10_span   \">D\u1ecbch v\u1ee5 k\u1ebf to\u00e1n v\u00e0 thu\u1ebf<\/span>\n\t\t\t\t\t\t\n\t\t\t\t\t<\/a>\n\t\t\t\t<\/span>\n\t\t\t<\/span>[vc_column_text css=&#8221;.vc_custom_1672111656383{margin-top: -40px !important;}&#8221;]<\/p>\n<p style=\"text-align: center;\">D\u1ecbch v\u1ee5 k\u1ebf to\u00e1n \u0111\u01b0\u1ee3c hi\u1ec3u l\u00e0\u00a0ho\u1ea1t \u0111\u1ed9ng th\u1ef1c hi\u1ec7n nghi\u1ec7p v\u1ee5 k\u1ebf to\u00e1n d\u00e0nh cho t\u1ed5 ch\u1ee9c, doanh nghi\u1ec7p. D\u1ecbch v\u1ee5 k\u1ebf to\u00e1n s\u1ebd gi\u1ea3i quy\u1ebft h\u1ebft nh\u1eefng c\u00f4ng vi\u1ec7c li\u00ean quan \u0111\u1ebfn quy\u1ebft to\u00e1n, in v\u00e0 b\u00e0n giao s\u1ed5, b\u00e1o c\u00e1o t\u00e0i ch\u00ednh, l\u1eadp s\u1ed5 s\u00e1ch, b\u00e1o c\u00e1o thu\u1ebf&#8230; m\u1ed9t c\u00e1ch ch\u00ednh x\u00e1c v\u00e0 \u0111\u00fang lu\u1eadt.<\/p>\n<p>[\/vc_column_text][\/vc_column][\/vc_row][vc_row bg_type=&#8221;bg_color&#8221; bg_override=&#8221;ex-full&#8221; type=&#8221;vc_default&#8221; css=&#8221;.vc_custom_1498212491956{padding-top: 60px !important;padding-bottom: 70px !important;}&#8221; bg_color_value=&#8221;#f5f5f5&#8243;][vc_column]<div id=\"ultimate-heading-92469e38640e3031\" class=\"uvc-heading ult-adjust-bottom-margin ultimate-heading-92469e38640e3031 uvc-4723 color-title accent-title-color\" data-hspacer=\"no_spacer\"  data-halign=\"center\" style=\"text-align:center\"><div class=\"uvc-heading-spacer no_spacer\" style=\"top\"><\/div><div class=\"uvc-main-heading ult-responsive\"  data-ultimate-target='.uvc-heading.ultimate-heading-92469e38640e3031 h2'  data-responsive-json-new='{\"font-size\":\"desktop:40px;tablet_portrait:20px;\",\"line-height\":\"desktop:46px;tablet_portrait:26px;\"}' ><h2 style=\"font-family:&#039;Open Sans Condensed&#039;;font-weight:700;margin-bottom:10px;\">C\u00d2N CH\u1ea6N CH\u1edc G\u00cc! LI\u00caN H\u1ec6 CH\u00daNG T\u00d4I N\u00c0O!<\/h2><\/div><div class=\"uvc-sub-heading ult-responsive\"  data-ultimate-target='.uvc-heading.ultimate-heading-92469e38640e3031 .uvc-sub-heading '  data-responsive-json-new='{\"font-size\":\"desktop:70px;tablet_portrait:40px;\",\"line-height\":\"desktop:76px;tablet_portrait:46px;\"}'  style=\"font-family:&#039;Open Sans Condensed&#039;;font-weight:700;\">MI\u1ec4N PH\u00cd T\u01af V\u1ea4N \u0110\u1ea6U TI\u00caN<\/div><\/div><style type=\"text\/css\" data-type=\"the7_shortcodes-inline-css\">#default-btn-4f4bbd87169f332feb1c31518010966a.ico-right-side > i {\n  margin-right: 0px;\n  margin-left: 8px;\n}\n#default-btn-4f4bbd87169f332feb1c31518010966a > i {\n  margin-right: 8px;\n}\n<\/style><div class=\"btn-align-center\"><a href=\"\/corporate\/contact\" class=\"default-btn-shortcode dt-btn dt-btn-l link-hover-off  vc_custom_1672111833961\" id=\"default-btn-4f4bbd87169f332feb1c31518010966a\" style=\"width:400px;\"><span>\u0110\u1eb6T L\u1ecaCH \u0110\u1ec2 \u0110\u01af\u1ee2C T\u01af V\u1ea4N<\/span><\/a><\/div>[\/vc_column][\/vc_row]<\/p>\n","protected":false},"excerpt":{"rendered":"<p>[vc_row type=&#8221;vc_default&#8221;][vc_column width=&#8221;1\/3&#8243; css=&#8221;.vc_custom_1498211177630{padding-bottom: 50px !important;}&#8221;][vc_column_text css=&#8221;.vc_custom_1672043641692{margin-top: -40px !important;}&#8221;] Nh\u00e2n vi\u00ean t\u01b0 v\u1ea5n kinh doanh l\u00e0 ng\u01b0\u1eddi \u0111\u01b0a ra c\u00e1c l\u1eddi khuy\u00ean theo l\u0129nh v\u1ef1c chuy\u00ean m\u00f4n c\u1ee7a h\u1ecd \u0111\u1ec3 gi\u00fap nh\u1eadn \u0111\u1ecbnh v\u1ea5n \u0111\u1ec1 theo g\u00f3c \u0111\u1ed9 ch\u00ednh x\u00e1c h\u01a1n, kh\u00e1ch quan h\u01a1n. [\/vc_column_text][\/vc_column][vc_column width=&#8221;1\/3&#8243; css=&#8221;.vc_custom_1498211173058{padding-bottom: 50px !important;}&#8221;][vc_column_text css=&#8221;.vc_custom_1672110988496{margin-top: -40px !important;}&#8221;] H\u1ec7 th\u1ed1ng ng\u00e2n&hellip;<\/p>\n","protected":false},"author":1,"featured_media":0,"parent":0,"menu_order":300,"comment_status":"closed","ping_status":"closed","template":"","meta":{"footnotes":""},"_links":{"self":[{"href":"https:\/\/demo.canhcam.com\/the7-croporate\/wp-json\/wp\/v2\/pages\/1594"}],"collection":[{"href":"https:\/\/demo.canhcam.com\/the7-croporate\/wp-json\/wp\/v2\/pages"}],"about":[{"href":"https:\/\/demo.canhcam.com\/the7-croporate\/wp-json\/wp\/v2\/types\/page"}],"author":[{"embeddable":true,"href":"https:\/\/demo.canhcam.com\/the7-croporate\/wp-json\/wp\/v2\/users\/1"}],"replies":[{"embeddable":true,"href":"https:\/\/demo.canhcam.com\/the7-croporate\/wp-json\/wp\/v2\/comments?post=1594"}],"version-history":[{"count":4,"href":"https:\/\/demo.canhcam.com\/the7-croporate\/wp-json\/wp\/v2\/pages\/1594\/revisions"}],"predecessor-version":[{"id":1932,"href":"https:\/\/demo.canhcam.com\/the7-croporate\/wp-json\/wp\/v2\/pages\/1594\/revisions\/1932"}],"wp:attachment":[{"href":"https:\/\/demo.canhcam.com\/the7-croporate\/wp-json\/wp\/v2\/media?parent=1594"}],"curies":[{"name":"wp","href":"https:\/\/api.w.org\/{rel}","templated":true}]}}