{"id":171,"date":"2019-06-01T08:00:40","date_gmt":"2019-06-01T12:00:40","guid":{"rendered":"https:\/\/the7.io\/church\/?page_id=171"},"modified":"2022-12-30T09:07:24","modified_gmt":"2022-12-30T09:07:24","slug":"giving","status":"publish","type":"page","link":"https:\/\/demo.canhcam.com\/the7-church\/giving\/","title":{"rendered":"Quy\u00ean g\u00f3p"},"content":{"rendered":"<p>[vc_row bg_type=&#8221;image&#8221; parallax_style=&#8221;vcpb-default&#8221; bg_image_new=&#8221;id^174|url^https:\/\/demo.canhcam.com\/the7-church\/wp-content\/uploads\/2019\/06\/lina-trochez-377674-unsplash-e1563358159320.jpg|caption^null|alt^null|title^lina-trochez-377674-unsplash|description^null&#8221; bg_image_repeat=&#8221;no-repeat&#8221; bg_override=&#8221;full&#8221; enable_overlay=&#8221;enable_overlay_value&#8221; overlay_color=&#8221;rgba(0,0,0,0.4)&#8221; overlay_pattern=&#8221;01.png&#8221; overlay_pattern_opacity=&#8221;10&#8243; css=&#8221;.vc_custom_1562070640191{padding-top: 150px !important;padding-bottom: 150px !important;}&#8221;][vc_column css=&#8221;.vc_custom_1559469828133{padding-top: 0px !important;}&#8221;]<div id=\"ultimate-heading-700969e38b3550c80\" class=\"uvc-heading ult-adjust-bottom-margin ultimate-heading-700969e38b3550c80 uvc-1304 \" data-hspacer=\"no_spacer\"  data-halign=\"center\" style=\"text-align:center\"><div class=\"uvc-heading-spacer no_spacer\" style=\"top\"><\/div><div class=\"uvc-main-heading ult-responsive\"  data-ultimate-target='.uvc-heading.ultimate-heading-700969e38b3550c80 h1'  data-responsive-json-new='{\"font-size\":\"desktop:70px;\",\"line-height\":\"desktop:80px;\"}' ><h1 style=\"--font-weight:theme;color:#ffffff;\">QUY\u00caN G\u00d3P<\/h1><\/div><\/div>[\/vc_column][\/vc_row][vc_row css=&#8221;.vc_custom_1561965315283{padding-top: 75px !important;padding-bottom: 70px !important;}&#8221;][vc_column]<div id=\"ultimate-heading-179769e38b3550cbe\" class=\"uvc-heading ult-adjust-bottom-margin ultimate-heading-179769e38b3550cbe uvc-9028  uvc-heading-default-font-sizes\" data-hspacer=\"no_spacer\"  data-halign=\"center\" style=\"text-align:center\"><div class=\"uvc-heading-spacer no_spacer\" style=\"top\"><\/div><div class=\"uvc-main-heading ult-responsive\"  data-ultimate-target='.uvc-heading.ultimate-heading-179769e38b3550cbe h4'  data-responsive-json-new='{\"font-size\":\"\",\"line-height\":\"\"}' ><h4 style=\"--font-weight:theme;margin-bottom:50px;\">S\u1ef1 ban cho trung th\u00e0nh c\u1ee7a b\u1ea1n l\u00e0m thay \u0111\u1ed5i cu\u1ed9c s\u1ed1ng, t\u1ea1i \u0111\u1ecba ph\u01b0\u01a1ng v\u00e0 tr\u00ean to\u00e0n th\u1ebf gi\u1edbi.<\/h4><\/div><\/div>[vc_row_inner][vc_column_inner width=&#8221;1\/3&#8243;]<div id=\"ultimate-heading-689369e38b3550de0\" class=\"uvc-heading ult-adjust-bottom-margin ultimate-heading-689369e38b3550de0 uvc-1842  uvc-heading-default-font-sizes\" data-hspacer=\"icon_only\"  data-halign=\"center\" style=\"text-align:center\"><div class=\"uvc-heading-spacer icon_only\" style=\"margin-bottom:25px;\"><div class=\"ult-just-icon-wrapper  \"><div class=\"align-icon\" style=\"text-align:center;\">\n<div class=\"aio-icon circle \"  style=\"color:#ffffff;background:#34421e;font-size:52px;display:inline-block;\">\n\t<i class=\"fas fa-tablet\"><\/i>\n<\/div><\/div><\/div><\/div><div class=\"uvc-main-heading ult-responsive\"  data-ultimate-target='.uvc-heading.ultimate-heading-689369e38b3550de0 h4'  data-responsive-json-new='{\"font-size\":\"\",\"line-height\":\"\"}' ><h4 style=\"--font-weight:theme;margin-bottom:15px;\">Tr\u1ef1c tuy\u1ebfn<\/h4><\/div><div class=\"uvc-sub-heading ult-responsive\"  data-ultimate-target='.uvc-heading.ultimate-heading-689369e38b3550de0 .uvc-sub-heading '  data-responsive-json-new='{\"font-size\":\"\",\"line-height\":\"\"}'  style=\"font-weight:normal;\">Ch\u00fang t\u00f4i cung c\u1ea5p c\u00e1c ph\u01b0\u01a1ng ti\u1ec7n t\u1eb7ng tr\u1ef1c tuy\u1ebfn cho Ti\u1ec1n th\u1eadp ph\u00e2n, L\u1ec5 v\u1eadt v\u00e0 Nhi\u1ec7m v\u1ee5.<\/p>\n<p><a class=\"anchor-link\" href=\"#!\/donation-form\"><strong>B\u1ea5m v\u00e0o \u0111\u00e2y<\/strong><\/a> \u0111\u1ec3 quy\u00ean g\u00f3p tr\u1ef1c tuy\u1ebfn.<\/div><\/div>[\/vc_column_inner][vc_column_inner width=&#8221;1\/3&#8243;]<div id=\"ultimate-heading-644969e38b3550e64\" class=\"uvc-heading ult-adjust-bottom-margin ultimate-heading-644969e38b3550e64 uvc-2182  uvc-heading-default-font-sizes\" data-hspacer=\"icon_only\"  data-halign=\"center\" style=\"text-align:center\"><div class=\"uvc-heading-spacer icon_only\" style=\"margin-bottom:25px;\"><div class=\"ult-just-icon-wrapper  \"><div class=\"align-icon\" style=\"text-align:center;\">\n<div class=\"aio-icon circle \"  style=\"color:#ffffff;background:#34421e;font-size:52px;display:inline-block;\">\n\t<i class=\"fas fa-money-bill-wave\"><\/i>\n<\/div><\/div><\/div><\/div><div class=\"uvc-main-heading ult-responsive\"  data-ultimate-target='.uvc-heading.ultimate-heading-644969e38b3550e64 h4'  data-responsive-json-new='{\"font-size\":\"\",\"line-height\":\"\"}' ><h4 style=\"--font-weight:theme;margin-bottom:15px;\">Chuy\u1ec3n ti\u1ec1n tr\u1ef1c ti\u1ebfp qua ng\u00e2n h\u00e0ng<\/h4><\/div><div class=\"uvc-sub-heading ult-responsive\"  data-ultimate-target='.uvc-heading.ultimate-heading-644969e38b3550e64 .uvc-sub-heading '  data-responsive-json-new='{\"font-size\":\"\",\"line-height\":\"\"}'  style=\"font-weight:normal;\">T\u00ean ch\u1ee7 TK: CanhCamshop<\/p>\n<p>S\u1ed1 TK: 013 129 00333<\/p>\n<p>Ng\u00e2n h\u00e0ng: ACB<\/p>\n<p>N\u1ed9i dung: T\u00ean + Quy\u00ean g\u00f3p d\u1ecbp g\u00ec<\/div><\/div>[\/vc_column_inner][vc_column_inner width=&#8221;1\/3&#8243;]<div id=\"ultimate-heading-109969e38b3550ecb\" class=\"uvc-heading ult-adjust-bottom-margin ultimate-heading-109969e38b3550ecb uvc-2287  uvc-heading-default-font-sizes\" data-hspacer=\"icon_only\"  data-halign=\"center\" style=\"text-align:center\"><div class=\"uvc-heading-spacer icon_only\" style=\"margin-bottom:25px;\"><div class=\"ult-just-icon-wrapper  \"><div class=\"align-icon\" style=\"text-align:center;\">\n<div class=\"aio-icon circle \"  style=\"color:#ffffff;background:#34421e;font-size:52px;display:inline-block;\">\n\t<i class=\"fas fa-donate\"><\/i>\n<\/div><\/div><\/div><\/div><div class=\"uvc-main-heading ult-responsive\"  data-ultimate-target='.uvc-heading.ultimate-heading-109969e38b3550ecb h4'  data-responsive-json-new='{\"font-size\":\"\",\"line-height\":\"\"}' ><h4 style=\"--font-weight:theme;margin-bottom:15px;\">L\u1ec5 t\u00e2n<\/h4><\/div><div class=\"uvc-sub-heading ult-responsive\"  data-ultimate-target='.uvc-heading.ultimate-heading-109969e38b3550ecb .uvc-sub-heading '  data-responsive-json-new='{\"font-size\":\"\",\"line-height\":\"\"}'  style=\"font-weight:normal;\">C\u00f3 s\u1eb5n t\u1ea1i c\u00e1c d\u1ecbch v\u1ee5 cu\u1ed1i tu\u1ea7n c\u1ee7a ch\u00fang t\u00f4i v\u00e0 trong gi\u1edd h\u00e0nh ch\u00ednh.<\/div><\/div>[\/vc_column_inner][\/vc_row_inner][\/vc_column][\/vc_row][vc_row bg_type=&#8221;bg_color&#8221; bg_override=&#8221;full&#8221; css=&#8221;.vc_custom_1561965349592{padding-top: 70px !important;padding-bottom: 60px !important;}&#8221; bg_color_value=&#8221;#f7f7f7&#8243; el_id=&#8221;donation-form&#8221;][vc_column][vc_raw_html]JTVCZ2l2ZV9mb3JtJTIwaWQlM0QlMjIxOTAlMjIlNUQ=[\/vc_raw_html][\/vc_column][\/vc_row]<\/p>\n","protected":false},"excerpt":{"rendered":"<p>[vc_row bg_type=&#8221;image&#8221; parallax_style=&#8221;vcpb-default&#8221; bg_image_new=&#8221;id^174|url^https:\/\/demo.canhcam.com\/the7-church\/wp-content\/uploads\/2019\/06\/lina-trochez-377674-unsplash-e1563358159320.jpg|caption^null|alt^null|title^lina-trochez-377674-unsplash|description^null&#8221; bg_image_repeat=&#8221;no-repeat&#8221; bg_override=&#8221;full&#8221; enable_overlay=&#8221;enable_overlay_value&#8221; overlay_color=&#8221;rgba(0,0,0,0.4)&#8221; overlay_pattern=&#8221;01.png&#8221; overlay_pattern_opacity=&#8221;10&#8243; css=&#8221;.vc_custom_1562070640191{padding-top: 150px !important;padding-bottom: 150px !important;}&#8221;][vc_column css=&#8221;.vc_custom_1559469828133{padding-top: 0px !important;}&#8221;][\/vc_column][\/vc_row][vc_row css=&#8221;.vc_custom_1561965315283{padding-top: 75px !important;padding-bottom: 70px !important;}&#8221;][vc_column][vc_row_inner][vc_column_inner width=&#8221;1\/3&#8243;][\/vc_column_inner][vc_column_inner width=&#8221;1\/3&#8243;][\/vc_column_inner][vc_column_inner width=&#8221;1\/3&#8243;][\/vc_column_inner][\/vc_row_inner][\/vc_column][\/vc_row][vc_row bg_type=&#8221;bg_color&#8221; bg_override=&#8221;full&#8221; css=&#8221;.vc_custom_1561965349592{padding-top: 70px !important;padding-bottom: 60px !important;}&#8221; bg_color_value=&#8221;#f7f7f7&#8243; el_id=&#8221;donation-form&#8221;][vc_column][vc_raw_html]JTVCZ2l2ZV9mb3JtJTIwaWQlM0QlMjIxOTAlMjIlNUQ=[\/vc_raw_html][\/vc_column][\/vc_row]<\/p>\n","protected":false},"author":1,"featured_media":0,"parent":0,"menu_order":0,"comment_status":"closed","ping_status":"closed","template":"","meta":{"footnotes":""},"class_list":["post-171","page","type-page","status-publish","hentry","description-off"],"_links":{"self":[{"href":"https:\/\/demo.canhcam.com\/the7-church\/wp-json\/wp\/v2\/pages\/171","targetHints":{"allow":["GET"]}}],"collection":[{"href":"https:\/\/demo.canhcam.com\/the7-church\/wp-json\/wp\/v2\/pages"}],"about":[{"href":"https:\/\/demo.canhcam.com\/the7-church\/wp-json\/wp\/v2\/types\/page"}],"author":[{"embeddable":true,"href":"https:\/\/demo.canhcam.com\/the7-church\/wp-json\/wp\/v2\/users\/1"}],"replies":[{"embeddable":true,"href":"https:\/\/demo.canhcam.com\/the7-church\/wp-json\/wp\/v2\/comments?post=171"}],"version-history":[{"count":4,"href":"https:\/\/demo.canhcam.com\/the7-church\/wp-json\/wp\/v2\/pages\/171\/revisions"}],"predecessor-version":[{"id":1311,"href":"https:\/\/demo.canhcam.com\/the7-church\/wp-json\/wp\/v2\/pages\/171\/revisions\/1311"}],"wp:attachment":[{"href":"https:\/\/demo.canhcam.com\/the7-church\/wp-json\/wp\/v2\/media?parent=171"}],"curies":[{"name":"wp","href":"https:\/\/api.w.org\/{rel}","templated":true}]}}