{"id":1252,"date":"2018-11-06T10:35:36","date_gmt":"2018-11-06T10:35:36","guid":{"rendered":"https:\/\/the7.io\/church\/?page_id=11"},"modified":"2022-12-30T09:23:37","modified_gmt":"2022-12-30T09:23:37","slug":"contact","status":"publish","type":"page","link":"https:\/\/demo.canhcam.com\/the7-church\/contact\/","title":{"rendered":"Li\u00ean h\u1ec7"},"content":{"rendered":"<p>[vc_row bg_type=&#8221;bg_color&#8221; bg_override=&#8221;full&#8221; css=&#8221;.vc_custom_1561965266036{padding-top: 70px !important;padding-bottom: 80px !important;}&#8221; bg_color_value=&#8221;#f7f7f7&#8243;][vc_column]<div id=\"ultimate-heading-694669e38b52e23f0\" class=\"uvc-heading ult-adjust-bottom-margin ultimate-heading-694669e38b52e23f0 uvc-8088  uvc-heading-default-font-sizes\" data-hspacer=\"no_spacer\"  data-halign=\"center\" style=\"text-align:center\"><div class=\"uvc-heading-spacer no_spacer\" style=\"top\"><\/div><div class=\"uvc-main-heading ult-responsive\"  data-ultimate-target='.uvc-heading.ultimate-heading-694669e38b52e23f0 h2'  data-responsive-json-new='{\"font-size\":\"\",\"line-height\":\"\"}' ><h2 style=\"--font-weight:theme;margin-bottom:20px;\">Li\u00ean h\u1ec7 nh\u00e0 th\u1edd<\/h2><\/div><div class=\"uvc-sub-heading ult-responsive\"  data-ultimate-target='.uvc-heading.ultimate-heading-694669e38b52e23f0 .uvc-sub-heading '  data-responsive-json-new='{\"font-size\":\"desktop:20px;\",\"line-height\":\"desktop:30px;\"}'  style=\"font-weight:normal;margin-bottom:35px;\">Ch\u00fang t\u00f4i ch\u1edd tin t\u1eeb ph\u00eda b\u1ea1n!!!!<\/div><\/div><style type=\"text\/css\" data-type=\"the7_shortcodes-inline-css\">.dt-shortcode-soc-icons.soc-icons-74c410b06c4f55dbdf014c8618579962 a {\n  margin-right: 10px;\n}\n.dt-shortcode-soc-icons a.soc-icons-74c410b06c4f55dbdf014c8618579962 {\n  margin-right: 10px;\n}\n.dt-shortcode-soc-icons a.soc-icons-74c410b06c4f55dbdf014c8618579962:last-child {\n  margin-right: 0;\n}\n.dt-shortcode-soc-icons a.soc-icons-74c410b06c4f55dbdf014c8618579962:before,\n.dt-shortcode-soc-icons a.soc-icons-74c410b06c4f55dbdf014c8618579962:after {\n  padding: inherit;\n}\n.dt-shortcode-soc-icons a.soc-icons-74c410b06c4f55dbdf014c8618579962.dt-icon-border-on:before {\n  border:  solid ;\n}\n.dt-shortcode-soc-icons a.soc-icons-74c410b06c4f55dbdf014c8618579962.dt-icon-hover-border-on:after {\n  border:  solid ;\n}\n<\/style><div class=\"dt-shortcode-soc-icons  soc-icons-74c410b06c4f55dbdf014c8618579962 soc-icons-center \" ><style type=\"text\/css\" data-type=\"the7_shortcodes-inline-css\">.dt-shortcode-soc-icons a.single-soc-icon-86c690965668d021ea7e1836659b3e40 {\n  min-width: 46px;\n  min-height: 46px;\n  font-size: 25px;\n  border-radius: 100px;\n}\n.dt-shortcode-soc-icons a.single-soc-icon-86c690965668d021ea7e1836659b3e40:last-child {\n  margin-right: 0;\n}\n.dt-shortcode-soc-icons a.single-soc-icon-86c690965668d021ea7e1836659b3e40:before,\n.dt-shortcode-soc-icons a.single-soc-icon-86c690965668d021ea7e1836659b3e40:after {\n  min-width: 46px;\n  min-height: 46px;\n  padding: inherit;\n}\n#page .dt-shortcode-soc-icons a.single-soc-icon-86c690965668d021ea7e1836659b3e40.dt-icon-bg-on:before,\n#phantom .dt-shortcode-soc-icons a.single-soc-icon-86c690965668d021ea7e1836659b3e40.dt-icon-bg-on:before {\n  background: #34421e;\n}\n.dt-shortcode-soc-icons a.single-soc-icon-86c690965668d021ea7e1836659b3e40.dt-icon-border-on:before {\n  border: 0px solid ;\n}\n.dt-shortcode-soc-icons a.single-soc-icon-86c690965668d021ea7e1836659b3e40.dt-icon-hover-border-on:after {\n  border: 0px solid ;\n}\n.dt-shortcode-soc-icons a.single-soc-icon-86c690965668d021ea7e1836659b3e40:hover {\n  font-size: 25px;\n}\n#page .dt-shortcode-soc-icons a.single-soc-icon-86c690965668d021ea7e1836659b3e40:hover .soc-font-icon,\n#phantom .dt-shortcode-soc-icons a.single-soc-icon-86c690965668d021ea7e1836659b3e40:hover .soc-font-icon,\n#page .dt-shortcode-soc-icons a.single-soc-icon-86c690965668d021ea7e1836659b3e40:hover .soc-icon,\n#phantom .dt-shortcode-soc-icons a.single-soc-icon-86c690965668d021ea7e1836659b3e40:hover .soc-icon {\n  color: #ffffff;\n  background: none;\n}\n#page .dt-shortcode-soc-icons a.single-soc-icon-86c690965668d021ea7e1836659b3e40.dt-icon-hover-bg-on:after,\n#phantom .dt-shortcode-soc-icons a.single-soc-icon-86c690965668d021ea7e1836659b3e40.dt-icon-hover-bg-on:after {\n  background: #c19434;\n}\n#page .dt-shortcode-soc-icons a.single-soc-icon-86c690965668d021ea7e1836659b3e40:not(:hover) .soc-font-icon,\n#phantom .dt-shortcode-soc-icons a.single-soc-icon-86c690965668d021ea7e1836659b3e40:not(:hover) .soc-font-icon,\n#page .dt-shortcode-soc-icons a.single-soc-icon-86c690965668d021ea7e1836659b3e40:not(:hover) .soc-icon,\n#phantom .dt-shortcode-soc-icons a.single-soc-icon-86c690965668d021ea7e1836659b3e40:not(:hover) .soc-icon {\n  color: #ffffff;\n  background: none;\n}\n.dt-shortcode-soc-icons a.single-soc-icon-86c690965668d021ea7e1836659b3e40 .soc-font-icon,\n.dt-shortcode-soc-icons a.single-soc-icon-86c690965668d021ea7e1836659b3e40 .soc-icon {\n  font-size: 25px;\n}\n<\/style><a title=\"Facebook\" href=\"\/\" class=\"facebook single-soc-icon-86c690965668d021ea7e1836659b3e40 dt-icon-bg-on dt-icon-hover-bg-on  \" ><i class=\"soc-icon soc-font-icon dt-icon-facebook\"><\/i><span class=\"screen-reader-text\">Facebook<\/span><\/a><style type=\"text\/css\" data-type=\"the7_shortcodes-inline-css\">.dt-shortcode-soc-icons a.single-soc-icon-f9d72d38573bcb9a785669d6d11f6ef9 {\n  min-width: 46px;\n  min-height: 46px;\n  font-size: 25px;\n  border-radius: 100px;\n}\n.dt-shortcode-soc-icons a.single-soc-icon-f9d72d38573bcb9a785669d6d11f6ef9:last-child {\n  margin-right: 0;\n}\n.dt-shortcode-soc-icons a.single-soc-icon-f9d72d38573bcb9a785669d6d11f6ef9:before,\n.dt-shortcode-soc-icons a.single-soc-icon-f9d72d38573bcb9a785669d6d11f6ef9:after {\n  min-width: 46px;\n  min-height: 46px;\n  padding: inherit;\n}\n#page .dt-shortcode-soc-icons a.single-soc-icon-f9d72d38573bcb9a785669d6d11f6ef9.dt-icon-bg-on:before,\n#phantom .dt-shortcode-soc-icons a.single-soc-icon-f9d72d38573bcb9a785669d6d11f6ef9.dt-icon-bg-on:before {\n  background: #34421e;\n}\n.dt-shortcode-soc-icons a.single-soc-icon-f9d72d38573bcb9a785669d6d11f6ef9.dt-icon-border-on:before {\n  border: 0px solid ;\n}\n.dt-shortcode-soc-icons a.single-soc-icon-f9d72d38573bcb9a785669d6d11f6ef9.dt-icon-hover-border-on:after {\n  border: 0px solid ;\n}\n.dt-shortcode-soc-icons a.single-soc-icon-f9d72d38573bcb9a785669d6d11f6ef9:hover {\n  font-size: 25px;\n}\n#page .dt-shortcode-soc-icons a.single-soc-icon-f9d72d38573bcb9a785669d6d11f6ef9:hover .soc-font-icon,\n#phantom .dt-shortcode-soc-icons a.single-soc-icon-f9d72d38573bcb9a785669d6d11f6ef9:hover .soc-font-icon,\n#page .dt-shortcode-soc-icons a.single-soc-icon-f9d72d38573bcb9a785669d6d11f6ef9:hover .soc-icon,\n#phantom .dt-shortcode-soc-icons a.single-soc-icon-f9d72d38573bcb9a785669d6d11f6ef9:hover .soc-icon {\n  color: #ffffff;\n  background: none;\n}\n#page .dt-shortcode-soc-icons a.single-soc-icon-f9d72d38573bcb9a785669d6d11f6ef9.dt-icon-hover-bg-on:after,\n#phantom .dt-shortcode-soc-icons a.single-soc-icon-f9d72d38573bcb9a785669d6d11f6ef9.dt-icon-hover-bg-on:after {\n  background: #c19434;\n}\n#page .dt-shortcode-soc-icons a.single-soc-icon-f9d72d38573bcb9a785669d6d11f6ef9:not(:hover) .soc-font-icon,\n#phantom .dt-shortcode-soc-icons a.single-soc-icon-f9d72d38573bcb9a785669d6d11f6ef9:not(:hover) .soc-font-icon,\n#page .dt-shortcode-soc-icons a.single-soc-icon-f9d72d38573bcb9a785669d6d11f6ef9:not(:hover) .soc-icon,\n#phantom .dt-shortcode-soc-icons a.single-soc-icon-f9d72d38573bcb9a785669d6d11f6ef9:not(:hover) .soc-icon {\n  color: #ffffff;\n  background: none;\n}\n.dt-shortcode-soc-icons a.single-soc-icon-f9d72d38573bcb9a785669d6d11f6ef9 .soc-font-icon,\n.dt-shortcode-soc-icons a.single-soc-icon-f9d72d38573bcb9a785669d6d11f6ef9 .soc-icon {\n  font-size: 25px;\n}\n<\/style><a title=\"Twitter\" href=\"\/\" class=\"twitter single-soc-icon-f9d72d38573bcb9a785669d6d11f6ef9 dt-icon-bg-on dt-icon-hover-bg-on  \" ><i class=\"soc-icon soc-font-icon dt-icon-twitter\"><\/i><span class=\"screen-reader-text\">Twitter<\/span><\/a><style type=\"text\/css\" data-type=\"the7_shortcodes-inline-css\">.dt-shortcode-soc-icons a.single-soc-icon-79f814df7b9794cac1d4cbd37ec6b812 {\n  min-width: 46px;\n  min-height: 46px;\n  font-size: 25px;\n  border-radius: 100px;\n}\n.dt-shortcode-soc-icons a.single-soc-icon-79f814df7b9794cac1d4cbd37ec6b812:last-child {\n  margin-right: 0;\n}\n.dt-shortcode-soc-icons a.single-soc-icon-79f814df7b9794cac1d4cbd37ec6b812:before,\n.dt-shortcode-soc-icons a.single-soc-icon-79f814df7b9794cac1d4cbd37ec6b812:after {\n  min-width: 46px;\n  min-height: 46px;\n  padding: inherit;\n}\n#page .dt-shortcode-soc-icons a.single-soc-icon-79f814df7b9794cac1d4cbd37ec6b812.dt-icon-bg-on:before,\n#phantom .dt-shortcode-soc-icons a.single-soc-icon-79f814df7b9794cac1d4cbd37ec6b812.dt-icon-bg-on:before {\n  background: #34421e;\n}\n.dt-shortcode-soc-icons a.single-soc-icon-79f814df7b9794cac1d4cbd37ec6b812.dt-icon-border-on:before {\n  border: 0px solid ;\n}\n.dt-shortcode-soc-icons a.single-soc-icon-79f814df7b9794cac1d4cbd37ec6b812.dt-icon-hover-border-on:after {\n  border: 0px solid ;\n}\n.dt-shortcode-soc-icons a.single-soc-icon-79f814df7b9794cac1d4cbd37ec6b812:hover {\n  font-size: 25px;\n}\n#page .dt-shortcode-soc-icons a.single-soc-icon-79f814df7b9794cac1d4cbd37ec6b812:hover .soc-font-icon,\n#phantom .dt-shortcode-soc-icons a.single-soc-icon-79f814df7b9794cac1d4cbd37ec6b812:hover .soc-font-icon,\n#page .dt-shortcode-soc-icons a.single-soc-icon-79f814df7b9794cac1d4cbd37ec6b812:hover .soc-icon,\n#phantom .dt-shortcode-soc-icons a.single-soc-icon-79f814df7b9794cac1d4cbd37ec6b812:hover .soc-icon {\n  color: #ffffff;\n  background: none;\n}\n#page .dt-shortcode-soc-icons a.single-soc-icon-79f814df7b9794cac1d4cbd37ec6b812.dt-icon-hover-bg-on:after,\n#phantom .dt-shortcode-soc-icons a.single-soc-icon-79f814df7b9794cac1d4cbd37ec6b812.dt-icon-hover-bg-on:after {\n  background: #c19434;\n}\n#page .dt-shortcode-soc-icons a.single-soc-icon-79f814df7b9794cac1d4cbd37ec6b812:not(:hover) .soc-font-icon,\n#phantom .dt-shortcode-soc-icons a.single-soc-icon-79f814df7b9794cac1d4cbd37ec6b812:not(:hover) .soc-font-icon,\n#page .dt-shortcode-soc-icons a.single-soc-icon-79f814df7b9794cac1d4cbd37ec6b812:not(:hover) .soc-icon,\n#phantom .dt-shortcode-soc-icons a.single-soc-icon-79f814df7b9794cac1d4cbd37ec6b812:not(:hover) .soc-icon {\n  color: #ffffff;\n  background: none;\n}\n.dt-shortcode-soc-icons a.single-soc-icon-79f814df7b9794cac1d4cbd37ec6b812 .soc-font-icon,\n.dt-shortcode-soc-icons a.single-soc-icon-79f814df7b9794cac1d4cbd37ec6b812 .soc-icon {\n  font-size: 25px;\n}\n<\/style><a title=\"YouTube\" href=\"\/\" class=\"you-tube single-soc-icon-79f814df7b9794cac1d4cbd37ec6b812 dt-icon-bg-on dt-icon-hover-bg-on  \" ><i class=\"soc-icon soc-font-icon dt-icon-you-tube\"><\/i><span class=\"screen-reader-text\">YouTube<\/span><\/a><style type=\"text\/css\" data-type=\"the7_shortcodes-inline-css\">.dt-shortcode-soc-icons a.single-soc-icon-cc3b248ee4f1924fb2cb90f9d138d9f6 {\n  min-width: 46px;\n  min-height: 46px;\n  font-size: 25px;\n  border-radius: 100px;\n}\n.dt-shortcode-soc-icons a.single-soc-icon-cc3b248ee4f1924fb2cb90f9d138d9f6:last-child {\n  margin-right: 0;\n}\n.dt-shortcode-soc-icons a.single-soc-icon-cc3b248ee4f1924fb2cb90f9d138d9f6:before,\n.dt-shortcode-soc-icons a.single-soc-icon-cc3b248ee4f1924fb2cb90f9d138d9f6:after {\n  min-width: 46px;\n  min-height: 46px;\n  padding: inherit;\n}\n#page .dt-shortcode-soc-icons a.single-soc-icon-cc3b248ee4f1924fb2cb90f9d138d9f6.dt-icon-bg-on:before,\n#phantom .dt-shortcode-soc-icons a.single-soc-icon-cc3b248ee4f1924fb2cb90f9d138d9f6.dt-icon-bg-on:before {\n  background: #34421e;\n}\n.dt-shortcode-soc-icons a.single-soc-icon-cc3b248ee4f1924fb2cb90f9d138d9f6.dt-icon-border-on:before {\n  border: 0px solid ;\n}\n.dt-shortcode-soc-icons a.single-soc-icon-cc3b248ee4f1924fb2cb90f9d138d9f6.dt-icon-hover-border-on:after {\n  border: 0px solid ;\n}\n.dt-shortcode-soc-icons a.single-soc-icon-cc3b248ee4f1924fb2cb90f9d138d9f6:hover {\n  font-size: 25px;\n}\n#page .dt-shortcode-soc-icons a.single-soc-icon-cc3b248ee4f1924fb2cb90f9d138d9f6:hover .soc-font-icon,\n#phantom .dt-shortcode-soc-icons a.single-soc-icon-cc3b248ee4f1924fb2cb90f9d138d9f6:hover .soc-font-icon,\n#page .dt-shortcode-soc-icons a.single-soc-icon-cc3b248ee4f1924fb2cb90f9d138d9f6:hover .soc-icon,\n#phantom .dt-shortcode-soc-icons a.single-soc-icon-cc3b248ee4f1924fb2cb90f9d138d9f6:hover .soc-icon {\n  color: #ffffff;\n  background: none;\n}\n#page .dt-shortcode-soc-icons a.single-soc-icon-cc3b248ee4f1924fb2cb90f9d138d9f6.dt-icon-hover-bg-on:after,\n#phantom .dt-shortcode-soc-icons a.single-soc-icon-cc3b248ee4f1924fb2cb90f9d138d9f6.dt-icon-hover-bg-on:after {\n  background: #c19434;\n}\n#page .dt-shortcode-soc-icons a.single-soc-icon-cc3b248ee4f1924fb2cb90f9d138d9f6:not(:hover) .soc-font-icon,\n#phantom .dt-shortcode-soc-icons a.single-soc-icon-cc3b248ee4f1924fb2cb90f9d138d9f6:not(:hover) .soc-font-icon,\n#page .dt-shortcode-soc-icons a.single-soc-icon-cc3b248ee4f1924fb2cb90f9d138d9f6:not(:hover) .soc-icon,\n#phantom .dt-shortcode-soc-icons a.single-soc-icon-cc3b248ee4f1924fb2cb90f9d138d9f6:not(:hover) .soc-icon {\n  color: #ffffff;\n  background: none;\n}\n.dt-shortcode-soc-icons a.single-soc-icon-cc3b248ee4f1924fb2cb90f9d138d9f6 .soc-font-icon,\n.dt-shortcode-soc-icons a.single-soc-icon-cc3b248ee4f1924fb2cb90f9d138d9f6 .soc-icon {\n  font-size: 25px;\n}\n<\/style><a title=\"Instagram\" href=\"\/\" class=\"instagram single-soc-icon-cc3b248ee4f1924fb2cb90f9d138d9f6 dt-icon-bg-on dt-icon-hover-bg-on  \" ><i class=\"soc-icon soc-font-icon dt-icon-instagram\"><\/i><span class=\"screen-reader-text\">Instagram<\/span><\/a><\/div>[\/vc_column][\/vc_row][vc_row full_width=&#8221;stretch_row&#8221; equal_height=&#8221;yes&#8221; content_placement=&#8221;top&#8221; bg_type=&#8221;image&#8221; parallax_style=&#8221;vcpb-default&#8221; bg_image_new=&#8221;id^716|url^https:\/\/the7.io\/church\/wp-content\/uploads\/sites\/54\/2019\/07\/bird-38825.png|caption^null|alt^null|title^bird-38825|description^null&#8221; bg_image_repeat=&#8221;no-repeat&#8221; bg_image_size=&#8221;initial&#8221; bg_image_posiiton=&#8221;right bottom&#8221; css=&#8221;.vc_custom_1562003247308{padding-top: 80px !important;background-color: #34421e !important;}&#8221;][vc_column width=&#8221;1\/2&#8243; css=&#8221;.vc_custom_1562003235102{margin-bottom: 50px !important;}&#8221;]<form class=\"dt-contact-form dt-form\" method=\"post\"><input type=\"hidden\" name=\"widget_id\" value=\"presscore-contact-form-widget--1\" \/><input type=\"hidden\" name=\"send_message\" value=\"\" \/><input type=\"hidden\" name=\"security_token\" value=\"dab64f9fe346623fc688\"\/><div class=\"form-fields\"><span class=\"form-name\"><label class=\"assistive-text\">Name *<\/label><input type=\"text\" class=\"validate[required]\" placeholder=\"Name *\" name=\"name\" value=\"\" aria-required=\"true\">\n<\/span><span class=\"form-mail\"><label class=\"assistive-text\">E-mail *<\/label><input type=\"text\" class=\"validate[required,custom[email]]\" placeholder=\"E-mail *\" name=\"email\" value=\"\" aria-required=\"true\">\n<\/span><span class=\"form-telephone\"><label class=\"assistive-text\">Telephone<\/label><input type=\"text\" placeholder=\"Telephone\" name=\"telephone\" value=\"\" aria-required=\"false\">\n<\/span><\/div><span class=\"form-message\"><label class=\"assistive-text\">Message<\/label><textarea placeholder=\"Message\" name=\"message\" rows=\"6\" aria-required=\"false\"><\/textarea>\n<\/span><p><a href=\"#\" class=\"dt-btn dt-btn-m dt-btn-submit\" rel=\"nofollow\"><span>G\u1eedi tin nh\u1eafn<\/span><\/a><input class=\"assistive-text\" type=\"submit\" value=\"submit\"><\/p><\/form>\n[\/vc_column][vc_column width=&#8221;1\/2&#8243; css=&#8221;.vc_custom_1562003238708{margin-bottom: 50px !important;background-position: center !important;background-repeat: no-repeat !important;background-size: cover !important;}&#8221;][vc_column_text css=&#8221;.vc_custom_1672392212513{padding-bottom: 30px !important;}&#8221;]<span style=\"color: #ffcc00;\">N\u1ebfu b\u1ea1n c\u00f3 y\u00eau c\u1ea7u c\u1ea7n h\u1ed7 tr\u1ee3, xin vui l\u00f2ng li\u00ean h\u1ec7 tr\u1ef1c ti\u1ebfp c\u00e1c nh\u00e0 quy\u00ean g\u00f3p t\u1ea1i \u0111\u1ecba ph\u01b0\u01a1ng.<\/span>[\/vc_column_text]<div id=\"ultimate-heading-343169e38b52e2b53\" class=\"uvc-heading ult-adjust-bottom-margin ultimate-heading-343169e38b52e2b53 uvc-8987 accent-title-color uvc-heading-default-font-sizes\" data-hspacer=\"no_spacer\"  data-halign=\"left\" style=\"text-align:left\"><div class=\"uvc-heading-spacer no_spacer\" style=\"top\"><\/div><div class=\"uvc-main-heading ult-responsive\"  data-ultimate-target='.uvc-heading.ultimate-heading-343169e38b52e2b53 h5'  data-responsive-json-new='{\"font-size\":\"\",\"line-height\":\"\"}' ><h5 style=\"--font-weight:theme;color:#ffffff;margin-bottom:5px;\">\u0110\u1ecaA CH\u1ec8<\/h5><\/div><div class=\"uvc-sub-heading ult-responsive\"  data-ultimate-target='.uvc-heading.ultimate-heading-343169e38b52e2b53 .uvc-sub-heading '  data-responsive-json-new='{\"font-size\":\"\",\"line-height\":\"\"}'  style=\"font-weight:normal;color:#ffffff;margin-bottom:15px;\">156 Nguy\u1ec5n V\u0103n Th\u1ee7, ph\u01b0\u1eddng \u0110a Kao, qu\u1eadn 1<\/div><\/div><div id=\"ultimate-heading-86269e38b52e2b95\" class=\"uvc-heading ult-adjust-bottom-margin ultimate-heading-86269e38b52e2b95 uvc-3946 accent-title-color uvc-heading-default-font-sizes\" data-hspacer=\"no_spacer\"  data-halign=\"left\" style=\"text-align:left\"><div class=\"uvc-heading-spacer no_spacer\" style=\"top\"><\/div><div class=\"uvc-main-heading ult-responsive\"  data-ultimate-target='.uvc-heading.ultimate-heading-86269e38b52e2b95 h5'  data-responsive-json-new='{\"font-size\":\"\",\"line-height\":\"\"}' ><h5 style=\"--font-weight:theme;color:#ffffff;margin-bottom:5px;\">G\u1eccI CH\u00daNG T\u00d4I<\/h5><\/div><div class=\"uvc-sub-heading ult-responsive\"  data-ultimate-target='.uvc-heading.ultimate-heading-86269e38b52e2b95 .uvc-sub-heading '  data-responsive-json-new='{\"font-size\":\"\",\"line-height\":\"\"}'  style=\"font-weight:normal;color:#ffffff;margin-bottom:15px;\"><span aria-label=\"G\u1ecdi \u0111\u1ebfn s\u1ed1 \u0111i\u1ec7n tho\u1ea1i 028 6273 0815\">028 6273 0815<\/span><\/div><\/div><div id=\"ultimate-heading-640069e38b52e2bc4\" class=\"uvc-heading ult-adjust-bottom-margin ultimate-heading-640069e38b52e2bc4 uvc-5432 accent-title-color uvc-heading-default-font-sizes\" data-hspacer=\"no_spacer\"  data-halign=\"left\" style=\"text-align:left\"><div class=\"uvc-heading-spacer no_spacer\" style=\"top\"><\/div><div class=\"uvc-main-heading ult-responsive\"  data-ultimate-target='.uvc-heading.ultimate-heading-640069e38b52e2bc4 h5'  data-responsive-json-new='{\"font-size\":\"\",\"line-height\":\"\"}' ><h5 style=\"--font-weight:theme;color:#ffffff;margin-bottom:5px;\">EMAIL<\/h5><\/div><div class=\"uvc-sub-heading ult-responsive\"  data-ultimate-target='.uvc-heading.ultimate-heading-640069e38b52e2bc4 .uvc-sub-heading '  data-responsive-json-new='{\"font-size\":\"\",\"line-height\":\"\"}'  style=\"font-weight:normal;color:#ffffff;margin-bottom:15px;\">info@canhcam.com<\/div><\/div>[\/vc_column][\/vc_row]<\/p>\n","protected":false},"excerpt":{"rendered":"<p>[vc_row bg_type=&#8221;bg_color&#8221; bg_override=&#8221;full&#8221; css=&#8221;.vc_custom_1561965266036{padding-top: 70px !important;padding-bottom: 80px !important;}&#8221; bg_color_value=&#8221;#f7f7f7&#8243;][vc_column][\/vc_column][\/vc_row][vc_row full_width=&#8221;stretch_row&#8221; equal_height=&#8221;yes&#8221; content_placement=&#8221;top&#8221; bg_type=&#8221;image&#8221; parallax_style=&#8221;vcpb-default&#8221; bg_image_new=&#8221;id^716|url^https:\/\/the7.io\/church\/wp-content\/uploads\/sites\/54\/2019\/07\/bird-38825.png|caption^null|alt^null|title^bird-38825|description^null&#8221; bg_image_repeat=&#8221;no-repeat&#8221; bg_image_size=&#8221;initial&#8221; bg_image_posiiton=&#8221;right bottom&#8221; css=&#8221;.vc_custom_1562003247308{padding-top: 80px !important;background-color: #34421e !important;}&#8221;][vc_column width=&#8221;1\/2&#8243; css=&#8221;.vc_custom_1562003235102{margin-bottom: 50px !important;}&#8221;][\/vc_column][vc_column width=&#8221;1\/2&#8243; css=&#8221;.vc_custom_1562003238708{margin-bottom: 50px !important;background-position: center !important;background-repeat: no-repeat !important;background-size: cover !important;}&#8221;][vc_column_text css=&#8221;.vc_custom_1672392212513{padding-bottom: 30px !important;}&#8221;]N\u1ebfu b\u1ea1n c\u00f3 y\u00eau c\u1ea7u c\u1ea7n h\u1ed7 tr\u1ee3, xin vui l\u00f2ng li\u00ean h\u1ec7 tr\u1ef1c ti\u1ebfp&hellip;<\/p>\n","protected":false},"author":1,"featured_media":0,"parent":0,"menu_order":0,"comment_status":"closed","ping_status":"closed","template":"","meta":{"footnotes":""},"class_list":["post-1252","page","type-page","status-publish","hentry","description-off"],"_links":{"self":[{"href":"https:\/\/demo.canhcam.com\/the7-church\/wp-json\/wp\/v2\/pages\/1252","targetHints":{"allow":["GET"]}}],"collection":[{"href":"https:\/\/demo.canhcam.com\/the7-church\/wp-json\/wp\/v2\/pages"}],"about":[{"href":"https:\/\/demo.canhcam.com\/the7-church\/wp-json\/wp\/v2\/types\/page"}],"author":[{"embeddable":true,"href":"https:\/\/demo.canhcam.com\/the7-church\/wp-json\/wp\/v2\/users\/1"}],"replies":[{"embeddable":true,"href":"https:\/\/demo.canhcam.com\/the7-church\/wp-json\/wp\/v2\/comments?post=1252"}],"version-history":[{"count":4,"href":"https:\/\/demo.canhcam.com\/the7-church\/wp-json\/wp\/v2\/pages\/1252\/revisions"}],"predecessor-version":[{"id":1314,"href":"https:\/\/demo.canhcam.com\/the7-church\/wp-json\/wp\/v2\/pages\/1252\/revisions\/1314"}],"wp:attachment":[{"href":"https:\/\/demo.canhcam.com\/the7-church\/wp-json\/wp\/v2\/media?parent=1252"}],"curies":[{"name":"wp","href":"https:\/\/api.w.org\/{rel}","templated":true}]}}