{"id":1251,"date":"2018-11-06T10:34:45","date_gmt":"2018-11-06T10:34:45","guid":{"rendered":"https:\/\/the7.io\/church\/?page_id=7"},"modified":"2022-12-30T08:05:03","modified_gmt":"2022-12-30T08:05:03","slug":"about","status":"publish","type":"page","link":"https:\/\/demo.canhcam.com\/the7-church\/about\/","title":{"rendered":"V\u1ec1 ch\u00fang t\u00f4i"},"content":{"rendered":"<p>[vc_row equal_height=&#8221;yes&#8221; content_placement=&#8221;middle&#8221; css=&#8221;.vc_custom_1561964015799{padding-bottom: 50px !important;}&#8221;][vc_column width=&#8221;1\/2&#8243; css=&#8221;.vc_custom_1561963982378{padding-right: 7% !important;padding-bottom: 30px !important;padding-left: 7% !important;}&#8221;]<div id=\"ultimate-heading-261369e38b4f12758\" class=\"uvc-heading ult-adjust-bottom-margin ultimate-heading-261369e38b4f12758 uvc-2666  uvc-heading-default-font-sizes\" data-hspacer=\"no_spacer\"  data-halign=\"left\" style=\"text-align:left\"><div class=\"uvc-heading-spacer no_spacer\" style=\"top\"><\/div><div class=\"uvc-main-heading ult-responsive\"  data-ultimate-target='.uvc-heading.ultimate-heading-261369e38b4f12758 h2'  data-responsive-json-new='{\"font-size\":\"\",\"line-height\":\"\"}' ><h2 style=\"--font-weight:theme;margin-bottom:30px;\">C\u00e2u chuy\u1ec7n<\/h2><\/div><div class=\"uvc-sub-heading ult-responsive\"  data-ultimate-target='.uvc-heading.ultimate-heading-261369e38b4f12758 .uvc-sub-heading '  data-responsive-json-new='{\"font-size\":\"\",\"line-height\":\"\"}'  style=\"font-weight:normal;\"><b>Nh\u00e0 th\u1edd L\u1edbn H\u00e0 N\u1ed9i<\/b>\u00a0(t\u00ean ch\u00ednh th\u1ee9c:\u00a0<b>Nh\u00e0 th\u1edd ch\u00ednh t\u00f2a Th\u00e1nh Giuse<\/b>, c\u0169ng g\u1ecdi l\u00e0\u00a0<b>Nh\u00e0 th\u1edd ch\u00ednh t\u00f2a H\u00e0 N\u1ed9i<\/b>) l\u00e0\u00a0nh\u00e0 th\u1edd ch\u00ednh t\u00f2a\u00a0c\u1ee7a\u00a0T\u1ed5ng gi\u00e1o ph\u1eadn H\u00e0 N\u1ed9i, n\u01a1i c\u00f3 ngai t\u00f2a c\u1ee7a\u00a0t\u1ed5ng gi\u00e1m m\u1ee5c. \u0110\u00e2y l\u00e0 m\u1ed9t nh\u00e0 th\u1edd c\u1ed5 k\u00ednh t\u1ea1i th\u00e0nh ph\u1ed1 n\u00e0y, th\u01b0\u1eddng xuy\u00ean di\u1ec5n ra c\u00e1c sinh ho\u1ea1t t\u00edn ng\u01b0\u1ee1ng c\u1ee7a c\u00e1c\u00a0gi\u00e1o d\u00e2n\u00a0C\u00f4ng gi\u00e1o\u00a0thu\u1ed9c gi\u00e1o x\u1ee9 ch\u00ednh t\u00f2a c\u0169ng nh\u01b0 c\u1ee7a to\u00e0n t\u1ed5ng gi\u00e1o ph\u1eadn.<\/p>\n<p>Nh\u00e0 th\u1edd L\u1edbn H\u00e0 N\u1ed9i c\u0169ng l\u00e0 m\u1ed9t trong nh\u1eefng c\u00f4ng tr\u00ecnh ki\u1ebfn tr\u00fac Ph\u00e1p thu\u1ed9c ti\u00eau bi\u1ec3u \u1edf th\u00e0nh ph\u1ed1 n\u00e0y.<\/div><\/div>[\/vc_column][vc_column width=&#8221;1\/2&#8243;][vc_single_image image=&#8221;1278&#8243; img_size=&#8221;1000&#215;1000&#8243; css=&#8221;.vc_custom_1672387408779{margin-bottom: 30px !important;}&#8221;][\/vc_column][\/vc_row][vc_row bg_type=&#8221;bg_color&#8221; bg_override=&#8221;full&#8221; css=&#8221;.vc_custom_1563355584819{padding-top: 70px !important;padding-bottom: 70px !important;}&#8221; bg_color_value=&#8221;#f7f7f7&#8243;][vc_column]<div id=\"ultimate-heading-152569e38b4f12798\" class=\"uvc-heading ult-adjust-bottom-margin ultimate-heading-152569e38b4f12798 uvc-369  uvc-heading-default-font-sizes\" data-hspacer=\"no_spacer\"  data-halign=\"center\" style=\"text-align:center\"><div class=\"uvc-heading-spacer no_spacer\" style=\"top\"><\/div><div class=\"uvc-main-heading ult-responsive\"  data-ultimate-target='.uvc-heading.ultimate-heading-152569e38b4f12798 h2'  data-responsive-json-new='{\"font-size\":\"\",\"line-height\":\"\"}' ><h2 style=\"--font-weight:theme;margin-bottom:35px;\">Nh\u00e2n vi\u00ean<\/h2><\/div><\/div><style type=\"text\/css\" data-type=\"the7_shortcodes-inline-css\">.dt-team-shortcode.team-masonry-shortcode-id-42024322d521e6d6ee9bdf90d8da9daa .team-desc {\n  padding: 25px 0px 0px 0px;\n}\n.dt-team-shortcode.team-masonry-shortcode-id-42024322d521e6d6ee9bdf90d8da9daa .team-author-name,\n.dt-team-shortcode.team-masonry-shortcode-id-42024322d521e6d6ee9bdf90d8da9daa .team-author-name a {\n  margin-bottom: 0px;\n  text-transform: uppercase;\n}\n.dt-team-shortcode.team-masonry-shortcode-id-42024322d521e6d6ee9bdf90d8da9daa .team-author p {\n  margin-bottom: 15px;\n  font-size: 18px;\n  line-height: 28px;\n}\n.dt-team-shortcode.team-masonry-shortcode-id-42024322d521e6d6ee9bdf90d8da9daa  .team-media {\n  padding: 0px 0px 0px 0px;\n}\n.dt-team-shortcode.team-masonry-shortcode-id-42024322d521e6d6ee9bdf90d8da9daa .dt-css-grid .team-media img {\n  max-width: 100%;\n}\n.dt-team-shortcode.team-masonry-shortcode-id-42024322d521e6d6ee9bdf90d8da9daa .team-content {\n  margin-bottom: 5px;\n}\n.dt-team-shortcode.team-masonry-shortcode-id-42024322d521e6d6ee9bdf90d8da9daa  .team-media,\n.dt-team-shortcode.team-masonry-shortcode-id-42024322d521e6d6ee9bdf90d8da9daa  .team-media a.rollover,\n.dt-team-shortcode.team-masonry-shortcode-id-42024322d521e6d6ee9bdf90d8da9daa  .team-media a.rollover *,\n.dt-team-shortcode.team-masonry-shortcode-id-42024322d521e6d6ee9bdf90d8da9daa  .team-media img {\n  border-radius: 0px;\n}\n.dt-team-shortcode.team-masonry-shortcode-id-42024322d521e6d6ee9bdf90d8da9daa .soc-ico {\n  margin-bottom: 15px;\n}\n.dt-team-shortcode.team-masonry-shortcode-id-42024322d521e6d6ee9bdf90d8da9daa .soc-ico a {\n  min-width: 26px;\n  min-height: 26px;\n  font-size: 16px;\n  border-radius: 100px;\n}\n.dt-team-shortcode.team-masonry-shortcode-id-42024322d521e6d6ee9bdf90d8da9daa .soc-ico a:not(:last-child) {\n  margin-right: 4px;\n}\n.dt-team-shortcode.team-masonry-shortcode-id-42024322d521e6d6ee9bdf90d8da9daa .soc-ico a:before,\n.dt-team-shortcode.team-masonry-shortcode-id-42024322d521e6d6ee9bdf90d8da9daa .soc-ico a:after {\n  min-width: 26px;\n  min-height: 26px;\n  padding: inherit;\n}\n.dt-icon-border-on.dt-team-shortcode.team-masonry-shortcode-id-42024322d521e6d6ee9bdf90d8da9daa .soc-ico a:before {\n  border: 0px solid transparent;\n}\n.dt-team-shortcode.team-masonry-shortcode-id-42024322d521e6d6ee9bdf90d8da9daa .soc-ico a:hover {\n  font-size: 16px;\n}\n#page .dt-team-shortcode.team-masonry-shortcode-id-42024322d521e6d6ee9bdf90d8da9daa .soc-ico a:hover .soc-font-icon {\n  color: rgba(255,255,255,0.75);\n  background: none;\n}\n.dt-icon-border-hover-on.dt-team-shortcode.team-masonry-shortcode-id-42024322d521e6d6ee9bdf90d8da9daa .soc-ico a:after {\n  border: 0px solid transparent;\n}\n#page .dt-team-shortcode.team-masonry-shortcode-id-42024322d521e6d6ee9bdf90d8da9daa .soc-ico a:not(:hover) .soc-font-icon {\n  color: #ffffff;\n  background: none;\n}\n.dt-team-shortcode.team-masonry-shortcode-id-42024322d521e6d6ee9bdf90d8da9daa .soc-ico a .soc-font-icon {\n  font-size: 16px;\n}\n.dt-team-shortcode.team-masonry-shortcode-id-42024322d521e6d6ee9bdf90d8da9daa .filter-bg-decoration .filter-categories a.act {\n  color: #fff;\n}\n.dt-team-shortcode.team-masonry-shortcode-id-42024322d521e6d6ee9bdf90d8da9daa:not(.resize-by-browser-width) .dt-css-grid {\n  grid-row-gap: 30px;\n  grid-column-gap: 30px;\n  grid-template-columns: repeat(auto-fill,minmax(,1fr));\n}\n.cssgridlegacy.no-cssgrid .dt-team-shortcode.team-masonry-shortcode-id-42024322d521e6d6ee9bdf90d8da9daa:not(.resize-by-browser-width) .dt-css-grid,\n.no-cssgridlegacy.no-cssgrid .dt-team-shortcode.team-masonry-shortcode-id-42024322d521e6d6ee9bdf90d8da9daa:not(.resize-by-browser-width) .dt-css-grid {\n  display: flex;\n  flex-flow: row wrap;\n  margin: -15px;\n}\n.cssgridlegacy.no-cssgrid .dt-team-shortcode.team-masonry-shortcode-id-42024322d521e6d6ee9bdf90d8da9daa:not(.resize-by-browser-width) .dt-css-grid .wf-cell,\n.no-cssgridlegacy.no-cssgrid .dt-team-shortcode.team-masonry-shortcode-id-42024322d521e6d6ee9bdf90d8da9daa:not(.resize-by-browser-width) .dt-css-grid .wf-cell {\n  flex: 1 0 ;\n  max-width: 100%;\n  padding: 15px;\n  box-sizing: border-box;\n}\n.dt-team-shortcode.team-masonry-shortcode-id-42024322d521e6d6ee9bdf90d8da9daa.resize-by-browser-width .dt-css-grid {\n  grid-template-columns: repeat(3,1fr);\n  grid-template-rows: auto;\n  grid-column-gap: 30px;\n  grid-row-gap: 30px;\n}\n.cssgridlegacy.no-cssgrid .dt-team-shortcode.team-masonry-shortcode-id-42024322d521e6d6ee9bdf90d8da9daa.resize-by-browser-width .dt-css-grid,\n.no-cssgridlegacy.no-cssgrid .dt-team-shortcode.team-masonry-shortcode-id-42024322d521e6d6ee9bdf90d8da9daa.resize-by-browser-width .dt-css-grid {\n  margin: -15px;\n}\n.cssgridlegacy.no-cssgrid .dt-team-shortcode.team-masonry-shortcode-id-42024322d521e6d6ee9bdf90d8da9daa.resize-by-browser-width .dt-css-grid .wf-cell,\n.no-cssgridlegacy.no-cssgrid .dt-team-shortcode.team-masonry-shortcode-id-42024322d521e6d6ee9bdf90d8da9daa.resize-by-browser-width .dt-css-grid .wf-cell {\n  width: 33.333333333333%;\n  padding: 15px;\n}\n@media screen and (max-width: 1199px) {\n  .dt-team-shortcode.team-masonry-shortcode-id-42024322d521e6d6ee9bdf90d8da9daa.resize-by-browser-width .dt-css-grid {\n    grid-template-columns: repeat(3,1fr);\n  }\n  .cssgridlegacy.no-cssgrid .dt-team-shortcode.team-masonry-shortcode-id-42024322d521e6d6ee9bdf90d8da9daa.resize-by-browser-width .dt-css-grid .wf-cell,\n  .no-cssgridlegacy.no-cssgrid .dt-team-shortcode.team-masonry-shortcode-id-42024322d521e6d6ee9bdf90d8da9daa.resize-by-browser-width .dt-css-grid .wf-cell {\n    width: 33.333333333333%;\n  }\n}\n@media screen and (max-width: 991px) {\n  .dt-team-shortcode.team-masonry-shortcode-id-42024322d521e6d6ee9bdf90d8da9daa.resize-by-browser-width .dt-css-grid {\n    grid-template-columns: repeat(2,1fr);\n  }\n  .cssgridlegacy.no-cssgrid .dt-team-shortcode.team-masonry-shortcode-id-42024322d521e6d6ee9bdf90d8da9daa.resize-by-browser-width .dt-css-grid .wf-cell,\n  .no-cssgridlegacy.no-cssgrid .dt-team-shortcode.team-masonry-shortcode-id-42024322d521e6d6ee9bdf90d8da9daa.resize-by-browser-width .dt-css-grid .wf-cell {\n    width: 50%;\n  }\n}\n@media screen and (max-width: 767px) {\n  .dt-team-shortcode.team-masonry-shortcode-id-42024322d521e6d6ee9bdf90d8da9daa.resize-by-browser-width .dt-css-grid {\n    grid-template-columns: repeat(1,1fr);\n  }\n  .cssgridlegacy.no-cssgrid .dt-team-shortcode.team-masonry-shortcode-id-42024322d521e6d6ee9bdf90d8da9daa.resize-by-browser-width .dt-css-grid .wf-cell,\n  .no-cssgridlegacy.no-cssgrid .dt-team-shortcode.team-masonry-shortcode-id-42024322d521e6d6ee9bdf90d8da9daa.resize-by-browser-width .dt-css-grid .wf-cell {\n    width: 100%;\n  }\n}\n<\/style><div class=\"dt-team-masonry-shortcode dt-team-shortcode team-masonry-shortcode-id-42024322d521e6d6ee9bdf90d8da9daa loading-effect-none mode-grid jquery-filter content-align-center dt-css-grid-wrap dt-css-grid-wrap disable-bg-rollover dt-icon-bg-on dt-icon-border-on dt-icon-hover-bg-on dt-icon-border-hover-on move-icons-under-position resize-by-browser-width  \" data-padding=\"15px\" data-cur-page=\"1\" data-post-limit=\"-1\" data-pagination-mode=\"none\" data-desktop-columns-num=\"3\" data-v-tablet-columns-num=\"2\" data-h-tablet-columns-num=\"3\" data-phone-columns-num=\"1\" data-width=\"0px\" data-columns=\"0\"><div class=\"dt-css-grid\" ><div class=\"visible wf-cell\" data-post-id=\"73\" data-date=\"2019-05-31T07:09:21+00:00\" data-name=\"Jared Lam\"><div class=\"team-container visible post post-73 dt_team type-dt_team status-publish has-post-thumbnail hentry description-off\"><div class=\"team-media\"><a href=\"https:\/\/demo.canhcam.com\/the7-church\/dt_team\/jared-lam\/\" class=\"rollover layzr-bg\"><img loading=\"lazy\" decoding=\"async\" class=\"preload-me iso-lazy-load\" src=\"data:image\/svg+xml,%3Csvg%20xmlns%3D&#39;http%3A%2F%2Fwww.w3.org%2F2000%2Fsvg&#39;%20viewBox%3D&#39;0%200%20900%20900&#39;%2F%3E\" data-src=\"https:\/\/demo.canhcam.com\/the7-church\/wp-content\/uploads\/2019\/07\/council-4193283_1920-900x900.jpg\" data-srcset=\"https:\/\/demo.canhcam.com\/the7-church\/wp-content\/uploads\/2019\/07\/council-4193283_1920-900x900.jpg 900w\" width=\"900\" height=\"900\"  title=\"council-4193283_1920\" alt=\"\" \/><\/a><\/div><div class=\"team-desc\"><div class=\"team-author\"><div class=\"team-author-name\"><a href=\"https:\/\/demo.canhcam.com\/the7-church\/dt_team\/jared-lam\/\">Jared Lam<\/a><\/div><p>pastor<\/p><\/div><div class=\"team-content\"><\/div>\n<a href=\"https:\/\/demo.canhcam.com\/the7-church\/dt_team\/jared-lam\/\" class=\"dt-btn-s dt-btn post-details details-type-btn\" aria-label=\"Read more about Jared Lam\">View details<i class=\"dt-icon-the7-arrow-03\" aria-hidden=\"true\"><\/i><\/a>\n<\/div><\/div><\/div><div class=\"visible wf-cell\" data-post-id=\"74\" data-date=\"2019-05-31T07:10:13+00:00\" data-name=\"Jackson Cartini\"><div class=\"team-container visible post post-74 dt_team type-dt_team status-publish has-post-thumbnail hentry description-off\"><div class=\"team-media\"><a href=\"https:\/\/demo.canhcam.com\/the7-church\/dt_team\/jackson-cartini\/\" class=\"rollover layzr-bg\"><img loading=\"lazy\" decoding=\"async\" class=\"preload-me iso-lazy-load\" src=\"data:image\/svg+xml,%3Csvg%20xmlns%3D&#39;http%3A%2F%2Fwww.w3.org%2F2000%2Fsvg&#39;%20viewBox%3D&#39;0%200%20933%20933&#39;%2F%3E\" data-src=\"https:\/\/demo.canhcam.com\/the7-church\/wp-content\/uploads\/2019\/05\/kamyab-lotfollahyan-1161763-unsplash-min-e1563358456879-933x933.jpg\" data-srcset=\"https:\/\/demo.canhcam.com\/the7-church\/wp-content\/uploads\/2019\/05\/kamyab-lotfollahyan-1161763-unsplash-min-e1563358456879-933x933.jpg 933w\" width=\"933\" height=\"933\"  title=\"kamyab-lotfollahyan-1161763-unsplash-min\" alt=\"\" \/><\/a><\/div><div class=\"team-desc\"><div class=\"team-author\"><div class=\"team-author-name\"><a href=\"https:\/\/demo.canhcam.com\/the7-church\/dt_team\/jackson-cartini\/\">Jackson Cartini<\/a><\/div><p>M\u1ee5c s\u01b0 thanh ni\u00ean<\/p><\/div><div class=\"team-content\"><\/div>\n<a href=\"https:\/\/demo.canhcam.com\/the7-church\/dt_team\/jackson-cartini\/\" class=\"dt-btn-s dt-btn post-details details-type-btn\" aria-label=\"Read more about Jackson Cartini\">View details<i class=\"dt-icon-the7-arrow-03\" aria-hidden=\"true\"><\/i><\/a>\n<\/div><\/div><\/div><div class=\"visible wf-cell\" data-post-id=\"95\" data-date=\"2019-05-31T07:47:10+00:00\" data-name=\"Alyssa Shand\"><div class=\"team-container visible post post-95 dt_team type-dt_team status-publish has-post-thumbnail hentry description-off\"><div class=\"team-media\"><a href=\"https:\/\/demo.canhcam.com\/the7-church\/dt_team\/alyssa-shand\/\" class=\"rollover layzr-bg\"><img loading=\"lazy\" decoding=\"async\" class=\"preload-me iso-lazy-load\" src=\"data:image\/svg+xml,%3Csvg%20xmlns%3D&#39;http%3A%2F%2Fwww.w3.org%2F2000%2Fsvg&#39;%20viewBox%3D&#39;0%200%20933%20933&#39;%2F%3E\" data-src=\"https:\/\/demo.canhcam.com\/the7-church\/wp-content\/uploads\/2019\/05\/edward-cisneros-415601-unsplash-min-e1563358525126-933x933.jpg\" data-srcset=\"https:\/\/demo.canhcam.com\/the7-church\/wp-content\/uploads\/2019\/05\/edward-cisneros-415601-unsplash-min-e1563358525126-933x933.jpg 933w\" width=\"933\" height=\"933\"  title=\"edward-cisneros-415601-unsplash-min\" alt=\"\" \/><\/a><\/div><div class=\"team-desc\"><div class=\"team-author\"><div class=\"team-author-name\"><a href=\"https:\/\/demo.canhcam.com\/the7-church\/dt_team\/alyssa-shand\/\">Alyssa Shand<\/a><\/div><p>L\u00e3nh \u0111\u1ea1o ch\u0103m s\u00f3c<\/p><\/div><div class=\"team-content\"><\/div>\n<a href=\"https:\/\/demo.canhcam.com\/the7-church\/dt_team\/alyssa-shand\/\" class=\"dt-btn-s dt-btn post-details details-type-btn\" aria-label=\"Read more about Alyssa Shand\">View details<i class=\"dt-icon-the7-arrow-03\" aria-hidden=\"true\"><\/i><\/a>\n<\/div><\/div><\/div><\/div><!-- iso-container|iso-grid --><\/div>[\/vc_column][\/vc_row][vc_row equal_height=&#8221;yes&#8221; content_placement=&#8221;middle&#8221; css=&#8221;.vc_custom_1561964153013{padding-top: 80px !important;}&#8221;][vc_column width=&#8221;1\/2&#8243;][vc_single_image image=&#8221;558&#8243; img_size=&#8221;1000&#215;1000&#8243; css=&#8221;.vc_custom_1561964134373{margin-bottom: 30px !important;}&#8221;][\/vc_column][vc_column width=&#8221;1\/2&#8243; css=&#8221;.vc_custom_1562003166274{padding-right: 7% !important;padding-bottom: 30px !important;padding-left: 7% !important;}&#8221;]<div id=\"ultimate-heading-589869e38b4f16d9a\" class=\"uvc-heading ult-adjust-bottom-margin ultimate-heading-589869e38b4f16d9a uvc-998  uvc-heading-default-font-sizes\" data-hspacer=\"no_spacer\"  data-halign=\"left\" style=\"text-align:left\"><div class=\"uvc-heading-spacer no_spacer\" style=\"top\"><\/div><div class=\"uvc-main-heading ult-responsive\"  data-ultimate-target='.uvc-heading.ultimate-heading-589869e38b4f16d9a h2'  data-responsive-json-new='{\"font-size\":\"\",\"line-height\":\"\"}' ><h2 style=\"--font-weight:theme;margin-bottom:30px;\">Ni\u1ec1m tin c\u1ee7a ch\u00fang ta<\/h2><\/div><div class=\"uvc-sub-heading ult-responsive\"  data-ultimate-target='.uvc-heading.ultimate-heading-589869e38b4f16d9a .uvc-sub-heading '  data-responsive-json-new='{\"font-size\":\"\",\"line-height\":\"\"}'  style=\"font-weight:normal;\">T\u1ea1i sao m\u1ed9t s\u1ed1 ng\u01b0\u1eddi c\u00f3 th\u1ec3 \u0111\u1ea1t \u0111\u01b0\u1ee3c r\u1ea5t nhi\u1ec1u th\u00e0nh c\u00f4ng v\u01b0\u1ee3t b\u1eadc trong cu\u1ed9c s\u1ed1ng? T\u1ea1i sao m\u1ed9t s\u1ed1 ng\u01b0\u1eddi c\u00f3 th\u1ec3 \u0111\u1ea1t \u0111\u01b0\u1ee3c nh\u1eefng th\u00e0nh qu\u1ea3 phi th\u01b0\u1eddng\u2026 v\u01b0\u1ee3t xa nh\u1eefng g\u00ec \u0111\u01b0\u1ee3c mong \u0111\u1ee3i? C\u00f3 ph\u1ea3i \u0111\u00f3 l\u00e0 v\u00ec h\u1ecd t\u00e0i n\u0103ng, nh\u1ea1y b\u00e9n v\u00e0 c\u00f3 n\u0103ng l\u1ef1c h\u01a1n ng\u01b0\u1eddi? C\u00f3 ph\u1ea3i h\u1ecd c\u00f3 nhi\u1ec1u \u0111i\u1ec1u ki\u1ec7n t\u1ed1t h\u01a1n so v\u1edbi ng\u01b0\u1eddi kh\u00e1c?<\/p>\n<p>C\u00e2u tr\u1ea3 l\u1eddi kh\u00f4ng ph\u1ea3i v\u1eady. \u0110i\u1ec3m kh\u00e1c bi\u1ec7t c\u1ee7a nh\u1eefng ng\u01b0\u1eddi th\u00e0nh c\u00f4ng h\u01a1n so v\u1edbi ng\u01b0\u1eddi b\u00ecnh th\u01b0\u1eddng l\u00e0 h\u1ecd c\u00f3 ni\u1ec1m tin m\u00e3nh li\u1ec7t v\u00e0o vi\u1ec7c m\u00ecnh l\u00e0m. Ni\u1ec1m tin n\u00e0y \u0111\u00e3 mang l\u1ea1i s\u1ee9c m\u1ea1nh gi\u00fap h\u1ecd \u201cchi\u1ebfn \u0111\u1ea5u\u201d ki\u00ean c\u01b0\u1eddng, v\u00e0 cu\u1ed1i c\u00f9ng \u201cchi\u1ebfn th\u1eafng\u201d b\u1ea5t c\u1ee9 gian lao tr\u1eafc tr\u1edf n\u00e0o.<\/p>\n<p>M\u1ed7i ng\u01b0\u1eddi c\u1ea7n ph\u1ea3i c\u00f3 ni\u1ec1m tin trong cu\u1ed9c s\u1ed1ng \u0111\u1ec3 v\u01b0\u1ee3t qua nh\u1eefng kh\u00f3 kh\u0103n v\u00e0 th\u1eed th\u00e1ch \u0111ang gi\u0103ng l\u1ea5p. Ni\u1ec1m tin th\u1ef1c s\u1ef1 c\u0169ng s\u1ebd \u0111\u01b0a con ng\u01b0\u1eddi t\u1eeb v\u1ef1c th\u1eb3m t\u1ed1i t\u0103m ti\u1ebfn l\u00ean ph\u00eda tr\u01b0\u1edbc. \u0110\u1ed3ng th\u1eddi n\u00f3 c\u0169ng c\u00f3 th\u1ec3 c\u1ee9u h\u1ecd t\u1eeb g\u1ee5c ng\u00e3 m\u00e0 v\u01b0\u01a1n l\u00ean trong nh\u1eefng kh\u00f3 kh\u0103n. Helen Keller c\u00f3 n\u00f3i: &#8220;L\u1ea1c quan l\u00e0 ni\u1ec1m tin d\u1eabn t\u1edbi th\u00e0nh t\u1ef1u. B\u1ea1n ch\u1eb3ng th\u1ec3 l\u00e0m \u0111\u01b0\u1ee3c \u0111i\u1ec1u g\u00ec m\u00e0 thi\u1ebfu \u0111i hy v\u1ecdng v\u00e0 s\u1ef1 t\u1ef1 tin&#8221;.<\/div><\/div>[\/vc_column][\/vc_row]<\/p>\n","protected":false},"excerpt":{"rendered":"<p>[vc_row equal_height=&#8221;yes&#8221; content_placement=&#8221;middle&#8221; css=&#8221;.vc_custom_1561964015799{padding-bottom: 50px !important;}&#8221;][vc_column width=&#8221;1\/2&#8243; css=&#8221;.vc_custom_1561963982378{padding-right: 7% !important;padding-bottom: 30px !important;padding-left: 7% !important;}&#8221;][\/vc_column][vc_column width=&#8221;1\/2&#8243;][vc_single_image image=&#8221;1278&#8243; img_size=&#8221;1000&#215;1000&#8243; css=&#8221;.vc_custom_1672387408779{margin-bottom: 30px !important;}&#8221;][\/vc_column][\/vc_row][vc_row bg_type=&#8221;bg_color&#8221; bg_override=&#8221;full&#8221; css=&#8221;.vc_custom_1563355584819{padding-top: 70px !important;padding-bottom: 70px !important;}&#8221; bg_color_value=&#8221;#f7f7f7&#8243;][vc_column][\/vc_column][\/vc_row][vc_row equal_height=&#8221;yes&#8221; content_placement=&#8221;middle&#8221; css=&#8221;.vc_custom_1561964153013{padding-top: 80px !important;}&#8221;][vc_column width=&#8221;1\/2&#8243;][vc_single_image image=&#8221;558&#8243; img_size=&#8221;1000&#215;1000&#8243; css=&#8221;.vc_custom_1561964134373{margin-bottom: 30px !important;}&#8221;][\/vc_column][vc_column width=&#8221;1\/2&#8243; css=&#8221;.vc_custom_1562003166274{padding-right: 7% !important;padding-bottom: 30px !important;padding-left: 7% !important;}&#8221;][\/vc_column][\/vc_row]<\/p>\n","protected":false},"author":1,"featured_media":0,"parent":0,"menu_order":0,"comment_status":"closed","ping_status":"closed","template":"","meta":{"footnotes":""},"class_list":["post-1251","page","type-page","status-publish","hentry","description-off"],"_links":{"self":[{"href":"https:\/\/demo.canhcam.com\/the7-church\/wp-json\/wp\/v2\/pages\/1251","targetHints":{"allow":["GET"]}}],"collection":[{"href":"https:\/\/demo.canhcam.com\/the7-church\/wp-json\/wp\/v2\/pages"}],"about":[{"href":"https:\/\/demo.canhcam.com\/the7-church\/wp-json\/wp\/v2\/types\/page"}],"author":[{"embeddable":true,"href":"https:\/\/demo.canhcam.com\/the7-church\/wp-json\/wp\/v2\/users\/1"}],"replies":[{"embeddable":true,"href":"https:\/\/demo.canhcam.com\/the7-church\/wp-json\/wp\/v2\/comments?post=1251"}],"version-history":[{"count":3,"href":"https:\/\/demo.canhcam.com\/the7-church\/wp-json\/wp\/v2\/pages\/1251\/revisions"}],"predecessor-version":[{"id":1279,"href":"https:\/\/demo.canhcam.com\/the7-church\/wp-json\/wp\/v2\/pages\/1251\/revisions\/1279"}],"wp:attachment":[{"href":"https:\/\/demo.canhcam.com\/the7-church\/wp-json\/wp\/v2\/media?parent=1251"}],"curies":[{"name":"wp","href":"https:\/\/api.w.org\/{rel}","templated":true}]}}